{"id":995,"date":"2019-12-24T00:37:27","date_gmt":"2019-12-23T23:37:27","guid":{"rendered":"https:\/\/zlindesignweek.com\/2022\/?page_id=995"},"modified":"2026-02-05T18:54:01","modified_gmt":"2026-02-05T17:54:01","slug":"best-in-design-en","status":"publish","type":"page","link":"https:\/\/zlindesignweek.com\/2026\/en\/best-in-design-en\/","title":{"rendered":"Best in Design"},"content":{"rendered":"\n<div class=\"wp-block-zdw-intro-effect intro-effect intro-effect-small\" style=\"background-image:url(https:\/\/zlindesignweek.com\/2026\/wp-content\/uploads\/2026\/01\/zdw-tag-jiri35-edit-1.jpg)\" data-apply-effect=\"1\">\n<div class=\"wp-block-group zdw-intro-effect-inner\"><div class=\"wp-block-group__inner-container is-layout-flow wp-block-group-is-layout-flow\">\n<h3 class=\"wp-block-heading font-weight-regular\">DESIGNER COMPETITION<\/h3>\n\n\n\n<h2 class=\"wp-block-heading\" style=\"font-style:normal;font-weight:700\">BEST<\/h2>\n\n\n\n<h2 class=\"wp-block-heading\" style=\"font-style:normal;font-weight:700\">IN DESIGN<\/h2>\n\n\n\n<h2 class=\"wp-block-heading\">2026<\/h2>\n<\/div><\/div>\n\n\n\n<div class=\"wp-block-group zdw-intro-effect-side\"><div class=\"wp-block-group__inner-container is-layout-flow wp-block-group-is-layout-flow\">\n<p>Applications for the 17th edition of the international Best in Design competition are now closed. Huge thanks to everyone who submitted their projects and became part of it.<\/p>\n\n\n\n<p>What\u2019s next? Follow the journey all the way to the final announcement right here or on our Instagram, where we\u2019ll be sharing updates and all the important news.<\/p>\n\n\n\n<div class=\"wp-block-buttons is-layout-flex wp-block-buttons-is-layout-flex\">\n<div class=\"wp-block-button\"><a class=\"wp-block-button__link wp-element-button\" href=\"https:\/\/www.instagram.com\/zlindesignweek\/\">I WANT TO KNOW MORE!<\/a><\/div>\n<\/div>\n<\/div><\/div>\n<\/div>\n\n\n\n<div class=\"wp-block-group has-bg-color has-light-background-color has-text-color has-background has-link-color wp-elements-3dd26434a19fa220ca64f020ba52c88b\"><div class=\"wp-block-group__inner-container is-layout-flow wp-block-group-is-layout-flow\">\n<div style=\"height:20px\" aria-hidden=\"true\" class=\"wp-block-spacer\"><\/div>\n\n\n\n<h3 class=\"wp-block-heading\">contest categories<\/h3>\n\n\n\n<div class=\"wp-block-columns is-layout-flex wp-container-core-columns-is-layout-9d6595d7 wp-block-columns-is-layout-flex\">\n<div class=\"wp-block-column is-layout-flow wp-block-column-is-layout-flow\">\n<h4 class=\"wp-block-heading mb-0\">Product &amp; Industrial Design<\/h4>\n\n\n\n<p>Design of products, interior, furniture, tools, equipment and more<\/p>\n<\/div>\n\n\n\n<div class=\"wp-block-column is-layout-flow wp-block-column-is-layout-flow\">\n<h4 class=\"wp-block-heading mb-0\">Fashion Design<\/h4>\n\n\n\n<p>Design of clothing, textiles, footwear, haberdashery, jewellery and more<\/p>\n<\/div>\n<\/div>\n\n\n\n<div class=\"wp-block-columns is-layout-flex wp-container-core-columns-is-layout-9d6595d7 wp-block-columns-is-layout-flex\">\n<div class=\"wp-block-column is-layout-flow wp-block-column-is-layout-flow\">\n<h4 class=\"wp-block-heading mb-0\">Communication Design<\/h4>\n\n\n\n<p>Graphic design, illustration, new media, visual communication, intermedia, web animation and more<\/p>\n<\/div>\n\n\n\n<div class=\"wp-block-column is-layout-flow wp-block-column-is-layout-flow\">\n<h4 class=\"wp-block-heading mb-0\">Service Design<\/h4>\n\n\n\n<p>Complex designs of processes, technologies and interactions that drive provision of services and more<\/p>\n<\/div>\n<\/div>\n\n\n\n<div style=\"height:15px\" aria-hidden=\"true\" class=\"wp-block-spacer is-style-medium\"><\/div>\n\n\n\n<div class=\"wp-block-buttons is-horizontal is-content-justification-center is-layout-flex wp-container-core-buttons-is-layout-499968f5 wp-block-buttons-is-layout-flex\">\n<div class=\"wp-block-button\"><a class=\"wp-block-button__link has-white-color has-zdw-background-color has-text-color has-background has-link-color wp-element-button\" href=\"https:\/\/zlindesignweek.com\/2026\/en\/best-in-design-rocniky\/\">Last year&#8217;s&nbsp;competition winners<\/a><\/div>\n<\/div>\n\n\n\n<div style=\"height:51px\" aria-hidden=\"true\" class=\"wp-block-spacer\"><\/div>\n<\/div><\/div>\n\n\n\n<div class=\"wp-block-group\"><div class=\"wp-block-group__inner-container is-layout-flow wp-block-group-is-layout-flow\">\n<div style=\"height:50px\" aria-hidden=\"true\" class=\"wp-block-spacer is-style-default\"><\/div>\n\n\n\n<h2 class=\"wp-block-heading is-style-h3\">Awards<\/h2>\n\n\n<div class=\"image-box mb-sm\">\n        <div class=\"image-box__text\">\n        <h4 class=\"has-zdw-color\">Main prize        <\/h4>\n        <p>For the best of the best across all four categories, we have the Best in Design 2026 title! Along with the prize for winning one of the categories, the absolute winner will receive an EXTRA <span class='has-zdw-color'>\u20ac1,000<\/span>!        <\/p>\n    <\/div>\n<\/div>\n\n\n<div style=\"height:20px\" aria-hidden=\"true\" class=\"wp-block-spacer\"><\/div>\n\n\n\n<div class=\"wp-block-columns is-layout-flex wp-container-core-columns-is-layout-9d6595d7 wp-block-columns-is-layout-flex\">\n<div class=\"wp-block-column mr-800-sm is-layout-flow wp-block-column-is-layout-flow\"><div class=\"image-box \">\n        <div class=\"image-box__text\">\n        <h4 class=\"has-zdw-color\">1st place in each contest category        <\/h4>\n        <p>The author of the competition proposal that wins 1st place in a&nbsp;competition category will receive a&nbsp;financial prize of <span class='has-zdw-color'>\u20ac500<\/span>.        <\/p>\n    <\/div>\n<\/div><\/div>\n\n\n\n<div class=\"wp-block-column mr-800-sm is-layout-flow wp-block-column-is-layout-flow\"><div class=\"image-box \">\n        <div class=\"image-box__text\">\n        <h4 class=\"has-zdw-color\">2nd place in each contest category         <\/h4>\n        <p>The author of the competition proposal that wins 2nd place in a&nbsp;competition category will receive a&nbsp;financial prize of <span class='has-zdw-color'>\u20ac300<\/span>.        <\/p>\n    <\/div>\n<\/div><\/div>\n\n\n\n<div class=\"wp-block-column is-layout-flow wp-block-column-is-layout-flow\"><div class=\"image-box \">\n        <div class=\"image-box__text\">\n        <h4 class=\"has-zdw-color\">3rd place in each contest category        <\/h4>\n        <p>The author of the competition proposal that wins 3rd place in a&nbsp;competition category will receive a&nbsp;financial prize of <span class='has-zdw-color'>\u20ac200<\/span>.        <\/p>\n    <\/div>\n<\/div><\/div>\n<\/div>\n\n\n<div class=\"image-box \">\n        <div class=\"image-box__text\">\n        <h4 class=\"has-zdw-color\">Media Award         <\/h4>\n        <p>The title of the bonus Media Award category is awarded to one of the semi-finalists of the competition. The winner is proposed by a&nbsp;special jury of this category \u2013 representatives of media closely connected with design. The selected designer will receive media support for their work.        <\/p>\n    <\/div>\n<\/div>\n\n\n<div style=\"height:39px\" aria-hidden=\"true\" class=\"wp-block-spacer\"><\/div>\n\n\n\n<div class=\"wp-block-buttons is-horizontal is-content-justification-center is-layout-flex wp-container-core-buttons-is-layout-499968f5 wp-block-buttons-is-layout-flex\">\n<div class=\"wp-block-button\"><a class=\"wp-block-button__link wp-element-button\" href=\"https:\/\/zlindesignweek.com\/2026\/en\/best-in-design-en\/rules\/\">COMPETITION Rules<\/a><\/div>\n<\/div>\n\n\n\n<div style=\"height:0px\" aria-hidden=\"true\" class=\"wp-block-spacer\"><\/div>\n\n\n\n<div style=\"height:60px\" aria-hidden=\"true\" class=\"wp-block-spacer\"><\/div>\n<\/div><\/div>\n\n\n\n<div class=\"wp-block-group has-zdw-background-color has-background\"><div class=\"wp-block-group__inner-container is-layout-flow wp-block-group-is-layout-flow\">\n<div style=\"height:15px\" aria-hidden=\"true\" class=\"wp-block-spacer\"><\/div>\n\n\n\n<h3 class=\"wp-block-heading mb-0 has-white-color has-text-color has-link-color wp-elements-962460dcafb77f2d3aebb7d98fe53a50\">About the competition<\/h3>\n\n\n\n<div class=\"wp-block-columns is-layout-flex wp-container-core-columns-is-layout-9d6595d7 wp-block-columns-is-layout-flex\">\n<div class=\"wp-block-column is-layout-flow wp-block-column-is-layout-flow\"><div class=\"image-box \">\n        <div class=\"image-box__text\">\n        <h4 class=\"has-dark-color\">What is Best in Design?        <\/h4>\n        <p>Best in Design is an international competition for young designers. Not only are there financial prizes ranging from \u20ac200 to \u20ac1,500 at stake, but above all a&nbsp;huge opportunity to get feedback, make valuable contacts, compare yourself with young designers from all over the world, show what you&#8217;ve got and maybe even kick-start your career. All you need to apply is courage and talent.         <\/p>\n    <\/div>\n<\/div><\/div>\n\n\n\n<div class=\"wp-block-column is-layout-flow wp-block-column-is-layout-flow\"><div class=\"image-box \">\n        <div class=\"image-box__text\">\n        <h4 class=\"has-dark-color\">Who can apply?         <\/h4>\n        <p>The competition is open to both individuals and teams under the age of 30. Authors can pull all their aces out of their sleeve, but the submitted designs must be no older than 2 years. There is no limit to the number of applications you can submit and even your wallet won&#8217;t suffer \u2013 entries are free!        <\/p>\n    <\/div>\n<\/div><\/div>\n<\/div>\n\n\n\n<div class=\"wp-block-columns is-layout-flex wp-container-core-columns-is-layout-9d6595d7 wp-block-columns-is-layout-flex\">\n<div class=\"wp-block-column is-layout-flow wp-block-column-is-layout-flow\"><div class=\"image-box \">\n        <div class=\"image-box__text\">\n        <h4 class=\"has-dark-color\">4 categories        <\/h4>\n        <p>You can win awards in one of our four competition categories \u2013 Product &amp; Industrial Design, Fashion Design, Communication Design and Service Design, and you can also aim for the main title of Best in Design. Your work can also be awarded in the bonus Media Award category.        <\/p>\n    <\/div>\n<\/div><\/div>\n\n\n\n<div class=\"wp-block-column is-layout-flow wp-block-column-is-layout-flow\"><div class=\"image-box \">\n        <div class=\"image-box__text\">\n        <h4 class=\"has-dark-color\">Why shouldn\u2019t you be afraid to take the risk and enter?        <\/h4>\n        <p>Because if nothing is ventured, nothing is gained and in Best in Design there is only to gain! Rewards, experience, contacts, opportunities, inspiration and much more. It&#8217;s&nbsp;all about showing that design is what you truly love.        <\/p>\n    <\/div>\n<\/div><\/div>\n<\/div>\n\n\n\n<div style=\"height:15px\" aria-hidden=\"true\" class=\"wp-block-spacer\"><\/div>\n<\/div><\/div>\n\n\n\n<div class=\"wp-block-group bid-porota-group\"><div class=\"wp-block-group__inner-container is-layout-flow wp-block-group-is-layout-flow\">\n<h2 class=\"wp-block-heading is-style-h3\" id=\"judges\">this year&#8217;s&nbsp;jury<\/h2>\n\n\n<a href=\"https:\/\/zlindesignweek.com\/2026\/en\/porotce\/dan-zucco-2\/\"\n    class=\"no-decoration\">\n    <div class=\"person-item\">\n        <img loading=\"lazy\" decoding=\"async\" width=\"560\" height=\"667\" src=\"https:\/\/zlindesignweek.com\/2026\/wp-content\/uploads\/2024\/11\/dan-zucco-560x667.png\" class=\"attachment-portrait size-portrait wp-post-image\" alt=\"\" \/>        <div class=\"person-item__bottom\">\n            <div class=\"person-item__text\">\n                <h4 class=\"h5\">Dan Zucco                <\/h4>\n                <small>Communication Design<\/small>\n            <\/div>\n            <div class=\"person-item__button\">\n                \u2192\n            <\/div>\n        <\/div>\n    <\/div>\n<\/a>\n\n\n<a href=\"https:\/\/zlindesignweek.com\/2026\/en\/porotce\/anna-maresova-2\/\"\n    class=\"no-decoration\">\n    <div class=\"person-item\">\n        <img loading=\"lazy\" decoding=\"async\" width=\"560\" height=\"667\" src=\"https:\/\/zlindesignweek.com\/2026\/wp-content\/uploads\/2025\/12\/proind-anna-maresova-e1765564202241-560x667.jpg\" class=\"attachment-portrait size-portrait wp-post-image\" alt=\"\" \/>        <div class=\"person-item__bottom\">\n            <div class=\"person-item__text\">\n                <h4 class=\"h5\">Anna Mare\u0161ov\u00e1                <\/h4>\n                <small>Product &#038; Industrial Design<\/small>\n            <\/div>\n            <div class=\"person-item__button\">\n                \u2192\n            <\/div>\n        <\/div>\n    <\/div>\n<\/a>\n\n\n<a href=\"https:\/\/zlindesignweek.com\/2026\/en\/porotce\/marek-kuzminski-2\/\"\n    class=\"no-decoration\">\n    <div class=\"person-item\">\n        <img loading=\"lazy\" decoding=\"async\" width=\"560\" height=\"667\" src=\"https:\/\/zlindesignweek.com\/2026\/wp-content\/uploads\/2024\/11\/marek-kuzminski-1-560x667.jpg\" class=\"attachment-portrait size-portrait wp-post-image\" alt=\"\" \/>        <div class=\"person-item__bottom\">\n            <div class=\"person-item__text\">\n                <h4 class=\"h5\">Marek Ku\u017ami\u0144ski                <\/h4>\n                <small>Product &#038; Industrial Design<\/small>\n            <\/div>\n            <div class=\"person-item__button\">\n                \u2192\n            <\/div>\n        <\/div>\n    <\/div>\n<\/a>\n\n\n<a href=\"https:\/\/zlindesignweek.com\/2026\/en\/porotce\/matej-kaninsky\/\"\n    class=\"no-decoration\">\n    <div class=\"person-item\">\n        <img loading=\"lazy\" decoding=\"async\" width=\"560\" height=\"667\" src=\"https:\/\/zlindesignweek.com\/2026\/wp-content\/uploads\/2025\/12\/ser-matej-kaninsky-e1765560252372-560x667.jpg\" class=\"attachment-portrait size-portrait wp-post-image\" alt=\"\" \/>        <div class=\"person-item__bottom\">\n            <div class=\"person-item__text\">\n                <h4 class=\"h5\">Mat\u011bj K\u00e1ninsk\u00fd                <\/h4>\n                <small>Service Design<\/small>\n            <\/div>\n            <div class=\"person-item__button\">\n                \u2192\n            <\/div>\n        <\/div>\n    <\/div>\n<\/a>\n\n\n<a href=\"https:\/\/zlindesignweek.com\/2026\/en\/porotce\/milan-florian-flicek\/\"\n    class=\"no-decoration\">\n    <div class=\"person-item\">\n        <img loading=\"lazy\" decoding=\"async\" width=\"560\" height=\"667\" src=\"https:\/\/zlindesignweek.com\/2026\/wp-content\/uploads\/2025\/12\/fas-milan-flicek-560x667.jpg\" class=\"attachment-portrait size-portrait wp-post-image\" alt=\"\" \/>        <div class=\"person-item__bottom\">\n            <div class=\"person-item__text\">\n                <h4 class=\"h5\">Milan Flori\u00e1n Fl\u00ed\u010dek                <\/h4>\n                <small>Fashion Design<\/small>\n            <\/div>\n            <div class=\"person-item__button\">\n                \u2192\n            <\/div>\n        <\/div>\n    <\/div>\n<\/a>\n\n\n<a href=\"https:\/\/zlindesignweek.com\/2026\/en\/porotce\/veronika-parizkova-3\/\"\n    class=\"no-decoration\">\n    <div class=\"person-item\">\n        <img loading=\"lazy\" decoding=\"async\" width=\"560\" height=\"667\" src=\"https:\/\/zlindesignweek.com\/2026\/wp-content\/uploads\/2023\/01\/veronika-parizkova-560x667.jpg\" class=\"attachment-portrait size-portrait wp-post-image\" alt=\"\" \/>        <div class=\"person-item__bottom\">\n            <div class=\"person-item__text\">\n                <h4 class=\"h5\">Veronika Pa\u0159\u00edzkov\u00e1                <\/h4>\n                <small>Media award<\/small>\n            <\/div>\n            <div class=\"person-item__button\">\n                \u2192\n            <\/div>\n        <\/div>\n    <\/div>\n<\/a>\n\n\n<a href=\"https:\/\/zlindesignweek.com\/2026\/en\/porotce\/karolina-menclerova-2\/\"\n    class=\"no-decoration\">\n    <div class=\"person-item\">\n        <img loading=\"lazy\" decoding=\"async\" width=\"560\" height=\"667\" src=\"https:\/\/zlindesignweek.com\/2026\/wp-content\/uploads\/2025\/12\/ser-karolina-menclerova-560x667.jpg\" class=\"attachment-portrait size-portrait wp-post-image\" alt=\"\" \/>        <div class=\"person-item__bottom\">\n            <div class=\"person-item__text\">\n                <h4 class=\"h5\">Karol\u00edna Menclerov\u00e1                <\/h4>\n                <small>Service Design<\/small>\n            <\/div>\n            <div class=\"person-item__button\">\n                \u2192\n            <\/div>\n        <\/div>\n    <\/div>\n<\/a>\n\n\n<a href=\"https:\/\/zlindesignweek.com\/2026\/en\/porotce\/agnieszka-bujas\/\"\n    class=\"no-decoration\">\n    <div class=\"person-item\">\n        <img loading=\"lazy\" decoding=\"async\" width=\"560\" height=\"667\" src=\"https:\/\/zlindesignweek.com\/2026\/wp-content\/uploads\/2025\/12\/proind-agnieszka-bujas-560x667.png\" class=\"attachment-portrait size-portrait wp-post-image\" alt=\"\" \/>        <div class=\"person-item__bottom\">\n            <div class=\"person-item__text\">\n                <h4 class=\"h5\">Agnieszka Bujas                <\/h4>\n                <small>Product &#038; Industrial Design<\/small>\n            <\/div>\n            <div class=\"person-item__button\">\n                \u2192\n            <\/div>\n        <\/div>\n    <\/div>\n<\/a>\n\n\n<a href=\"https:\/\/zlindesignweek.com\/2026\/en\/porotce\/janka-csernak-2\/\"\n    class=\"no-decoration\">\n    <div class=\"person-item\">\n        <img loading=\"lazy\" decoding=\"async\" width=\"560\" height=\"667\" src=\"https:\/\/zlindesignweek.com\/2026\/wp-content\/uploads\/2024\/01\/janka-csernak-3-560x667.jpg\" class=\"attachment-portrait size-portrait wp-post-image\" alt=\"\" \/>        <div class=\"person-item__bottom\">\n            <div class=\"person-item__text\">\n                <h4 class=\"h5\">Janka Csern\u00e1k                <\/h4>\n                <small>Service Design<\/small>\n            <\/div>\n            <div class=\"person-item__button\">\n                \u2192\n            <\/div>\n        <\/div>\n    <\/div>\n<\/a>\n\n\n<a href=\"https:\/\/zlindesignweek.com\/2026\/en\/porotce\/daria-dembicka\/\"\n    class=\"no-decoration\">\n    <div class=\"person-item\">\n        <img loading=\"lazy\" decoding=\"async\" width=\"560\" height=\"667\" src=\"https:\/\/zlindesignweek.com\/2026\/wp-content\/uploads\/2025\/12\/fas-daria-dembicka-1-560x667.jpg\" class=\"attachment-portrait size-portrait wp-post-image\" alt=\"\" \/>        <div class=\"person-item__bottom\">\n            <div class=\"person-item__text\">\n                <h4 class=\"h5\">Daria Dembicka                <\/h4>\n                <small>Fashion Design<\/small>\n            <\/div>\n            <div class=\"person-item__button\">\n                \u2192\n            <\/div>\n        <\/div>\n    <\/div>\n<\/a>\n\n\n<a href=\"https:\/\/zlindesignweek.com\/2026\/en\/porotce\/zuzana-vrabel\/\"\n    class=\"no-decoration\">\n    <div class=\"person-item\">\n        <img loading=\"lazy\" decoding=\"async\" width=\"560\" height=\"667\" src=\"https:\/\/zlindesignweek.com\/2026\/wp-content\/uploads\/2025\/12\/fas-zuzana-vrabelova-560x667.jpg\" class=\"attachment-portrait size-portrait wp-post-image\" alt=\"\" \/>        <div class=\"person-item__bottom\">\n            <div class=\"person-item__text\">\n                <h4 class=\"h5\">Zuzana Vr\u00e1be\u013eov\u00e1                <\/h4>\n                <small>Category Fashion Design<\/small>\n            <\/div>\n            <div class=\"person-item__button\">\n                \u2192\n            <\/div>\n        <\/div>\n    <\/div>\n<\/a>\n\n\n<a href=\"https:\/\/zlindesignweek.com\/2026\/en\/porotce\/dalibor-itze\/\"\n    class=\"no-decoration\">\n    <div class=\"person-item\">\n        <img loading=\"lazy\" decoding=\"async\" width=\"450\" height=\"667\" src=\"https:\/\/zlindesignweek.com\/2026\/wp-content\/uploads\/2025\/12\/com-dalibor-itze-450x667.jpg\" class=\"attachment-portrait size-portrait wp-post-image\" alt=\"\" \/>        <div class=\"person-item__bottom\">\n            <div class=\"person-item__text\">\n                <h4 class=\"h5\">Dalibor Itze                <\/h4>\n                <small>Communication Design<\/small>\n            <\/div>\n            <div class=\"person-item__button\">\n                \u2192\n            <\/div>\n        <\/div>\n    <\/div>\n<\/a>\n\n\n<a href=\"https:\/\/zlindesignweek.com\/2026\/en\/porotce\/kamila-stepnickova\/\"\n    class=\"no-decoration\">\n    <div class=\"person-item\">\n        <img loading=\"lazy\" decoding=\"async\" width=\"560\" height=\"667\" src=\"https:\/\/zlindesignweek.com\/2026\/wp-content\/uploads\/2025\/12\/com-kamila-stepnickova-560x667.jpeg\" class=\"attachment-portrait size-portrait wp-post-image\" alt=\"\" \/>        <div class=\"person-item__bottom\">\n            <div class=\"person-item__text\">\n                <h4 class=\"h5\">Kamila \u0160t\u011bpni\u010dkov\u00e1                <\/h4>\n                <small>Communication Design<\/small>\n            <\/div>\n            <div class=\"person-item__button\">\n                \u2192\n            <\/div>\n        <\/div>\n    <\/div>\n<\/a>\n\n\n<a href=\"https:\/\/zlindesignweek.com\/2026\/en\/porotce\/michaela-banzetova\/\"\n    class=\"no-decoration\">\n    <div class=\"person-item\">\n        <img loading=\"lazy\" decoding=\"async\" width=\"560\" height=\"667\" src=\"https:\/\/zlindesignweek.com\/2026\/wp-content\/uploads\/2025\/12\/med-michaela-banzetova-560x667.jpg\" class=\"attachment-portrait size-portrait wp-post-image\" alt=\"\" \/>        <div class=\"person-item__bottom\">\n            <div class=\"person-item__text\">\n                <h4 class=\"h5\">Michaela Banzetov\u00e1                <\/h4>\n                <small>Media award<\/small>\n            <\/div>\n            <div class=\"person-item__button\">\n                \u2192\n            <\/div>\n        <\/div>\n    <\/div>\n<\/a>\n\n\n<a href=\"https:\/\/zlindesignweek.com\/2026\/en\/porotce\/jan-kudlacek\/\"\n    class=\"no-decoration\">\n    <div class=\"person-item\">\n        <img loading=\"lazy\" decoding=\"async\" width=\"560\" height=\"667\" src=\"https:\/\/zlindesignweek.com\/2026\/wp-content\/uploads\/2025\/12\/med-jan-kudlacek.jpg\" class=\"attachment-portrait size-portrait wp-post-image\" alt=\"\" srcset=\"https:\/\/zlindesignweek.com\/2026\/wp-content\/uploads\/2025\/12\/med-jan-kudlacek.jpg 560w, https:\/\/zlindesignweek.com\/2026\/wp-content\/uploads\/2025\/12\/med-jan-kudlacek-500x596.jpg 500w, https:\/\/zlindesignweek.com\/2026\/wp-content\/uploads\/2025\/12\/med-jan-kudlacek-250x298.jpg 250w\" sizes=\"auto, (max-width: 560px) 100vw, 560px\" \/>        <div class=\"person-item__bottom\">\n            <div class=\"person-item__text\">\n                <h4 class=\"h5\">Jan Kudl\u00e1\u010dek                <\/h4>\n                <small>Media award<\/small>\n            <\/div>\n            <div class=\"person-item__button\">\n                \u2192\n            <\/div>\n        <\/div>\n    <\/div>\n<\/a>\n<\/div><\/div>\n\n\n\n<div style=\"height:11px\" aria-hidden=\"true\" class=\"wp-block-spacer\"><\/div>\n\n\n\n<div class=\"wp-block-group pt-md-1 pb-md-3\"><div class=\"wp-block-group__inner-container is-layout-flow wp-block-group-is-layout-flow\">\n<h2 class=\"wp-block-heading is-style-h3\">What did the last Best in Design 2025 award ceremony look like?<\/h2>\n\n\n\n<figure class=\"wp-block-embed is-type-video is-provider-youtube wp-block-embed-youtube wp-embed-aspect-16-9 wp-has-aspect-ratio\"><div class=\"wp-block-embed__wrapper\">\n<iframe loading=\"lazy\" title=\"ZLIN DESIGN WEEK 2025 | AFTERMOVIE\" width=\"500\" height=\"281\" src=\"https:\/\/www.youtube.com\/embed\/_UuXuY3f1M4?feature=oembed\" frameborder=\"0\" allow=\"accelerometer; autoplay; clipboard-write; encrypted-media; gyroscope; picture-in-picture; web-share\" referrerpolicy=\"strict-origin-when-cross-origin\" allowfullscreen><\/iframe>\n<\/div><\/figure>\n<\/div><\/div>\n","protected":false},"excerpt":{"rendered":"contest categories Product &amp; Industrial Design Design of products, interior, furniture, tools, equipment and more Fashion Design Design of clothing, textiles, footwear, haberdashery, jewellery and [&hellip;]","protected":false},"author":3,"featured_media":0,"parent":0,"menu_order":0,"comment_status":"closed","ping_status":"closed","template":"templates\/no-title.php","meta":{"_acf_changed":false,"footnotes":""},"class_list":["post-995","page","type-page","status-publish","hentry"],"acf":[],"_links":{"self":[{"href":"https:\/\/zlindesignweek.com\/2026\/wp-json\/wp\/v2\/pages\/995","targetHints":{"allow":["GET"]}}],"collection":[{"href":"https:\/\/zlindesignweek.com\/2026\/wp-json\/wp\/v2\/pages"}],"about":[{"href":"https:\/\/zlindesignweek.com\/2026\/wp-json\/wp\/v2\/types\/page"}],"author":[{"embeddable":true,"href":"https:\/\/zlindesignweek.com\/2026\/wp-json\/wp\/v2\/users\/3"}],"replies":[{"embeddable":true,"href":"https:\/\/zlindesignweek.com\/2026\/wp-json\/wp\/v2\/comments?post=995"}],"version-history":[{"count":326,"href":"https:\/\/zlindesignweek.com\/2026\/wp-json\/wp\/v2\/pages\/995\/revisions"}],"predecessor-version":[{"id":40622,"href":"https:\/\/zlindesignweek.com\/2026\/wp-json\/wp\/v2\/pages\/995\/revisions\/40622"}],"wp:attachment":[{"href":"https:\/\/zlindesignweek.com\/2026\/wp-json\/wp\/v2\/media?parent=995"}],"curies":[{"name":"wp","href":"https:\/\/api.w.org\/{rel}","templated":true}]}}