{"id":9938,"date":"2021-04-24T18:44:59","date_gmt":"2021-04-24T16:44:59","guid":{"rendered":"https:\/\/zlindesignweek.com\/2022\/?page_id=9938"},"modified":"2026-04-07T09:26:10","modified_gmt":"2026-04-07T07:26:10","slug":"vystavy","status":"publish","type":"page","link":"https:\/\/zlindesignweek.com\/2026\/vystavy\/","title":{"rendered":"V\u00fdstavy"},"content":{"rendered":"\n<div class=\"wp-block-group\"><div class=\"wp-block-group__inner-container is-layout-constrained wp-block-group-is-layout-constrained\">\n<p>V&nbsp;r\u00e1mci festivalu Zlin Design Week se letos uskute\u010dn\u00ed \u010dty\u0159i v\u00fdstavy. A&nbsp;jak\u00e9 jsme si pro tebe p\u0159ipravili? <\/p>\n\n\n\n<p>Prvn\u00ed a&nbsp;hlavn\u00ed v\u00fdstava vych\u00e1z\u00ed z&nbsp;\u00fast\u0159edn\u00edho t\u00e9matu cel\u00e9ho ro\u010dn\u00edku L\u00c1SKA. <\/p>\n\n\n\n<p>Druh\u00e1 v\u00fdstava se uskute\u010dn\u00ed v&nbsp;galerii G18 a&nbsp;v\u011bnuje se finalist\u016fm mezin\u00e1rodn\u00ed sout\u011b\u017ee Best in Design, kter\u00e1 dlouhodob\u011b sleduje nov\u00e9 talenty ve \u010dty\u0159ech kategori\u00edch, a&nbsp;to Product &amp; Industrial Design, Fashion Design, Communication Design a&nbsp;Service Design.<\/p>\n\n\n\n<p>Zam\u011b\u0159\u00edme se v\u0161ak tak\u00e9 na univerzitn\u00ed ateli\u00e9ry. V\u00fdstava POSPOLU p\u0159edstav\u00ed pr\u00e1ce student\u016f z&nbsp;ateli\u00e9r\u016f Fakulty multimedi\u00e1ln\u00ed komunikace UTB ve Zl\u00edn\u011b se zam\u011b\u0159en\u00edm na mezigenera\u010dn\u00ed design.<\/p>\n\n\n\n<p>Posledn\u00ed p\u0159ipravovan\u00e1 mezin\u00e1rodn\u00ed v\u00fdstava nese n\u00e1zev LESS is MORE \u2013 MORE or LESS a&nbsp;p\u0159edstav\u00ed des\u00edtky studentsk\u00fdch projekt\u016f zam\u011b\u0159en\u00fdch na t\u00e9ma \u201em\u00e9n\u011b je v\u00edce\u201c \u2013 od n\u00e1bytkov\u00e9ho a&nbsp;produktov\u00e9ho designu a\u017e po&nbsp;grafick\u00fd a&nbsp;digit\u00e1ln\u00ed design.<\/p>\n\n\n\n<div style=\"height:20px\" aria-hidden=\"true\" class=\"wp-block-spacer\"><\/div>\n\n\n\n<div class=\"wp-block-columns is-style-default is-layout-flex wp-container-core-columns-is-layout-9d6595d7 wp-block-columns-is-layout-flex\">\n<div class=\"wp-block-column is-vertically-aligned-top has-zdw-background-color has-background is-layout-flow wp-block-column-is-layout-flow\">\n<table role=\"presentation\" width=\"100%\" cellpadding=\"0\" cellspacing=\"0\" border=\"0\" style=\"border-collapse:collapse;width:100%;\">\n  <tr><td height=\"24\"><\/td><\/tr>\n\n  <tr>\n    <td style=\"padding-left:5%; padding-right:5%;\">\n      <h4 style=\"margin:0 0 22px 0\">Hlavn\u00ed festivalov\u00e1 v\u00fdstava All you need is design<\/h4>\n\n      <p style=\"margin:0 0 18px 0\">\n        Term\u00edn v\u00fdstavy: 6.\u201312.&nbsp;5.&nbsp;2026<br>\n        Denn\u011b: 10:00\u201318:00<br>\n        Lokace: Z\u00e1mek Zl\u00edn\n      <\/p>\n\n      <div class=\"wp-block-buttons\">\n        <div class=\"wp-block-button is-style-fill\">\n          <a class=\"wp-block-button__link wp-element-button\" href=\"https:\/\/zlindesignweek.com\/2026\/hlavni-festivalova-vystava-all-you-need-is-design\/\">\n            Zjistit v\u00edce\n          <\/a>\n        <\/div>\n      <\/div>\n    <\/td>\n  <\/tr>\n\n  <tr><td height=\"24\"><\/td><\/tr>\n<\/table>\n<\/div>\n\n\n\n<div class=\"wp-block-column has-zdw-background-color has-background is-layout-flow wp-block-column-is-layout-flow\">\n<table role=\"presentation\" width=\"100%\" cellpadding=\"0\" cellspacing=\"0\" border=\"0\" style=\"border-collapse:collapse;width:100%;\">\n  <tr><td height=\"24\"><\/td><\/tr>\n\n  <tr>\n    <td style=\"padding-left:5%; padding-right:5%;\">\n      <h4 style=\"margin:0 0 22px 0\">V\u00fdstava Best of \u201826: Made with Passion<\/h4>\n\n      <p style=\"margin:0 0 18px 0\">\n        Term\u00edn v\u00fdstavy: 7.\u201322.&nbsp;5.&nbsp;2026<br>\n        Denn\u011b: 10:00\u201318:00<br>\n        Lokace: Galerie G18\n      <\/p>\n\n      <div class=\"wp-block-buttons\">\n        <div class=\"wp-block-button is-style-fill\">\n          <a class=\"wp-block-button__link wp-element-button\" href=\"https:\/\/zlindesignweek.com\/2026\/best-of-26-made-with-passion\/\">\n            Zjistit v\u00edce\n          <\/a>\n        <\/div>\n      <\/div>\n    <\/td>\n  <\/tr>\n\n  <tr><td height=\"24\"><\/td><\/tr>\n<\/table>\n<\/div>\n<\/div>\n\n\n\n<div style=\"height:40px\" aria-hidden=\"true\" class=\"wp-block-spacer\"><\/div>\n\n\n\n<div class=\"wp-block-columns is-style-default is-layout-flex wp-container-core-columns-is-layout-9d6595d7 wp-block-columns-is-layout-flex\">\n<div class=\"wp-block-column is-vertically-aligned-top has-zdw-background-color has-background is-layout-flow wp-block-column-is-layout-flow\">\n<table role=\"presentation\" width=\"100%\" cellpadding=\"0\" cellspacing=\"0\" border=\"0\" style=\"border-collapse:collapse;width:100%;\">\n  <tr><td height=\"24\"><\/td><\/tr>\n\n  <tr>\n    <td style=\"padding-left:5%; padding-right:5%;\">\n      <h4 style=\"margin:0 0 22px 0\">V\u00fdstava POSPOLU<\/h4>\n\n      <p style=\"margin:0 0 18px 0\">\n        Term\u00edn v\u00fdstavy: 6.\u201312.&nbsp;5.&nbsp;2026<br>\n        Denn\u011b: 10:00\u201318:00<br>\n        Lokace: KOMA modul (n\u00e1m\u011bst\u00ed M\u00edru)\n      <\/p>\n\n      <div class=\"wp-block-buttons\">\n        <div class=\"wp-block-button is-style-fill\">\n          <a class=\"wp-block-button__link wp-element-button\" href=\"https:\/\/zlindesignweek.com\/2026\/pospolu\/\">\n            Zjistit v\u00edce\n          <\/a>\n        <\/div>\n      <\/div>\n    <\/td>\n  <\/tr>\n\n  <tr><td height=\"24\"><\/td><\/tr>\n<\/table>\n<\/div>\n\n\n\n<div class=\"wp-block-column has-zdw-background-color has-background is-layout-flow wp-block-column-is-layout-flow\">\n<table role=\"presentation\" width=\"100%\" cellpadding=\"0\" cellspacing=\"0\" border=\"0\" style=\"border-collapse:collapse;width:100%;\">\n  <tr><td height=\"24\"><\/td><\/tr>\n\n  <tr>\n    <td style=\"padding-left:5%; padding-right:5%;\">\n      <h4 style=\"margin:0 0 22px 0\">V\u00fdstava M\u00e9n\u011b je v\u00edce &#8211; v\u00edce \u010di&nbsp;m\u00e9n\u011b<\/h4>\n\n      <p style=\"margin:0 0 18px 0\">\n        Term\u00edn v\u00fdstavy: 8.&nbsp;5.-26.&nbsp;7.&nbsp;2026<br>\n        Denn\u011b: 10:00\u201318:00 (\u00daT\u2013NE)<br>\n        Lokace: Krajsk\u00e1 galerie v\u00fdtvarn\u00e9ho um\u011bn\u00ed ve Zl\u00edn\u011b\n      <\/p>\n    <div class=\"wp-block-buttons\">\n        <div class=\"wp-block-button is-style-fill\">\n          <a class=\"wp-block-button__link wp-element-button\" href=\"https:\/\/zlindesignweek.com\/2026\/vystava-mene-je-vice-vice-ci-mene\/\">\n            Zjistit v\u00edce\n          <\/a>\n        <\/div>\n      <\/div>\n    <\/td>\n  <\/tr>\n\n  <tr><td height=\"24\"><\/td><\/tr>\n<\/table>\n<\/div>\n<\/div>\n\n\n\n<div style=\"height:40px\" aria-hidden=\"true\" class=\"wp-block-spacer\"><\/div>\n\n\n\n<div class=\"wp-block-columns is-style-default is-layout-flex wp-container-core-columns-is-layout-9d6595d7 wp-block-columns-is-layout-flex\">\n<div class=\"wp-block-column is-vertically-aligned-top has-zdw-background-color has-background is-layout-flow wp-block-column-is-layout-flow\">\n<table role=\"presentation\" width=\"100%\" cellpadding=\"0\" cellspacing=\"0\" border=\"0\" style=\"border-collapse:collapse;width:100%;\">\n  <tr><td height=\"24\"><\/td><\/tr>\n\n  <tr>\n    <td style=\"padding-left:5%; padding-right:5%;\">\n      <h4 style=\"margin:0 0 22px 0\">KAM v&nbsp;ulic\u00edch: Happening na ulici Dlouh\u00e1<\/h4>\n\n      <p style=\"margin:0 0 18px 0\">\n        Term\u00edn: 6.\u201312.&nbsp;5.&nbsp;2026<br>\n        Denn\u011b: 10:00\u201318:00<br>\n        Lokace: Ulice Dlouh\u00e1\n      <\/p>\n\n      <div class=\"wp-block-buttons\">\n        <div class=\"wp-block-button is-style-fill\">\n          <a class=\"wp-block-button__link wp-element-button\" href=\"https:\/\/zlindesignweek.com\/2026\/kam-v-ulicich-happening-na-ulici-dlouha\/\">\n            Zjistit v\u00edce\n          <\/a>\n        <\/div>\n      <\/div>\n    <\/td>\n  <\/tr>\n\n  <tr><td height=\"24\"><\/td><\/tr>\n<\/table>\n<\/div>\n\n\n\n<div class=\"wp-block-column has-zdw-background-color has-background is-layout-flow wp-block-column-is-layout-flow\">\n<table role=\"presentation\" width=\"100%\" cellpadding=\"0\" cellspacing=\"0\" border=\"0\" style=\"border-collapse:collapse;width:100%;\">\n  <tr><td height=\"24\"><\/td><\/tr>\n\n  <tr>\n    <td style=\"padding-left:5%; padding-right:5%;\">\n      <h4 style=\"margin:0 0 22px 0\">Instalace LD Seating<\/h4>\n\n      <p style=\"margin:0 0 18px 0\">\n        Term\u00edn v\u00fdstavy: 6.\u201312.&nbsp;5.&nbsp;2026<br>\n        Denn\u011b: 10:00\u201318:00<br>\n        Lokace: KOMA modul (ulice Soudn\u00ed)\n      <\/p>\n    <\/td>\n  <\/tr>\n\n  <tr><td height=\"24\"><\/td><\/tr>\n<\/table>\n<\/div>\n<\/div>\n\n\n\n<div style=\"height:40px\" aria-hidden=\"true\" class=\"wp-block-spacer\"><\/div>\n\n\n\n<div class=\"wp-block-cb-carousel-v2 cb-carousel-block\" data-cb-slides-per-view=\"1\" data-cb-slides-per-group=\"1\" data-cb-space-between=\"15\" data-cb-speed=\"300\" data-cb-navigation=\"true\" data-cb-pagination=\"true\" data-cb-breakpoints=\"{&quot;768&quot;:{&quot;slidesPerView&quot;:3,&quot;slidesPerGroup&quot;:1}}\"><div class=\"swiper\"><div class=\"cb-wrapper swiper-wrapper\">\n<div class=\"wp-block-cb-slide-v2 cb-slide swiper-slide\">\n<figure class=\"wp-block-image size-large\"><img loading=\"lazy\" decoding=\"async\" width=\"750\" height=\"1125\" src=\"https:\/\/zlindesignweek.com\/2026\/wp-content\/uploads\/2026\/03\/zdw-75-u-zamkuinstalace-machsimon-35-750x1125.jpg\" alt=\"\" class=\"wp-image-42879\" srcset=\"https:\/\/zlindesignweek.com\/2026\/wp-content\/uploads\/2026\/03\/zdw-75-u-zamkuinstalace-machsimon-35-750x1125.jpg 750w, https:\/\/zlindesignweek.com\/2026\/wp-content\/uploads\/2026\/03\/zdw-75-u-zamkuinstalace-machsimon-35-500x750.jpg 500w, https:\/\/zlindesignweek.com\/2026\/wp-content\/uploads\/2026\/03\/zdw-75-u-zamkuinstalace-machsimon-35-768x1152.jpg 768w, https:\/\/zlindesignweek.com\/2026\/wp-content\/uploads\/2026\/03\/zdw-75-u-zamkuinstalace-machsimon-35-1024x1536.jpg 1024w, https:\/\/zlindesignweek.com\/2026\/wp-content\/uploads\/2026\/03\/zdw-75-u-zamkuinstalace-machsimon-35-1366x2048.jpg 1366w, https:\/\/zlindesignweek.com\/2026\/wp-content\/uploads\/2026\/03\/zdw-75-u-zamkuinstalace-machsimon-35-1440x2160.jpg 1440w, https:\/\/zlindesignweek.com\/2026\/wp-content\/uploads\/2026\/03\/zdw-75-u-zamkuinstalace-machsimon-35-250x375.jpg 250w, https:\/\/zlindesignweek.com\/2026\/wp-content\/uploads\/2026\/03\/zdw-75-u-zamkuinstalace-machsimon-35.jpg 1667w\" sizes=\"auto, (max-width: 750px) 100vw, 750px\" \/><\/figure>\n<\/div>\n\n\n\n<div class=\"wp-block-cb-slide-v2 cb-slide swiper-slide\">\n<figure class=\"wp-block-image size-large\"><img loading=\"lazy\" decoding=\"async\" width=\"750\" height=\"1125\" src=\"https:\/\/zlindesignweek.com\/2026\/wp-content\/uploads\/2026\/03\/zdw-105-verni-g18-machsimon-14-750x1125.jpg\" alt=\"\" class=\"wp-image-42880\" srcset=\"https:\/\/zlindesignweek.com\/2026\/wp-content\/uploads\/2026\/03\/zdw-105-verni-g18-machsimon-14-750x1125.jpg 750w, https:\/\/zlindesignweek.com\/2026\/wp-content\/uploads\/2026\/03\/zdw-105-verni-g18-machsimon-14-500x750.jpg 500w, https:\/\/zlindesignweek.com\/2026\/wp-content\/uploads\/2026\/03\/zdw-105-verni-g18-machsimon-14-768x1152.jpg 768w, https:\/\/zlindesignweek.com\/2026\/wp-content\/uploads\/2026\/03\/zdw-105-verni-g18-machsimon-14-1024x1536.jpg 1024w, https:\/\/zlindesignweek.com\/2026\/wp-content\/uploads\/2026\/03\/zdw-105-verni-g18-machsimon-14-1366x2048.jpg 1366w, https:\/\/zlindesignweek.com\/2026\/wp-content\/uploads\/2026\/03\/zdw-105-verni-g18-machsimon-14-1440x2160.jpg 1440w, https:\/\/zlindesignweek.com\/2026\/wp-content\/uploads\/2026\/03\/zdw-105-verni-g18-machsimon-14-250x375.jpg 250w, https:\/\/zlindesignweek.com\/2026\/wp-content\/uploads\/2026\/03\/zdw-105-verni-g18-machsimon-14.jpg 1667w\" sizes=\"auto, (max-width: 750px) 100vw, 750px\" \/><\/figure>\n<\/div>\n\n\n\n<div class=\"wp-block-cb-slide-v2 cb-slide swiper-slide\">\n<figure class=\"wp-block-image size-large\"><img loading=\"lazy\" decoding=\"async\" width=\"750\" height=\"1125\" src=\"https:\/\/zlindesignweek.com\/2026\/wp-content\/uploads\/2026\/03\/zdw-85-g18instalace-machsimon-22-750x1125.jpg\" alt=\"\" class=\"wp-image-42881\" srcset=\"https:\/\/zlindesignweek.com\/2026\/wp-content\/uploads\/2026\/03\/zdw-85-g18instalace-machsimon-22-750x1125.jpg 750w, https:\/\/zlindesignweek.com\/2026\/wp-content\/uploads\/2026\/03\/zdw-85-g18instalace-machsimon-22-500x750.jpg 500w, https:\/\/zlindesignweek.com\/2026\/wp-content\/uploads\/2026\/03\/zdw-85-g18instalace-machsimon-22-768x1152.jpg 768w, https:\/\/zlindesignweek.com\/2026\/wp-content\/uploads\/2026\/03\/zdw-85-g18instalace-machsimon-22-1024x1536.jpg 1024w, https:\/\/zlindesignweek.com\/2026\/wp-content\/uploads\/2026\/03\/zdw-85-g18instalace-machsimon-22-1366x2048.jpg 1366w, https:\/\/zlindesignweek.com\/2026\/wp-content\/uploads\/2026\/03\/zdw-85-g18instalace-machsimon-22-1440x2160.jpg 1440w, https:\/\/zlindesignweek.com\/2026\/wp-content\/uploads\/2026\/03\/zdw-85-g18instalace-machsimon-22-250x375.jpg 250w, https:\/\/zlindesignweek.com\/2026\/wp-content\/uploads\/2026\/03\/zdw-85-g18instalace-machsimon-22.jpg 1667w\" sizes=\"auto, (max-width: 750px) 100vw, 750px\" \/><\/figure>\n<\/div>\n\n\n\n<div class=\"wp-block-cb-slide-v2 cb-slide swiper-slide\">\n<figure class=\"wp-block-image size-large\"><img loading=\"lazy\" decoding=\"async\" width=\"750\" height=\"1125\" src=\"https:\/\/zlindesignweek.com\/2026\/wp-content\/uploads\/2026\/03\/zdw-105-verni-g18-machsimon-64-750x1125.jpg\" alt=\"\" class=\"wp-image-42882\" srcset=\"https:\/\/zlindesignweek.com\/2026\/wp-content\/uploads\/2026\/03\/zdw-105-verni-g18-machsimon-64-750x1125.jpg 750w, https:\/\/zlindesignweek.com\/2026\/wp-content\/uploads\/2026\/03\/zdw-105-verni-g18-machsimon-64-500x750.jpg 500w, https:\/\/zlindesignweek.com\/2026\/wp-content\/uploads\/2026\/03\/zdw-105-verni-g18-machsimon-64-768x1152.jpg 768w, https:\/\/zlindesignweek.com\/2026\/wp-content\/uploads\/2026\/03\/zdw-105-verni-g18-machsimon-64-1024x1536.jpg 1024w, https:\/\/zlindesignweek.com\/2026\/wp-content\/uploads\/2026\/03\/zdw-105-verni-g18-machsimon-64-1366x2048.jpg 1366w, https:\/\/zlindesignweek.com\/2026\/wp-content\/uploads\/2026\/03\/zdw-105-verni-g18-machsimon-64-1440x2160.jpg 1440w, https:\/\/zlindesignweek.com\/2026\/wp-content\/uploads\/2026\/03\/zdw-105-verni-g18-machsimon-64-250x375.jpg 250w, https:\/\/zlindesignweek.com\/2026\/wp-content\/uploads\/2026\/03\/zdw-105-verni-g18-machsimon-64.jpg 1667w\" sizes=\"auto, (max-width: 750px) 100vw, 750px\" \/><\/figure>\n<\/div>\n\n\n\n<div class=\"wp-block-cb-slide-v2 cb-slide swiper-slide\">\n<figure class=\"wp-block-image size-large\"><img loading=\"lazy\" decoding=\"async\" width=\"750\" height=\"1125\" src=\"https:\/\/zlindesignweek.com\/2026\/wp-content\/uploads\/2026\/03\/zdw-85-g18instalace-machsimon-36-750x1125.jpg\" alt=\"\" class=\"wp-image-42883\" srcset=\"https:\/\/zlindesignweek.com\/2026\/wp-content\/uploads\/2026\/03\/zdw-85-g18instalace-machsimon-36-750x1125.jpg 750w, https:\/\/zlindesignweek.com\/2026\/wp-content\/uploads\/2026\/03\/zdw-85-g18instalace-machsimon-36-500x750.jpg 500w, https:\/\/zlindesignweek.com\/2026\/wp-content\/uploads\/2026\/03\/zdw-85-g18instalace-machsimon-36-768x1152.jpg 768w, https:\/\/zlindesignweek.com\/2026\/wp-content\/uploads\/2026\/03\/zdw-85-g18instalace-machsimon-36-1024x1536.jpg 1024w, https:\/\/zlindesignweek.com\/2026\/wp-content\/uploads\/2026\/03\/zdw-85-g18instalace-machsimon-36-1366x2048.jpg 1366w, https:\/\/zlindesignweek.com\/2026\/wp-content\/uploads\/2026\/03\/zdw-85-g18instalace-machsimon-36-1440x2160.jpg 1440w, https:\/\/zlindesignweek.com\/2026\/wp-content\/uploads\/2026\/03\/zdw-85-g18instalace-machsimon-36-250x375.jpg 250w, https:\/\/zlindesignweek.com\/2026\/wp-content\/uploads\/2026\/03\/zdw-85-g18instalace-machsimon-36.jpg 1667w\" sizes=\"auto, (max-width: 750px) 100vw, 750px\" \/><\/figure>\n<\/div>\n<\/div><\/div><div class=\"cb-pagination swiper-pagination\"><\/div><div class=\"cb-button-prev swiper-button-prev\"><\/div><div class=\"cb-button-next swiper-button-next\"><\/div><\/div>\n<\/div><\/div>\n\n\n\n<p><\/p>\n","protected":false},"excerpt":{"rendered":"V&nbsp;r\u00e1mci festivalu Zlin Design Week se letos uskute\u010dn\u00ed \u010dty\u0159i v\u00fdstavy. A&nbsp;jak\u00e9 jsme si pro tebe p\u0159ipravili? Prvn\u00ed a&nbsp;hlavn\u00ed v\u00fdstava vych\u00e1z\u00ed z&nbsp;\u00fast\u0159edn\u00edho t\u00e9matu cel\u00e9ho ro\u010dn\u00edku L\u00c1SKA. [&hellip;]","protected":false},"author":25,"featured_media":0,"parent":0,"menu_order":0,"comment_status":"closed","ping_status":"closed","template":"","meta":{"_acf_changed":false,"footnotes":""},"class_list":["post-9938","page","type-page","status-publish","hentry"],"acf":[],"_links":{"self":[{"href":"https:\/\/zlindesignweek.com\/2026\/wp-json\/wp\/v2\/pages\/9938","targetHints":{"allow":["GET"]}}],"collection":[{"href":"https:\/\/zlindesignweek.com\/2026\/wp-json\/wp\/v2\/pages"}],"about":[{"href":"https:\/\/zlindesignweek.com\/2026\/wp-json\/wp\/v2\/types\/page"}],"author":[{"embeddable":true,"href":"https:\/\/zlindesignweek.com\/2026\/wp-json\/wp\/v2\/users\/25"}],"replies":[{"embeddable":true,"href":"https:\/\/zlindesignweek.com\/2026\/wp-json\/wp\/v2\/comments?post=9938"}],"version-history":[{"count":214,"href":"https:\/\/zlindesignweek.com\/2026\/wp-json\/wp\/v2\/pages\/9938\/revisions"}],"predecessor-version":[{"id":43291,"href":"https:\/\/zlindesignweek.com\/2026\/wp-json\/wp\/v2\/pages\/9938\/revisions\/43291"}],"wp:attachment":[{"href":"https:\/\/zlindesignweek.com\/2026\/wp-json\/wp\/v2\/media?parent=9938"}],"curies":[{"name":"wp","href":"https:\/\/api.w.org\/{rel}","templated":true}]}}