{"id":9932,"date":"2021-04-24T19:23:23","date_gmt":"2021-04-24T17:23:23","guid":{"rendered":"https:\/\/zlindesignweek.com\/2022\/?page_id=9932"},"modified":"2026-03-28T20:39:14","modified_gmt":"2026-03-28T19:39:14","slug":"fashion-show-a-hudebni-vystoupeni","status":"publish","type":"page","link":"https:\/\/zlindesignweek.com\/2026\/fashion-show-a-hudebni-vystoupeni\/","title":{"rendered":"Fashion Shows"},"content":{"rendered":"\n<div class=\"wp-block-group\"><div class=\"wp-block-group__inner-container is-layout-constrained wp-block-group-is-layout-constrained\">\n<p>Dal\u0161\u00ed ro\u010dn\u00edk festivalu nechce ochudit n\u00e1v\u0161t\u011bvn\u00edky o&nbsp;mo\u017enost vn\u00edmat design z&nbsp;v\u00edce stran. Proto se na\u0161e ka\u017edoro\u010dn\u00ed Fashion Show letos zdvojn\u00e1sob\u00ed. Ka\u017ed\u00e1 z&nbsp;nich ale nab\u00eddne pohled na m\u00f3du jako \u0159emeslo trochu jinak. <\/p>\n\n\n\n<p>Bavila t\u011b lo\u0148sk\u00e1 performativn\u00ed p\u0159ehl\u00eddka? Neboj, ta z\u016fst\u00e1v\u00e1. Z\u00e1rove\u0148 se ale m\u016f\u017ee\u0161 t\u011b\u0161it i&nbsp;na tradi\u010dn\u011bj\u0161\u00ed Fashion Show, zasazenou do netradi\u010dn\u00edho prostoru.<\/p>\n\n\n\n<div style=\"height:30px\" aria-hidden=\"true\" class=\"wp-block-spacer\"><\/div>\n<\/div><\/div>\n\n\n\n<div class=\"wp-block-group\"><div class=\"wp-block-group__inner-container is-layout-constrained wp-block-group-is-layout-constrained\">\n<div class=\"wp-block-columns is-style-with-vertical-lines is-layout-flex wp-container-core-columns-is-layout-9d6595d7 wp-block-columns-is-layout-flex\">\n<div class=\"wp-block-column is-vertically-aligned-top has-zdw-background-color has-background is-layout-flow wp-block-column-is-layout-flow\">\n<table role=\"presentation\" width=\"100%\" cellpadding=\"0\" cellspacing=\"0\" border=\"0\" style=\"border-collapse:collapse;width:100%;\">\n  <tr><td height=\"24\"><\/td><\/tr>\n\n  <tr>\n    <td style=\"padding-left:5%; padding-right:5%;\">\n      <h4 style=\"margin:0 0 22px 0\">Fashion performance \u00d7 Slovak Fashion Council<\/h4>\n\n      <p style=\"margin:0 0 18px 0\">\n        Datum: 6.&nbsp;5.&nbsp;2026<br>\n        \u010cas: 19:00\u201319:30<br>\n        Lokace: Z\u00e1mek Zl\u00edn<br>\n        Zdarma\n      <\/p>\n\n      <div class=\"wp-block-buttons\">\n        <div class=\"wp-block-button is-style-fill\">\n          <a class=\"wp-block-button__link wp-element-button\" href=\"https:\/\/zlindesignweek.com\/2026\/fashion-performance-x-slovak-fashion-council\/\">\n            Zjistit v\u00edce\n          <\/a>\n        <\/div>\n      <\/div>\n    <\/td>\n  <\/tr>\n\n  <tr><td height=\"24\"><\/td><\/tr>\n<\/table>\n<\/div>\n\n\n\n<div class=\"wp-block-column has-zdw-background-color has-background is-layout-flow wp-block-column-is-layout-flow\">\n<table role=\"presentation\" width=\"100%\" cellpadding=\"0\" cellspacing=\"0\" border=\"0\" style=\"border-collapse:collapse;width:100%;\">\n  <tr><td height=\"24\"><\/td><\/tr>\n\n  <tr>\n    <td style=\"padding-left:5%; padding-right:5%;\">\n      <h4 style=\"margin:0 0 22px 0\">Fashion Show<\/h4>\n\n      <p style=\"margin:0 0 18px 0\">\n        Datum: 8.&nbsp;5.&nbsp;2026<br>\n        \u010cas: 19:00\u201320:30<br>\n        Lokace: Gar\u00e1\u017ee Fakulty technologick\u00e9 Univerzity Tom\u00e1\u0161e Bati<br>\n        Vstupn\u00e9\n      <\/p>\n<div style=\"height:25px\"><\/div>\n      <div class=\"wp-block-buttons\">\n        <div class=\"wp-block-button is-style-fill\">\n          <a class=\"wp-block-button__link wp-element-button\" href=\"https:\/\/zlindesignweek.com\/2026\/fashion-show\/\">\n            Zjistit v\u00edce\n          <\/a>\n        <\/div>\n      <\/div>\n    <\/td>\n  <\/tr>\n\n  <tr><td height=\"24\"><\/td><\/tr>\n<\/table>\n<\/div>\n<\/div>\n<\/div><\/div>\n\n\n\n<div style=\"height:30px\" aria-hidden=\"true\" class=\"wp-block-spacer\"><\/div>\n\n\n\n<div class=\"wp-block-group\"><div class=\"wp-block-group__inner-container is-layout-constrained wp-block-group-is-layout-constrained\">\n<h3 class=\"wp-block-heading\">NA CO SE M\u016e\u017dE\u0160 T\u011a\u0160IT?<\/h3>\n<\/div><\/div>\n\n\n\n<div class=\"wp-block-group\"><div class=\"wp-block-group__inner-container is-layout-constrained wp-block-group-is-layout-constrained\">\n<div class=\"wp-block-cb-carousel-v2 cb-carousel-block\" data-cb-slides-per-view=\"1\" data-cb-slides-per-group=\"1\" data-cb-space-between=\"15\" data-cb-speed=\"300\" data-cb-navigation=\"true\" data-cb-pagination=\"true\" data-cb-breakpoints=\"{&quot;768&quot;:{&quot;slidesPerView&quot;:3,&quot;slidesPerGroup&quot;:1}}\"><div class=\"swiper\"><div class=\"cb-wrapper swiper-wrapper\">\n<div class=\"wp-block-cb-slide-v2 cb-slide swiper-slide\">\n<figure class=\"wp-block-image size-large\"><img loading=\"lazy\" decoding=\"async\" width=\"750\" height=\"1125\" src=\"https:\/\/zlindesignweek.com\/2026\/wp-content\/uploads\/2026\/02\/zdw-fashionshow-johnyvitha5-01-750x1125.jpg\" alt=\"\" class=\"wp-image-40628\" srcset=\"https:\/\/zlindesignweek.com\/2026\/wp-content\/uploads\/2026\/02\/zdw-fashionshow-johnyvitha5-01-750x1125.jpg 750w, https:\/\/zlindesignweek.com\/2026\/wp-content\/uploads\/2026\/02\/zdw-fashionshow-johnyvitha5-01-500x750.jpg 500w, https:\/\/zlindesignweek.com\/2026\/wp-content\/uploads\/2026\/02\/zdw-fashionshow-johnyvitha5-01-768x1152.jpg 768w, https:\/\/zlindesignweek.com\/2026\/wp-content\/uploads\/2026\/02\/zdw-fashionshow-johnyvitha5-01-1024x1536.jpg 1024w, https:\/\/zlindesignweek.com\/2026\/wp-content\/uploads\/2026\/02\/zdw-fashionshow-johnyvitha5-01-1365x2048.jpg 1365w, https:\/\/zlindesignweek.com\/2026\/wp-content\/uploads\/2026\/02\/zdw-fashionshow-johnyvitha5-01-250x375.jpg 250w, https:\/\/zlindesignweek.com\/2026\/wp-content\/uploads\/2026\/02\/zdw-fashionshow-johnyvitha5-01-scaled.jpg 1707w\" sizes=\"auto, (max-width: 750px) 100vw, 750px\" \/><\/figure>\n<\/div>\n\n\n\n<div class=\"wp-block-cb-slide-v2 cb-slide swiper-slide\">\n<figure class=\"wp-block-image size-large\"><img loading=\"lazy\" decoding=\"async\" width=\"750\" height=\"1125\" src=\"https:\/\/zlindesignweek.com\/2026\/wp-content\/uploads\/2026\/02\/zdw-fas-05-750x1125.jpg\" alt=\"\" class=\"wp-image-40629\" srcset=\"https:\/\/zlindesignweek.com\/2026\/wp-content\/uploads\/2026\/02\/zdw-fas-05-750x1125.jpg 750w, https:\/\/zlindesignweek.com\/2026\/wp-content\/uploads\/2026\/02\/zdw-fas-05-500x750.jpg 500w, https:\/\/zlindesignweek.com\/2026\/wp-content\/uploads\/2026\/02\/zdw-fas-05-768x1152.jpg 768w, https:\/\/zlindesignweek.com\/2026\/wp-content\/uploads\/2026\/02\/zdw-fas-05-1024x1536.jpg 1024w, https:\/\/zlindesignweek.com\/2026\/wp-content\/uploads\/2026\/02\/zdw-fas-05-1365x2048.jpg 1365w, https:\/\/zlindesignweek.com\/2026\/wp-content\/uploads\/2026\/02\/zdw-fas-05-1440x2160.jpg 1440w, https:\/\/zlindesignweek.com\/2026\/wp-content\/uploads\/2026\/02\/zdw-fas-05-250x375.jpg 250w, https:\/\/zlindesignweek.com\/2026\/wp-content\/uploads\/2026\/02\/zdw-fas-05-scaled.jpg 1707w\" sizes=\"auto, (max-width: 750px) 100vw, 750px\" \/><\/figure>\n<\/div>\n\n\n\n<div class=\"wp-block-cb-slide-v2 cb-slide swiper-slide\">\n<figure class=\"wp-block-image size-large\"><img loading=\"lazy\" decoding=\"async\" width=\"750\" height=\"1125\" src=\"https:\/\/zlindesignweek.com\/2026\/wp-content\/uploads\/2026\/02\/zdw-fashion-show-sm-29-750x1125.jpg\" alt=\"\" class=\"wp-image-40630\" srcset=\"https:\/\/zlindesignweek.com\/2026\/wp-content\/uploads\/2026\/02\/zdw-fashion-show-sm-29-750x1125.jpg 750w, https:\/\/zlindesignweek.com\/2026\/wp-content\/uploads\/2026\/02\/zdw-fashion-show-sm-29-500x750.jpg 500w, https:\/\/zlindesignweek.com\/2026\/wp-content\/uploads\/2026\/02\/zdw-fashion-show-sm-29-768x1152.jpg 768w, https:\/\/zlindesignweek.com\/2026\/wp-content\/uploads\/2026\/02\/zdw-fashion-show-sm-29-1024x1536.jpg 1024w, https:\/\/zlindesignweek.com\/2026\/wp-content\/uploads\/2026\/02\/zdw-fashion-show-sm-29-1365x2048.jpg 1365w, https:\/\/zlindesignweek.com\/2026\/wp-content\/uploads\/2026\/02\/zdw-fashion-show-sm-29-1440x2160.jpg 1440w, https:\/\/zlindesignweek.com\/2026\/wp-content\/uploads\/2026\/02\/zdw-fashion-show-sm-29-250x375.jpg 250w, https:\/\/zlindesignweek.com\/2026\/wp-content\/uploads\/2026\/02\/zdw-fashion-show-sm-29-scaled.jpg 1707w\" sizes=\"auto, (max-width: 750px) 100vw, 750px\" \/><\/figure>\n<\/div>\n\n\n\n<div class=\"wp-block-cb-slide-v2 cb-slide swiper-slide\">\n<figure class=\"wp-block-image size-large\"><img loading=\"lazy\" decoding=\"async\" width=\"750\" height=\"1125\" src=\"https:\/\/zlindesignweek.com\/2026\/wp-content\/uploads\/2026\/02\/zdw-fas-42-750x1125.jpg\" alt=\"\" class=\"wp-image-40631\" srcset=\"https:\/\/zlindesignweek.com\/2026\/wp-content\/uploads\/2026\/02\/zdw-fas-42-750x1125.jpg 750w, https:\/\/zlindesignweek.com\/2026\/wp-content\/uploads\/2026\/02\/zdw-fas-42-500x750.jpg 500w, https:\/\/zlindesignweek.com\/2026\/wp-content\/uploads\/2026\/02\/zdw-fas-42-768x1152.jpg 768w, https:\/\/zlindesignweek.com\/2026\/wp-content\/uploads\/2026\/02\/zdw-fas-42-1024x1536.jpg 1024w, https:\/\/zlindesignweek.com\/2026\/wp-content\/uploads\/2026\/02\/zdw-fas-42-1365x2048.jpg 1365w, https:\/\/zlindesignweek.com\/2026\/wp-content\/uploads\/2026\/02\/zdw-fas-42-1440x2160.jpg 1440w, https:\/\/zlindesignweek.com\/2026\/wp-content\/uploads\/2026\/02\/zdw-fas-42-250x375.jpg 250w, https:\/\/zlindesignweek.com\/2026\/wp-content\/uploads\/2026\/02\/zdw-fas-42-scaled.jpg 1707w\" sizes=\"auto, (max-width: 750px) 100vw, 750px\" \/><\/figure>\n<\/div>\n\n\n\n<div class=\"wp-block-cb-slide-v2 cb-slide swiper-slide\">\n<figure class=\"wp-block-image size-large\"><img loading=\"lazy\" decoding=\"async\" width=\"750\" height=\"1125\" src=\"https:\/\/zlindesignweek.com\/2026\/wp-content\/uploads\/2026\/02\/zdw-fashion-show-da-18-750x1125.jpeg\" alt=\"\" class=\"wp-image-40632\" srcset=\"https:\/\/zlindesignweek.com\/2026\/wp-content\/uploads\/2026\/02\/zdw-fashion-show-da-18-750x1125.jpeg 750w, https:\/\/zlindesignweek.com\/2026\/wp-content\/uploads\/2026\/02\/zdw-fashion-show-da-18-500x750.jpeg 500w, https:\/\/zlindesignweek.com\/2026\/wp-content\/uploads\/2026\/02\/zdw-fashion-show-da-18-768x1152.jpeg 768w, https:\/\/zlindesignweek.com\/2026\/wp-content\/uploads\/2026\/02\/zdw-fashion-show-da-18-1024x1536.jpeg 1024w, https:\/\/zlindesignweek.com\/2026\/wp-content\/uploads\/2026\/02\/zdw-fashion-show-da-18-1365x2048.jpeg 1365w, https:\/\/zlindesignweek.com\/2026\/wp-content\/uploads\/2026\/02\/zdw-fashion-show-da-18-1440x2160.jpeg 1440w, https:\/\/zlindesignweek.com\/2026\/wp-content\/uploads\/2026\/02\/zdw-fashion-show-da-18-250x375.jpeg 250w, https:\/\/zlindesignweek.com\/2026\/wp-content\/uploads\/2026\/02\/zdw-fashion-show-da-18-scaled.jpeg 1707w\" sizes=\"auto, (max-width: 750px) 100vw, 750px\" \/><\/figure>\n<\/div>\n<\/div><\/div><div class=\"cb-pagination swiper-pagination\"><\/div><div class=\"cb-button-prev swiper-button-prev\"><\/div><div class=\"cb-button-next swiper-button-next\"><\/div><\/div>\n<\/div><\/div>\n\n\n\n<p><\/p>\n","protected":false},"excerpt":{"rendered":"Dal\u0161\u00ed ro\u010dn\u00edk festivalu nechce ochudit n\u00e1v\u0161t\u011bvn\u00edky o&nbsp;mo\u017enost vn\u00edmat design z&nbsp;v\u00edce stran. Proto se na\u0161e ka\u017edoro\u010dn\u00ed Fashion Show letos zdvojn\u00e1sob\u00ed. Ka\u017ed\u00e1 z&nbsp;nich ale nab\u00eddne pohled na [&hellip;]","protected":false},"author":29,"featured_media":0,"parent":0,"menu_order":0,"comment_status":"closed","ping_status":"closed","template":"","meta":{"_acf_changed":false,"footnotes":""},"class_list":["post-9932","page","type-page","status-publish","hentry"],"acf":[],"_links":{"self":[{"href":"https:\/\/zlindesignweek.com\/2026\/wp-json\/wp\/v2\/pages\/9932","targetHints":{"allow":["GET"]}}],"collection":[{"href":"https:\/\/zlindesignweek.com\/2026\/wp-json\/wp\/v2\/pages"}],"about":[{"href":"https:\/\/zlindesignweek.com\/2026\/wp-json\/wp\/v2\/types\/page"}],"author":[{"embeddable":true,"href":"https:\/\/zlindesignweek.com\/2026\/wp-json\/wp\/v2\/users\/29"}],"replies":[{"embeddable":true,"href":"https:\/\/zlindesignweek.com\/2026\/wp-json\/wp\/v2\/comments?post=9932"}],"version-history":[{"count":161,"href":"https:\/\/zlindesignweek.com\/2026\/wp-json\/wp\/v2\/pages\/9932\/revisions"}],"predecessor-version":[{"id":43311,"href":"https:\/\/zlindesignweek.com\/2026\/wp-json\/wp\/v2\/pages\/9932\/revisions\/43311"}],"wp:attachment":[{"href":"https:\/\/zlindesignweek.com\/2026\/wp-json\/wp\/v2\/media?parent=9932"}],"curies":[{"name":"wp","href":"https:\/\/api.w.org\/{rel}","templated":true}]}}