{"id":6850,"date":"2021-01-27T21:35:47","date_gmt":"2021-01-27T20:35:47","guid":{"rendered":"https:\/\/zlindesignweek.com\/2022\/?page_id=6850"},"modified":"2022-12-03T19:40:47","modified_gmt":"2022-12-03T18:40:47","slug":"zdw-univerzalni-design-cs","status":"publish","type":"page","link":"https:\/\/zlindesignweek.com\/2026\/zdw-univerzalni-design-cs\/","title":{"rendered":"Univerz\u00e1ln\u00ed design"},"content":{"rendered":"\n<div class=\"wp-block-group\"><div class=\"wp-block-group__inner-container is-layout-flow wp-block-group-is-layout-flow\">\n<p class=\"has-large-font-size\"><strong>UNIVERZ\u00c1LN\u00cd DESIGN \u2013 MAPOV\u00c1N\u00cd POTENCI\u00c1LU A&nbsp;ZAPOJEN\u00cd NOV\u00c9 GENERACE V&nbsp;KREATIVN\u00cdCH PR\u016eMYSLECH<\/strong><\/p>\n\n\n\n<p>Univerz\u00e1ln\u00ed design, princip, kter\u00fd usiluje o&nbsp;navrhov\u00e1n\u00ed produkt\u016f a&nbsp;slu\u017eeb, kter\u00e9 jsou p\u0159\u00edstupn\u00e9 pro co nej\u0161ir\u0161\u00ed skupinu u\u017eivatel\u016f. Na\u0161\u00edm c\u00edlem je l\u00e9pe zmapovat, jak toto t\u00e9ma vn\u00edmaj\u00ed design\u00e9\u0159i a&nbsp;architekti v&nbsp;\u010cesk\u00e9 republice, jak\u00fd je potenci\u00e1l pro n\u00e1sledn\u00fd rozvoj a&nbsp;podpo\u0159it zapojen\u00ed nov\u00e9 generace.&nbsp;<\/p>\n\n\n\n<p>V r\u00e1mci Evropy sledujeme rozd\u00edln\u00e9 vn\u00edm\u00e1n\u00ed tohoto principu, a&nbsp;proto Zlin Design Week vytv\u00e1\u0159\u00ed prostor pro diskusi, r\u016fzn\u00e9 perspektivy a&nbsp;zku\u0161enosti. Partnery projektu, kter\u00fd je podpo\u0159en\u00fd<a href=\"https:\/\/www.eeagrants.cz\"> Fondy EHP <\/a>jsou<a href=\"https:\/\/kreativnipraha.eu\/cs\/uvod\"> Kreativn\u00ed Praha <\/a>a <a href=\"https:\/\/doga.no\">Design and Architecture Norway (DOGA)<\/a>. Pr\u00e1v\u011b Norsko se toti\u017e \u0159ad\u00ed mezi zem\u011b zahrnuj\u00edc\u00ed p\u0159\u00edstup k&nbsp;univerz\u00e1ln\u00edmu designu do legislativy a&nbsp;strategi\u00ed v\u00edce jak 15 let, a&nbsp;stalo se tak obrovsk\u00fdm vzorem pro ostatn\u00ed design\u00e9ry a&nbsp;architekty v&nbsp;Evrop\u011b.&nbsp;<\/p>\n\n\n\n<p class=\"has-medium-font-size\"><strong>Co v\u0161echno projekt p\u0159inese?<\/strong><\/p>\n\n\n\n<ul class=\"wp-block-list\">\n<li>v\u00fdjezdy do Norska i&nbsp;\u010cesk\u00e9 republiky, kter\u00e9 budou dostupn\u00e9 pro vybran\u00e9 studenty<\/li>\n\n\n\n<li>zaj\u00edmav\u00e9 \u0159e\u010dn\u00edky v&nbsp;r\u00e1mci dvou konferenc\u00ed (Zlin Design Week 2022 a&nbsp;2023)<\/li>\n\n\n\n<li>v\u00fdzkum mapuj\u00edc\u00ed vn\u00edm\u00e1n\u00ed univerz\u00e1ln\u00edho designu mezi \u010desk\u00fdmi design\u00e9ry a&nbsp;architekty (podzim\/zima 2022)<\/li>\n\n\n\n<li>workshopy, kter\u00e9 umo\u017en\u00ed testovat princip na konkr\u00e9tn\u00edm zad\u00e1n\u00ed a&nbsp;propoj\u00ed mlad\u00e9 design\u00e9ry, byznys i&nbsp;ve\u0159ejn\u00fd sektor (Zlin Design Week 2023)<\/li>\n\n\n\n<li>v\u00fdstavu v\u011bnuj\u00edc\u00ed se univerz\u00e1ln\u00edmu designu (Zlin Design Week 2023)<\/li>\n\n\n\n<li>samostatnou webovou platformu, kter\u00e1 bude slou\u017eit jako z\u00e1klad pro dlouhodob\u00fd rozvoj problematiky<\/li>\n<\/ul>\n\n\n\n<p class=\"has-large-font-size\"><strong>Design and Architecture Norway<\/strong><\/p>\n\n\n\n<p>C\u00edlem DOGA je, aby Norsko vyu\u017e\u00edvalo kompetence v&nbsp;oblasti designu a&nbsp;architektury k&nbsp;vytv\u00e1\u0159en\u00ed ekonomick\u00fdch, soci\u00e1ln\u00edch a&nbsp;kulturn\u00edch p\u0159\u00edle\u017eitost\u00ed, environment\u00e1ln\u00ed hodnoty pro podnikatelskou komunitu i&nbsp;ve\u0159ejn\u00fd sektor. Proto se zam\u011b\u0159uj\u00ed na propojen\u00ed kreativn\u00edch talent\u016f a&nbsp;byznysu, \u010d\u00edm\u017e posiluj\u00ed postaven\u00ed designu a&nbsp;architektury v&nbsp;procesu rozvoje zem\u011b, spole\u010densk\u00fdch podm\u00ednek, a&nbsp;vytv\u00e1\u0159\u00ed tak \u0159e\u0161en\u00ed, kter\u00e9 umo\u017e\u0148uj\u00ed \u010delit budouc\u00edm v\u00fdzv\u00e1m. Jejich projekty jsou zalo\u017eeny na t\u0159ech kl\u00ed\u010dov\u00fdch principech: propojovat, experimentovat a&nbsp;u\u010dit se. Ty vytv\u00e1\u0159\u00ed prostor pro nov\u00e9 \u0159e\u0161en\u00ed, jejich testov\u00e1n\u00ed, diskusi, zvy\u0161ov\u00e1n\u00ed kompetenc\u00ed i&nbsp;hodnoty inovac\u00ed.&nbsp;<\/p>\n\n\n\n<figure class=\"wp-block-gallery has-nested-images columns-default is-cropped wp-block-gallery-1 is-layout-flex wp-block-gallery-is-layout-flex\">\n<figure class=\"wp-block-image size-large\"><img loading=\"lazy\" decoding=\"async\" width=\"750\" height=\"500\" data-id=\"15550\" src=\"https:\/\/zlindesignweek.com\/2024\/wp-content\/uploads\/2022\/11\/img-1207-750x500.jpg\" alt=\"\" class=\"wp-image-15550\" srcset=\"https:\/\/zlindesignweek.com\/2026\/wp-content\/uploads\/2022\/11\/img-1207-750x500.jpg 750w, https:\/\/zlindesignweek.com\/2026\/wp-content\/uploads\/2022\/11\/img-1207-500x333.jpg 500w, https:\/\/zlindesignweek.com\/2026\/wp-content\/uploads\/2022\/11\/img-1207-768x512.jpg 768w, https:\/\/zlindesignweek.com\/2026\/wp-content\/uploads\/2022\/11\/img-1207-1536x1024.jpg 1536w, https:\/\/zlindesignweek.com\/2026\/wp-content\/uploads\/2022\/11\/img-1207-2048x1366.jpg 2048w, https:\/\/zlindesignweek.com\/2026\/wp-content\/uploads\/2022\/11\/img-1207-1440x960.jpg 1440w, https:\/\/zlindesignweek.com\/2026\/wp-content\/uploads\/2022\/11\/img-1207-250x167.jpg 250w\" sizes=\"auto, (max-width: 750px) 100vw, 750px\" \/><\/figure>\n\n\n\n<figure class=\"wp-block-image size-large\"><img loading=\"lazy\" decoding=\"async\" width=\"750\" height=\"500\" data-id=\"15549\" src=\"https:\/\/zlindesignweek.com\/2024\/wp-content\/uploads\/2022\/11\/prednaska-plhak-full-13-750x500.jpg\" alt=\"\" class=\"wp-image-15549\" srcset=\"https:\/\/zlindesignweek.com\/2026\/wp-content\/uploads\/2022\/11\/prednaska-plhak-full-13-750x500.jpg 750w, https:\/\/zlindesignweek.com\/2026\/wp-content\/uploads\/2022\/11\/prednaska-plhak-full-13-500x333.jpg 500w, https:\/\/zlindesignweek.com\/2026\/wp-content\/uploads\/2022\/11\/prednaska-plhak-full-13-768x512.jpg 768w, https:\/\/zlindesignweek.com\/2026\/wp-content\/uploads\/2022\/11\/prednaska-plhak-full-13-1536x1024.jpg 1536w, https:\/\/zlindesignweek.com\/2026\/wp-content\/uploads\/2022\/11\/prednaska-plhak-full-13-2048x1366.jpg 2048w, https:\/\/zlindesignweek.com\/2026\/wp-content\/uploads\/2022\/11\/prednaska-plhak-full-13-1440x960.jpg 1440w, https:\/\/zlindesignweek.com\/2026\/wp-content\/uploads\/2022\/11\/prednaska-plhak-full-13-250x167.jpg 250w\" sizes=\"auto, (max-width: 750px) 100vw, 750px\" \/><\/figure>\n<\/figure>\n<\/div><\/div>\n\n\n\n<div class=\"wp-block-group\"><div class=\"wp-block-group__inner-container is-layout-flow wp-block-group-is-layout-flow\">\n<p class=\"has-large-font-size\"><strong>Kreativn\u00ed Praha<\/strong><\/p>\n<\/div><\/div>\n\n\n\n<div class=\"wp-block-group\"><div class=\"wp-block-group__inner-container is-layout-flow wp-block-group-is-layout-flow\">\n<p>Kreativn\u00ed Praha je organizac\u00ed hlavn\u00edho m\u011bsta Prahy, jej\u00edm\u017e c\u00edlem je koncep\u010dn\u011b rozv\u00edjet kulturu a&nbsp;kreativn\u00ed pr\u016fmysly a&nbsp;implementovat tyto poznatky do konkr\u00e9tn\u00edch kulturn\u00edch projekt\u016f a&nbsp;rozvoje Pra\u017esk\u00e9ho kreativn\u00edho centra. Vych\u00e1z\u00ed p\u0159itom z&nbsp;p\u0159esv\u011bd\u010den\u00ed, \u017ee kultura a&nbsp;lidsk\u00e1 tvo\u0159ivost jsou nepostradateln\u00e9 pro kvalitn\u00ed \u017eivot a&nbsp;m\u011bsta. Kreativn\u00ed Praha k&nbsp;t\u00e9to zm\u011bn\u011b p\u0159istupuje prost\u0159ednictv\u00edm systematick\u00e9ho sb\u011bru dat, koncep\u010dn\u00edho p\u0159\u00edstupu ke kultu\u0159e, zvy\u0161ov\u00e1n\u00ed pov\u011bdom\u00ed o&nbsp;kreativn\u00edch pr\u016fmyslech a&nbsp;podnikatelsk\u00e9 a&nbsp;kulturn\u00ed emancipaci centra m\u011bsta. Je pro n\u011b d\u016fle\u017eit\u00e9, aby tyto aktivity vych\u00e1zely z&nbsp;mezioborov\u00fdch spoluprac\u00ed, komunikace, sd\u00edlen\u00ed znalost\u00ed a&nbsp;strategick\u00e9ho p\u0159\u00edstupu ke kultu\u0159e m\u011bsta.<\/p>\n<\/div><\/div>\n\n\n\n<div class=\"wp-block-group\"><div class=\"wp-block-group__inner-container is-layout-flow wp-block-group-is-layout-flow\">\n<p class=\"has-large-font-size\"><strong>Jak vypadal prvn\u00ed v\u00fdjezd do \u010cesk\u00e9 Republiky?<\/strong><\/p>\n<\/div><\/div>\n\n\n\n<div class=\"wp-block-group\"><div class=\"wp-block-group__inner-container is-layout-flow wp-block-group-is-layout-flow\">\n<p>Prvn\u00ed v\u00fdjezd do \u010cesk\u00e9 republiky se prob\u011bhl od 6.&nbsp;do 13.&nbsp;kv\u011btna b\u011bhem Zlin Design Weeku 2022. Exkurze se z\u00fa\u010dastnili Jannicke Holen a&nbsp;Knut Bang z&nbsp;Design and Architecture Norway (DOGA) a&nbsp;3 nor\u0161t\u00ed studenti. Jannicke a&nbsp;Knuta jste m\u011bli mo\u017enost potkat jako \u0159e\u010dn\u00edky na Konferenci ZDW, kde p\u0159edstavili inkluzivn\u00ed design thinking. Nestihli jste Konferenci nav\u0161t\u00edvit? Poslechn\u011bte si <a href=\"https:\/\/open.spotify.com\/episode\/2Z19epXFAQbFkNdAQl51pB?si=8f35eac6ae8d480d\">podcast<\/a>, kter\u00fd s&nbsp;nimi p\u0159ipravila Design KANT\u00ddNA! Studenti nav\u0161t\u00edvili konferenci, workshopy, vernis\u00e1\u017ee i&nbsp;fashion show, kde se setk\u00e1vali s&nbsp;dal\u0161\u00edmi design\u00e9ry z&nbsp;\u010cR i&nbsp;zahrani\u010d\u00ed a&nbsp;tak\u00e9 sa sami aktivn\u011b pod\u00edleli na programu festivalu \u2013 Herman Freng Bilett, jeden ze student\u016f, p\u0159ipravil pro n\u00e1v\u0161t\u011bvn\u00edky workshop o&nbsp;inkluzivn\u00edm designu v&nbsp;mezigenera\u010dn\u00edch vztaz\u00edch. Sou\u010d\u00e1st\u00ed exkurze byla tak\u00e9 exkurze do m\u00edstn\u00edch podnik\u016f.&nbsp;<\/p>\n<\/div><\/div>\n\n\n\n<div class=\"wp-block-group\"><div class=\"wp-block-group__inner-container is-layout-flow wp-block-group-is-layout-flow\">\n<figure class=\"wp-block-gallery has-nested-images columns-default is-cropped wp-block-gallery-2 is-layout-flex wp-block-gallery-is-layout-flex\">\n<figure class=\"wp-block-image size-large\"><img loading=\"lazy\" decoding=\"async\" width=\"750\" height=\"500\" data-id=\"15552\" src=\"https:\/\/zlindesignweek.com\/2024\/wp-content\/uploads\/2022\/11\/189a1749-750x500.jpg\" alt=\"\" class=\"wp-image-15552\" srcset=\"https:\/\/zlindesignweek.com\/2026\/wp-content\/uploads\/2022\/11\/189a1749-750x500.jpg 750w, https:\/\/zlindesignweek.com\/2026\/wp-content\/uploads\/2022\/11\/189a1749-500x333.jpg 500w, https:\/\/zlindesignweek.com\/2026\/wp-content\/uploads\/2022\/11\/189a1749-768x512.jpg 768w, https:\/\/zlindesignweek.com\/2026\/wp-content\/uploads\/2022\/11\/189a1749-1536x1024.jpg 1536w, https:\/\/zlindesignweek.com\/2026\/wp-content\/uploads\/2022\/11\/189a1749-2048x1366.jpg 2048w, https:\/\/zlindesignweek.com\/2026\/wp-content\/uploads\/2022\/11\/189a1749-1440x960.jpg 1440w, https:\/\/zlindesignweek.com\/2026\/wp-content\/uploads\/2022\/11\/189a1749-250x167.jpg 250w\" sizes=\"auto, (max-width: 750px) 100vw, 750px\" \/><\/figure>\n\n\n\n<figure class=\"wp-block-image size-large\"><img loading=\"lazy\" decoding=\"async\" width=\"750\" height=\"500\" data-id=\"15551\" src=\"https:\/\/zlindesignweek.com\/2024\/wp-content\/uploads\/2022\/11\/284995819-3237732483163313-9089587165997519859-n-750x500.jpg\" alt=\"\" class=\"wp-image-15551\" srcset=\"https:\/\/zlindesignweek.com\/2026\/wp-content\/uploads\/2022\/11\/284995819-3237732483163313-9089587165997519859-n-750x500.jpg 750w, https:\/\/zlindesignweek.com\/2026\/wp-content\/uploads\/2022\/11\/284995819-3237732483163313-9089587165997519859-n-500x333.jpg 500w, https:\/\/zlindesignweek.com\/2026\/wp-content\/uploads\/2022\/11\/284995819-3237732483163313-9089587165997519859-n-768x512.jpg 768w, https:\/\/zlindesignweek.com\/2026\/wp-content\/uploads\/2022\/11\/284995819-3237732483163313-9089587165997519859-n-1536x1025.jpg 1536w, https:\/\/zlindesignweek.com\/2026\/wp-content\/uploads\/2022\/11\/284995819-3237732483163313-9089587165997519859-n-1440x960.jpg 1440w, https:\/\/zlindesignweek.com\/2026\/wp-content\/uploads\/2022\/11\/284995819-3237732483163313-9089587165997519859-n-250x167.jpg 250w, https:\/\/zlindesignweek.com\/2026\/wp-content\/uploads\/2022\/11\/284995819-3237732483163313-9089587165997519859-n.jpg 2048w\" sizes=\"auto, (max-width: 750px) 100vw, 750px\" \/><\/figure>\n<\/figure>\n<\/div><\/div>\n\n\n\n<div class=\"wp-block-group\"><div class=\"wp-block-group__inner-container is-layout-flow wp-block-group-is-layout-flow\">\n<p class=\"has-large-font-size\"><strong>Co jste mohli za\u017e\u00edt a&nbsp;koho potkat v&nbsp;r\u00e1mci Konference ZDW 2022?<\/strong><\/p>\n\n\n\n<div class=\"wp-block-group\"><div class=\"wp-block-group__inner-container is-layout-flow wp-block-group-is-layout-flow\">\n<p>Rama Gheerawo, Ivelina Gadzheva, Bori Feh\u00e9r, Mariana Chytilov\u00e1 i&nbsp;Jannicke Holen a&nbsp;Knut Bang. Na Konferenci se se\u0161li r\u016fznorod\u00e9 osobnosti z&nbsp;cel\u00e9 Evropy, kte\u0159\u00ed se zasazuj\u00ed o&nbsp;tvorbu inkluzivn\u011bj\u0161\u00edho prost\u0159ed\u00ed, produkt\u016f i&nbsp;slu\u017eeb prost\u0159ednictv\u00edm designu. M\u011bli jsme tak mo\u017enost porovnat r\u016fznorod\u00e9 p\u0159\u00edstupy od Norska, p\u0159es Anglii, Ma\u010farsko a\u017e Bulharsko a&nbsp;porovnat je s&nbsp;\u0159e\u0161en\u00edm p\u0159\u00edstupnosti v&nbsp;\u010desk\u00fdch instituc\u00ed. Sou\u010d\u00e1st\u00ed Konference byla tak\u00e9 panelov\u00e1 diskuse se z\u00e1stupci zl\u00ednsk\u00fdch kreativn\u00edch pr\u016fmysl\u016f, vznikl podcast, kter\u00fd si m\u016f\u017eete poslechnout klidn\u011b hned te\u010f a&nbsp;mezit\u00edm se m\u016f\u017eete t\u011b\u0161it na online z\u00e1znamy, kter\u00e9 zve\u0159ejn\u00edme na ja\u0159e 2023.&nbsp;<\/p>\n\n\n\n<div class=\"wp-block-group\"><div class=\"wp-block-group__inner-container is-layout-flow wp-block-group-is-layout-flow\">\n<figure class=\"wp-block-gallery has-nested-images columns-default is-cropped wp-block-gallery-3 is-layout-flex wp-block-gallery-is-layout-flex\">\n<figure class=\"wp-block-image size-large\"><img loading=\"lazy\" decoding=\"async\" width=\"750\" height=\"500\" data-id=\"15553\" src=\"https:\/\/zlindesignweek.com\/2024\/wp-content\/uploads\/2022\/11\/189a1447-750x500.jpg\" alt=\"\" class=\"wp-image-15553\" srcset=\"https:\/\/zlindesignweek.com\/2026\/wp-content\/uploads\/2022\/11\/189a1447-750x500.jpg 750w, https:\/\/zlindesignweek.com\/2026\/wp-content\/uploads\/2022\/11\/189a1447-500x333.jpg 500w, https:\/\/zlindesignweek.com\/2026\/wp-content\/uploads\/2022\/11\/189a1447-768x512.jpg 768w, https:\/\/zlindesignweek.com\/2026\/wp-content\/uploads\/2022\/11\/189a1447-1536x1024.jpg 1536w, https:\/\/zlindesignweek.com\/2026\/wp-content\/uploads\/2022\/11\/189a1447-2048x1366.jpg 2048w, https:\/\/zlindesignweek.com\/2026\/wp-content\/uploads\/2022\/11\/189a1447-1440x960.jpg 1440w, https:\/\/zlindesignweek.com\/2026\/wp-content\/uploads\/2022\/11\/189a1447-250x167.jpg 250w\" sizes=\"auto, (max-width: 750px) 100vw, 750px\" \/><\/figure>\n\n\n\n<figure class=\"wp-block-image size-large\"><img loading=\"lazy\" decoding=\"async\" width=\"750\" height=\"500\" data-id=\"15554\" src=\"https:\/\/zlindesignweek.com\/2024\/wp-content\/uploads\/2022\/11\/189a1549-750x500.jpg\" alt=\"\" class=\"wp-image-15554\" srcset=\"https:\/\/zlindesignweek.com\/2026\/wp-content\/uploads\/2022\/11\/189a1549-750x500.jpg 750w, https:\/\/zlindesignweek.com\/2026\/wp-content\/uploads\/2022\/11\/189a1549-500x333.jpg 500w, https:\/\/zlindesignweek.com\/2026\/wp-content\/uploads\/2022\/11\/189a1549-768x512.jpg 768w, https:\/\/zlindesignweek.com\/2026\/wp-content\/uploads\/2022\/11\/189a1549-1536x1024.jpg 1536w, https:\/\/zlindesignweek.com\/2026\/wp-content\/uploads\/2022\/11\/189a1549-2048x1366.jpg 2048w, https:\/\/zlindesignweek.com\/2026\/wp-content\/uploads\/2022\/11\/189a1549-1440x960.jpg 1440w, https:\/\/zlindesignweek.com\/2026\/wp-content\/uploads\/2022\/11\/189a1549-250x167.jpg 250w\" sizes=\"auto, (max-width: 750px) 100vw, 750px\" \/><\/figure>\n<\/figure>\n<\/div><\/div>\n<\/div><\/div>\n<\/div><\/div>\n\n\n\n<div class=\"wp-block-columns are-vertically-aligned-center is-layout-flex wp-container-core-columns-is-layout-9d6595d7 wp-block-columns-is-layout-flex\">\n<div class=\"wp-block-column is-vertically-aligned-center is-layout-flow wp-block-column-is-layout-flow\" style=\"flex-basis:100%\">\n<div class=\"wp-block-group\"><div class=\"wp-block-group__inner-container is-layout-flow wp-block-group-is-layout-flow\">\n<h3 class=\"has-dark-color has-text-color wp-block-heading\">design pro v\u0161echny<\/h3>\n\n\n\n<h4 class=\"has-dark-color has-text-color wp-block-heading\"><strong>U\u017e se nem\u016f\u017ee\u0161 do\u010dkat? Je\u0161t\u011b chv\u00edli po\u010dkej a&nbsp;brzy ti \u0159ekneme v\u00edc.<\/strong><\/h4>\n\n\n\n<div style=\"height:1px\" aria-hidden=\"true\" class=\"wp-block-spacer\"><\/div>\n<\/div><\/div>\n<\/div>\n<\/div>\n","protected":false},"excerpt":{"rendered":"UNIVERZ\u00c1LN\u00cd DESIGN \u2013 MAPOV\u00c1N\u00cd POTENCI\u00c1LU A&nbsp;ZAPOJEN\u00cd NOV\u00c9 GENERACE V&nbsp;KREATIVN\u00cdCH PR\u016eMYSLECH Univerz\u00e1ln\u00ed design, princip, kter\u00fd usiluje o&nbsp;navrhov\u00e1n\u00ed produkt\u016f a&nbsp;slu\u017eeb, kter\u00e9 jsou p\u0159\u00edstupn\u00e9 pro co nej\u0161ir\u0161\u00ed skupinu [&hellip;]","protected":false},"author":33,"featured_media":0,"parent":0,"menu_order":0,"comment_status":"closed","ping_status":"closed","template":"","meta":{"_acf_changed":false,"footnotes":""},"class_list":["post-6850","page","type-page","status-publish","hentry"],"acf":[],"_links":{"self":[{"href":"https:\/\/zlindesignweek.com\/2026\/wp-json\/wp\/v2\/pages\/6850","targetHints":{"allow":["GET"]}}],"collection":[{"href":"https:\/\/zlindesignweek.com\/2026\/wp-json\/wp\/v2\/pages"}],"about":[{"href":"https:\/\/zlindesignweek.com\/2026\/wp-json\/wp\/v2\/types\/page"}],"author":[{"embeddable":true,"href":"https:\/\/zlindesignweek.com\/2026\/wp-json\/wp\/v2\/users\/33"}],"replies":[{"embeddable":true,"href":"https:\/\/zlindesignweek.com\/2026\/wp-json\/wp\/v2\/comments?post=6850"}],"version-history":[{"count":155,"href":"https:\/\/zlindesignweek.com\/2026\/wp-json\/wp\/v2\/pages\/6850\/revisions"}],"predecessor-version":[{"id":21005,"href":"https:\/\/zlindesignweek.com\/2026\/wp-json\/wp\/v2\/pages\/6850\/revisions\/21005"}],"wp:attachment":[{"href":"https:\/\/zlindesignweek.com\/2026\/wp-json\/wp\/v2\/media?parent=6850"}],"curies":[{"name":"wp","href":"https:\/\/api.w.org\/{rel}","templated":true}]}}