{"id":43793,"date":"2026-04-28T21:46:39","date_gmt":"2026-04-28T19:46:39","guid":{"rendered":"https:\/\/zlindesignweek.com\/2026\/?page_id=43793"},"modified":"2026-04-28T21:52:31","modified_gmt":"2026-04-28T19:52:31","slug":"original-card-game-doughnut-czechia-x-designer-lukas-jan-nemec","status":"publish","type":"page","link":"https:\/\/zlindesignweek.com\/2026\/en\/original-card-game-doughnut-czechia-x-designer-lukas-jan-nemec\/","title":{"rendered":"Original card game Doughnut Czechia \u00d7 designer Luk\u00e1\u0161 Jan N\u011bmec"},"content":{"rendered":"\n<div class=\"wp-block-group\"><div class=\"wp-block-group__inner-container is-layout-constrained wp-block-group-is-layout-constrained\">\n<p><mark style=\"background-color:rgba(0, 0, 0, 0)\" class=\"has-inline-color has-zdw-color\">Location:<\/mark> CHILLOUT zone (Komensk\u00fd Park, Zlin)<br><mark style=\"background-color:rgba(0, 0, 0, 0)\" class=\"has-inline-color has-zdw-color\">Day:<\/mark> 9.&nbsp;5.&nbsp;2026<br><mark style=\"background-color:rgba(0, 0, 0, 0)\" class=\"has-inline-color has-zdw-color\">Time:<\/mark> 3 PM&nbsp;&#8211; 4.30 PM<br><mark style=\"background-color:rgba(0, 0, 0, 0)\" class=\"has-inline-color has-zdw-color\">Admission:<\/mark> Free<br><mark style=\"background-color:rgba(0, 0, 0, 0)\" class=\"has-inline-color has-zdw-color\">Language:<\/mark> CZ<\/p>\n\n\n\n<p>Can you transform your company before the system collapses? Obroda is a&nbsp;strategic game about business in the age of the climate crisis. It presents you with a&nbsp;fundamental dilemma: How can you make money from a&nbsp;sustainable and responsible transformation when every contract simultaneously damages the (eco)systems on which we all depend? As a&nbsp;company, you\u2019ll face market pressures, limited resources, and the threat of systemic collapse. Can you cooperate even when the rules force you to compete? Can you transform your business before the crisis hits? Experience firsthand why sustainable transformation is so difficult\u2014and what we can do about it.<\/p>\n\n\n\n<p>The game is designed for about 6 people and lasts 45 minutes.<\/p>\n<\/div><\/div>\n","protected":false},"excerpt":{"rendered":"Location: CHILLOUT zone (Komensk\u00fd Park, Zlin)Day: 9.&nbsp;5.&nbsp;2026Time: 3 PM&nbsp;&#8211; 4.30 PMAdmission: FreeLanguage: CZ Can you transform your company before the system collapses? Obroda is a&nbsp;strategic [&hellip;]","protected":false},"author":52,"featured_media":0,"parent":0,"menu_order":0,"comment_status":"closed","ping_status":"closed","template":"","meta":{"_acf_changed":false,"footnotes":""},"class_list":["post-43793","page","type-page","status-publish","hentry"],"acf":[],"_links":{"self":[{"href":"https:\/\/zlindesignweek.com\/2026\/wp-json\/wp\/v2\/pages\/43793","targetHints":{"allow":["GET"]}}],"collection":[{"href":"https:\/\/zlindesignweek.com\/2026\/wp-json\/wp\/v2\/pages"}],"about":[{"href":"https:\/\/zlindesignweek.com\/2026\/wp-json\/wp\/v2\/types\/page"}],"author":[{"embeddable":true,"href":"https:\/\/zlindesignweek.com\/2026\/wp-json\/wp\/v2\/users\/52"}],"replies":[{"embeddable":true,"href":"https:\/\/zlindesignweek.com\/2026\/wp-json\/wp\/v2\/comments?post=43793"}],"version-history":[{"count":3,"href":"https:\/\/zlindesignweek.com\/2026\/wp-json\/wp\/v2\/pages\/43793\/revisions"}],"predecessor-version":[{"id":43799,"href":"https:\/\/zlindesignweek.com\/2026\/wp-json\/wp\/v2\/pages\/43793\/revisions\/43799"}],"wp:attachment":[{"href":"https:\/\/zlindesignweek.com\/2026\/wp-json\/wp\/v2\/media?parent=43793"}],"curies":[{"name":"wp","href":"https:\/\/api.w.org\/{rel}","templated":true}]}}