{"id":43787,"date":"2026-04-28T21:46:39","date_gmt":"2026-04-28T19:46:39","guid":{"rendered":"https:\/\/zlindesignweek.com\/2026\/?page_id=43787"},"modified":"2026-04-28T21:46:40","modified_gmt":"2026-04-28T19:46:40","slug":"autorska-karetni-hra-doughnut-czechia-x-designer-lukas-jan-nemec","status":"publish","type":"page","link":"https:\/\/zlindesignweek.com\/2026\/autorska-karetni-hra-doughnut-czechia-x-designer-lukas-jan-nemec\/","title":{"rendered":"Autorsk\u00e1 karetn\u00ed hra Doughnut Czechia \u00d7 design\u00e9r Luk\u00e1\u0161 Jan N\u011bmec"},"content":{"rendered":"\n<div class=\"wp-block-group\"><div class=\"wp-block-group__inner-container is-layout-constrained wp-block-group-is-layout-constrained\">\n<p><mark style=\"background-color:rgba(0, 0, 0, 0)\" class=\"has-inline-color has-zdw-color\">Lokace:<\/mark> CHILLOUT z\u00f3na (Park Komensk\u00e9ho, Zl\u00edn)<br><mark style=\"background-color:rgba(0, 0, 0, 0)\" class=\"has-inline-color has-zdw-color\">Datum: <\/mark>9.&nbsp;5.&nbsp;2026<br><mark style=\"background-color:rgba(0, 0, 0, 0)\" class=\"has-inline-color has-zdw-color\">\u010cas:<\/mark> 15:00 &#8211; 16:30\u00a0<br><mark style=\"background-color:rgba(0, 0, 0, 0)\" class=\"has-inline-color has-zdw-color\">Vstupn\u00e9:<\/mark> Zdarma<br><mark style=\"background-color:rgba(0, 0, 0, 0)\" class=\"has-inline-color has-zdw-color\">Jazyk:<\/mark> CZ<\/p>\n\n\n\n<p>Dok\u00e1\u017ee\u0161 transformovat firmu d\u0159\u00edv, ne\u017e syst\u00e9m zkolabuje? <strong>Obroda<\/strong> je strategick\u00e1 hra o&nbsp;podnik\u00e1n\u00ed v&nbsp;dob\u011b klimatick\u00e9 krize. Postav\u00ed t\u011b p\u0159ed z\u00e1sadn\u00ed dilema: Jak vyd\u011blat pen\u00edze na udr\u017eitelnou a&nbsp;zodpov\u011bdnou transformaci, kdy\u017e ka\u017ed\u00e1 zak\u00e1zka z\u00e1rove\u0148 po\u0161kozuje (eko)syst\u00e9my, na kter\u00fdch v\u0161ichni z\u00e1vis\u00edme. V&nbsp;roli firem bude\u0161 b\u011bhem hry \u010delit tlaku trhu, omezen\u00fdm zdroj\u016fm a&nbsp;hrozb\u011b syst\u00e9mov\u00e9ho kolapsu. Dok\u00e1\u017ee\u0161 spolupracovat, i&nbsp;kdy\u017e t\u011b pravidla nut\u00ed soupe\u0159it? Zvl\u00e1dne\u0161 zm\u011bnit sv\u016fj byznys d\u0159\u00edv, ne\u017e nastane krize? Za\u017eij na vlastn\u00ed k\u016f\u017ei, pro\u010d je udr\u017eiteln\u00e1 transformace tak t\u011b\u017ek\u00e1 \u2013 a&nbsp;co s&nbsp;t\u00edm m\u016f\u017eeme d\u011blat.<\/p>\n\n\n\n<p>Hra je cca pro 6 lidi s&nbsp;\u010dasovou dotac\u00ed 45 minut.<\/p>\n<\/div><\/div>\n","protected":false},"excerpt":{"rendered":"Lokace: CHILLOUT z\u00f3na (Park Komensk\u00e9ho, Zl\u00edn)Datum: 9.&nbsp;5.&nbsp;2026\u010cas: 15:00 &#8211; 16:30\u00a0Vstupn\u00e9: ZdarmaJazyk: CZ Dok\u00e1\u017ee\u0161 transformovat firmu d\u0159\u00edv, ne\u017e syst\u00e9m zkolabuje? Obroda je strategick\u00e1 hra o&nbsp;podnik\u00e1n\u00ed v&nbsp;dob\u011b [&hellip;]","protected":false},"author":52,"featured_media":0,"parent":0,"menu_order":0,"comment_status":"closed","ping_status":"closed","template":"","meta":{"_acf_changed":false,"footnotes":""},"class_list":["post-43787","page","type-page","status-publish","hentry"],"acf":[],"_links":{"self":[{"href":"https:\/\/zlindesignweek.com\/2026\/wp-json\/wp\/v2\/pages\/43787","targetHints":{"allow":["GET"]}}],"collection":[{"href":"https:\/\/zlindesignweek.com\/2026\/wp-json\/wp\/v2\/pages"}],"about":[{"href":"https:\/\/zlindesignweek.com\/2026\/wp-json\/wp\/v2\/types\/page"}],"author":[{"embeddable":true,"href":"https:\/\/zlindesignweek.com\/2026\/wp-json\/wp\/v2\/users\/52"}],"replies":[{"embeddable":true,"href":"https:\/\/zlindesignweek.com\/2026\/wp-json\/wp\/v2\/comments?post=43787"}],"version-history":[{"count":1,"href":"https:\/\/zlindesignweek.com\/2026\/wp-json\/wp\/v2\/pages\/43787\/revisions"}],"predecessor-version":[{"id":43788,"href":"https:\/\/zlindesignweek.com\/2026\/wp-json\/wp\/v2\/pages\/43787\/revisions\/43788"}],"wp:attachment":[{"href":"https:\/\/zlindesignweek.com\/2026\/wp-json\/wp\/v2\/media?parent=43787"}],"curies":[{"name":"wp","href":"https:\/\/api.w.org\/{rel}","templated":true}]}}