{"id":43779,"date":"2026-04-28T21:41:17","date_gmt":"2026-04-28T19:41:17","guid":{"rendered":"https:\/\/zlindesignweek.com\/2026\/?page_id=43779"},"modified":"2026-04-28T21:41:15","modified_gmt":"2026-04-28T19:41:15","slug":"videomappingovy-festival-maska","status":"publish","type":"page","link":"https:\/\/zlindesignweek.com\/2026\/videomappingovy-festival-maska\/","title":{"rendered":"Videomappingov\u00fd festival Maska"},"content":{"rendered":"\n<div class=\"wp-block-group\"><div class=\"wp-block-group__inner-container is-layout-constrained wp-block-group-is-layout-constrained\">\n<p><mark style=\"background-color:rgba(0, 0, 0, 0)\" class=\"has-inline-color has-zdw-color\">Lokace:<\/mark> Platforma 14I15<br><mark style=\"background-color:rgba(0, 0, 0, 0)\" class=\"has-inline-color has-zdw-color\">Datum: <\/mark>12.&nbsp;5.&nbsp;2026<br><mark style=\"background-color:rgba(0, 0, 0, 0)\" class=\"has-inline-color has-zdw-color\">\u010cas:<\/mark> 21:00 &#8211; 23:00\u00a0<br><mark style=\"background-color:rgba(0, 0, 0, 0)\" class=\"has-inline-color has-zdw-color\">Vstupn\u00e9:<\/mark> Zdarma<\/p>\n\n\n\n<p>V\u011bd\u011bl\/a jsi, \u017ee se v&nbsp;r\u00e1mci Zlin Design Weeku kon\u00e1 mezin\u00e1rodn\u00ed studentsk\u00fd festival videomappingu? Prom\u00edt\u00e1 se na platform\u011b 14|15 Ba\u0165ova institutu, co\u017e je nejv\u011bt\u0161\u00ed st\u00e1l\u00e1 projek\u010dn\u00ed plocha v&nbsp;Evrop\u011b. P\u0159ij\u010f se pod\u00edvat na autorsk\u00e9 animace propojen\u00e9 s&nbsp;architekturou.<\/p>\n<\/div><\/div>\n","protected":false},"excerpt":{"rendered":"Lokace: Platforma 14I15Datum: 12.&nbsp;5.&nbsp;2026\u010cas: 21:00 &#8211; 23:00\u00a0Vstupn\u00e9: Zdarma V\u011bd\u011bl\/a jsi, \u017ee se v&nbsp;r\u00e1mci Zlin Design Weeku kon\u00e1 mezin\u00e1rodn\u00ed studentsk\u00fd festival videomappingu? Prom\u00edt\u00e1 se na platform\u011b [&hellip;]","protected":false},"author":52,"featured_media":0,"parent":0,"menu_order":0,"comment_status":"closed","ping_status":"closed","template":"","meta":{"_acf_changed":false,"footnotes":""},"class_list":["post-43779","page","type-page","status-publish","hentry"],"acf":[],"_links":{"self":[{"href":"https:\/\/zlindesignweek.com\/2026\/wp-json\/wp\/v2\/pages\/43779","targetHints":{"allow":["GET"]}}],"collection":[{"href":"https:\/\/zlindesignweek.com\/2026\/wp-json\/wp\/v2\/pages"}],"about":[{"href":"https:\/\/zlindesignweek.com\/2026\/wp-json\/wp\/v2\/types\/page"}],"author":[{"embeddable":true,"href":"https:\/\/zlindesignweek.com\/2026\/wp-json\/wp\/v2\/users\/52"}],"replies":[{"embeddable":true,"href":"https:\/\/zlindesignweek.com\/2026\/wp-json\/wp\/v2\/comments?post=43779"}],"version-history":[{"count":1,"href":"https:\/\/zlindesignweek.com\/2026\/wp-json\/wp\/v2\/pages\/43779\/revisions"}],"predecessor-version":[{"id":43781,"href":"https:\/\/zlindesignweek.com\/2026\/wp-json\/wp\/v2\/pages\/43779\/revisions\/43781"}],"wp:attachment":[{"href":"https:\/\/zlindesignweek.com\/2026\/wp-json\/wp\/v2\/media?parent=43779"}],"curies":[{"name":"wp","href":"https:\/\/api.w.org\/{rel}","templated":true}]}}