{"id":43761,"date":"2026-04-28T21:21:33","date_gmt":"2026-04-28T19:21:33","guid":{"rendered":"https:\/\/zlindesignweek.com\/2026\/?page_id=43761"},"modified":"2026-04-28T21:21:36","modified_gmt":"2026-04-28T19:21:36","slug":"festival-opening-ceremony","status":"publish","type":"page","link":"https:\/\/zlindesignweek.com\/2026\/en\/festival-opening-ceremony\/","title":{"rendered":"Festival opening ceremony"},"content":{"rendered":"\n<div class=\"wp-block-group\"><div class=\"wp-block-group__inner-container is-layout-constrained wp-block-group-is-layout-constrained\">\n<p><mark style=\"background-color:rgba(0, 0, 0, 0)\" class=\"has-inline-color has-zdw-color\">Location:<\/mark> Zlin Castle (Soudn\u00ed 1, Zlin)<br><mark style=\"background-color:rgba(0, 0, 0, 0)\" class=\"has-inline-color has-zdw-color\">Date:<\/mark> 6 May, 2026<br><mark style=\"background-color:rgba(0, 0, 0, 0)\" class=\"has-inline-color has-zdw-color\">Time:<\/mark> 6 PM&nbsp;\u2013 6:15 PM\u00a0<br><mark style=\"background-color:rgba(0, 0, 0, 0)\" class=\"has-inline-color has-zdw-color\">Admission:<\/mark> Free<\/p>\n\n\n\n<p>To make the most of the festival\u2019s opening, we\u2019ll kick things off at one of our festival venues: Zlin Castle. You can look forward to the<a href=\"https:\/\/zlindesignweek.com\/2026\/en\/main-festival-exhibition-all-you-need-is-design\/\"> Opening of the main festival exhibition All you need is design<\/a>, as well as the <a href=\"https:\/\/zlindesignweek.com\/2026\/en\/fashion-performance-x-slovak-fashion-council-2\/\">Fashion performance LUM\u00f3 \u00d7 Tren\u010d\u00edn 2026<\/a>, which will introduce you to current trends and themes in design. You\u2019ll get a&nbsp;chance to see how today\u2019s designers work, and round off the evening with a&nbsp;DJ set by <a href=\"https:\/\/zlindesignweek.com\/2026\/en\/osoba\/dj-set-x-jakub-vraga-2\/\">Jakub Vr\u00e1ga.<\/a><\/p>\n<\/div><\/div>\n","protected":false},"excerpt":{"rendered":"Location: Zlin Castle (Soudn\u00ed 1, Zlin)Date: 6 May, 2026Time: 6 PM&nbsp;\u2013 6:15 PM\u00a0Admission: Free To make the most of the festival\u2019s opening, we\u2019ll kick things [&hellip;]","protected":false},"author":52,"featured_media":0,"parent":0,"menu_order":0,"comment_status":"closed","ping_status":"closed","template":"","meta":{"_acf_changed":false,"footnotes":""},"class_list":["post-43761","page","type-page","status-publish","hentry"],"acf":[],"_links":{"self":[{"href":"https:\/\/zlindesignweek.com\/2026\/wp-json\/wp\/v2\/pages\/43761","targetHints":{"allow":["GET"]}}],"collection":[{"href":"https:\/\/zlindesignweek.com\/2026\/wp-json\/wp\/v2\/pages"}],"about":[{"href":"https:\/\/zlindesignweek.com\/2026\/wp-json\/wp\/v2\/types\/page"}],"author":[{"embeddable":true,"href":"https:\/\/zlindesignweek.com\/2026\/wp-json\/wp\/v2\/users\/52"}],"replies":[{"embeddable":true,"href":"https:\/\/zlindesignweek.com\/2026\/wp-json\/wp\/v2\/comments?post=43761"}],"version-history":[{"count":1,"href":"https:\/\/zlindesignweek.com\/2026\/wp-json\/wp\/v2\/pages\/43761\/revisions"}],"predecessor-version":[{"id":43762,"href":"https:\/\/zlindesignweek.com\/2026\/wp-json\/wp\/v2\/pages\/43761\/revisions\/43762"}],"wp:attachment":[{"href":"https:\/\/zlindesignweek.com\/2026\/wp-json\/wp\/v2\/media?parent=43761"}],"curies":[{"name":"wp","href":"https:\/\/api.w.org\/{rel}","templated":true}]}}