{"id":43746,"date":"2026-04-28T21:08:55","date_gmt":"2026-04-28T19:08:55","guid":{"rendered":"https:\/\/zlindesignweek.com\/2026\/?page_id=43746"},"modified":"2026-04-28T21:08:56","modified_gmt":"2026-04-28T19:08:56","slug":"chillout-zone","status":"publish","type":"page","link":"https:\/\/zlindesignweek.com\/2026\/en\/chillout-zone\/","title":{"rendered":"CHILLOUT zone"},"content":{"rendered":"\n<div class=\"wp-block-group\"><div class=\"wp-block-group__inner-container is-layout-constrained wp-block-group-is-layout-constrained\">\n<p><mark style=\"background-color:rgba(0, 0, 0, 0)\" class=\"has-inline-color has-zdw-color\">Location:<\/mark> KOMA module (Komensk\u00fd Park, Zlin)<br><mark style=\"background-color:rgba(0, 0, 0, 0)\" class=\"has-inline-color has-zdw-color\">Date: <\/mark>May 6\u201312, 2026<br><mark style=\"background-color:rgba(0, 0, 0, 0)\" class=\"has-inline-color has-zdw-color\">Daily: <\/mark>10 AM \u2013 6 PM\u00a0<br><mark style=\"background-color:rgba(0, 0, 0, 0)\" class=\"has-inline-color has-zdw-color\">Admission:<\/mark> Free<\/p>\n\n\n\n<p>This year\u2019s program is packed with sports, so it\u2019s nice to treat yourself to a&nbsp;little peace and quiet every now and then. We\u2019re definitely on board. That\u2019s why we\u2019ve set up the CHILLOUT zone, where you\u2019ll find a&nbsp;space to relax as well as activities to help you unwind and have fun.<\/p>\n\n\n\n<p>Want to take something home and give something away at the same time? Don\u2019t miss<a href=\"https:\/\/zlindesignweek.com\/2026\/en\/zdw-swap-morning-disco-2\/\"> ZDW Swap &amp; Morning Disco<\/a>. On Friday, you can also stop by to see Marek Ku\u017ami\u0144ski, who will be cooking and talking about inclusive design as part of Design <a href=\"https:\/\/zlindesignweek.com\/2026\/en\/design-kantyna-en\/\">CANTEEN<\/a>.<\/p>\n\n\n\n<p>Throughout the week, you can look forward to workshops we\u2019re offering in the form of creative activities or educational sessions. Some will take place right here, so don\u2019t miss the <a href=\"https:\/\/zlindesignweek.com\/2026\/en\/41672-2\/\">Workshop PLY\u0160ODU\u0160\u00c1K: Textiles for the soul \u00d7 Karol\u00edna Kop\u0159ivov\u00e1 <\/a>or the <a href=\"https:\/\/zlindesignweek.com\/2026\/en\/designers-for-children\/\">Workshop Crafting with children: give materials a&nbsp;second life \u00d7 Design\u00e9\u0159i d\u011btem.<\/a><\/p>\n\n\n\n<p>And if you\u2019re not entirely confident in your craft skills, you can try the original card game Doughnut Czechia \u00d7 designer Luk\u00e1\u0161 Jan N\u011bmec.<\/p>\n\n\n\n<h3 class=\"wp-block-heading\">How do I&nbsp;get to the CHILLOUT zone?\u00a0<\/h3>\n\n\n\n<p>You\u2019ll find the CHILLOUT zone in Komensk\u00fd Park in the form of the KOMA module.<\/p>\n\n\n\n<p><strong>Public transportation: <\/strong>The shortest route by trolleybus is from the \u0160koln\u00ed stop or N\u00e1m\u011bst\u00ed M\u00edru.<br><strong>By car:<\/strong> In Zl\u00edn, you can use the paid parking lots at Gahurova or at the convention center. However, parking is generally a&nbsp;problem in Zl\u00edn, so we recommend coming on foot if possible.<\/p>\n\n\n\n<p>If you have any specific needs and\/or are unsure whether the program is right for you, don\u2019t hesitate to contact us, either by email: <a href=\"mailto:anna.svobodova@zlindesignweek.com\">anna.svobodova@zlindesignweek.com<\/a> or by phone\/text: +420&nbsp;733&nbsp;144&nbsp;711.<\/p>\n\n\n\n<p>Our goal is to make the festival accessible to as many people as possible\u2014we\u2019d be happy to advise you and help you come up with alternative options.<\/p>\n<\/div><\/div>\n","protected":false},"excerpt":{"rendered":"Location: KOMA module (Komensk\u00fd Park, Zlin)Date: May 6\u201312, 2026Daily: 10 AM \u2013 6 PM\u00a0Admission: Free This year\u2019s program is packed with sports, so it\u2019s nice [&hellip;]","protected":false},"author":52,"featured_media":0,"parent":0,"menu_order":0,"comment_status":"closed","ping_status":"closed","template":"","meta":{"_acf_changed":false,"footnotes":""},"class_list":["post-43746","page","type-page","status-publish","hentry"],"acf":[],"_links":{"self":[{"href":"https:\/\/zlindesignweek.com\/2026\/wp-json\/wp\/v2\/pages\/43746","targetHints":{"allow":["GET"]}}],"collection":[{"href":"https:\/\/zlindesignweek.com\/2026\/wp-json\/wp\/v2\/pages"}],"about":[{"href":"https:\/\/zlindesignweek.com\/2026\/wp-json\/wp\/v2\/types\/page"}],"author":[{"embeddable":true,"href":"https:\/\/zlindesignweek.com\/2026\/wp-json\/wp\/v2\/users\/52"}],"replies":[{"embeddable":true,"href":"https:\/\/zlindesignweek.com\/2026\/wp-json\/wp\/v2\/comments?post=43746"}],"version-history":[{"count":2,"href":"https:\/\/zlindesignweek.com\/2026\/wp-json\/wp\/v2\/pages\/43746\/revisions"}],"predecessor-version":[{"id":43748,"href":"https:\/\/zlindesignweek.com\/2026\/wp-json\/wp\/v2\/pages\/43746\/revisions\/43748"}],"wp:attachment":[{"href":"https:\/\/zlindesignweek.com\/2026\/wp-json\/wp\/v2\/media?parent=43746"}],"curies":[{"name":"wp","href":"https:\/\/api.w.org\/{rel}","templated":true}]}}