{"id":43718,"date":"2026-04-28T20:38:10","date_gmt":"2026-04-28T18:38:10","guid":{"rendered":"https:\/\/zlindesignweek.com\/2026\/?page_id=43718"},"modified":"2026-04-28T20:38:12","modified_gmt":"2026-04-28T18:38:12","slug":"workshop-linoryt-rejpni-si","status":"publish","type":"page","link":"https:\/\/zlindesignweek.com\/2026\/workshop-linoryt-rejpni-si\/","title":{"rendered":"Workshop Linoryt: rejpni si!"},"content":{"rendered":"\n<div class=\"wp-block-group\"><div class=\"wp-block-group__inner-container is-layout-constrained wp-block-group-is-layout-constrained\">\n<p><mark style=\"background-color:rgba(0, 0, 0, 0)\" class=\"has-inline-color has-zdw-color\">Lokace:<\/mark> KOMA modul (Park Komensk\u00e9ho, Zl\u00edn)<br><mark style=\"background-color:rgba(0, 0, 0, 0)\" class=\"has-inline-color has-zdw-color\">Datum:<\/mark> 9.&nbsp;5.&nbsp;2026<br><mark style=\"background-color:rgba(0, 0, 0, 0)\" class=\"has-inline-color has-zdw-color\">\u010cas:<\/mark> 10:00 &#8211; 18:00<br><mark style=\"background-color:rgba(0, 0, 0, 0)\" class=\"has-inline-color has-zdw-color\">Vstupn\u00e9:<\/mark> Zdarma (cena pro d\u011bl\u00e1n\u00ed vlastn\u00edho linorytu: 60&nbsp;K\u010d)<\/p>\n\n\n\n<p>Chce\u0161 m\u00edt vlastn\u00ed obrandovan\u00fd textil nebo n\u011bkomu poslat pohlednici ze Zlin Design Weeku? V&nbsp;r\u00e1mci tv\u016fr\u010d\u00edho workshopu si m\u016f\u017ee\u0161 potisknout pap\u00edr nebo vlastn\u00ed l\u00e1tku pomoc\u00ed techniky linorytu. Vybrat si m\u016f\u017ee\u0161 z&nbsp;p\u0159edp\u0159ipraven\u00fdch \u0161ablon, nebo si vytvo\u0159it vlastn\u00ed motiv a&nbsp;ten si rovnou natisknout.<\/p>\n<\/div><\/div>\n","protected":false},"excerpt":{"rendered":"Lokace: KOMA modul (Park Komensk\u00e9ho, Zl\u00edn)Datum: 9.&nbsp;5.&nbsp;2026\u010cas: 10:00 &#8211; 18:00Vstupn\u00e9: Zdarma (cena pro d\u011bl\u00e1n\u00ed vlastn\u00edho linorytu: 60&nbsp;K\u010d) Chce\u0161 m\u00edt vlastn\u00ed obrandovan\u00fd textil nebo n\u011bkomu poslat [&hellip;]","protected":false},"author":52,"featured_media":0,"parent":0,"menu_order":0,"comment_status":"closed","ping_status":"closed","template":"","meta":{"_acf_changed":false,"footnotes":""},"class_list":["post-43718","page","type-page","status-publish","hentry"],"acf":[],"_links":{"self":[{"href":"https:\/\/zlindesignweek.com\/2026\/wp-json\/wp\/v2\/pages\/43718","targetHints":{"allow":["GET"]}}],"collection":[{"href":"https:\/\/zlindesignweek.com\/2026\/wp-json\/wp\/v2\/pages"}],"about":[{"href":"https:\/\/zlindesignweek.com\/2026\/wp-json\/wp\/v2\/types\/page"}],"author":[{"embeddable":true,"href":"https:\/\/zlindesignweek.com\/2026\/wp-json\/wp\/v2\/users\/52"}],"replies":[{"embeddable":true,"href":"https:\/\/zlindesignweek.com\/2026\/wp-json\/wp\/v2\/comments?post=43718"}],"version-history":[{"count":1,"href":"https:\/\/zlindesignweek.com\/2026\/wp-json\/wp\/v2\/pages\/43718\/revisions"}],"predecessor-version":[{"id":43719,"href":"https:\/\/zlindesignweek.com\/2026\/wp-json\/wp\/v2\/pages\/43718\/revisions\/43719"}],"wp:attachment":[{"href":"https:\/\/zlindesignweek.com\/2026\/wp-json\/wp\/v2\/media?parent=43718"}],"curies":[{"name":"wp","href":"https:\/\/api.w.org\/{rel}","templated":true}]}}