{"id":43715,"date":"2026-04-28T20:44:46","date_gmt":"2026-04-28T18:44:46","guid":{"rendered":"https:\/\/zlindesignweek.com\/2026\/?page_id=43715"},"modified":"2026-04-28T20:50:38","modified_gmt":"2026-04-28T18:50:38","slug":"festival-info-point","status":"publish","type":"page","link":"https:\/\/zlindesignweek.com\/2026\/en\/festival-info-point\/","title":{"rendered":"Festival INFO-POINT"},"content":{"rendered":"\n<div class=\"wp-block-group\"><div class=\"wp-block-group__inner-container is-layout-constrained wp-block-group-is-layout-constrained\">\n<p><mark style=\"background-color:rgba(0, 0, 0, 0)\" class=\"has-inline-color has-zdw-color\">Location:<\/mark> KOMA module (N\u00e1m\u011bst\u00ed M\u00edru Square, Zlin)<br><mark style=\"background-color:rgba(0, 0, 0, 0)\" class=\"has-inline-color has-zdw-color\">Date:<\/mark> May 6\u201312, 2026<br><mark style=\"background-color:rgba(0, 0, 0, 0)\" class=\"has-inline-color has-zdw-color\">Daily:<\/mark> 10 AM \u2013 6 PM\u00a0<br><mark style=\"background-color:rgba(0, 0, 0, 0)\" class=\"has-inline-color has-zdw-color\">Admission:<\/mark> Free<\/p>\n\n\n\n<p>Want to learn more about Zlin Design Week or meet the team behind the festival? This space is open to you all week long and is located right in the heart of Zl\u00edn. <a href=\"https:\/\/zlindesignweek.com\/2026\/en\/workshop-linocut-cut-it-out\/\">Workshop Linocut: cut it out!<\/a> will also take place here, and from here you can see the <a href=\"https:\/\/zlindesignweek.com\/2026\/en\/pospolu-2\/\"><strong>TOGETHER<\/strong><\/a><strong> <\/strong>exhibition.<\/p>\n<\/div><\/div>\n","protected":false},"excerpt":{"rendered":"Location: KOMA module (N\u00e1m\u011bst\u00ed M\u00edru Square, Zlin)Date: May 6\u201312, 2026Daily: 10 AM \u2013 6 PM\u00a0Admission: Free Want to learn more about Zlin Design Week or [&hellip;]","protected":false},"author":52,"featured_media":0,"parent":0,"menu_order":0,"comment_status":"closed","ping_status":"closed","template":"","meta":{"_acf_changed":false,"footnotes":""},"class_list":["post-43715","page","type-page","status-publish","hentry"],"acf":[],"_links":{"self":[{"href":"https:\/\/zlindesignweek.com\/2026\/wp-json\/wp\/v2\/pages\/43715","targetHints":{"allow":["GET"]}}],"collection":[{"href":"https:\/\/zlindesignweek.com\/2026\/wp-json\/wp\/v2\/pages"}],"about":[{"href":"https:\/\/zlindesignweek.com\/2026\/wp-json\/wp\/v2\/types\/page"}],"author":[{"embeddable":true,"href":"https:\/\/zlindesignweek.com\/2026\/wp-json\/wp\/v2\/users\/52"}],"replies":[{"embeddable":true,"href":"https:\/\/zlindesignweek.com\/2026\/wp-json\/wp\/v2\/comments?post=43715"}],"version-history":[{"count":2,"href":"https:\/\/zlindesignweek.com\/2026\/wp-json\/wp\/v2\/pages\/43715\/revisions"}],"predecessor-version":[{"id":43730,"href":"https:\/\/zlindesignweek.com\/2026\/wp-json\/wp\/v2\/pages\/43715\/revisions\/43730"}],"wp:attachment":[{"href":"https:\/\/zlindesignweek.com\/2026\/wp-json\/wp\/v2\/media?parent=43715"}],"curies":[{"name":"wp","href":"https:\/\/api.w.org\/{rel}","templated":true}]}}