{"id":43714,"date":"2026-04-28T20:44:46","date_gmt":"2026-04-28T18:44:46","guid":{"rendered":"https:\/\/zlindesignweek.com\/2026\/?page_id=43714"},"modified":"2026-04-28T20:50:41","modified_gmt":"2026-04-28T18:50:41","slug":"info-point-festivalu","status":"publish","type":"page","link":"https:\/\/zlindesignweek.com\/2026\/info-point-festivalu\/","title":{"rendered":"INFO-POINT festivalu"},"content":{"rendered":"\n<div class=\"wp-block-group\"><div class=\"wp-block-group__inner-container is-layout-constrained wp-block-group-is-layout-constrained\">\n<p><mark style=\"background-color:rgba(0, 0, 0, 0)\" class=\"has-inline-color has-zdw-color\">Lokace: <\/mark>KOMA modul (N\u00e1m\u011bst\u00ed M\u00edru, Zl\u00edn)<br><mark style=\"background-color:rgba(0, 0, 0, 0)\" class=\"has-inline-color has-zdw-color\">Datum: <\/mark>6. &#8211; 12.&nbsp;5.&nbsp;2026<br><mark style=\"background-color:rgba(0, 0, 0, 0)\" class=\"has-inline-color has-zdw-color\">Denn\u011b:<\/mark> 10:00 &#8211; 18:00<br><mark style=\"background-color:rgba(0, 0, 0, 0)\" class=\"has-inline-color has-zdw-color\">Vstupn\u00e9:<\/mark> Zdarma<\/p>\n\n\n\n<p>Chce\u0161 se dozv\u011bd\u011bt v\u00edc o&nbsp;Zlin Design Weeku nebo se potkat s&nbsp;n\u00e1mi, kte\u0159\u00ed festival tvo\u0159\u00edme? Tohle m\u00edsto je ti otev\u0159en\u00e9 po&nbsp;cel\u00fd t\u00fdden a&nbsp;najde\u0161 ho v&nbsp;samotn\u00e9m centru Zl\u00edna. Prob\u011bhne zde i&nbsp;<a href=\"https:\/\/zlindesignweek.com\/2026\/workshop-linoryt-rejpni-si\/\">Workshop Linoryt: rejpni si!<\/a> a&nbsp;odsud uvid\u00ed\u0161 i&nbsp;na v\u00fdstavu <a href=\"https:\/\/zlindesignweek.com\/2026\/pospolu\/\">POSPOLU<\/a>.<\/p>\n<\/div><\/div>\n","protected":false},"excerpt":{"rendered":"Lokace: KOMA modul (N\u00e1m\u011bst\u00ed M\u00edru, Zl\u00edn)Datum: 6. &#8211; 12.&nbsp;5.&nbsp;2026Denn\u011b: 10:00 &#8211; 18:00Vstupn\u00e9: Zdarma Chce\u0161 se dozv\u011bd\u011bt v\u00edc o&nbsp;Zlin Design Weeku nebo se potkat s&nbsp;n\u00e1mi, kte\u0159\u00ed [&hellip;]","protected":false},"author":52,"featured_media":0,"parent":0,"menu_order":0,"comment_status":"closed","ping_status":"closed","template":"","meta":{"_acf_changed":false,"footnotes":""},"class_list":["post-43714","page","type-page","status-publish","hentry"],"acf":[],"_links":{"self":[{"href":"https:\/\/zlindesignweek.com\/2026\/wp-json\/wp\/v2\/pages\/43714","targetHints":{"allow":["GET"]}}],"collection":[{"href":"https:\/\/zlindesignweek.com\/2026\/wp-json\/wp\/v2\/pages"}],"about":[{"href":"https:\/\/zlindesignweek.com\/2026\/wp-json\/wp\/v2\/types\/page"}],"author":[{"embeddable":true,"href":"https:\/\/zlindesignweek.com\/2026\/wp-json\/wp\/v2\/users\/52"}],"replies":[{"embeddable":true,"href":"https:\/\/zlindesignweek.com\/2026\/wp-json\/wp\/v2\/comments?post=43714"}],"version-history":[{"count":2,"href":"https:\/\/zlindesignweek.com\/2026\/wp-json\/wp\/v2\/pages\/43714\/revisions"}],"predecessor-version":[{"id":43731,"href":"https:\/\/zlindesignweek.com\/2026\/wp-json\/wp\/v2\/pages\/43714\/revisions\/43731"}],"wp:attachment":[{"href":"https:\/\/zlindesignweek.com\/2026\/wp-json\/wp\/v2\/media?parent=43714"}],"curies":[{"name":"wp","href":"https:\/\/api.w.org\/{rel}","templated":true}]}}