{"id":43574,"date":"2026-04-25T09:14:10","date_gmt":"2026-04-25T07:14:10","guid":{"rendered":"https:\/\/zlindesignweek.com\/2026\/?page_id=43574"},"modified":"2026-04-25T09:14:11","modified_gmt":"2026-04-25T07:14:11","slug":"ld-seating-installation","status":"publish","type":"page","link":"https:\/\/zlindesignweek.com\/2026\/en\/ld-seating-installation\/","title":{"rendered":"LD Seating installation"},"content":{"rendered":"\n<div class=\"wp-block-group\"><div class=\"wp-block-group__inner-container is-layout-constrained wp-block-group-is-layout-constrained\">\n<p><mark style=\"background-color:rgba(0, 0, 0, 0)\" class=\"has-inline-color has-zdw-color\">Location: <\/mark>KOMA module on Soudn\u00ed street<br><mark style=\"background-color:rgba(0, 0, 0, 0)\" class=\"has-inline-color has-zdw-color\">Date:<\/mark> 6\u201312 May 2026<br><mark style=\"background-color:rgba(0, 0, 0, 0)\" class=\"has-inline-color has-zdw-color\">Daily:<\/mark> 10 AM \u2013 6 PM<br><mark style=\"background-color:rgba(0, 0, 0, 0)\" class=\"has-inline-color has-zdw-color\">Admission:<\/mark> Free<\/p>\n\n\n\n<h3 class=\"wp-block-heading\">WHAT DOES IT LOOK LIKE WHEN A&nbsp;COMPANY COLLABORATES WITH STUDENTS?<\/h3>\n\n\n\n<p>For the fourth year in a&nbsp;row, the family-owned company LD Seating is showcasing its work on the streets of Zl\u00edn as part of the Zlin Design Week festival through an installation located in the KOMA module.<\/p>\n\n\n\n<p>This year\u2019s installation was created in collaboration with first-year students from the Spatial Design Studio at Tomas Bata University in Zl\u00edn and is tailored to the new Terra Lounge armchair collection, designed for LD Seating by the renowned Italian studio Orlandini Design.<\/p>\n\n\n\n<p>From nine student proposals developed under the guidance of architect Kamil Kol\u00e1\u010dek, the LD Seating team selected the winning concept by B\u00e1ra Urb\u00e1nkov\u00e1. The installation can be seen on Soudn\u00ed Street in front of the \u010cesk\u00e1 spo\u0159itelna building. Come and see it!<\/p>\n<\/div><\/div>\n","protected":false},"excerpt":{"rendered":"Location: KOMA module on Soudn\u00ed streetDate: 6\u201312 May 2026Daily: 10 AM \u2013 6 PMAdmission: Free WHAT DOES IT LOOK LIKE WHEN A&nbsp;COMPANY COLLABORATES WITH STUDENTS? [&hellip;]","protected":false},"author":52,"featured_media":0,"parent":0,"menu_order":0,"comment_status":"closed","ping_status":"closed","template":"","meta":{"_acf_changed":false,"footnotes":""},"class_list":["post-43574","page","type-page","status-publish","hentry"],"acf":[],"_links":{"self":[{"href":"https:\/\/zlindesignweek.com\/2026\/wp-json\/wp\/v2\/pages\/43574","targetHints":{"allow":["GET"]}}],"collection":[{"href":"https:\/\/zlindesignweek.com\/2026\/wp-json\/wp\/v2\/pages"}],"about":[{"href":"https:\/\/zlindesignweek.com\/2026\/wp-json\/wp\/v2\/types\/page"}],"author":[{"embeddable":true,"href":"https:\/\/zlindesignweek.com\/2026\/wp-json\/wp\/v2\/users\/52"}],"replies":[{"embeddable":true,"href":"https:\/\/zlindesignweek.com\/2026\/wp-json\/wp\/v2\/comments?post=43574"}],"version-history":[{"count":2,"href":"https:\/\/zlindesignweek.com\/2026\/wp-json\/wp\/v2\/pages\/43574\/revisions"}],"predecessor-version":[{"id":43576,"href":"https:\/\/zlindesignweek.com\/2026\/wp-json\/wp\/v2\/pages\/43574\/revisions\/43576"}],"wp:attachment":[{"href":"https:\/\/zlindesignweek.com\/2026\/wp-json\/wp\/v2\/media?parent=43574"}],"curies":[{"name":"wp","href":"https:\/\/api.w.org\/{rel}","templated":true}]}}