{"id":43172,"date":"2026-04-01T00:13:25","date_gmt":"2026-03-31T22:13:25","guid":{"rendered":"https:\/\/zlindesignweek.com\/2026\/?page_id=43172"},"modified":"2026-04-07T09:34:28","modified_gmt":"2026-04-07T07:34:28","slug":"doprovodny-program-2","status":"publish","type":"page","link":"https:\/\/zlindesignweek.com\/2026\/doprovodny-program-2\/","title":{"rendered":"DOPROVODN\u00dd PROGRAM"},"content":{"rendered":"\n<div class=\"wp-block-group\"><div class=\"wp-block-group__inner-container is-layout-constrained wp-block-group-is-layout-constrained\">\n<p>Leto\u0161n\u00ed ro\u010dn\u00edk nen\u00ed jen o&nbsp;diskuz\u00edch a&nbsp;workshopech. Nab\u00edz\u00ed i&nbsp;chv\u00edle, kdy si m\u016f\u017ee\u0161 odpo\u010dinout, ale po\u0159\u00e1d z\u016fstane\u0161 uprost\u0159ed d\u011bn\u00ed. U\u017e t\u011b unavila KANT\u00ddNA? V&nbsp;pohod\u011b. ZDW Swap &amp; morning disco ti pom\u016f\u017ee obm\u011bnit \u0161atn\u00edk i&nbsp;interi\u00e9r, nebo se m\u016f\u017ee\u0161 vydat na Komentovanou proch\u00e1zku Zl\u00ednem a&nbsp;pod\u00edvat se na m\u011bsto z&nbsp;jin\u00e9 perspektivy.<\/p>\n\n\n\n<p>V ned\u011bli se m\u016f\u017ee\u0161 vydat na Design Market a&nbsp;rovnou nahl\u00e9dnout pod pokli\u010dku toho, kdo ve Zl\u00edn\u011b tvo\u0159\u00ed. V&nbsp;r\u00e1mci programu Otev\u0159en\u00e1 kreativn\u00ed studia se otev\u0159ou vybran\u00e9 ateli\u00e9ry a&nbsp;studia, kam se b\u011b\u017en\u011b nedostane\u0161.<\/p>\n\n\n\n<p>A pokud ti to po\u0159\u00e1d nesta\u010d\u00ed, m\u016f\u017ee\u0161 si to vyb\u011bhat na Community runu, prot\u00e1hnout se na Yoge nebo Pilates a&nbsp;pak zase pokra\u010dovat d\u00e1l.<\/p>\n\n\n\n<h3 class=\"wp-block-heading\">TAK CO, KOLIK TOHO ZVL\u00c1DNE\u0160?<\/h3>\n\n\n\n<div class=\"wp-block-columns is-style-default is-layout-flex wp-container-core-columns-is-layout-9d6595d7 wp-block-columns-is-layout-flex\">\n<div class=\"wp-block-column is-vertically-aligned-top has-zdw-background-color has-background is-layout-flow wp-block-column-is-layout-flow\">\n<table role=\"presentation\" width=\"100%\" cellpadding=\"0\" cellspacing=\"0\" border=\"0\" style=\"border-collapse:collapse;width:100%;\">\n  <tr><td height=\"24\"><\/td><\/tr>\n  <tr>\n    <td style=\"padding-left:5%; padding-right:5%;\">\n      <h4 style=\"margin:0 0 22px 0\">ZDW Swap &#038; morning disco<\/h4>\n      <p style=\"margin:0 0 18px 0\">\n        Datum: 7.&nbsp;5.&nbsp;2026<br>\n        \u010cas: 10:00 &#8211; 17:00<br>\n        Lokace: CHILL OUT z\u00f3na, KOMA modul (Park Komensk\u00e9ho)<br>\n        Vstupn\u00e9: Zdarma\n      <\/p>\n      <div class=\"wp-block-buttons\">\n        <div class=\"wp-block-button is-style-fill\">\n          <a class=\"wp-block-button__link wp-element-button\" href=\"https:\/\/zlindesignweek.com\/2026\/zdw-swap-morning-disco\/\">\n            Zjistit v\u00edce\n          <\/a>\n        <\/div>\n      <\/div>\n    <\/td>\n  <\/tr>\n  <tr><td height=\"24\"><\/td><\/tr>\n<\/table>\n<\/div>\n\n\n\n<div class=\"wp-block-column has-zdw-background-color has-background is-layout-flow wp-block-column-is-layout-flow\">\n<table role=\"presentation\" width=\"100%\" cellpadding=\"0\" cellspacing=\"0\" border=\"0\" style=\"border-collapse:collapse;width:100%;\">\n  <tr><td height=\"24\"><\/td><\/tr>\n  <tr>\n    <td style=\"padding-left:5%; padding-right:5%;\">\n      <h4 style=\"margin:0 0 22px 0\">Wine, Dine &#038; Design<\/h4>\n      <p style=\"margin:0 0 18px 0\">\n        Datum: 8.&nbsp;5.&nbsp;2026<br>\n        \u010cas: 16:30 &#8211; 18:00<br>\n        Lokace: Winehood<br>\n        Vstupn\u00e9: 350&nbsp;K\u010d\n      <\/p>\n      <div class=\"wp-block-buttons\">\n        <div class=\"wp-block-button is-style-fill\">\n          <a class=\"wp-block-button__link wp-element-button\" href=\"https:\/\/zlindesignweek.com\/2026\/wine-dine-design-4\/\">\n            Zjistit v\u00edce\n          <\/a>\n        <\/div>\n      <\/div>\n    <\/td>\n  <\/tr>\n  <tr><td height=\"24\"><\/td><\/tr>\n<\/table>\n<\/div>\n<\/div>\n\n\n\n<div style=\"height:40px\" aria-hidden=\"true\" class=\"wp-block-spacer\"><\/div>\n\n\n\n<div class=\"wp-block-columns is-style-default is-layout-flex wp-container-core-columns-is-layout-9d6595d7 wp-block-columns-is-layout-flex\">\n<div class=\"wp-block-column is-vertically-aligned-top has-zdw-background-color has-background is-layout-flow wp-block-column-is-layout-flow\">\n<table role=\"presentation\" width=\"100%\" cellpadding=\"0\" cellspacing=\"0\" border=\"0\" style=\"border-collapse:collapse;width:100%;\">\n  <tr><td height=\"24\"><\/td><\/tr>\n  <tr>\n    <td style=\"padding-left:5%; padding-right:5%;\">\n      <h4 style=\"margin:0 0 22px 0\">ZDW Yoga<\/h4>\n      <p style=\"margin:0 0 18px 0\">\n        Datum: 8.&nbsp;5.&nbsp;2026<br>\n        \u010cas: 9:30 &#8211; 10:30<br>\n        Lokace: Park Komensk\u00e9ho<br>\n        Vstupn\u00e9: Zdarma\n      <\/p>\n      <div class=\"wp-block-buttons\">\n        <div class=\"wp-block-button is-style-fill\">\n          <a class=\"wp-block-button__link wp-element-button\" href=\"https:\/\/zlindesignweek.com\/2026\/zdw-yoga\/\">\n            Zjistit v\u00edce\n          <\/a>\n        <\/div>\n      <\/div>\n    <\/td>\n  <\/tr>\n  <tr><td height=\"24\"><\/td><\/tr>\n<\/table>\n<\/div>\n\n\n\n<div class=\"wp-block-column has-zdw-background-color has-background is-layout-flow wp-block-column-is-layout-flow\">\n<table role=\"presentation\" width=\"100%\" cellpadding=\"0\" cellspacing=\"0\" border=\"0\" style=\"border-collapse:collapse;width:100%;\">\n  <tr><td height=\"24\"><\/td><\/tr>\n  <tr>\n    <td style=\"padding-left:5%; padding-right:5%;\">\n      <h4 style=\"margin:0 0 22px 0\">ZDW komentovan\u00e1 proch\u00e1zka po&nbsp;Zl\u00edn\u011b<\/h4>\n      <p style=\"margin:0 0 18px 0\">\n        Datum: 9.&nbsp;5.&nbsp;2026<br>\n        \u010cas: 10:00 &#8211; 12:00<br>\n        Lokace: Zl\u00edn<br>\n        Vstupn\u00e9: Zdarma\n      <\/p>\n      <div class=\"wp-block-buttons\">\n        <div class=\"wp-block-button is-style-fill\">\n          <a class=\"wp-block-button__link wp-element-button\" href=\"https:\/\/zlindesignweek.com\/2026\/zdw-komentovana-prochazka-po-zline\/\">\n            Zjistit v\u00edce\n          <\/a>\n        <\/div>\n      <\/div>\n    <\/td>\n  <\/tr>\n  <tr><td height=\"24\"><\/td><\/tr>\n<\/table>\n<\/div>\n<\/div>\n\n\n\n<div style=\"height:40px\" aria-hidden=\"true\" class=\"wp-block-spacer\"><\/div>\n\n\n\n<div class=\"wp-block-columns is-style-default is-layout-flex wp-container-core-columns-is-layout-9d6595d7 wp-block-columns-is-layout-flex\">\n<div class=\"wp-block-column is-vertically-aligned-top has-zdw-background-color has-background is-layout-flow wp-block-column-is-layout-flow\">\n<!-- 5) ZDW Pilates -->\n<table role=\"presentation\" width=\"100%\" cellpadding=\"0\" cellspacing=\"0\" border=\"0\" style=\"border-collapse:collapse;width:100%;\">\n  <tr><td height=\"24\"><\/td><\/tr>\n  <tr>\n    <td style=\"padding-left:5%; padding-right:5%;\">\n      <h4 style=\"margin:0 0 22px 0\">ZDW Pilates<\/h4>\n      <p style=\"margin:0 0 18px 0\">\n        Datum: 9.&nbsp;5.&nbsp;2026<br>\n        \u010cas: 9:30 &#8211; 10:30<br>\n        Lokace: Park Komensk\u00e9ho<br>\n        Vstupn\u00e9: Zdarma\n      <\/p>\n      <div class=\"wp-block-buttons\">\n        <div class=\"wp-block-button is-style-fill\">\n          <a class=\"wp-block-button__link wp-element-button\" href=\"https:\/\/zlindesignweek.com\/2026\/zdw-pilates\/\">\n            Zjistit v\u00edce\n          <\/a>\n        <\/div>\n      <\/div>\n    <\/td>\n  <\/tr>\n  <tr><td height=\"24\"><\/td><\/tr>\n<\/table>\n<\/div>\n\n\n\n<div class=\"wp-block-column has-zdw-background-color has-background is-layout-flow wp-block-column-is-layout-flow\">\n<!-- 6) Otev\u0159en\u00e1 kreativn\u00ed studia ve Zl\u00edn\u011b -->\n<table role=\"presentation\" width=\"100%\" cellpadding=\"0\" cellspacing=\"0\" border=\"0\" style=\"border-collapse:collapse;width:100%;\">\n  <tr><td height=\"24\"><\/td><\/tr>\n  <tr>\n    <td style=\"padding-left:5%; padding-right:5%;\">\n      <h4 style=\"margin:0 0 22px 0\">Otev\u0159en\u00e1 kreativn\u00ed studia ve Zl\u00edn\u011b<\/h4>\n      <p style=\"margin:0 0 18px 0\">\n        Datum: 10.&nbsp;5.&nbsp;2026<br>\n        \u010cas: 10:00 &#8211; 17:00<br>\n        Lokace: Zl\u00edn<br>\n        Vstupn\u00e9: Zdarma\n      <\/p>\n      <div class=\"wp-block-buttons\">\n        <div class=\"wp-block-button is-style-fill\">\n          <a class=\"wp-block-button__link wp-element-button\" href=\"https:\/\/zlindesignweek.com\/2026\/otevrena-kreativni-studia-ve-zline\/\">\n            Zjistit v\u00edce\n          <\/a>\n        <\/div>\n      <\/div>\n    <\/td>\n  <\/tr>\n  <tr><td height=\"24\"><\/td><\/tr>\n<\/table>\n<\/div>\n<\/div>\n\n\n\n<div style=\"height:40px\" aria-hidden=\"true\" class=\"wp-block-spacer\"><\/div>\n\n\n\n<div class=\"wp-block-columns is-style-default is-layout-flex wp-container-core-columns-is-layout-9d6595d7 wp-block-columns-is-layout-flex\">\n<div class=\"wp-block-column is-vertically-aligned-top has-zdw-background-color has-background is-layout-flow wp-block-column-is-layout-flow\">\n<!-- 7) ZDW x KHS Community run -->\n<table role=\"presentation\" width=\"100%\" cellpadding=\"0\" cellspacing=\"0\" border=\"0\" style=\"border-collapse:collapse;width:100%;\">\n  <tr><td height=\"24\"><\/td><\/tr>\n  <tr>\n    <td style=\"padding-left:5%; padding-right:5%;\">\n      <h4 style=\"margin:0 0 22px 0\">ZDW Community run \u00d7 KHS Training Club<\/h4>\n      <p style=\"margin:0 0 18px 0\">\n        Datum: 10.&nbsp;5.&nbsp;2026<br>\n        \u010cas: 9:30 &#8211; 10:30<br>\n        Lokace: Zl\u00edn<br>\n        Vstupn\u00e9: Zdarma\n      <\/p>\n      <div class=\"wp-block-buttons\">\n        <div class=\"wp-block-button is-style-fill\">\n          <a class=\"wp-block-button__link wp-element-button\" href=\"https:\/\/zlindesignweek.com\/2026\/zdw-x-khs-community-run-2\/\">\n            Zjistit v\u00edce\n          <\/a>\n        <\/div>\n      <\/div>\n    <\/td>\n  <\/tr>\n  <tr><td height=\"24\"><\/td><\/tr>\n<\/table>\n<\/div>\n\n\n\n<div class=\"wp-block-column is-layout-flow wp-block-column-is-layout-flow\"><\/div>\n<\/div>\n<\/div><\/div>\n","protected":false},"excerpt":{"rendered":"Leto\u0161n\u00ed ro\u010dn\u00edk nen\u00ed jen o&nbsp;diskuz\u00edch a&nbsp;workshopech. Nab\u00edz\u00ed i&nbsp;chv\u00edle, kdy si m\u016f\u017ee\u0161 odpo\u010dinout, ale po\u0159\u00e1d z\u016fstane\u0161 uprost\u0159ed d\u011bn\u00ed. U\u017e t\u011b unavila KANT\u00ddNA? V&nbsp;pohod\u011b. ZDW Swap &amp; [&hellip;]","protected":false},"author":52,"featured_media":0,"parent":0,"menu_order":0,"comment_status":"closed","ping_status":"closed","template":"","meta":{"_acf_changed":false,"footnotes":""},"class_list":["post-43172","page","type-page","status-publish","hentry"],"acf":[],"_links":{"self":[{"href":"https:\/\/zlindesignweek.com\/2026\/wp-json\/wp\/v2\/pages\/43172","targetHints":{"allow":["GET"]}}],"collection":[{"href":"https:\/\/zlindesignweek.com\/2026\/wp-json\/wp\/v2\/pages"}],"about":[{"href":"https:\/\/zlindesignweek.com\/2026\/wp-json\/wp\/v2\/types\/page"}],"author":[{"embeddable":true,"href":"https:\/\/zlindesignweek.com\/2026\/wp-json\/wp\/v2\/users\/52"}],"replies":[{"embeddable":true,"href":"https:\/\/zlindesignweek.com\/2026\/wp-json\/wp\/v2\/comments?post=43172"}],"version-history":[{"count":3,"href":"https:\/\/zlindesignweek.com\/2026\/wp-json\/wp\/v2\/pages\/43172\/revisions"}],"predecessor-version":[{"id":43307,"href":"https:\/\/zlindesignweek.com\/2026\/wp-json\/wp\/v2\/pages\/43172\/revisions\/43307"}],"wp:attachment":[{"href":"https:\/\/zlindesignweek.com\/2026\/wp-json\/wp\/v2\/media?parent=43172"}],"curies":[{"name":"wp","href":"https:\/\/api.w.org\/{rel}","templated":true}]}}