{"id":43153,"date":"2026-03-31T22:13:42","date_gmt":"2026-03-31T20:13:42","guid":{"rendered":"https:\/\/zlindesignweek.com\/2026\/?page_id=43153"},"modified":"2026-03-31T22:13:42","modified_gmt":"2026-03-31T20:13:42","slug":"otevrena-kreativni-studia-ve-zline","status":"publish","type":"page","link":"https:\/\/zlindesignweek.com\/2026\/otevrena-kreativni-studia-ve-zline\/","title":{"rendered":"Otev\u0159en\u00e1 kreativn\u00ed studia ve Zl\u00edn\u011b"},"content":{"rendered":"\n<div class=\"wp-block-group\"><div class=\"wp-block-group__inner-container is-layout-constrained wp-block-group-is-layout-constrained\">\n<p><mark style=\"background-color:rgba(0, 0, 0, 0)\" class=\"has-inline-color has-zdw-color\">Lokace:<\/mark> Zl\u00edn<br><mark style=\"background-color:rgba(0, 0, 0, 0)\" class=\"has-inline-color has-zdw-color\">Datum:<\/mark> 10.&nbsp;5.&nbsp;2026<br><mark style=\"background-color:rgba(0, 0, 0, 0)\" class=\"has-inline-color has-zdw-color\">\u010cas:<\/mark> 10:00 &#8211; 17:00<br><mark style=\"background-color:rgba(0, 0, 0, 0)\" class=\"has-inline-color has-zdw-color\">Vstupn\u00e9:<\/mark> Zdarma<\/p>\n\n\n\n<p>Vybran\u00e1 studia, d\u00edlny, galerie a&nbsp;ateli\u00e9ry po&nbsp;cel\u00e9m Zl\u00edn\u011b otev\u0159ou sv\u00e9 dve\u0159e ve\u0159ejnosti a&nbsp;nab\u00eddnou mo\u017enost nahl\u00e9dnout do z\u00e1kulis\u00ed tvorby m\u00edstn\u00edch design\u00e9r\u016f a&nbsp;tv\u016frc\u016f. \u010cekaj\u00ed t\u011b setk\u00e1n\u00ed, sd\u00edlen\u00ed zku\u0161enost\u00ed i&nbsp;pohled na proces vzniku designu od prvn\u00edho n\u00e1padu a\u017e po&nbsp;fin\u00e1ln\u00ed realizaci. Akce propojuje profesion\u00e1ly, studenty i&nbsp;\u0161irokou ve\u0159ejnost a&nbsp;otev\u00edr\u00e1 t\u00e9ma designu jako poctiv\u00e9 a&nbsp;smyslupln\u00e9 tvorby.&nbsp;<\/p>\n\n\n\n<p>Zp\u0159\u00edstupn\u011bno bude 9 lok\u00e1ln\u00edch studi\u00ed. Za\u017eij design tam, kde opravdu vznik\u00e1.<\/p>\n\n\n\n<h3 class=\"wp-block-heading\">KDE M\u016e\u017dE\u0160 VID\u011aT DESIGN ZBL\u00cdZKA?<\/h3>\n\n\n    <a href=\"https:\/\/zlindesignweek.com\/2026\/osoba\/kancelar-architekta-mesta-zlina\/\"\n       class=\"no-decoration\">\n        <div class=\"person-item\">\n            <img loading=\"lazy\" decoding=\"async\" width=\"560\" height=\"667\" src=\"https:\/\/zlindesignweek.com\/2026\/wp-content\/uploads\/2026\/03\/kamz-560x667.jpg\" class=\"attachment-portrait size-portrait wp-post-image\" alt=\"\" \/>            <div class=\"person-item__bottom\">\n                <div class=\"person-item__text\">\n                    <h4 class=\"h5\">Kancel\u00e1\u0159 architekta m\u011bsta Zl\u00edna                    <\/h4>\n                    <small><\/small>\n                <\/div>\n                <div class=\"person-item__button\">\n                    \u2192\n                <\/div>\n            <\/div>\n        <\/div>\n    <\/a>\n    \n\n    <a href=\"https:\/\/zlindesignweek.com\/2026\/osoba\/galerie-vaclava-chada\/\"\n       class=\"no-decoration\">\n        <div class=\"person-item\">\n            <img loading=\"lazy\" decoding=\"async\" width=\"560\" height=\"667\" src=\"https:\/\/zlindesignweek.com\/2026\/wp-content\/uploads\/2026\/03\/galerie-chada-1-560x667.jpg\" class=\"attachment-portrait size-portrait wp-post-image\" alt=\"\" \/>            <div class=\"person-item__bottom\">\n                <div class=\"person-item__text\">\n                    <h4 class=\"h5\">Galerie V\u00e1clava Chada                    <\/h4>\n                    <small><\/small>\n                <\/div>\n                <div class=\"person-item__button\">\n                    \u2192\n                <\/div>\n            <\/div>\n        <\/div>\n    <\/a>\n    \n\n    <a href=\"https:\/\/zlindesignweek.com\/2026\/osoba\/skola-sperku\/\"\n       class=\"no-decoration\">\n        <div class=\"person-item\">\n            <img loading=\"lazy\" decoding=\"async\" width=\"560\" height=\"667\" src=\"https:\/\/zlindesignweek.com\/2026\/wp-content\/uploads\/2026\/03\/skola-sperku-2-560x667.jpg\" class=\"attachment-portrait size-portrait wp-post-image\" alt=\"\" \/>            <div class=\"person-item__bottom\">\n                <div class=\"person-item__text\">\n                    <h4 class=\"h5\">\u0160kola \u0161perku                    <\/h4>\n                    <small><\/small>\n                <\/div>\n                <div class=\"person-item__button\">\n                    \u2192\n                <\/div>\n            <\/div>\n        <\/div>\n    <\/a>\n    \n\n    <a href=\"https:\/\/zlindesignweek.com\/2026\/osoba\/je-to-hlina\/\"\n       class=\"no-decoration\">\n        <div class=\"person-item\">\n            <img loading=\"lazy\" decoding=\"async\" width=\"560\" height=\"667\" src=\"https:\/\/zlindesignweek.com\/2026\/wp-content\/uploads\/2026\/03\/je-to-hlina-2-560x667.jpeg\" class=\"attachment-portrait size-portrait wp-post-image\" alt=\"\" \/>            <div class=\"person-item__bottom\">\n                <div class=\"person-item__text\">\n                    <h4 class=\"h5\">Je to hl\u00edna                    <\/h4>\n                    <small><\/small>\n                <\/div>\n                <div class=\"person-item__button\">\n                    \u2192\n                <\/div>\n            <\/div>\n        <\/div>\n    <\/a>\n    \n\n    <a href=\"https:\/\/zlindesignweek.com\/2026\/osoba\/ellement-architects\/\"\n       class=\"no-decoration\">\n        <div class=\"person-item\">\n            <img loading=\"lazy\" decoding=\"async\" width=\"560\" height=\"667\" src=\"https:\/\/zlindesignweek.com\/2026\/wp-content\/uploads\/2026\/03\/ellement-1-560x667.jpg\" class=\"attachment-portrait size-portrait wp-post-image\" alt=\"\" \/>            <div class=\"person-item__bottom\">\n                <div class=\"person-item__text\">\n                    <h4 class=\"h5\">ellement architects                    <\/h4>\n                    <small><\/small>\n                <\/div>\n                <div class=\"person-item__button\">\n                    \u2192\n                <\/div>\n            <\/div>\n        <\/div>\n    <\/a>\n    <\/div><\/div>\n","protected":false},"excerpt":{"rendered":"Lokace: Zl\u00ednDatum: 10.&nbsp;5.&nbsp;2026\u010cas: 10:00 &#8211; 17:00Vstupn\u00e9: Zdarma Vybran\u00e1 studia, d\u00edlny, galerie a&nbsp;ateli\u00e9ry po&nbsp;cel\u00e9m Zl\u00edn\u011b otev\u0159ou sv\u00e9 dve\u0159e ve\u0159ejnosti a&nbsp;nab\u00eddnou mo\u017enost nahl\u00e9dnout do z\u00e1kulis\u00ed tvorby m\u00edstn\u00edch [&hellip;]","protected":false},"author":52,"featured_media":0,"parent":0,"menu_order":0,"comment_status":"closed","ping_status":"closed","template":"","meta":{"_acf_changed":false,"footnotes":""},"class_list":["post-43153","page","type-page","status-publish","hentry"],"acf":[],"_links":{"self":[{"href":"https:\/\/zlindesignweek.com\/2026\/wp-json\/wp\/v2\/pages\/43153","targetHints":{"allow":["GET"]}}],"collection":[{"href":"https:\/\/zlindesignweek.com\/2026\/wp-json\/wp\/v2\/pages"}],"about":[{"href":"https:\/\/zlindesignweek.com\/2026\/wp-json\/wp\/v2\/types\/page"}],"author":[{"embeddable":true,"href":"https:\/\/zlindesignweek.com\/2026\/wp-json\/wp\/v2\/users\/52"}],"replies":[{"embeddable":true,"href":"https:\/\/zlindesignweek.com\/2026\/wp-json\/wp\/v2\/comments?post=43153"}],"version-history":[{"count":2,"href":"https:\/\/zlindesignweek.com\/2026\/wp-json\/wp\/v2\/pages\/43153\/revisions"}],"predecessor-version":[{"id":43155,"href":"https:\/\/zlindesignweek.com\/2026\/wp-json\/wp\/v2\/pages\/43153\/revisions\/43155"}],"wp:attachment":[{"href":"https:\/\/zlindesignweek.com\/2026\/wp-json\/wp\/v2\/media?parent=43153"}],"curies":[{"name":"wp","href":"https:\/\/api.w.org\/{rel}","templated":true}]}}