{"id":43143,"date":"2026-03-31T21:41:24","date_gmt":"2026-03-31T19:41:24","guid":{"rendered":"https:\/\/zlindesignweek.com\/2026\/?page_id=43143"},"modified":"2026-04-02T14:49:36","modified_gmt":"2026-04-02T12:49:36","slug":"zdw-komentovana-prochazka-po-zline","status":"publish","type":"page","link":"https:\/\/zlindesignweek.com\/2026\/zdw-komentovana-prochazka-po-zline\/","title":{"rendered":"ZDW komentovan\u00e1 proch\u00e1zka po&nbsp;Zl\u00edn\u011b"},"content":{"rendered":"\n<div class=\"wp-block-group\"><div class=\"wp-block-group__inner-container is-layout-constrained wp-block-group-is-layout-constrained\">\n<p><mark style=\"background-color:rgba(0, 0, 0, 0)\" class=\"has-inline-color has-zdw-color\">Lokace:<\/mark> Zl\u00edn<br><mark style=\"background-color:rgba(0, 0, 0, 0)\" class=\"has-inline-color has-zdw-color\">Datum:<\/mark> 9.&nbsp;5.&nbsp;2026<br><mark style=\"background-color:rgba(0, 0, 0, 0)\" class=\"has-inline-color has-zdw-color\">\u010cas:<\/mark> 10:00 &#8211; 12:00<br><mark style=\"background-color:rgba(0, 0, 0, 0)\" class=\"has-inline-color has-zdw-color\">Vstupn\u00e9:<\/mark> Zdarma (kapacita je omezen\u00e1, registrace p\u0159es formul\u00e1\u0159 <a href=\"https:\/\/forms.gle\/nNaeuuXYRdzLVuUT7\">zde<\/a>)<\/p>\n\n\n\n<p>Zl\u00edn je industri\u00e1ln\u00ed m\u011bsto s&nbsp;v\u00fdraznou \u0159emeslnou tradic\u00ed. P\u0159ijet sem za designem a&nbsp;nepoznat, jak vlastn\u011b vznikl? To by byla \u0161koda. M\u00edsto pohlednic s&nbsp;\u010derven\u00fdmi kostkami a&nbsp;fotek v&nbsp;telefonu si m\u016f\u017ee\u0161 odn\u00e9st i&nbsp;n\u011bco nav\u00edc. P\u0159\u00edb\u011bh m\u011bsta a&nbsp;to, jak ho Ba\u0165a promyslel do posledn\u00edho detailu.<\/p>\n\n\n\n<p>V\u00ed\u0161 t\u0159eba, co znamen\u00e1 14|15 nebo \u201ejednadvac\u00edtka\u201c? Ba\u0165ovsk\u00fd syst\u00e9m, trochu jako Excel v&nbsp;re\u00e1ln\u00e9m sv\u011bt\u011b, stoj\u00ed za to proj\u00edt a&nbsp;pochopit. A&nbsp;mo\u017en\u00e1 zjist\u00ed\u0161, \u017ee se do Zl\u00edna d\u00e1 zamilovat trochu jinak, ne\u017e bys \u010dekal\/a.<\/p>\n<\/div><\/div>\n","protected":false},"excerpt":{"rendered":"Lokace: Zl\u00ednDatum: 9.&nbsp;5.&nbsp;2026\u010cas: 10:00 &#8211; 12:00Vstupn\u00e9: Zdarma (kapacita je omezen\u00e1, registrace p\u0159es formul\u00e1\u0159 zde) Zl\u00edn je industri\u00e1ln\u00ed m\u011bsto s&nbsp;v\u00fdraznou \u0159emeslnou tradic\u00ed. P\u0159ijet sem za designem [&hellip;]","protected":false},"author":52,"featured_media":0,"parent":0,"menu_order":0,"comment_status":"closed","ping_status":"closed","template":"","meta":{"_acf_changed":false,"footnotes":""},"class_list":["post-43143","page","type-page","status-publish","hentry"],"acf":[],"_links":{"self":[{"href":"https:\/\/zlindesignweek.com\/2026\/wp-json\/wp\/v2\/pages\/43143","targetHints":{"allow":["GET"]}}],"collection":[{"href":"https:\/\/zlindesignweek.com\/2026\/wp-json\/wp\/v2\/pages"}],"about":[{"href":"https:\/\/zlindesignweek.com\/2026\/wp-json\/wp\/v2\/types\/page"}],"author":[{"embeddable":true,"href":"https:\/\/zlindesignweek.com\/2026\/wp-json\/wp\/v2\/users\/52"}],"replies":[{"embeddable":true,"href":"https:\/\/zlindesignweek.com\/2026\/wp-json\/wp\/v2\/comments?post=43143"}],"version-history":[{"count":2,"href":"https:\/\/zlindesignweek.com\/2026\/wp-json\/wp\/v2\/pages\/43143\/revisions"}],"predecessor-version":[{"id":43253,"href":"https:\/\/zlindesignweek.com\/2026\/wp-json\/wp\/v2\/pages\/43143\/revisions\/43253"}],"wp:attachment":[{"href":"https:\/\/zlindesignweek.com\/2026\/wp-json\/wp\/v2\/media?parent=43143"}],"curies":[{"name":"wp","href":"https:\/\/api.w.org\/{rel}","templated":true}]}}