{"id":43140,"date":"2026-03-31T21:37:30","date_gmt":"2026-03-31T19:37:30","guid":{"rendered":"https:\/\/zlindesignweek.com\/2026\/?page_id=43140"},"modified":"2026-04-18T14:40:02","modified_gmt":"2026-04-18T12:40:02","slug":"zdw-yoga-2","status":"publish","type":"page","link":"https:\/\/zlindesignweek.com\/2026\/en\/zdw-yoga-2\/","title":{"rendered":"ZDW Yoga"},"content":{"rendered":"\n<div class=\"wp-block-group\"><div class=\"wp-block-group__inner-container is-layout-constrained wp-block-group-is-layout-constrained\">\n<p><mark style=\"background-color:rgba(0, 0, 0, 0)\" class=\"has-inline-color has-zdw-color\">Location:<\/mark> Komensk\u00fd Park (t\u0159. Tom\u00e1\u0161e Bati 204, Zlin)<br><mark style=\"background-color:rgba(0, 0, 0, 0)\" class=\"has-inline-color has-zdw-color\">Date: <\/mark>8 May 2026<br><mark style=\"background-color:rgba(0, 0, 0, 0)\" class=\"has-inline-color has-zdw-color\">Time: <\/mark>9:30 AM &#8211; 10:30 AM<br><mark style=\"background-color:rgba(0, 0, 0, 0)\" class=\"has-inline-color has-zdw-color\">Admission:<\/mark> Free (capacity is already full)<\/p>\n<\/div><\/div>\n","protected":false},"excerpt":{"rendered":"Location: Komensk\u00fd Park (t\u0159. Tom\u00e1\u0161e Bati 204, Zlin)Date: 8 May 2026Time: 9:30 AM &#8211; 10:30 AMAdmission: Free (capacity is already full)","protected":false},"author":52,"featured_media":0,"parent":0,"menu_order":0,"comment_status":"closed","ping_status":"closed","template":"","meta":{"_acf_changed":false,"footnotes":""},"class_list":["post-43140","page","type-page","status-publish","hentry"],"acf":[],"_links":{"self":[{"href":"https:\/\/zlindesignweek.com\/2026\/wp-json\/wp\/v2\/pages\/43140","targetHints":{"allow":["GET"]}}],"collection":[{"href":"https:\/\/zlindesignweek.com\/2026\/wp-json\/wp\/v2\/pages"}],"about":[{"href":"https:\/\/zlindesignweek.com\/2026\/wp-json\/wp\/v2\/types\/page"}],"author":[{"embeddable":true,"href":"https:\/\/zlindesignweek.com\/2026\/wp-json\/wp\/v2\/users\/52"}],"replies":[{"embeddable":true,"href":"https:\/\/zlindesignweek.com\/2026\/wp-json\/wp\/v2\/comments?post=43140"}],"version-history":[{"count":5,"href":"https:\/\/zlindesignweek.com\/2026\/wp-json\/wp\/v2\/pages\/43140\/revisions"}],"predecessor-version":[{"id":43455,"href":"https:\/\/zlindesignweek.com\/2026\/wp-json\/wp\/v2\/pages\/43140\/revisions\/43455"}],"wp:attachment":[{"href":"https:\/\/zlindesignweek.com\/2026\/wp-json\/wp\/v2\/media?parent=43140"}],"curies":[{"name":"wp","href":"https:\/\/api.w.org\/{rel}","templated":true}]}}