{"id":43134,"date":"2026-03-31T21:37:30","date_gmt":"2026-03-31T19:37:30","guid":{"rendered":"https:\/\/zlindesignweek.com\/2026\/?page_id=43134"},"modified":"2026-04-18T14:39:50","modified_gmt":"2026-04-18T12:39:50","slug":"zdw-yoga","status":"publish","type":"page","link":"https:\/\/zlindesignweek.com\/2026\/zdw-yoga\/","title":{"rendered":"ZDW Yoga"},"content":{"rendered":"\n<div class=\"wp-block-group\"><div class=\"wp-block-group__inner-container is-layout-constrained wp-block-group-is-layout-constrained\">\n<p><mark style=\"background-color:rgba(0, 0, 0, 0)\" class=\"has-inline-color has-zdw-color\">Lokace: <\/mark>Park Komensk\u00e9ho (t\u0159. Tom\u00e1\u0161e Bati 204, Zl\u00edn)<br><mark style=\"background-color:rgba(0, 0, 0, 0)\" class=\"has-inline-color has-zdw-color\">Datum: <\/mark>8.&nbsp;5.&nbsp;2026<br><mark style=\"background-color:rgba(0, 0, 0, 0)\" class=\"has-inline-color has-zdw-color\">\u010cas:<\/mark> 9:30 &#8211; 10:30<br><mark style=\"background-color:rgba(0, 0, 0, 0)\" class=\"has-inline-color has-zdw-color\">Vstupn\u00e9:<\/mark>\u00a0Zdarma (kapacita je ji\u017e napln\u011bna)<\/p>\n<\/div><\/div>\n","protected":false},"excerpt":{"rendered":"Lokace: Park Komensk\u00e9ho (t\u0159. Tom\u00e1\u0161e Bati 204, Zl\u00edn)Datum: 8.&nbsp;5.&nbsp;2026\u010cas: 9:30 &#8211; 10:30Vstupn\u00e9:\u00a0Zdarma (kapacita je ji\u017e napln\u011bna)","protected":false},"author":52,"featured_media":0,"parent":0,"menu_order":0,"comment_status":"closed","ping_status":"closed","template":"","meta":{"_acf_changed":false,"footnotes":""},"class_list":["post-43134","page","type-page","status-publish","hentry"],"acf":[],"_links":{"self":[{"href":"https:\/\/zlindesignweek.com\/2026\/wp-json\/wp\/v2\/pages\/43134","targetHints":{"allow":["GET"]}}],"collection":[{"href":"https:\/\/zlindesignweek.com\/2026\/wp-json\/wp\/v2\/pages"}],"about":[{"href":"https:\/\/zlindesignweek.com\/2026\/wp-json\/wp\/v2\/types\/page"}],"author":[{"embeddable":true,"href":"https:\/\/zlindesignweek.com\/2026\/wp-json\/wp\/v2\/users\/52"}],"replies":[{"embeddable":true,"href":"https:\/\/zlindesignweek.com\/2026\/wp-json\/wp\/v2\/comments?post=43134"}],"version-history":[{"count":3,"href":"https:\/\/zlindesignweek.com\/2026\/wp-json\/wp\/v2\/pages\/43134\/revisions"}],"predecessor-version":[{"id":43454,"href":"https:\/\/zlindesignweek.com\/2026\/wp-json\/wp\/v2\/pages\/43134\/revisions\/43454"}],"wp:attachment":[{"href":"https:\/\/zlindesignweek.com\/2026\/wp-json\/wp\/v2\/media?parent=43134"}],"curies":[{"name":"wp","href":"https:\/\/api.w.org\/{rel}","templated":true}]}}