{"id":43132,"date":"2026-03-31T21:16:43","date_gmt":"2026-03-31T19:16:43","guid":{"rendered":"https:\/\/zlindesignweek.com\/2026\/?page_id=43132"},"modified":"2026-04-10T10:18:20","modified_gmt":"2026-04-10T08:18:20","slug":"wine-dine-design-3","status":"publish","type":"page","link":"https:\/\/zlindesignweek.com\/2026\/en\/wine-dine-design-3\/","title":{"rendered":"Wine, Dine &amp; Design"},"content":{"rendered":"\n<div class=\"wp-block-group\"><div class=\"wp-block-group__inner-container is-layout-constrained wp-block-group-is-layout-constrained\">\n<p><mark style=\"background-color:rgba(0, 0, 0, 0)\" class=\"has-inline-color has-zdw-color\">Location:<\/mark> Winehood (Zar\u00e1m\u00ed 90, Zlin)<br><mark style=\"background-color:rgba(0, 0, 0, 0)\" class=\"has-inline-color has-zdw-color\">Date:<\/mark> 8 May 2026<br><mark style=\"background-color:rgba(0, 0, 0, 0)\" class=\"has-inline-color has-zdw-color\">Time: <\/mark>4:30 PM&nbsp;&#8211; 6 PM<br><mark style=\"background-color:rgba(0, 0, 0, 0)\" class=\"has-inline-color has-zdw-color\">Admission:<\/mark> 350 CZK<\/p>\n\n\n\n<div style=\"height:10px\" aria-hidden=\"true\" class=\"wp-block-spacer\"><\/div>\n\n\n\n<div class=\"wp-block-buttons is-layout-flex wp-block-buttons-is-layout-flex\">\n<div class=\"wp-block-button\"><a class=\"wp-block-button__link wp-element-button\" href=\"https:\/\/www.smsticket.cz\/vstupenky\/69109-wine-dine-design-winehood-zlin\">buy a&nbsp;ticket<\/a><\/div>\n<\/div>\n\n\n\n<div style=\"height:15px\" aria-hidden=\"true\" class=\"wp-block-spacer\"><\/div>\n\n\n\n<p>Wine, Dine &amp; Design is a&nbsp;new program segment that provides a&nbsp;space for sharing real-world experiences without unnecessary filters. How do you start your own business and avoid getting lost right from the start? Designers and entrepreneurs Ad\u00e9la Ba\u010dov\u00e1 and Lenka Sr\u0161\u0148ov\u00e1 will discuss this topic.<\/p>\n\n\n\n<p>They\u2019ll share their work, their beginnings, and their journey in building the What a&nbsp;Hut brand, which focuses on the design and construction of outdoor Finnish saunas. If you\u2019re thinking about starting your own venture, here you\u2019ll hear real-world experiences instead of theory.<\/p>\n\n\n\n<p>The event will take place in a&nbsp;relaxed atmosphere over wine and good food, which is included in the admission price and naturally creates an opportunity for discussion and sharing.<\/p>\n\n\n\n<p><a href=\"https:\/\/www.wah.cz\/sauna-vetsi?gad_source=1&amp;gad_campaignid=23608280842&amp;gbraid=0AAAAAoMOYt7UvvleBTh1vGQs_An1G4BDg&amp;gclid=CjwKCAjwvqjOBhAGEiwAngeQnXGRmM2r7I1Dr6pMlhnR87aijkz6kmDJmSrpLygKoszwCALlKsE8cBoCc4wQAvD_BwE\">What a&nbsp;Hut<\/a>, <a href=\"https:\/\/www.adelabacova.cz\/\">Ad\u00e9la Ba\u010dov\u00e1<\/a>, <a href=\"https:\/\/www.instagram.com\/lenkasrv\/\">Lenka Sr\u0161\u0148ov\u00e1<\/a><\/p>\n<\/div><\/div>\n","protected":false},"excerpt":{"rendered":"Location: Winehood (Zar\u00e1m\u00ed 90, Zlin)Date: 8 May 2026Time: 4:30 PM&nbsp;&#8211; 6 PMAdmission: 350 CZK Wine, Dine &amp; Design is a&nbsp;new program segment that provides a&nbsp;space [&hellip;]","protected":false},"author":52,"featured_media":0,"parent":0,"menu_order":0,"comment_status":"closed","ping_status":"closed","template":"","meta":{"_acf_changed":false,"footnotes":""},"class_list":["post-43132","page","type-page","status-publish","hentry"],"acf":[],"_links":{"self":[{"href":"https:\/\/zlindesignweek.com\/2026\/wp-json\/wp\/v2\/pages\/43132","targetHints":{"allow":["GET"]}}],"collection":[{"href":"https:\/\/zlindesignweek.com\/2026\/wp-json\/wp\/v2\/pages"}],"about":[{"href":"https:\/\/zlindesignweek.com\/2026\/wp-json\/wp\/v2\/types\/page"}],"author":[{"embeddable":true,"href":"https:\/\/zlindesignweek.com\/2026\/wp-json\/wp\/v2\/users\/52"}],"replies":[{"embeddable":true,"href":"https:\/\/zlindesignweek.com\/2026\/wp-json\/wp\/v2\/comments?post=43132"}],"version-history":[{"count":4,"href":"https:\/\/zlindesignweek.com\/2026\/wp-json\/wp\/v2\/pages\/43132\/revisions"}],"predecessor-version":[{"id":43324,"href":"https:\/\/zlindesignweek.com\/2026\/wp-json\/wp\/v2\/pages\/43132\/revisions\/43324"}],"wp:attachment":[{"href":"https:\/\/zlindesignweek.com\/2026\/wp-json\/wp\/v2\/media?parent=43132"}],"curies":[{"name":"wp","href":"https:\/\/api.w.org\/{rel}","templated":true}]}}