{"id":43130,"date":"2026-03-31T21:16:43","date_gmt":"2026-03-31T19:16:43","guid":{"rendered":"https:\/\/zlindesignweek.com\/2026\/?page_id=43130"},"modified":"2026-04-10T10:18:17","modified_gmt":"2026-04-10T08:18:17","slug":"wine-dine-design-4","status":"publish","type":"page","link":"https:\/\/zlindesignweek.com\/2026\/wine-dine-design-4\/","title":{"rendered":"Wine, Dine &amp; Design"},"content":{"rendered":"\n<div class=\"wp-block-group\"><div class=\"wp-block-group__inner-container is-layout-constrained wp-block-group-is-layout-constrained\">\n<p><mark style=\"background-color:rgba(0, 0, 0, 0)\" class=\"has-inline-color has-zdw-color\">Lokace:<\/mark> Winehood (Zar\u00e1m\u00ed 90, Zl\u00edn)<br><mark style=\"background-color:rgba(0, 0, 0, 0)\" class=\"has-inline-color has-zdw-color\">Datum: <\/mark>8.&nbsp;5.&nbsp;2026<br><mark style=\"background-color:rgba(0, 0, 0, 0)\" class=\"has-inline-color has-zdw-color\">\u010cas:<\/mark> 16:30 &#8211; 18:00<br><mark style=\"background-color:rgba(0, 0, 0, 0)\" class=\"has-inline-color has-zdw-color\">Vstupn\u00e9:<\/mark> 350&nbsp;K\u010d<\/p>\n\n\n\n<div style=\"height:10px\" aria-hidden=\"true\" class=\"wp-block-spacer\"><\/div>\n\n\n\n<div class=\"wp-block-buttons is-layout-flex wp-block-buttons-is-layout-flex\">\n<div class=\"wp-block-button\"><a class=\"wp-block-button__link wp-element-button\" href=\"https:\/\/www.smsticket.cz\/vstupenky\/69109-wine-dine-design-winehood-zlin\">KOUPIT VSTUPENKU<\/a><\/div>\n<\/div>\n\n\n\n<div style=\"height:15px\" aria-hidden=\"true\" class=\"wp-block-spacer\"><\/div>\n\n\n\n<p>Wine, Dine &amp; Design je nov\u00e1 programov\u00e1 \u010d\u00e1st, kter\u00e1 otev\u00edr\u00e1 prostor pro sd\u00edlen\u00ed zku\u0161enost\u00ed z&nbsp;praxe bez zbyte\u010dn\u00fdch filtr\u016f. Jak rozjet vlastn\u00ed byznys a&nbsp;neztratit se hned na za\u010d\u00e1tku? O&nbsp;tom budou mluvit design\u00e9rky a&nbsp;podnikatelky <strong>Ad\u00e9la Ba\u010dov\u00e1<\/strong> a&nbsp;<strong>Lenka Sr\u0161\u0148ov\u00e1<\/strong>.<\/p>\n\n\n\n<p>P\u0159ibl\u00ed\u017e\u00ed svou tvorbu, za\u010d\u00e1tky i&nbsp;cestu k&nbsp;budov\u00e1n\u00ed zna\u010dky <strong>What a&nbsp;Hut<\/strong>, kter\u00e1 se zam\u011b\u0159uje na n\u00e1vrh a&nbsp;realizaci venkovn\u00edch finsk\u00fdch saun. Pokud p\u0159em\u00fd\u0161l\u00ed\u0161 o&nbsp;vlastn\u00ed cest\u011b, tady usly\u0161\u00ed\u0161 re\u00e1ln\u00e9 zku\u0161enosti m\u00edsto teorie.<\/p>\n\n\n\n<p>Cel\u00e9 prob\u011bhne v&nbsp;neform\u00e1ln\u00ed atmosf\u00e9\u0159e u&nbsp;v\u00edna a&nbsp;dobr\u00e9ho j\u00eddla, kter\u00e9 je sou\u010d\u00e1st\u00ed vstupn\u00e9ho a&nbsp;p\u0159irozen\u011b otev\u00edr\u00e1 prostor pro diskuzi a&nbsp;sd\u00edlen\u00ed.<\/p>\n\n\n\n<p><a href=\"https:\/\/www.wah.cz\/sauna-vetsi?gad_source=1&amp;gad_campaignid=23608280842&amp;gbraid=0AAAAAoMOYt7UvvleBTh1vGQs_An1G4BDg&amp;gclid=CjwKCAjwvqjOBhAGEiwAngeQnXGRmM2r7I1Dr6pMlhnR87aijkz6kmDJmSrpLygKoszwCALlKsE8cBoCc4wQAvD_BwE\">What a&nbsp;Hut<\/a>, <a href=\"https:\/\/www.adelabacova.cz\/\">Ad\u00e9la Ba\u010dov\u00e1<\/a>, <a href=\"https:\/\/www.instagram.com\/lenkasrv\/\">Lenka Sr\u0161\u0148ov\u00e1<\/a><\/p>\n<\/div><\/div>\n","protected":false},"excerpt":{"rendered":"Lokace: Winehood (Zar\u00e1m\u00ed 90, Zl\u00edn)Datum: 8.&nbsp;5.&nbsp;2026\u010cas: 16:30 &#8211; 18:00Vstupn\u00e9: 350&nbsp;K\u010d Wine, Dine &amp; Design je nov\u00e1 programov\u00e1 \u010d\u00e1st, kter\u00e1 otev\u00edr\u00e1 prostor pro sd\u00edlen\u00ed zku\u0161enost\u00ed z&nbsp;praxe [&hellip;]","protected":false},"author":52,"featured_media":0,"parent":0,"menu_order":0,"comment_status":"closed","ping_status":"closed","template":"","meta":{"_acf_changed":false,"footnotes":""},"class_list":["post-43130","page","type-page","status-publish","hentry"],"acf":[],"_links":{"self":[{"href":"https:\/\/zlindesignweek.com\/2026\/wp-json\/wp\/v2\/pages\/43130","targetHints":{"allow":["GET"]}}],"collection":[{"href":"https:\/\/zlindesignweek.com\/2026\/wp-json\/wp\/v2\/pages"}],"about":[{"href":"https:\/\/zlindesignweek.com\/2026\/wp-json\/wp\/v2\/types\/page"}],"author":[{"embeddable":true,"href":"https:\/\/zlindesignweek.com\/2026\/wp-json\/wp\/v2\/users\/52"}],"replies":[{"embeddable":true,"href":"https:\/\/zlindesignweek.com\/2026\/wp-json\/wp\/v2\/comments?post=43130"}],"version-history":[{"count":4,"href":"https:\/\/zlindesignweek.com\/2026\/wp-json\/wp\/v2\/pages\/43130\/revisions"}],"predecessor-version":[{"id":43323,"href":"https:\/\/zlindesignweek.com\/2026\/wp-json\/wp\/v2\/pages\/43130\/revisions\/43323"}],"wp:attachment":[{"href":"https:\/\/zlindesignweek.com\/2026\/wp-json\/wp\/v2\/media?parent=43130"}],"curies":[{"name":"wp","href":"https:\/\/api.w.org\/{rel}","templated":true}]}}