{"id":42952,"date":"2026-03-31T10:11:52","date_gmt":"2026-03-31T08:11:52","guid":{"rendered":"https:\/\/zlindesignweek.com\/2026\/?page_id=42952"},"modified":"2026-04-10T10:27:38","modified_gmt":"2026-04-10T08:27:38","slug":"workshop-together-by-design-social-design-for-positive-impact-x-canan-akoglu-marek-kuzminski-2","status":"publish","type":"page","link":"https:\/\/zlindesignweek.com\/2026\/en\/workshop-together-by-design-social-design-for-positive-impact-x-canan-akoglu-marek-kuzminski-2\/","title":{"rendered":"Workshop Together by Design: social design for positive impact \u00d7 Canan Akoglu &amp; Marek Ku\u017ami\u0144ski"},"content":{"rendered":"\n<div style=\"height:100px\" aria-hidden=\"true\" class=\"wp-block-spacer\"><\/div>\n\n\n\n<div class=\"wp-block-group\"><div class=\"wp-block-group__inner-container is-layout-constrained wp-block-group-is-layout-constrained\">\n<h3 class=\"wp-block-heading\"><mark style=\"background-color:rgba(0, 0, 0, 0)\" class=\"has-inline-color has-zdw-color\">Workshop Together by Design: social design for positive impact \u00d7 Canan Akoglu &amp; Marek Ku\u017ami\u0144ski<\/mark><\/h3>\n\n\n\n<p><mark style=\"background-color:rgba(0, 0, 0, 0)\" class=\"has-inline-color has-zdw-color\">Location:<\/mark> Zlin Castle (Soudn\u00ed 1, Zlin)\u00a0<br><mark style=\"background-color:rgba(0, 0, 0, 0)\" class=\"has-inline-color has-zdw-color\">Date:<\/mark> 9 May 2026<br><mark style=\"background-color:rgba(0, 0, 0, 0)\" class=\"has-inline-color has-zdw-color\">Time:<\/mark> 3 PM&nbsp;\u2013 5 PM<br><mark style=\"background-color:rgba(0, 0, 0, 0)\" class=\"has-inline-color has-zdw-color\">Language:<\/mark> EN<br><mark style=\"background-color:rgba(0, 0, 0, 0)\" class=\"has-inline-color has-zdw-color\">Admission: <\/mark>350 CZK<\/p>\n\n\n\n<div style=\"height:10px\" aria-hidden=\"true\" class=\"wp-block-spacer\"><\/div>\n\n\n\n<div class=\"wp-block-buttons is-layout-flex wp-block-buttons-is-layout-flex\">\n<div class=\"wp-block-button\"><a class=\"wp-block-button__link wp-element-button\" href=\"https:\/\/www.smsticket.cz\/vstupenky\/69136-workshop-together-by-design-canan-akoglu-marek-kuzminski-zlinsky-zamek-zlin\">BUY A&nbsp;TICKET<\/a><\/div>\n<\/div>\n\n\n\n<div style=\"height:15px\" aria-hidden=\"true\" class=\"wp-block-spacer\"><\/div>\n\n\n\n<p>This hands-on workshop invites participants to explore how design can actively shape connection, inclusion, and community. Starting from personal reflections on belonging, participants are guided to see design not just as the creation of objects, but as a&nbsp;powerful tool for building relationships and shared experiences. The workshop begins with empathy exercises, encouraging participants to step into the shoes of different people and explore their perspectives and experiences. These exercises provide a&nbsp;safe space to imagine the lives, needs, and challenges of diverse individuals, helping participants uncover factors that create connection or distance between people.<\/p>\n\n\n\n<p>Building on these insights, participants work in teams to imagine \u201cbridges\u201d\u2013 concepts, interventions, or experiences designed to bring people closer together in public space. The workshop culminates in the presentation of these ideas, highlighting how design can generate meaningful social impact and foster more inclusive communities.<\/p>\n\n\n\n<div style=\"height:40px\" aria-hidden=\"true\" class=\"wp-block-spacer\"><\/div>\n\n\n    <a href=\"https:\/\/zlindesignweek.com\/2026\/en\/osoba\/marek-kuzminski-2\/\"\n       class=\"no-decoration\">\n        <div class=\"person-item\">\n            <img loading=\"lazy\" decoding=\"async\" width=\"560\" height=\"667\" src=\"https:\/\/zlindesignweek.com\/2026\/wp-content\/uploads\/2025\/12\/pro-marek-kuzminski-560x667.jpg\" class=\"attachment-portrait size-portrait wp-post-image\" alt=\"\" \/>            <div class=\"person-item__bottom\">\n                <div class=\"person-item__text\">\n                    <h4 class=\"h5\">Marek Ku\u017ami\u0144ski                    <\/h4>\n                    <small>Workshop instructor<\/small>\n                <\/div>\n                <div class=\"person-item__button\">\n                    \u2192\n                <\/div>\n            <\/div>\n        <\/div>\n    <\/a>\n    \n\n    <a href=\"https:\/\/zlindesignweek.com\/2026\/en\/osoba\/canan-akoglu-2\/\"\n       class=\"no-decoration\">\n        <div class=\"person-item\">\n            <img loading=\"lazy\" decoding=\"async\" width=\"560\" height=\"667\" src=\"https:\/\/zlindesignweek.com\/2026\/wp-content\/uploads\/2026\/03\/canan-akoglu-560x667.jpg\" class=\"attachment-portrait size-portrait wp-post-image\" alt=\"\" \/>            <div class=\"person-item__bottom\">\n                <div class=\"person-item__text\">\n                    <h4 class=\"h5\">Canan Akoglu                    <\/h4>\n                    <small>Workshop instructor<\/small>\n                <\/div>\n                <div class=\"person-item__button\">\n                    \u2192\n                <\/div>\n            <\/div>\n        <\/div>\n    <\/a>\n    <\/div><\/div>\n","protected":false},"excerpt":{"rendered":"Workshop Together by Design: social design for positive impact \u00d7 Canan Akoglu &amp; Marek Ku\u017ami\u0144ski Location: Zlin Castle (Soudn\u00ed 1, Zlin)\u00a0Date: 9 May 2026Time: 3 [&hellip;]","protected":false},"author":52,"featured_media":0,"parent":0,"menu_order":0,"comment_status":"closed","ping_status":"closed","template":"templates\/no-title.php","meta":{"_acf_changed":false,"footnotes":""},"class_list":["post-42952","page","type-page","status-publish","hentry"],"acf":[],"_links":{"self":[{"href":"https:\/\/zlindesignweek.com\/2026\/wp-json\/wp\/v2\/pages\/42952","targetHints":{"allow":["GET"]}}],"collection":[{"href":"https:\/\/zlindesignweek.com\/2026\/wp-json\/wp\/v2\/pages"}],"about":[{"href":"https:\/\/zlindesignweek.com\/2026\/wp-json\/wp\/v2\/types\/page"}],"author":[{"embeddable":true,"href":"https:\/\/zlindesignweek.com\/2026\/wp-json\/wp\/v2\/users\/52"}],"replies":[{"embeddable":true,"href":"https:\/\/zlindesignweek.com\/2026\/wp-json\/wp\/v2\/comments?post=42952"}],"version-history":[{"count":3,"href":"https:\/\/zlindesignweek.com\/2026\/wp-json\/wp\/v2\/pages\/42952\/revisions"}],"predecessor-version":[{"id":43334,"href":"https:\/\/zlindesignweek.com\/2026\/wp-json\/wp\/v2\/pages\/42952\/revisions\/43334"}],"wp:attachment":[{"href":"https:\/\/zlindesignweek.com\/2026\/wp-json\/wp\/v2\/media?parent=42952"}],"curies":[{"name":"wp","href":"https:\/\/api.w.org\/{rel}","templated":true}]}}