{"id":42950,"date":"2026-03-31T10:11:52","date_gmt":"2026-03-31T08:11:52","guid":{"rendered":"https:\/\/zlindesignweek.com\/2026\/?page_id=42950"},"modified":"2026-04-10T10:27:37","modified_gmt":"2026-04-10T08:27:37","slug":"workshop-together-by-design-social-design-for-positive-impact-x-canan-akoglu-marek-kuzminski","status":"publish","type":"page","link":"https:\/\/zlindesignweek.com\/2026\/workshop-together-by-design-social-design-for-positive-impact-x-canan-akoglu-marek-kuzminski\/","title":{"rendered":"Workshop Together by Design: social design for positive impact \u00d7 Canan Akoglu &amp; Marek Ku\u017ami\u0144ski"},"content":{"rendered":"\n<div style=\"height:100px\" aria-hidden=\"true\" class=\"wp-block-spacer\"><\/div>\n\n\n\n<div class=\"wp-block-group\"><div class=\"wp-block-group__inner-container is-layout-constrained wp-block-group-is-layout-constrained\">\n<h3 class=\"wp-block-heading\"><mark style=\"background-color:rgba(0, 0, 0, 0)\" class=\"has-inline-color has-zdw-color\">Workshop Together by Design: social design for positive impact \u00d7 Canan Akoglu &amp; Marek Ku\u017ami\u0144ski<\/mark><\/h3>\n\n\n\n<p><mark style=\"background-color:rgba(0, 0, 0, 0)\" class=\"has-inline-color has-zdw-color\">Lokace:<\/mark> Z\u00e1mek Zl\u00edn (Soudn\u00ed 1, Zl\u00edn)\u00a0<br><mark style=\"background-color:rgba(0, 0, 0, 0)\" class=\"has-inline-color has-zdw-color\">Datum:<\/mark> 9.&nbsp;5.&nbsp;2026<br><mark style=\"background-color:rgba(0, 0, 0, 0)\" class=\"has-inline-color has-zdw-color\">\u010cas:<\/mark> 15:00\u201317:00<br><mark style=\"background-color:rgba(0, 0, 0, 0)\" class=\"has-inline-color has-zdw-color\">Jazyk:<\/mark> EN<br><mark style=\"background-color:rgba(0, 0, 0, 0)\" class=\"has-inline-color has-zdw-color\">Vstupn\u00e9:<\/mark> 350&nbsp;K\u010d<\/p>\n\n\n\n<div style=\"height:10px\" aria-hidden=\"true\" class=\"wp-block-spacer\"><\/div>\n\n\n\n<div class=\"wp-block-buttons is-layout-flex wp-block-buttons-is-layout-flex\">\n<div class=\"wp-block-button\"><a class=\"wp-block-button__link wp-element-button\" href=\"https:\/\/www.smsticket.cz\/vstupenky\/69136-workshop-together-by-design-canan-akoglu-marek-kuzminski-zlinsky-zamek-zlin\">KOUPIT VSTUPENKU<\/a><\/div>\n<\/div>\n\n\n\n<div style=\"height:15px\" aria-hidden=\"true\" class=\"wp-block-spacer\"><\/div>\n\n\n\n<p>Program se zam\u011b\u0159uje na to, jak m\u016f\u017ee design pom\u00e1hat propojovat lidi a&nbsp;ovliv\u0148ovat vztahy i&nbsp;situace ve ve\u0159ejn\u00e9m prostoru. Ukazuje design nejen jako tvorbu v\u011bc\u00ed, ale jako zp\u016fsob, jak vytv\u00e1\u0159et spojen\u00ed mezi lidmi a&nbsp;reagovat na jejich pot\u0159eby a&nbsp;zku\u0161enosti.&nbsp;<\/p>\n\n\n\n<p>Sou\u010d\u00e1st\u00ed budou praktick\u00e1 cvi\u010den\u00ed zam\u011b\u0159en\u00e1 na vn\u00edm\u00e1n\u00ed r\u016fzn\u00fdch perspektiv a&nbsp;pr\u00e1ci s&nbsp;konkr\u00e9tn\u00edmi situacemi, na jejich\u017e z\u00e1klad\u011b vzniknou vlastn\u00ed n\u00e1vrhy zam\u011b\u0159en\u00e9 na propojov\u00e1n\u00ed lid\u00ed. Ty uk\u00e1\u017eou, jak m\u016f\u017ee design vstupovat do ka\u017edodenn\u00edho \u017eivota a&nbsp;ovliv\u0148ovat ho.&nbsp;<\/p>\n\n\n\n<p>Workshop povedou <strong>Canan Akoglu<\/strong>, kter\u00e1 se dlouhodob\u011b v\u011bnuje designu zam\u011b\u0159en\u00e9mu na \u010dlov\u011bka a&nbsp;p\u016fsob\u00ed na \u0161kole <strong>Design School Kolding v&nbsp;D\u00e1nsku<\/strong>, a&nbsp;<strong>Marek Ku\u017ami\u0144ski<\/strong>, soci\u00e1ln\u00ed design\u00e9r zam\u011b\u0159en\u00fd na inkluzi a&nbsp;pr\u00e1ci s&nbsp;r\u016fzn\u00fdmi skupinami obyvatel. Oba se ve sv\u00e9 praxi soust\u0159ed\u00ed na to, <strong>jak m\u016f\u017ee design pom\u00e1hat \u0159e\u0161it konkr\u00e9tn\u00ed probl\u00e9my a&nbsp;p\u0159in\u00e1\u0161et pozitivn\u00ed zm\u011bny<\/strong>.<\/p>\n\n\n\n<p>Cel\u00fd workshop bude prob\u00edhat v&nbsp;anglick\u00e9m jazyce.<\/p>\n\n\n\n<div style=\"height:40px\" aria-hidden=\"true\" class=\"wp-block-spacer\"><\/div>\n\n\n    <a href=\"https:\/\/zlindesignweek.com\/2026\/osoba\/marek-kuzminski\/\"\n       class=\"no-decoration\">\n        <div class=\"person-item\">\n            <img loading=\"lazy\" decoding=\"async\" width=\"560\" height=\"667\" src=\"https:\/\/zlindesignweek.com\/2026\/wp-content\/uploads\/2025\/12\/pro-marek-kuzminski-560x667.jpg\" class=\"attachment-portrait size-portrait wp-post-image\" alt=\"\" \/>            <div class=\"person-item__bottom\">\n                <div class=\"person-item__text\">\n                    <h4 class=\"h5\">Marek Ku\u017ami\u0144ski                    <\/h4>\n                    <small>Lektor workshopu<\/small>\n                <\/div>\n                <div class=\"person-item__button\">\n                    \u2192\n                <\/div>\n            <\/div>\n        <\/div>\n    <\/a>\n    \n\n    <a href=\"https:\/\/zlindesignweek.com\/2026\/osoba\/canan-akoglu\/\"\n       class=\"no-decoration\">\n        <div class=\"person-item\">\n            <img loading=\"lazy\" decoding=\"async\" width=\"560\" height=\"667\" src=\"https:\/\/zlindesignweek.com\/2026\/wp-content\/uploads\/2026\/03\/canan-akoglu-560x667.jpg\" class=\"attachment-portrait size-portrait wp-post-image\" alt=\"\" \/>            <div class=\"person-item__bottom\">\n                <div class=\"person-item__text\">\n                    <h4 class=\"h5\">Canan Akoglu                    <\/h4>\n                    <small>Lektorka workshopu<\/small>\n                <\/div>\n                <div class=\"person-item__button\">\n                    \u2192\n                <\/div>\n            <\/div>\n        <\/div>\n    <\/a>\n    <\/div><\/div>\n","protected":false},"excerpt":{"rendered":"Workshop Together by Design: social design for positive impact \u00d7 Canan Akoglu &amp; Marek Ku\u017ami\u0144ski Lokace: Z\u00e1mek Zl\u00edn (Soudn\u00ed 1, Zl\u00edn)\u00a0Datum: 9.&nbsp;5.&nbsp;2026\u010cas: 15:00\u201317:00Jazyk: ENVstupn\u00e9: 350&nbsp;K\u010d [&hellip;]","protected":false},"author":52,"featured_media":0,"parent":0,"menu_order":0,"comment_status":"closed","ping_status":"closed","template":"templates\/no-title.php","meta":{"_acf_changed":false,"footnotes":""},"class_list":["post-42950","page","type-page","status-publish","hentry"],"acf":[],"_links":{"self":[{"href":"https:\/\/zlindesignweek.com\/2026\/wp-json\/wp\/v2\/pages\/42950","targetHints":{"allow":["GET"]}}],"collection":[{"href":"https:\/\/zlindesignweek.com\/2026\/wp-json\/wp\/v2\/pages"}],"about":[{"href":"https:\/\/zlindesignweek.com\/2026\/wp-json\/wp\/v2\/types\/page"}],"author":[{"embeddable":true,"href":"https:\/\/zlindesignweek.com\/2026\/wp-json\/wp\/v2\/users\/52"}],"replies":[{"embeddable":true,"href":"https:\/\/zlindesignweek.com\/2026\/wp-json\/wp\/v2\/comments?post=42950"}],"version-history":[{"count":3,"href":"https:\/\/zlindesignweek.com\/2026\/wp-json\/wp\/v2\/pages\/42950\/revisions"}],"predecessor-version":[{"id":43333,"href":"https:\/\/zlindesignweek.com\/2026\/wp-json\/wp\/v2\/pages\/42950\/revisions\/43333"}],"wp:attachment":[{"href":"https:\/\/zlindesignweek.com\/2026\/wp-json\/wp\/v2\/media?parent=42950"}],"curies":[{"name":"wp","href":"https:\/\/api.w.org\/{rel}","templated":true}]}}