{"id":42947,"date":"2026-03-31T10:01:37","date_gmt":"2026-03-31T08:01:37","guid":{"rendered":"https:\/\/zlindesignweek.com\/2026\/?page_id=42947"},"modified":"2026-04-10T10:32:24","modified_gmt":"2026-04-10T08:32:24","slug":"workshop-meaning-over-slogans-value-based-communication-in-culture-and-tourism-x-anna-stranska","status":"publish","type":"page","link":"https:\/\/zlindesignweek.com\/2026\/en\/workshop-meaning-over-slogans-value-based-communication-in-culture-and-tourism-x-anna-stranska\/","title":{"rendered":"Workshop Meaning Over Slogans: value-Based Communication in Culture and Tourism \u00d7 Anna Str\u00e1nsk\u00e1"},"content":{"rendered":"\n<div style=\"height:100px\" aria-hidden=\"true\" class=\"wp-block-spacer\"><\/div>\n\n\n\n<div class=\"wp-block-group\"><div class=\"wp-block-group__inner-container is-layout-constrained wp-block-group-is-layout-constrained\">\n<h3 class=\"wp-block-heading\"><mark style=\"background-color:rgba(0, 0, 0, 0)\" class=\"has-inline-color has-zdw-color\">Workshop Meaning Over Slogans: value-Based Communication in Culture and Tourism \u00d7 Anna Str\u00e1nsk\u00e1<\/mark><\/h3>\n\n\n\n<h4 class=\"wp-block-heading\">The workshop will be led by Anna Str\u00e1nsk\u00e1<\/h4>\n\n\n\n<p><mark style=\"background-color:rgba(0, 0, 0, 0)\" class=\"has-inline-color has-zdw-color\">Location:<\/mark> G18 Gallery (\u0160tef\u00e1nikova 5670, Zlin)<br><mark style=\"background-color:rgba(0, 0, 0, 0)\" class=\"has-inline-color has-zdw-color\">Date:<\/mark> 11 May 2026<br><mark style=\"background-color:rgba(0, 0, 0, 0)\" class=\"has-inline-color has-zdw-color\">Time:<\/mark> 2 PM&nbsp;\u2013 4 PM<br><mark style=\"background-color:rgba(0, 0, 0, 0)\" class=\"has-inline-color has-zdw-color\">Language:<\/mark> CZ<br><mark style=\"background-color:rgba(0, 0, 0, 0)\" class=\"has-inline-color has-zdw-color\">Admission: <\/mark>150 CZK<\/p>\n\n\n\n<div style=\"height:10px\" aria-hidden=\"true\" class=\"wp-block-spacer\"><\/div>\n\n\n\n<div class=\"wp-block-buttons is-layout-flex wp-block-buttons-is-layout-flex\">\n<div class=\"wp-block-button\"><a class=\"wp-block-button__link wp-element-button\" href=\"https:\/\/www.smsticket.cz\/vstupenky\/69138-workshop-smysl-misto-sloganu-anna-stranska-galerie-g18-zlin\">BUY A&nbsp;TICKET<\/a><\/div>\n<\/div>\n\n\n\n<div style=\"height:15px\" aria-hidden=\"true\" class=\"wp-block-spacer\"><\/div>\n\n\n\n<p>The goal of this educational workshop is to demonstrate how to communicate culture and tourism in a&nbsp;way that preserves their meaning, values, and context. It focuses on value-based marketing, which is grounded not only in performance but also in identity and long-term impact.<\/p>\n\n\n\n<p>The workshop will be led by <strong>Anna Str\u00e1nsk\u00e1<\/strong>. You will learn how to work with the values of cultural projects, craft their narrative and communication for various target audiences, and translate ideas into a&nbsp;clear and authentic form.<\/p>\n\n\n\n<div style=\"height:40px\" aria-hidden=\"true\" class=\"wp-block-spacer\"><\/div>\n\n\n    <a href=\"https:\/\/zlindesignweek.com\/2026\/en\/osoba\/anna-stranska-2\/\"\n       class=\"no-decoration\">\n        <div class=\"person-item\">\n            <img loading=\"lazy\" decoding=\"async\" width=\"560\" height=\"667\" src=\"https:\/\/zlindesignweek.com\/2026\/wp-content\/uploads\/2026\/03\/anna-stranska-foto-marek-malusek-560x667.jpg\" class=\"attachment-portrait size-portrait wp-post-image\" alt=\"\" \/>            <div class=\"person-item__bottom\">\n                <div class=\"person-item__text\">\n                    <h4 class=\"h5\">Anna Str\u00e1nsk\u00e1                    <\/h4>\n                    <small>Workshop instructor<\/small>\n                <\/div>\n                <div class=\"person-item__button\">\n                    \u2192\n                <\/div>\n            <\/div>\n        <\/div>\n    <\/a>\n    <\/div><\/div>\n","protected":false},"excerpt":{"rendered":"Workshop Meaning Over Slogans: value-Based Communication in Culture and Tourism \u00d7 Anna Str\u00e1nsk\u00e1 The workshop will be led by Anna Str\u00e1nsk\u00e1 Location: G18 Gallery (\u0160tef\u00e1nikova [&hellip;]","protected":false},"author":52,"featured_media":0,"parent":0,"menu_order":0,"comment_status":"closed","ping_status":"closed","template":"templates\/no-title.php","meta":{"_acf_changed":false,"footnotes":""},"class_list":["post-42947","page","type-page","status-publish","hentry"],"acf":[],"_links":{"self":[{"href":"https:\/\/zlindesignweek.com\/2026\/wp-json\/wp\/v2\/pages\/42947","targetHints":{"allow":["GET"]}}],"collection":[{"href":"https:\/\/zlindesignweek.com\/2026\/wp-json\/wp\/v2\/pages"}],"about":[{"href":"https:\/\/zlindesignweek.com\/2026\/wp-json\/wp\/v2\/types\/page"}],"author":[{"embeddable":true,"href":"https:\/\/zlindesignweek.com\/2026\/wp-json\/wp\/v2\/users\/52"}],"replies":[{"embeddable":true,"href":"https:\/\/zlindesignweek.com\/2026\/wp-json\/wp\/v2\/comments?post=42947"}],"version-history":[{"count":4,"href":"https:\/\/zlindesignweek.com\/2026\/wp-json\/wp\/v2\/pages\/42947\/revisions"}],"predecessor-version":[{"id":43338,"href":"https:\/\/zlindesignweek.com\/2026\/wp-json\/wp\/v2\/pages\/42947\/revisions\/43338"}],"wp:attachment":[{"href":"https:\/\/zlindesignweek.com\/2026\/wp-json\/wp\/v2\/media?parent=42947"}],"curies":[{"name":"wp","href":"https:\/\/api.w.org\/{rel}","templated":true}]}}