{"id":42944,"date":"2026-03-31T10:01:37","date_gmt":"2026-03-31T08:01:37","guid":{"rendered":"https:\/\/zlindesignweek.com\/2026\/?page_id=42944"},"modified":"2026-04-10T10:32:18","modified_gmt":"2026-04-10T08:32:18","slug":"workshop-smysl-misto-sloganu-hodnotova-komunikace-v-kulture-a-cestovnim-ruchu-x-anna-stranska","status":"publish","type":"page","link":"https:\/\/zlindesignweek.com\/2026\/workshop-smysl-misto-sloganu-hodnotova-komunikace-v-kulture-a-cestovnim-ruchu-x-anna-stranska\/","title":{"rendered":"Workshop Smysl m\u00edsto sloganu: hodnotov\u00e1 komunikace v&nbsp;kultu\u0159e a&nbsp;cestovn\u00edm ruchu \u00d7 Anna Str\u00e1nsk\u00e1"},"content":{"rendered":"\n<div style=\"height:100px\" aria-hidden=\"true\" class=\"wp-block-spacer\"><\/div>\n\n\n\n<div class=\"wp-block-group\"><div class=\"wp-block-group__inner-container is-layout-constrained wp-block-group-is-layout-constrained\">\n<h3 class=\"wp-block-heading\"><mark style=\"background-color:rgba(0, 0, 0, 0)\" class=\"has-inline-color has-zdw-color\">Workshop Smysl m\u00edsto sloganu: hodnotov\u00e1 komunikace v&nbsp;kultu\u0159e a&nbsp;cestovn\u00edm ruchu \u00d7 Anna Str\u00e1nsk\u00e1<\/mark><\/h3>\n\n\n\n<h4 class=\"wp-block-heading\">Workshop povede Anna Str\u00e1nsk\u00e1<\/h4>\n\n\n\n<p><mark style=\"background-color:rgba(0, 0, 0, 0)\" class=\"has-inline-color has-zdw-color\">Lokace:<\/mark> Galerie G18 (\u0160tef\u00e1nikova 5670, Zl\u00edn)<br><mark style=\"background-color:rgba(0, 0, 0, 0)\" class=\"has-inline-color has-zdw-color\">Datum:<\/mark> 11.&nbsp;5.&nbsp;2026<br><mark style=\"background-color:rgba(0, 0, 0, 0)\" class=\"has-inline-color has-zdw-color\">\u010cas:<\/mark> 14:00 \u2013 16:00<br><mark style=\"background-color:rgba(0, 0, 0, 0)\" class=\"has-inline-color has-zdw-color\">Jazyk:<\/mark> CZ<br><mark style=\"background-color:rgba(0, 0, 0, 0)\" class=\"has-inline-color has-zdw-color\">Vstupn\u00e9:<\/mark> 150&nbsp;K\u010d<\/p>\n\n\n\n<div style=\"height:10px\" aria-hidden=\"true\" class=\"wp-block-spacer\"><\/div>\n\n\n\n<div class=\"wp-block-buttons is-layout-flex wp-block-buttons-is-layout-flex\">\n<div class=\"wp-block-button\"><a class=\"wp-block-button__link wp-element-button\" href=\"https:\/\/www.smsticket.cz\/vstupenky\/69138-workshop-smysl-misto-sloganu-anna-stranska-galerie-g18-zlin\">KOUPIT VSTUPENKU<\/a><\/div>\n<\/div>\n\n\n\n<div style=\"height:15px\" aria-hidden=\"true\" class=\"wp-block-spacer\"><\/div>\n\n\n\n<p>C\u00edlem edukativn\u00edho workshopu je uk\u00e1zat, jak komunikovat kulturu a&nbsp;cestovn\u00ed ruch tak, aby neztratily sv\u016fj smysl, hodnoty a&nbsp;kontext. Zam\u011b\u0159uje se na hodnotov\u00fd marketing, kter\u00fd nestav\u00ed jen na v\u00fdkonu, ale na identit\u011b a&nbsp;dlouhodob\u00e9m dopadu.<\/p>\n\n\n\n<p>Workshop povede <strong>Anna Str\u00e1nsk\u00e1<\/strong>. Nau\u010d\u00ed\u0161 se pracovat s&nbsp;hodnotami kulturn\u00edch projekt\u016f, tvo\u0159it jejich p\u0159\u00edb\u011bh a&nbsp;komunikaci pro r\u016fzn\u00e9 c\u00edlov\u00e9 skupiny a&nbsp;p\u0159ev\u00e1d\u011bt my\u0161lenky do srozumiteln\u00e9 a&nbsp;autentick\u00e9 podoby.<\/p>\n\n\n\n<div style=\"height:40px\" aria-hidden=\"true\" class=\"wp-block-spacer\"><\/div>\n\n\n    <a href=\"https:\/\/zlindesignweek.com\/2026\/osoba\/anna-stranska\/\"\n       class=\"no-decoration\">\n        <div class=\"person-item\">\n            <img loading=\"lazy\" decoding=\"async\" width=\"560\" height=\"667\" src=\"https:\/\/zlindesignweek.com\/2026\/wp-content\/uploads\/2026\/03\/anna-stranska-foto-marek-malusek-560x667.jpg\" class=\"attachment-portrait size-portrait wp-post-image\" alt=\"\" \/>            <div class=\"person-item__bottom\">\n                <div class=\"person-item__text\">\n                    <h4 class=\"h5\">Anna Str\u00e1nsk\u00e1                    <\/h4>\n                    <small>Lektorka workshopu<\/small>\n                <\/div>\n                <div class=\"person-item__button\">\n                    \u2192\n                <\/div>\n            <\/div>\n        <\/div>\n    <\/a>\n    <\/div><\/div>\n","protected":false},"excerpt":{"rendered":"Workshop Smysl m\u00edsto sloganu: hodnotov\u00e1 komunikace v&nbsp;kultu\u0159e a&nbsp;cestovn\u00edm ruchu \u00d7 Anna Str\u00e1nsk\u00e1 Workshop povede Anna Str\u00e1nsk\u00e1 Lokace: Galerie G18 (\u0160tef\u00e1nikova 5670, Zl\u00edn)Datum: 11.&nbsp;5.&nbsp;2026\u010cas: 14:00 \u2013 [&hellip;]","protected":false},"author":52,"featured_media":0,"parent":0,"menu_order":0,"comment_status":"closed","ping_status":"closed","template":"templates\/no-title.php","meta":{"_acf_changed":false,"footnotes":""},"class_list":["post-42944","page","type-page","status-publish","hentry"],"acf":[],"_links":{"self":[{"href":"https:\/\/zlindesignweek.com\/2026\/wp-json\/wp\/v2\/pages\/42944","targetHints":{"allow":["GET"]}}],"collection":[{"href":"https:\/\/zlindesignweek.com\/2026\/wp-json\/wp\/v2\/pages"}],"about":[{"href":"https:\/\/zlindesignweek.com\/2026\/wp-json\/wp\/v2\/types\/page"}],"author":[{"embeddable":true,"href":"https:\/\/zlindesignweek.com\/2026\/wp-json\/wp\/v2\/users\/52"}],"replies":[{"embeddable":true,"href":"https:\/\/zlindesignweek.com\/2026\/wp-json\/wp\/v2\/comments?post=42944"}],"version-history":[{"count":4,"href":"https:\/\/zlindesignweek.com\/2026\/wp-json\/wp\/v2\/pages\/42944\/revisions"}],"predecessor-version":[{"id":43337,"href":"https:\/\/zlindesignweek.com\/2026\/wp-json\/wp\/v2\/pages\/42944\/revisions\/43337"}],"wp:attachment":[{"href":"https:\/\/zlindesignweek.com\/2026\/wp-json\/wp\/v2\/media?parent=42944"}],"curies":[{"name":"wp","href":"https:\/\/api.w.org\/{rel}","templated":true}]}}