{"id":42862,"date":"2026-03-30T18:26:25","date_gmt":"2026-03-30T16:26:25","guid":{"rendered":"https:\/\/zlindesignweek.com\/2026\/?page_id=42862"},"modified":"2026-04-07T09:37:25","modified_gmt":"2026-04-07T07:37:25","slug":"kam-in-the-streets-the-transformation-of-a-section-of-dlouha-street","status":"publish","type":"page","link":"https:\/\/zlindesignweek.com\/2026\/en\/kam-in-the-streets-the-transformation-of-a-section-of-dlouha-street\/","title":{"rendered":"KAM in the streets: The Transformation of a&nbsp;Section of Dlouh\u00e1 Street"},"content":{"rendered":"\n<div class=\"wp-block-group\"><div class=\"wp-block-group__inner-container is-layout-constrained wp-block-group-is-layout-constrained\">\n<p><mark style=\"background-color:rgba(0, 0, 0, 0)\" class=\"has-inline-color has-zdw-color\">Location:<\/mark> Dlouh\u00e1 Street (bar Zelen\u00e1\u010dova \u0160opa)<br><mark style=\"background-color:rgba(0, 0, 0, 0)\" class=\"has-inline-color has-zdw-color\">Dates:<\/mark> 6 May\u2013 12 May 2026<br><mark style=\"background-color:rgba(0, 0, 0, 0)\" class=\"has-inline-color has-zdw-color\">Daily:<\/mark> 10 AM \u2013 6 PM<br><mark style=\"background-color:rgba(0, 0, 0, 0)\" class=\"has-inline-color has-zdw-color\">Admission:<\/mark> Free<\/p>\n\n\n\n<p><mark style=\"background-color:rgba(0, 0, 0, 0)\" class=\"has-inline-color has-zdw-color\">Happening:<\/mark><br><strong>Date:<\/strong> Thursday, 7 May 2026<br><strong>Time: <\/strong>4 PM&nbsp;&#8211; 8 PM<br><strong>Admission: <\/strong>Free<\/p>\n\n\n\n<p>As part of Zlin Design Week, a&nbsp;section of Dlouh\u00e1 Street will be transformed for a&nbsp;week. Normally used mainly for traffic and parking, this time it will demonstrate how it can also serve as a&nbsp;place for people to meet, relax, or enjoy cultural events.<\/p>\n\n\n\n<p>On Thursday, May 7, an event will take place on-site, attended by the team from the Zl\u00edn City Architect\u2019s Office. You can view an exhibition of projects, chat with the architects, and participate in accompanying activities for both children and adults. In collaboration with the Zelen\u00e1\u010dova \u0161opa club, there will also be an outdoor concert, with the band performing directly from the terrace.<\/p>\n\n\n\n<p>The entire project is based on the principles of tactical urbanism\u2014that is, temporary modifications to public spaces that demonstrate new ways of using them and spark a&nbsp;discussion about how they might function in the long term.<\/p>\n<\/div><\/div>\n","protected":false},"excerpt":{"rendered":"Location: Dlouh\u00e1 Street (bar Zelen\u00e1\u010dova \u0160opa)Dates: 6 May\u2013 12 May 2026Daily: 10 AM \u2013 6 PMAdmission: Free Happening:Date: Thursday, 7 May 2026Time: 4 PM&nbsp;&#8211; 8 [&hellip;]","protected":false},"author":52,"featured_media":0,"parent":0,"menu_order":0,"comment_status":"closed","ping_status":"closed","template":"","meta":{"_acf_changed":false,"footnotes":""},"class_list":["post-42862","page","type-page","status-publish","hentry"],"acf":[],"_links":{"self":[{"href":"https:\/\/zlindesignweek.com\/2026\/wp-json\/wp\/v2\/pages\/42862","targetHints":{"allow":["GET"]}}],"collection":[{"href":"https:\/\/zlindesignweek.com\/2026\/wp-json\/wp\/v2\/pages"}],"about":[{"href":"https:\/\/zlindesignweek.com\/2026\/wp-json\/wp\/v2\/types\/page"}],"author":[{"embeddable":true,"href":"https:\/\/zlindesignweek.com\/2026\/wp-json\/wp\/v2\/users\/52"}],"replies":[{"embeddable":true,"href":"https:\/\/zlindesignweek.com\/2026\/wp-json\/wp\/v2\/comments?post=42862"}],"version-history":[{"count":1,"href":"https:\/\/zlindesignweek.com\/2026\/wp-json\/wp\/v2\/pages\/42862\/revisions"}],"predecessor-version":[{"id":42863,"href":"https:\/\/zlindesignweek.com\/2026\/wp-json\/wp\/v2\/pages\/42862\/revisions\/42863"}],"wp:attachment":[{"href":"https:\/\/zlindesignweek.com\/2026\/wp-json\/wp\/v2\/media?parent=42862"}],"curies":[{"name":"wp","href":"https:\/\/api.w.org\/{rel}","templated":true}]}}