{"id":42859,"date":"2026-03-30T18:26:25","date_gmt":"2026-03-30T16:26:25","guid":{"rendered":"https:\/\/zlindesignweek.com\/2026\/?page_id=42859"},"modified":"2026-04-07T09:37:09","modified_gmt":"2026-04-07T07:37:09","slug":"kam-v-ulicich-happening-na-ulici-dlouha","status":"publish","type":"page","link":"https:\/\/zlindesignweek.com\/2026\/kam-v-ulicich-happening-na-ulici-dlouha\/","title":{"rendered":"KAM v&nbsp;ulic\u00edch: Happening na ulici Dlouh\u00e1"},"content":{"rendered":"\n<div class=\"wp-block-group\"><div class=\"wp-block-group__inner-container is-layout-constrained wp-block-group-is-layout-constrained\">\n<p><mark style=\"background-color:rgba(0, 0, 0, 0)\" class=\"has-inline-color has-zdw-color\">Lokace:<\/mark> Ulice Dlouh\u00e1 (u&nbsp;baru Zelen\u00e1\u010dova \u0160opa)<br><mark style=\"background-color:rgba(0, 0, 0, 0)\" class=\"has-inline-color has-zdw-color\">Datum:<\/mark> 6.-12.&nbsp;kv\u011btna 2026<br><mark style=\"background-color:rgba(0, 0, 0, 0)\" class=\"has-inline-color has-zdw-color\">\u010cas:<\/mark> 10:00 &#8211; 18:00<br><mark style=\"background-color:rgba(0, 0, 0, 0)\" class=\"has-inline-color has-zdw-color\">Vstupn\u00e9: <\/mark>Zdarma<\/p>\n\n\n\n<p><mark style=\"background-color:rgba(0, 0, 0, 0)\" class=\"has-inline-color has-zdw-color\">Happening:<\/mark><br><strong>Datum:<\/strong> \u010dtvrtek 7.&nbsp;5.&nbsp;2026<br><strong>\u010cas: <\/strong>16:00 &#8211; 20:00<br><strong>Vstupn\u00e9: <\/strong>Zdarma<\/p>\n\n\n\n<p>V r\u00e1mci Zlin Design Weeku se na t\u00fdden prom\u011bn\u00ed \u010d\u00e1st ulice Dlouh\u00e1. B\u011b\u017en\u011b slou\u017e\u00ed hlavn\u011b pro pr\u016fjezd a&nbsp;parkov\u00e1n\u00ed, tentokr\u00e1t ale uk\u00e1\u017ee, jak m\u016f\u017ee fungovat i&nbsp;jako m\u00edsto pro setk\u00e1v\u00e1n\u00ed, posezen\u00ed nebo kulturn\u00ed program.<\/p>\n\n\n\n<p>Ve \u010dtvrtek 7.&nbsp;kv\u011btna prob\u011bhne na m\u00edst\u011b happening, kde bude p\u0159\u00edtomn\u00fd i&nbsp;t\u00fdm Kancel\u00e1\u0159e architekta m\u011bsta Zl\u00edna. M\u016f\u017ee\u0161 si prohl\u00e9dnout v\u00fdstavu projekt\u016f, pobavit se s&nbsp;architekty a&nbsp;zapojit se do doprovodn\u00fdch aktivit pro d\u011bti i&nbsp;dosp\u011bl\u00e9. Ve spolupr\u00e1ci s&nbsp;klubem Zelen\u00e1\u010dova \u0161opa prob\u011bhne i&nbsp;venkovn\u00ed koncert, kdy kapela zahraje p\u0159\u00edmo z&nbsp;terasy.<\/p>\n\n\n\n<p>Cel\u00fd z\u00e1sah vych\u00e1z\u00ed z&nbsp;princip\u016f taktick\u00e9ho urbanismu, tedy do\u010dasn\u00fdch \u00faprav ve\u0159ejn\u00e9ho prostoru, kter\u00e9 ukazuj\u00ed nov\u00e9 mo\u017enosti jeho vyu\u017eit\u00ed a&nbsp;otev\u00edraj\u00ed diskuzi o&nbsp;tom, jak by mohl fungovat dlouhodob\u011b.<\/p>\n<\/div><\/div>\n","protected":false},"excerpt":{"rendered":"Lokace: Ulice Dlouh\u00e1 (u&nbsp;baru Zelen\u00e1\u010dova \u0160opa)Datum: 6.-12.&nbsp;kv\u011btna 2026\u010cas: 10:00 &#8211; 18:00Vstupn\u00e9: Zdarma Happening:Datum: \u010dtvrtek 7.&nbsp;5.&nbsp;2026\u010cas: 16:00 &#8211; 20:00Vstupn\u00e9: Zdarma V&nbsp;r\u00e1mci Zlin Design Weeku se [&hellip;]","protected":false},"author":52,"featured_media":0,"parent":0,"menu_order":0,"comment_status":"closed","ping_status":"closed","template":"","meta":{"_acf_changed":false,"footnotes":""},"class_list":["post-42859","page","type-page","status-publish","hentry"],"acf":[],"_links":{"self":[{"href":"https:\/\/zlindesignweek.com\/2026\/wp-json\/wp\/v2\/pages\/42859","targetHints":{"allow":["GET"]}}],"collection":[{"href":"https:\/\/zlindesignweek.com\/2026\/wp-json\/wp\/v2\/pages"}],"about":[{"href":"https:\/\/zlindesignweek.com\/2026\/wp-json\/wp\/v2\/types\/page"}],"author":[{"embeddable":true,"href":"https:\/\/zlindesignweek.com\/2026\/wp-json\/wp\/v2\/users\/52"}],"replies":[{"embeddable":true,"href":"https:\/\/zlindesignweek.com\/2026\/wp-json\/wp\/v2\/comments?post=42859"}],"version-history":[{"count":2,"href":"https:\/\/zlindesignweek.com\/2026\/wp-json\/wp\/v2\/pages\/42859\/revisions"}],"predecessor-version":[{"id":43308,"href":"https:\/\/zlindesignweek.com\/2026\/wp-json\/wp\/v2\/pages\/42859\/revisions\/43308"}],"wp:attachment":[{"href":"https:\/\/zlindesignweek.com\/2026\/wp-json\/wp\/v2\/media?parent=42859"}],"curies":[{"name":"wp","href":"https:\/\/api.w.org\/{rel}","templated":true}]}}