{"id":42853,"date":"2026-03-30T18:07:47","date_gmt":"2026-03-30T16:07:47","guid":{"rendered":"https:\/\/zlindesignweek.com\/2026\/?page_id=42853"},"modified":"2026-03-30T18:15:12","modified_gmt":"2026-03-30T16:15:12","slug":"exhibition-less-is-more-more-or","status":"publish","type":"page","link":"https:\/\/zlindesignweek.com\/2026\/en\/exhibition-less-is-more-more-or\/","title":{"rendered":"EXHIBITION LESS IS MORE &#8211; MORE OR"},"content":{"rendered":"\n<div class=\"wp-block-group\"><div class=\"wp-block-group__inner-container is-layout-constrained wp-block-group-is-layout-constrained\">\n<p><mark style=\"background-color:rgba(0, 0, 0, 0)\" class=\"has-inline-color has-zdw-color\">Location:<\/mark> Regional Gallery of Fine Arts in Zlin (Vavre\u010dkova 7040, 760&nbsp;01 Zl\u00edn 1)<br><mark style=\"background-color:rgba(0, 0, 0, 0)\" class=\"has-inline-color has-zdw-color\">Dates:<\/mark> 8 May\u2013 26 July 2026<br><mark style=\"background-color:rgba(0, 0, 0, 0)\" class=\"has-inline-color has-zdw-color\">Daily:<\/mark> 10 AM \u2013 6 PM&nbsp;(TUE-SUN)<br><mark style=\"background-color:rgba(0, 0, 0, 0)\" class=\"has-inline-color has-zdw-color\">Admission:<\/mark> Free<\/p>\n\n\n\n<p><mark style=\"background-color:rgba(0, 0, 0, 0)\" class=\"has-inline-color has-zdw-color\">Exhibition opening:<\/mark><br><strong>Date:<\/strong><mark style=\"background-color:rgba(0, 0, 0, 0)\" class=\"has-inline-color has-zdw-color\"> <\/mark>Thursday, 7 May 2026<br><strong>Time:<\/strong><mark style=\"background-color:rgba(0, 0, 0, 0)\" class=\"has-inline-color has-zdw-color\"> <\/mark>6 PM<br><strong>Language:<\/strong> CZ<\/p>\n\n\n\n<p>This international exhibition presents dozens of student projects on the theme \u201cless is more,\u201d created in collaboration with universities such as the Technical University of Zvolen, the Academy of Fine Arts in Wroc\u0142aw, Masaryk University, the University of Algarve, National Taipei University of Technology, and the Bezalel Academy of Arts and Design.&nbsp;<\/p>\n\n\n\n<p>The exhibition explores how young artists today view the famous modernist motto attributed to Ludwig Mies van der Rohe. It showcases various approaches to the question of whether minimalism still has a&nbsp;place in the present day, or whether it needs to be reevaluated.&nbsp;<\/p>\n\n\n\n<p>Projects across disciplines\u2014from product and furniture design to graphic and digital design\u2014explore how to work with materials, technologies, and digital space, and where the line lies between simplicity and the loss of diversity.<\/p>\n\n\n\n<p><mark style=\"background-color:rgba(0, 0, 0, 0)\" class=\"has-inline-color has-light-color\">Curators: V. Jakub\u00ed\u010dek, Graphic Arts Department of the Regional Gallery of Fine Arts in Zl\u00edn<\/mark><\/p>\n<\/div><\/div>\n\n\n\n<p><\/p>\n","protected":false},"excerpt":{"rendered":"Location: Regional Gallery of Fine Arts in Zlin (Vavre\u010dkova 7040, 760&nbsp;01 Zl\u00edn 1)Dates: 8 May\u2013 26 July 2026Daily: 10 AM \u2013 6 PM&nbsp;(TUE-SUN)Admission: Free Exhibition [&hellip;]","protected":false},"author":52,"featured_media":0,"parent":0,"menu_order":0,"comment_status":"closed","ping_status":"closed","template":"","meta":{"_acf_changed":false,"footnotes":""},"class_list":["post-42853","page","type-page","status-publish","hentry"],"acf":[],"_links":{"self":[{"href":"https:\/\/zlindesignweek.com\/2026\/wp-json\/wp\/v2\/pages\/42853","targetHints":{"allow":["GET"]}}],"collection":[{"href":"https:\/\/zlindesignweek.com\/2026\/wp-json\/wp\/v2\/pages"}],"about":[{"href":"https:\/\/zlindesignweek.com\/2026\/wp-json\/wp\/v2\/types\/page"}],"author":[{"embeddable":true,"href":"https:\/\/zlindesignweek.com\/2026\/wp-json\/wp\/v2\/users\/52"}],"replies":[{"embeddable":true,"href":"https:\/\/zlindesignweek.com\/2026\/wp-json\/wp\/v2\/comments?post=42853"}],"version-history":[{"count":2,"href":"https:\/\/zlindesignweek.com\/2026\/wp-json\/wp\/v2\/pages\/42853\/revisions"}],"predecessor-version":[{"id":42857,"href":"https:\/\/zlindesignweek.com\/2026\/wp-json\/wp\/v2\/pages\/42853\/revisions\/42857"}],"wp:attachment":[{"href":"https:\/\/zlindesignweek.com\/2026\/wp-json\/wp\/v2\/media?parent=42853"}],"curies":[{"name":"wp","href":"https:\/\/api.w.org\/{rel}","templated":true}]}}