{"id":42851,"date":"2026-03-30T18:07:47","date_gmt":"2026-03-30T16:07:47","guid":{"rendered":"https:\/\/zlindesignweek.com\/2026\/?page_id=42851"},"modified":"2026-03-30T18:15:07","modified_gmt":"2026-03-30T16:15:07","slug":"vystava-mene-je-vice-vice-ci-mene","status":"publish","type":"page","link":"https:\/\/zlindesignweek.com\/2026\/vystava-mene-je-vice-vice-ci-mene\/","title":{"rendered":"V\u00fdstava M\u00e9n\u011b je v\u00edce \u2013 v\u00edce \u010di&nbsp;m\u00e9n\u011b"},"content":{"rendered":"\n<div class=\"wp-block-group\"><div class=\"wp-block-group__inner-container is-layout-constrained wp-block-group-is-layout-constrained\">\n<p><mark style=\"background-color:rgba(0, 0, 0, 0)\" class=\"has-inline-color has-zdw-color\">Lokace:<\/mark> Krajsk\u00e1 galerie v\u00fdtvarn\u00e9ho um\u011bn\u00ed ve Zl\u00edn\u011b (Vavre\u010dkova 7040, 760&nbsp;01 Zl\u00edn 1)<br><mark style=\"background-color:rgba(0, 0, 0, 0)\" class=\"has-inline-color has-zdw-color\">Term\u00edny v\u00fdstavy:<\/mark> 8.&nbsp;5. \u2013 26.&nbsp;7.&nbsp;2026<br><mark style=\"background-color:rgba(0, 0, 0, 0)\" class=\"has-inline-color has-zdw-color\">Denn\u011b:<\/mark> 10:00 \u2013 18:00 (\u00daT-NE)<br><mark style=\"background-color:rgba(0, 0, 0, 0)\" class=\"has-inline-color has-zdw-color\">Vstupn\u00e9:<\/mark> Zdarma<\/p>\n\n\n\n<p><mark style=\"background-color:rgba(0, 0, 0, 0)\" class=\"has-inline-color has-zdw-color\">Vernis\u00e1\u017e v\u00fdstavy:<\/mark><br><strong>Datum:<\/strong> \u010dtvrtek 7.&nbsp;5.&nbsp;2026<br><strong>\u010cas:<\/strong> 18:00<br><strong>Jazyk:<\/strong> CZ<\/p>\n\n\n\n<p>Mezin\u00e1rodn\u00ed v\u00fdstava p\u0159edstavuje des\u00edtky studentsk\u00fdch projekt\u016f na t\u00e9ma \u201em\u00e9n\u011b je v\u00edce\u201c, kter\u00e9 vznikly ve spolupr\u00e1ci s&nbsp;univerzitami jako Technick\u00e1 univerzita ve Zvolenu, Akademia Sztuk Pi\u0119knych ve Vratislavi, Masarykova univerzita, Universidade do Algarve, National Taipei University of Technology nebo Bezalel Academy of Arts and Design.&nbsp;<\/p>\n\n\n\n<p>V\u00fdstava se zab\u00fdv\u00e1 t\u00edm, jak dnes mlad\u00ed tv\u016frci nahl\u00ed\u017eej\u00ed na zn\u00e1m\u00e9 modernistick\u00e9 heslo p\u0159ipisovan\u00e9 <strong>Ludwigu Miesovi van der Rohe.<\/strong> Ukazuje r\u016fzn\u00e9 p\u0159\u00edstupy k&nbsp;ot\u00e1zce, zda m\u00e1 minimalismus v&nbsp;sou\u010dasnosti st\u00e1le sv\u00e9 m\u00edsto, nebo jestli je pot\u0159eba ho znovu p\u0159ehodnotit.&nbsp;<\/p>\n\n\n\n<p>Projekty nap\u0159\u00ed\u010d obory od produktov\u00e9ho a&nbsp;n\u00e1bytkov\u00e9ho designu po&nbsp;grafiku a&nbsp;digit\u00e1ln\u00ed tvorbu zkoumaj\u00ed, jak pracovat s&nbsp;materi\u00e1lem, technologiemi i&nbsp;digit\u00e1ln\u00edm prostorem a&nbsp;kde le\u017e\u00ed hranice mezi jednoduchost\u00ed a&nbsp;ztr\u00e1tou rozmanitosti.&nbsp;<\/p>\n\n\n\n<p><mark style=\"background-color:rgba(0, 0, 0, 0)\" class=\"has-inline-color has-light-color\">Kur\u00e1to\u0159i: V. Jakub\u00ed\u010dek, Grafick\u00fd kabinet Krajsk\u00e9 galerie v\u00fdtvarn\u00e9ho um\u011bn\u00ed ve Zl\u00edn\u011b<\/mark><\/p>\n<\/div><\/div>\n","protected":false},"excerpt":{"rendered":"Lokace: Krajsk\u00e1 galerie v\u00fdtvarn\u00e9ho um\u011bn\u00ed ve Zl\u00edn\u011b (Vavre\u010dkova 7040, 760&nbsp;01 Zl\u00edn 1)Term\u00edny v\u00fdstavy: 8.&nbsp;5. \u2013 26.&nbsp;7.&nbsp;2026Denn\u011b: 10:00 \u2013 18:00 (\u00daT-NE)Vstupn\u00e9: Zdarma Vernis\u00e1\u017e v\u00fdstavy:Datum: \u010dtvrtek 7.&nbsp;5.&nbsp;2026\u010cas: [&hellip;]","protected":false},"author":52,"featured_media":0,"parent":0,"menu_order":0,"comment_status":"closed","ping_status":"closed","template":"","meta":{"_acf_changed":false,"footnotes":""},"class_list":["post-42851","page","type-page","status-publish","hentry"],"acf":[],"_links":{"self":[{"href":"https:\/\/zlindesignweek.com\/2026\/wp-json\/wp\/v2\/pages\/42851","targetHints":{"allow":["GET"]}}],"collection":[{"href":"https:\/\/zlindesignweek.com\/2026\/wp-json\/wp\/v2\/pages"}],"about":[{"href":"https:\/\/zlindesignweek.com\/2026\/wp-json\/wp\/v2\/types\/page"}],"author":[{"embeddable":true,"href":"https:\/\/zlindesignweek.com\/2026\/wp-json\/wp\/v2\/users\/52"}],"replies":[{"embeddable":true,"href":"https:\/\/zlindesignweek.com\/2026\/wp-json\/wp\/v2\/comments?post=42851"}],"version-history":[{"count":2,"href":"https:\/\/zlindesignweek.com\/2026\/wp-json\/wp\/v2\/pages\/42851\/revisions"}],"predecessor-version":[{"id":42858,"href":"https:\/\/zlindesignweek.com\/2026\/wp-json\/wp\/v2\/pages\/42851\/revisions\/42858"}],"wp:attachment":[{"href":"https:\/\/zlindesignweek.com\/2026\/wp-json\/wp\/v2\/media?parent=42851"}],"curies":[{"name":"wp","href":"https:\/\/api.w.org\/{rel}","templated":true}]}}