{"id":42220,"date":"2026-03-25T10:20:43","date_gmt":"2026-03-25T09:20:43","guid":{"rendered":"https:\/\/zlindesignweek.com\/2026\/?page_id=42220"},"modified":"2026-05-03T10:52:01","modified_gmt":"2026-05-03T08:52:01","slug":"workshop-product-design-from-idea-to-impact","status":"publish","type":"page","link":"https:\/\/zlindesignweek.com\/2026\/en\/workshop-product-design-from-idea-to-impact\/","title":{"rendered":"Workshop Product Design: from idea to impact \u00d7 Jan Jel\u00ednek"},"content":{"rendered":"\n<div style=\"height:100px\" aria-hidden=\"true\" class=\"wp-block-spacer\"><\/div>\n\n\n\n<div class=\"wp-block-group\"><div class=\"wp-block-group__inner-container is-layout-constrained wp-block-group-is-layout-constrained\">\n<h3 class=\"wp-block-heading\"><mark style=\"background-color:rgba(0, 0, 0, 0)\" class=\"has-inline-color has-zdw-color\">Workshop Product Design: from idea to impact \u00d7 Jan Jel\u00ednek<\/mark><\/h3>\n\n\n\n<h4 class=\"wp-block-heading\">The workshop will be led by Jan Jel\u00ednek<\/h4>\n\n\n\n<p><mark style=\"background-color:rgba(0, 0, 0, 0)\" class=\"has-inline-color has-zdw-color\">Location:&nbsp;<\/mark>Arts Management Studio in Building U4, Faculty of Multimedia Communications, Tomas Bata University (Univerzitn\u00ed 2431, Zlin)<br><mark style=\"background-color:rgba(0, 0, 0, 0)\" class=\"has-inline-color has-zdw-color\">Date:<\/mark>&nbsp;8 May 2026<br><mark style=\"background-color:rgba(0, 0, 0, 0)\" class=\"has-inline-color has-zdw-color\">Time:<\/mark>&nbsp;10 AM \u2013 1 PM<br><mark style=\"background-color:rgba(0, 0, 0, 0)\" class=\"has-inline-color has-zdw-color\"><strong>Language<\/strong>:<\/mark>&nbsp;CZ<br><mark style=\"background-color:rgba(0, 0, 0, 0)\" class=\"has-inline-color has-zdw-color\"><strong>Admission<\/strong>:<\/mark>&nbsp;350 CZK<\/p>\n\n\n\n<div style=\"height:10px\" aria-hidden=\"true\" class=\"wp-block-spacer\"><\/div>\n\n\n\n<div class=\"wp-block-buttons is-layout-flex wp-block-buttons-is-layout-flex\">\n<div class=\"wp-block-button\"><a class=\"wp-block-button__link wp-element-button\" href=\"https:\/\/www.smsticket.cz\/vstupenky\/69135-workshop-product-design-od-napadu-k-dopadu-jan-jelinek-atelier-arts-management-fmk-utb-zlin\">BUY A&nbsp;TICKET<\/a><\/div>\n<\/div>\n\n\n\n<div style=\"height:15px\" aria-hidden=\"true\" class=\"wp-block-spacer\"><\/div>\n\n\n\n<p>Learn how to design products that make sense, sell well, and have a&nbsp;positive impact. Are you planning something new? Whether it\u2019s a&nbsp;service, product, app, or event, we\u2019ll show you how to approach it so you don\u2019t waste time or money and keep the people you\u2019re doing it for in mind from the very beginning. By the end, you\u2019ll walk away with concrete tools for testing whether your idea works, gathering user feedback, and\u2014most importantly\u2014approaching design in a&nbsp;simple and effective way.<\/p>\n\n\n\n<div style=\"height:40px\" aria-hidden=\"true\" class=\"wp-block-spacer\"><\/div>\n\n\n    <a href=\"https:\/\/zlindesignweek.com\/2026\/en\/osoba\/jan-jelinek-2\/\"\n       class=\"no-decoration\">\n        <div class=\"person-item\">\n            <img loading=\"lazy\" decoding=\"async\" width=\"560\" height=\"667\" src=\"https:\/\/zlindesignweek.com\/2026\/wp-content\/uploads\/2026\/03\/jan-jelinek-560x667.jpg\" class=\"attachment-portrait size-portrait wp-post-image\" alt=\"\" \/>            <div class=\"person-item__bottom\">\n                <div class=\"person-item__text\">\n                    <h4 class=\"h5\">Jan Jel\u00ednek                    <\/h4>\n                    <small>Workshop Instructor<\/small>\n                <\/div>\n                <div class=\"person-item__button\">\n                    \u2192\n                <\/div>\n            <\/div>\n        <\/div>\n    <\/a>\n    \n\n\n<div style=\"height:30px\" aria-hidden=\"true\" class=\"wp-block-spacer\"><\/div>\n\n\n\n<div class=\"wp-block-esab-accordion esab-vnkdziw6\" data-mode=\"global\"><div class=\"esab__container\">\n<div class=\"wp-block-esab-accordion-child esab__active_accordion\"><div class=\"esab__head\" role=\"button\" aria-expanded=\"true\"><div class=\"esab__heading_txt\"><p class=\"esab__heading_tag\"><strong><strong><strong><strong>How do I&nbsp;get to the faculty?<\/strong><\/strong><\/strong><\/strong><\/p><\/div><div class=\"esab__icon esab__active_icon\"><div class=\"esab__collapse\"> <svg version=\"1.2\" viewBox=\"0 0 24 24\" width=\"24\" height=\"24\"><path d=\"m11.3 3.6h1.4q0.2 0 0.2 0.1v16.6q0 0.1-0.2 0.1h-1.4q-0.2 0-0.2-0.2v-16.5q0-0.1 0.2-0.1z\"><\/path><path d=\"m4.1 11.1h15.8q0.2 0 0.2 0.2v1.4q0 0.2-0.2 0.2h-15.8q-0.2 0-0.2-0.2v-1.4q0-0.2 0.2-0.2z\"><\/path><\/svg> <\/div><div class=\"esab__expand\"> <svg version=\"1.2\" viewBox=\"0 0 24 24\" width=\"24\" height=\"24\"><path d=\"m3.4 11.1h17.2v1.8h-17.2z\"><\/path><\/svg> <\/div><\/div><\/div><div class=\"esab__body esab__active\">\n<p><mark style=\"background-color:rgba(0, 0, 0, 0)\" class=\"has-inline-color has-white-color\">Public transport:\u00a0<\/mark>By far the closest stop is\u00a0<strong>\u0160koln\u00ed<\/strong>, with\u00a0<strong>N\u00e1m\u011bst\u00ed M\u00edru<\/strong>\u00a0as another nearby option.<br><mark style=\"background-color:rgba(0, 0, 0, 0)\" class=\"has-inline-color has-white-color\">By car:<\/mark>\u00a0You can park on\u00a0<strong>Hradsk\u00e1 Street<\/strong>\u00a0or in the car park beneath the\u00a0<strong>Congress Centre<\/strong>. Both options are paid. Parking in Zl\u00edn can generally be difficult, so if possible, we recommend coming on foot instead.<\/p>\n\n\n\n<p>The workshop will take place in the&nbsp;<strong>Arts Management studio<\/strong>&nbsp;(<strong>room U42\/253<\/strong>).<\/p>\n\n\n\n<p>If you have any specific access needs and or are unsure whether the programme is suitable for you, please do not hesitate to contact us by email at&nbsp;<strong><a href=\"mailto:anna.svobodova@zlindesignweek.com\">anna.svobodova@zlindesignweek.com<\/a><\/strong>&nbsp;or by phone or SMS at&nbsp;<strong>+420&nbsp;733&nbsp;144&nbsp;711<\/strong>.<\/p>\n<\/div><\/div>\n<\/div><\/div>\n<\/div><\/div>\n","protected":false},"excerpt":{"rendered":"Workshop Product Design: from idea to impact \u00d7 Jan Jel\u00ednek The workshop will be led by Jan Jel\u00ednek Location:&nbsp;Arts Management Studio in Building U4, Faculty [&hellip;]","protected":false},"author":52,"featured_media":0,"parent":0,"menu_order":0,"comment_status":"closed","ping_status":"closed","template":"templates\/no-title.php","meta":{"_acf_changed":false,"footnotes":""},"class_list":["post-42220","page","type-page","status-publish","hentry"],"acf":[],"_links":{"self":[{"href":"https:\/\/zlindesignweek.com\/2026\/wp-json\/wp\/v2\/pages\/42220","targetHints":{"allow":["GET"]}}],"collection":[{"href":"https:\/\/zlindesignweek.com\/2026\/wp-json\/wp\/v2\/pages"}],"about":[{"href":"https:\/\/zlindesignweek.com\/2026\/wp-json\/wp\/v2\/types\/page"}],"author":[{"embeddable":true,"href":"https:\/\/zlindesignweek.com\/2026\/wp-json\/wp\/v2\/users\/52"}],"replies":[{"embeddable":true,"href":"https:\/\/zlindesignweek.com\/2026\/wp-json\/wp\/v2\/comments?post=42220"}],"version-history":[{"count":6,"href":"https:\/\/zlindesignweek.com\/2026\/wp-json\/wp\/v2\/pages\/42220\/revisions"}],"predecessor-version":[{"id":43897,"href":"https:\/\/zlindesignweek.com\/2026\/wp-json\/wp\/v2\/pages\/42220\/revisions\/43897"}],"wp:attachment":[{"href":"https:\/\/zlindesignweek.com\/2026\/wp-json\/wp\/v2\/media?parent=42220"}],"curies":[{"name":"wp","href":"https:\/\/api.w.org\/{rel}","templated":true}]}}