{"id":42217,"date":"2026-03-25T10:20:43","date_gmt":"2026-03-25T09:20:43","guid":{"rendered":"https:\/\/zlindesignweek.com\/2026\/?page_id=42217"},"modified":"2026-04-10T10:11:26","modified_gmt":"2026-04-10T08:11:26","slug":"workshop-product-design-od-napadu-k-dopadu","status":"publish","type":"page","link":"https:\/\/zlindesignweek.com\/2026\/workshop-product-design-od-napadu-k-dopadu\/","title":{"rendered":"Workshop Product Design: od n\u00e1padu k&nbsp;dopadu \u00d7 Jan Jel\u00ednek"},"content":{"rendered":"\n<div style=\"height:100px\" aria-hidden=\"true\" class=\"wp-block-spacer\"><\/div>\n\n\n\n<div class=\"wp-block-group\"><div class=\"wp-block-group__inner-container is-layout-constrained wp-block-group-is-layout-constrained\">\n<h3 class=\"wp-block-heading\"><mark style=\"background-color:rgba(0, 0, 0, 0)\" class=\"has-inline-color has-zdw-color\">Workshop Product Design: od n\u00e1padu k&nbsp;dopadu \u00d7 Jan Jel\u00ednek<\/mark> <\/h3>\n\n\n\n<h4 class=\"wp-block-heading\">Workshop povede Jan Jel\u00ednek<\/h4>\n\n\n\n<p><mark style=\"background-color:rgba(0, 0, 0, 0)\" class=\"has-inline-color has-zdw-color\">Lokace:\u00a0<\/mark>ateli\u00e9r Arts Management v\u00a0budov\u011b U4, Fakulta multimedi\u00e1ln\u00edch komunikac\u00ed UTB (Univerzitn\u00ed 2431, Zl\u00edn)<br><mark style=\"background-color:rgba(0, 0, 0, 0)\" class=\"has-inline-color has-zdw-color\">Datum:<\/mark>\u00a08.&nbsp;5.&nbsp;2026<br><mark style=\"background-color:rgba(0, 0, 0, 0)\" class=\"has-inline-color has-zdw-color\">\u010cas:<\/mark>\u00a010:00\u201313:00<br><mark style=\"background-color:rgba(0, 0, 0, 0)\" class=\"has-inline-color has-zdw-color\"><strong>Jazyk<\/strong>:<\/mark>\u00a0CZ<br><mark style=\"background-color:rgba(0, 0, 0, 0)\" class=\"has-inline-color has-zdw-color\"><strong>Vstupn\u00e9<\/strong>:<\/mark>\u00a0350&nbsp;K\u010d<\/p>\n\n\n\n<div style=\"height:10px\" aria-hidden=\"true\" class=\"wp-block-spacer\"><\/div>\n\n\n\n<div class=\"wp-block-buttons is-layout-flex wp-block-buttons-is-layout-flex\">\n<div class=\"wp-block-button\"><a class=\"wp-block-button__link wp-element-button\" href=\"https:\/\/www.smsticket.cz\/vstupenky\/69135-workshop-product-design-od-napadu-k-dopadu-jan-jelinek-atelier-arts-management-fmk-utb-zlin\">KOUPIT VSTUPENKU<\/a><\/div>\n<\/div>\n\n\n\n<div style=\"height:15px\" aria-hidden=\"true\" class=\"wp-block-spacer\"><\/div>\n\n\n\n<p>Nau\u010d se navrhovat produkty tak, aby d\u00e1valy smysl, dob\u0159e se prod\u00e1valy a&nbsp;z\u00e1rove\u0148 m\u011bly pozitivn\u00ed dopad. Chyst\u00e1\u0161 n\u011bco nov\u00e9ho? A\u0165 u\u017e jde o&nbsp;slu\u017ebu, produkt, aplikaci nebo akci, uk\u00e1\u017eeme ti, jak nad t\u00edm p\u0159em\u00fd\u0161let, abys zbyte\u010dn\u011b neztr\u00e1cel\/a \u010das ani pen\u00edze a&nbsp;myslel\/a na lidi, pro kter\u00e9 to d\u011bl\u00e1\u0161, u\u017e od za\u010d\u00e1tku. Na konci si odnese\u0161 konkr\u00e9tn\u00ed n\u00e1stroje, jak si ov\u011b\u0159it, jestli tv\u016fj n\u00e1pad funguje, jak sb\u00edrat zp\u011btnou vazbu od u\u017eivatel\u016f a&nbsp;hlavn\u011b jak k&nbsp;navrhov\u00e1n\u00ed p\u0159istupovat jednodu\u0161e a&nbsp;efektivn\u011b.<\/p>\n\n\n\n<div style=\"height:40px\" aria-hidden=\"true\" class=\"wp-block-spacer\"><\/div>\n\n\n    <a href=\"https:\/\/zlindesignweek.com\/2026\/osoba\/jan-jelinek\/\"\n       class=\"no-decoration\">\n        <div class=\"person-item\">\n            <img loading=\"lazy\" decoding=\"async\" width=\"560\" height=\"667\" src=\"https:\/\/zlindesignweek.com\/2026\/wp-content\/uploads\/2026\/03\/jan-jelinek-560x667.jpg\" class=\"attachment-portrait size-portrait wp-post-image\" alt=\"\" \/>            <div class=\"person-item__bottom\">\n                <div class=\"person-item__text\">\n                    <h4 class=\"h5\">Jan Jel\u00ednek                    <\/h4>\n                    <small>Lektor workshopu<\/small>\n                <\/div>\n                <div class=\"person-item__button\">\n                    \u2192\n                <\/div>\n            <\/div>\n        <\/div>\n    <\/a>\n    <\/div><\/div>\n","protected":false},"excerpt":{"rendered":"Workshop Product Design: od n\u00e1padu k&nbsp;dopadu \u00d7 Jan Jel\u00ednek Workshop povede Jan Jel\u00ednek Lokace:\u00a0ateli\u00e9r Arts Management v\u00a0budov\u011b U4, Fakulta multimedi\u00e1ln\u00edch komunikac\u00ed UTB (Univerzitn\u00ed 2431, Zl\u00edn)Datum:\u00a08.&nbsp;5.&nbsp;2026\u010cas:\u00a010:00\u201313:00Jazyk:\u00a0CZVstupn\u00e9:\u00a0350&nbsp;K\u010d [&hellip;]","protected":false},"author":52,"featured_media":0,"parent":0,"menu_order":0,"comment_status":"closed","ping_status":"closed","template":"templates\/no-title.php","meta":{"_acf_changed":false,"footnotes":""},"class_list":["post-42217","page","type-page","status-publish","hentry"],"acf":[],"_links":{"self":[{"href":"https:\/\/zlindesignweek.com\/2026\/wp-json\/wp\/v2\/pages\/42217","targetHints":{"allow":["GET"]}}],"collection":[{"href":"https:\/\/zlindesignweek.com\/2026\/wp-json\/wp\/v2\/pages"}],"about":[{"href":"https:\/\/zlindesignweek.com\/2026\/wp-json\/wp\/v2\/types\/page"}],"author":[{"embeddable":true,"href":"https:\/\/zlindesignweek.com\/2026\/wp-json\/wp\/v2\/users\/52"}],"replies":[{"embeddable":true,"href":"https:\/\/zlindesignweek.com\/2026\/wp-json\/wp\/v2\/comments?post=42217"}],"version-history":[{"count":6,"href":"https:\/\/zlindesignweek.com\/2026\/wp-json\/wp\/v2\/pages\/42217\/revisions"}],"predecessor-version":[{"id":43315,"href":"https:\/\/zlindesignweek.com\/2026\/wp-json\/wp\/v2\/pages\/42217\/revisions\/43315"}],"wp:attachment":[{"href":"https:\/\/zlindesignweek.com\/2026\/wp-json\/wp\/v2\/media?parent=42217"}],"curies":[{"name":"wp","href":"https:\/\/api.w.org\/{rel}","templated":true}]}}