{"id":41686,"date":"2026-03-09T14:47:13","date_gmt":"2026-03-09T13:47:13","guid":{"rendered":"https:\/\/zlindesignweek.com\/2026\/?page_id=41686"},"modified":"2026-03-28T16:38:20","modified_gmt":"2026-03-28T15:38:20","slug":"edukativni-workshop-hlavni-vystava-pro-skoly","status":"publish","type":"page","link":"https:\/\/zlindesignweek.com\/2026\/edukativni-workshop-hlavni-vystava-pro-skoly\/","title":{"rendered":"Edukativn\u00ed workshop Hlavn\u00ed v\u00fdstava pro \u0161koly"},"content":{"rendered":"\n<div style=\"height:100px\" aria-hidden=\"true\" class=\"wp-block-spacer\"><\/div>\n\n\n\n<div class=\"wp-block-group\"><div class=\"wp-block-group__inner-container is-layout-constrained wp-block-group-is-layout-constrained\">\n<h3 class=\"wp-block-heading\"><mark style=\"background-color:rgba(0, 0, 0, 0)\" class=\"has-inline-color has-zdw-color\">Workshop pro \u0161koly k&nbsp;hlavn\u00ed festivalov\u00e9 v\u00fdstav\u011b<\/mark><\/h3>\n\n\n\n<h4 class=\"wp-block-heading\">Dvoudenn\u00ed workshop povede Robert Spurn\u00fd<\/h4>\n\n\n\n<p><mark style=\"background-color:rgba(0, 0, 0, 0)\" class=\"has-inline-color has-zdw-color\">Lokace:<\/mark>\u00a0Z\u00e1mek Zl\u00edn (Soudn\u00ed 1, Zl\u00edn)<br><mark style=\"background-color:rgba(0, 0, 0, 0)\" class=\"has-inline-color has-zdw-color\"><strong>Datum<\/strong>:<\/mark> 11.&nbsp;5.&nbsp;2026 a&nbsp;12.&nbsp;5.&nbsp;2026 <br><mark style=\"background-color:rgba(0, 0, 0, 0)\" class=\"has-inline-color has-zdw-color\">\u010cas:<\/mark>\u00a08:30\u201314:30<br><mark style=\"background-color:rgba(0, 0, 0, 0)\" class=\"has-inline-color has-zdw-color\">Vstupn\u00e9:<\/mark> Zdarma<\/p>\n\n\n\n<p>Jak o&nbsp;n\u00e1s m\u016f\u017ee pe\u010dovat n\u00e1bytek a&nbsp;co by m\u011blo ud\u011blat oble\u010den\u00ed, aby bylo ohledupln\u00e9? Mohou n\u00e1s technologie sbli\u017eovat, ani\u017e by vedly k&nbsp;pocitu odcizen\u00ed? Hlavn\u00ed festivalov\u00e1 v\u00fdstava s&nbsp;n\u00e1zvem <em>All you need is design<\/em> n\u00e1s provede t\u00edmto ne zcela prob\u00e1dan\u00fdm t\u00e9matem p\u00e9\u010de v&nbsp;designu. Na p\u0159\u00edkladech projekt\u016f z&nbsp;\u010ceska i&nbsp;ze zahrani\u010d\u00ed si uk\u00e1\u017eeme, jak m\u016f\u017ee design pe\u010dovat o&nbsp;u\u017eivatele, spole\u010denstv\u00ed i&nbsp;planetu.&nbsp;<\/p>\n\n\n\n<p>Edukativn\u00ed program je ur\u010den\u00fd pro 2.&nbsp;stupe\u0148 z\u00e1kladn\u00edch \u0161kol a&nbsp;st\u0159edn\u00ed \u0161koly, a&nbsp;zahrnuje interaktivn\u00ed komentovanou prohl\u00eddku a&nbsp;kreativn\u00ed workshop.<\/p>\n\n\n\n<div style=\"height:40px\" aria-hidden=\"true\" class=\"wp-block-spacer\"><\/div>\n\n\n    <a href=\"https:\/\/zlindesignweek.com\/2026\/osoba\/robert-spurny\/\"\n       class=\"no-decoration\">\n        <div class=\"person-item\">\n            <img loading=\"lazy\" decoding=\"async\" width=\"560\" height=\"667\" src=\"https:\/\/zlindesignweek.com\/2026\/wp-content\/uploads\/2026\/03\/robert-spurny1-560x667.jpg\" class=\"attachment-portrait size-portrait wp-post-image\" alt=\"\" \/>            <div class=\"person-item__bottom\">\n                <div class=\"person-item__text\">\n                    <h4 class=\"h5\">Robert Spurn\u00fd                    <\/h4>\n                    <small>Lektor workshopu<\/small>\n                <\/div>\n                <div class=\"person-item__button\">\n                    \u2192\n                <\/div>\n            <\/div>\n        <\/div>\n    <\/a>\n    <\/div><\/div>\n","protected":false},"excerpt":{"rendered":"Workshop pro \u0161koly k&nbsp;hlavn\u00ed festivalov\u00e9 v\u00fdstav\u011b Dvoudenn\u00ed workshop povede Robert Spurn\u00fd Lokace:\u00a0Z\u00e1mek Zl\u00edn (Soudn\u00ed 1, Zl\u00edn)Datum: 11.&nbsp;5.&nbsp;2026 a&nbsp;12.&nbsp;5.&nbsp;2026 \u010cas:\u00a08:30\u201314:30Vstupn\u00e9: Zdarma Jak o&nbsp;n\u00e1s m\u016f\u017ee pe\u010dovat n\u00e1bytek [&hellip;]","protected":false},"author":52,"featured_media":0,"parent":0,"menu_order":0,"comment_status":"closed","ping_status":"closed","template":"templates\/no-title.php","meta":{"_acf_changed":false,"footnotes":""},"class_list":["post-41686","page","type-page","status-publish","hentry"],"acf":[],"_links":{"self":[{"href":"https:\/\/zlindesignweek.com\/2026\/wp-json\/wp\/v2\/pages\/41686","targetHints":{"allow":["GET"]}}],"collection":[{"href":"https:\/\/zlindesignweek.com\/2026\/wp-json\/wp\/v2\/pages"}],"about":[{"href":"https:\/\/zlindesignweek.com\/2026\/wp-json\/wp\/v2\/types\/page"}],"author":[{"embeddable":true,"href":"https:\/\/zlindesignweek.com\/2026\/wp-json\/wp\/v2\/users\/52"}],"replies":[{"embeddable":true,"href":"https:\/\/zlindesignweek.com\/2026\/wp-json\/wp\/v2\/comments?post=41686"}],"version-history":[{"count":3,"href":"https:\/\/zlindesignweek.com\/2026\/wp-json\/wp\/v2\/pages\/41686\/revisions"}],"predecessor-version":[{"id":42718,"href":"https:\/\/zlindesignweek.com\/2026\/wp-json\/wp\/v2\/pages\/41686\/revisions\/42718"}],"wp:attachment":[{"href":"https:\/\/zlindesignweek.com\/2026\/wp-json\/wp\/v2\/media?parent=41686"}],"curies":[{"name":"wp","href":"https:\/\/api.w.org\/{rel}","templated":true}]}}