{"id":41681,"date":"2026-03-09T14:39:28","date_gmt":"2026-03-09T13:39:28","guid":{"rendered":"https:\/\/zlindesignweek.com\/2026\/?page_id=41681"},"modified":"2026-03-28T14:41:39","modified_gmt":"2026-03-28T13:41:39","slug":"tvoreni-je-laska","status":"publish","type":"page","link":"https:\/\/zlindesignweek.com\/2026\/tvoreni-je-laska\/","title":{"rendered":"Tv\u016fr\u010d\u00ed workshop Kreativn\u00ed d\u00edlna ROBOTA"},"content":{"rendered":"\n<div style=\"height:100px\" aria-hidden=\"true\" class=\"wp-block-spacer\"><\/div>\n\n\n\n<div class=\"wp-block-group\"><div class=\"wp-block-group__inner-container is-layout-constrained wp-block-group-is-layout-constrained\">\n<h3 class=\"wp-block-heading\"><mark style=\"background-color:rgba(0, 0, 0, 0)\" class=\"has-inline-color has-zdw-color\">Tv\u016fr\u010d\u00ed workshop Kreativn\u00ed d\u00edlna ROBOTA<\/mark><\/h3>\n\n\n\n<h4 class=\"wp-block-heading\">Workshop povede Kreativn\u00ed d\u00edlna ROBOTA<\/h4>\n\n\n\n<p><mark style=\"background-color:rgba(0, 0, 0, 0)\" class=\"has-inline-color has-zdw-color\"><strong>Lokace<\/strong>:<\/mark>\u00a0Budova 44 v&nbsp;are\u00e1lu Svit (\u0160edes\u00e1t\u00e1 44, Zl\u00edn)<br><mark style=\"background-color:rgba(0, 0, 0, 0)\" class=\"has-inline-color has-zdw-color\">Datum:<\/mark> 7.&nbsp;5.&nbsp;2026<br><mark style=\"background-color:rgba(0, 0, 0, 0)\" class=\"has-inline-color has-zdw-color\"><strong>\u010cas<\/strong>:<\/mark>\u00a08:30\u201312:00<br><mark style=\"background-color:rgba(0, 0, 0, 0)\" class=\"has-inline-color has-zdw-color\"><strong>Vstupn\u00e9<\/strong>:<\/mark> 150&nbsp;K\u010d na \u017e\u00e1ka<\/p>\n\n\n\n<p><mark style=\"background-color:rgba(0, 0, 0, 0)\" class=\"has-inline-color has-zdw-color\">C\u00edlov\u00e1 skupina:<\/mark>\u00a0Z\u0160 (2.&nbsp;stupe\u0148), S\u0160<br><mark style=\"background-color:rgba(0, 0, 0, 0)\" class=\"has-inline-color has-zdw-color\">D\u00e9lka:<\/mark> 90 minut<br><mark style=\"background-color:rgba(0, 0, 0, 0)\" class=\"has-inline-color has-zdw-color\">Technologie:<\/mark> Laserov\u00e1 \u0159eza\u010dka<\/p>\n\n\n\n<p>Workshop propojuje recyklaci, ru\u010dn\u00ed pr\u00e1ci a&nbsp;digit\u00e1ln\u00ed v\u00fdrobu. Zam\u011b\u0159uje se hlavn\u011b na radost ze samotn\u00e9ho tvo\u0159en\u00ed a&nbsp;na chv\u00edli, kdy se \u010dlov\u011bk soust\u0159ed\u00ed jen na pr\u00e1ci tady a&nbsp;te\u010f. Sezn\u00e1m\u00ed\u0161 se s&nbsp;prostorem kreativn\u00ed d\u00edlny a&nbsp;vyzkou\u0161\u00ed\u0161 si pr\u00e1ci s&nbsp;materi\u00e1ly, kter\u00e9 by jinak skon\u010dily jako odpad. Pomoc\u00ed laserov\u00e9ho \u0159ez\u00e1n\u00ed nebo grav\u00edrov\u00e1n\u00ed jim d\u00e1\u0161 nov\u00fd smysl. D\u016fle\u017eit\u00fd je hlavn\u011b samotn\u00fd proces tvo\u0159en\u00ed a&nbsp;pr\u00e1ce rukama.<\/p>\n\n\n\n<p>Na konci vznikne osobn\u00ed objekt, kter\u00fd spoj\u00ed ru\u010dn\u00ed pr\u00e1ci s&nbsp;digit\u00e1ln\u00ed technologi\u00ed. Workshop rozv\u00edj\u00ed kreativn\u00ed my\u0161len\u00ed, cit pro materi\u00e1l i&nbsp;zodpov\u011bdn\u011bj\u0161\u00ed p\u0159\u00edstup k&nbsp;v\u00fdrob\u011b.<\/p>\n<\/div><\/div>\n","protected":false},"excerpt":{"rendered":"Tv\u016fr\u010d\u00ed workshop Kreativn\u00ed d\u00edlna ROBOTA Workshop povede Kreativn\u00ed d\u00edlna ROBOTA Lokace:\u00a0Budova 44 v&nbsp;are\u00e1lu Svit (\u0160edes\u00e1t\u00e1 44, Zl\u00edn)Datum: 7.&nbsp;5.&nbsp;2026\u010cas:\u00a08:30\u201312:00Vstupn\u00e9: 150&nbsp;K\u010d na \u017e\u00e1ka C\u00edlov\u00e1 skupina:\u00a0Z\u0160 (2.&nbsp;stupe\u0148), S\u0160D\u00e9lka: [&hellip;]","protected":false},"author":52,"featured_media":0,"parent":0,"menu_order":0,"comment_status":"closed","ping_status":"closed","template":"templates\/no-title.php","meta":{"_acf_changed":false,"footnotes":""},"class_list":["post-41681","page","type-page","status-publish","hentry"],"acf":[],"_links":{"self":[{"href":"https:\/\/zlindesignweek.com\/2026\/wp-json\/wp\/v2\/pages\/41681","targetHints":{"allow":["GET"]}}],"collection":[{"href":"https:\/\/zlindesignweek.com\/2026\/wp-json\/wp\/v2\/pages"}],"about":[{"href":"https:\/\/zlindesignweek.com\/2026\/wp-json\/wp\/v2\/types\/page"}],"author":[{"embeddable":true,"href":"https:\/\/zlindesignweek.com\/2026\/wp-json\/wp\/v2\/users\/52"}],"replies":[{"embeddable":true,"href":"https:\/\/zlindesignweek.com\/2026\/wp-json\/wp\/v2\/comments?post=41681"}],"version-history":[{"count":4,"href":"https:\/\/zlindesignweek.com\/2026\/wp-json\/wp\/v2\/pages\/41681\/revisions"}],"predecessor-version":[{"id":42645,"href":"https:\/\/zlindesignweek.com\/2026\/wp-json\/wp\/v2\/pages\/41681\/revisions\/42645"}],"wp:attachment":[{"href":"https:\/\/zlindesignweek.com\/2026\/wp-json\/wp\/v2\/media?parent=41681"}],"curies":[{"name":"wp","href":"https:\/\/api.w.org\/{rel}","templated":true}]}}