{"id":41675,"date":"2026-03-09T14:23:22","date_gmt":"2026-03-09T13:23:22","guid":{"rendered":"https:\/\/zlindesignweek.com\/2026\/?page_id=41675"},"modified":"2026-04-22T12:52:51","modified_gmt":"2026-04-22T10:52:51","slug":"designers-for-children","status":"publish","type":"page","link":"https:\/\/zlindesignweek.com\/2026\/en\/designers-for-children\/","title":{"rendered":"Workshop Crafting with children: give materials a&nbsp;second life \u00d7 Design\u00e9\u0159i d\u011btem"},"content":{"rendered":"\n<div style=\"height:100px\" aria-hidden=\"true\" class=\"wp-block-spacer\"><\/div>\n\n\n\n<div class=\"wp-block-group\"><div class=\"wp-block-group__inner-container is-layout-constrained wp-block-group-is-layout-constrained\">\n<h3 class=\"wp-block-heading\"><mark style=\"background-color:rgba(0, 0, 0, 0)\" class=\"has-inline-color has-zdw-color\">Workshop Crafting with children: give materials a&nbsp;second life \u00d7 Design\u00e9\u0159i d\u011btem<\/mark><\/h3>\n\n\n\n<p><mark style=\"background-color:rgba(0, 0, 0, 0)\" class=\"has-inline-color has-zdw-color\">Location:<\/mark>&nbsp;CHILLOUT zone \u2013 KOMA module in Komensk\u00fd Park (t\u0159. Tom\u00e1\u0161e Bati 204, Zlin)<br><mark style=\"background-color:rgba(0, 0, 0, 0)\" class=\"has-inline-color has-zdw-color\">Date:<\/mark> 10 May 2026<br><mark style=\"background-color:rgba(0, 0, 0, 0)\" class=\"has-inline-color has-zdw-color\">Time:<\/mark>&nbsp;10 AM \u2013 5 PM<br><mark style=\"background-color:rgba(0, 0, 0, 0)\" class=\"has-inline-color has-zdw-color\">Admission:<\/mark> Free<\/p>\n\n\n\n<p>Join us in exploring the theme of LOVE and try to express it through creativity. Love arises between people when we talk and share things with each other.<\/p>\n\n\n\n<p>We will also work with typical symbols of love. Hearts and flowers may appear. Feel free to use pink or red. You can be inspired by this or do something completely your own. Join in the collective work or create a&nbsp;small gift of love. If you don&#8217;t like hearts, that&#8217;s&nbsp;okay. You can create something completely on your own.<\/p>\n\n\n\n<p>The workshop is open to everyone, regardless of age. Come with your mom, dad, sister, or grandmother. The main thing is to have a&nbsp;good time together.<\/p>\n\n\n\n<p><mark style=\"background-color:rgba(0, 0, 0, 0)\" class=\"has-inline-color has-zdw-color\"><strong>Children aged 8 and older can come on their own. There is room for up to 15 people at the table.<\/strong><\/mark><\/p>\n\n\n\n<div style=\"height:40px\" aria-hidden=\"true\" class=\"wp-block-spacer\"><\/div>\n\n\n    <a href=\"https:\/\/zlindesignweek.com\/2026\/en\/osoba\/designers-for-children\/\"\n       class=\"no-decoration\">\n        <div class=\"person-item\">\n            <img loading=\"lazy\" decoding=\"async\" width=\"560\" height=\"667\" src=\"https:\/\/zlindesignweek.com\/2026\/wp-content\/uploads\/2026\/03\/designeri-detem-560x667.jpg\" class=\"attachment-portrait size-portrait wp-post-image\" alt=\"\" \/>            <div class=\"person-item__bottom\">\n                <div class=\"person-item__text\">\n                    <h4 class=\"h5\">Designers for children                    <\/h4>\n                    <small>Workshop Instructors<\/small>\n                <\/div>\n                <div class=\"person-item__button\">\n                    \u2192\n                <\/div>\n            <\/div>\n        <\/div>\n    <\/a>\n    \n\n\n<p>The workshop space does not have a\u00a0barrier free entrance\u00a0or\u00a0accessible toilets.<\/p>\n\n\n\n<p>If you have any specific access needs and or are unsure whether the programme is suitable for you, please do not hesitate to contact us by email at\u00a0<strong><a href=\"mailto:anna.svobodova@zlindesignweek.com\">anna.svobodova@zlindesignweek.com<\/a><\/strong>\u00a0or by phone or SMS at\u00a0<strong>+420&nbsp;733&nbsp;144&nbsp;711<\/strong>.<\/p>\n<\/div><\/div>\n","protected":false},"excerpt":{"rendered":"Workshop Crafting with children: give materials a&nbsp;second life \u00d7 Design\u00e9\u0159i d\u011btem Location:&nbsp;CHILLOUT zone \u2013 KOMA module in Komensk\u00fd Park (t\u0159. Tom\u00e1\u0161e Bati 204, Zlin)Date: 10 [&hellip;]","protected":false},"author":52,"featured_media":0,"parent":0,"menu_order":0,"comment_status":"closed","ping_status":"closed","template":"templates\/no-title.php","meta":{"_acf_changed":false,"footnotes":""},"class_list":["post-41675","page","type-page","status-publish","hentry"],"acf":[],"_links":{"self":[{"href":"https:\/\/zlindesignweek.com\/2026\/wp-json\/wp\/v2\/pages\/41675","targetHints":{"allow":["GET"]}}],"collection":[{"href":"https:\/\/zlindesignweek.com\/2026\/wp-json\/wp\/v2\/pages"}],"about":[{"href":"https:\/\/zlindesignweek.com\/2026\/wp-json\/wp\/v2\/types\/page"}],"author":[{"embeddable":true,"href":"https:\/\/zlindesignweek.com\/2026\/wp-json\/wp\/v2\/users\/52"}],"replies":[{"embeddable":true,"href":"https:\/\/zlindesignweek.com\/2026\/wp-json\/wp\/v2\/comments?post=41675"}],"version-history":[{"count":6,"href":"https:\/\/zlindesignweek.com\/2026\/wp-json\/wp\/v2\/pages\/41675\/revisions"}],"predecessor-version":[{"id":43546,"href":"https:\/\/zlindesignweek.com\/2026\/wp-json\/wp\/v2\/pages\/41675\/revisions\/43546"}],"wp:attachment":[{"href":"https:\/\/zlindesignweek.com\/2026\/wp-json\/wp\/v2\/media?parent=41675"}],"curies":[{"name":"wp","href":"https:\/\/api.w.org\/{rel}","templated":true}]}}