{"id":41674,"date":"2026-03-09T14:23:22","date_gmt":"2026-03-09T13:23:22","guid":{"rendered":"https:\/\/zlindesignweek.com\/2026\/?page_id=41674"},"modified":"2026-03-30T10:31:28","modified_gmt":"2026-03-30T08:31:28","slug":"designeri-detem","status":"publish","type":"page","link":"https:\/\/zlindesignweek.com\/2026\/designeri-detem\/","title":{"rendered":"Workshop Tvo\u0159en\u00ed s&nbsp;d\u011btmi: druh\u00fd \u017eivot materi\u00e1l\u016fm \u00d7 Design\u00e9\u0159i d\u011btem"},"content":{"rendered":"\n<div style=\"height:100px\" aria-hidden=\"true\" class=\"wp-block-spacer\"><\/div>\n\n\n\n<div class=\"wp-block-group\"><div class=\"wp-block-group__inner-container is-layout-constrained wp-block-group-is-layout-constrained\">\n<h3 class=\"wp-block-heading\"><mark style=\"background-color:rgba(0, 0, 0, 0)\" class=\"has-inline-color has-zdw-color\">Workshop Tvo\u0159en\u00ed s&nbsp;d\u011btmi: druh\u00fd \u017eivot materi\u00e1l\u016fm \u00d7 Design\u00e9\u0159i d\u011btem<\/mark><\/h3>\n\n\n\n<p><mark style=\"background-color:rgba(0, 0, 0, 0)\" class=\"has-inline-color has-zdw-color\">Lokace:<\/mark>\u00a0CHILLOUT z\u00f3na \u2013 KOMA modul v&nbsp;Parku Komensk\u00e9ho (t\u0159. Tom\u00e1\u0161e Bati 204, Zl\u00edn)<br><mark style=\"background-color:rgba(0, 0, 0, 0)\" class=\"has-inline-color has-zdw-color\">Datum:<\/mark>\u00a010.&nbsp;5.&nbsp;2026<br><mark style=\"background-color:rgba(0, 0, 0, 0)\" class=\"has-inline-color has-zdw-color\">\u010cas:<\/mark>\u00a010:00\u201317:00<br><mark style=\"background-color:rgba(0, 0, 0, 0)\" class=\"has-inline-color has-zdw-color\">Vstupn\u00e9:<\/mark> Zdarma<\/p>\n\n\n\n<p>Pod\u00edvej se s&nbsp;n\u00e1mi na t\u00e9ma<strong> <\/strong>L\u00c1SKA a&nbsp;zkus ji vyj\u00e1d\u0159it tvo\u0159en\u00edm. L\u00e1ska vznik\u00e1 mezi lidmi, kdy\u017e spolu mluv\u00edme a&nbsp;n\u011bco sd\u00edl\u00edme.<\/p>\n\n\n\n<p>Budeme pracovat i&nbsp;s&nbsp;typick\u00fdmi symboly l\u00e1sky. Objev\u00ed se t\u0159eba srdce nebo kv\u011btiny. Klidn\u011b pou\u017eij r\u016f\u017eovou nebo \u010dervenou. M\u016f\u017ee\u0161 se t\u00edm inspirovat, nebo si ud\u011blat n\u011bco \u00fapln\u011b po&nbsp;sv\u00e9m. Zapoj se do spole\u010dn\u00e9ho d\u00edla, nebo vytvo\u0159 mal\u00fd d\u00e1rek z&nbsp;l\u00e1sky. Pokud srd\u00ed\u010dka nemus\u00ed\u0161, nevad\u00ed. M\u016f\u017ee\u0161 tvo\u0159it \u00fapln\u011b s\u00e1m.<\/p>\n\n\n\n<p>D\u00edlna je otev\u0159en\u00e1 pro v\u0161echny bez ohledu na v\u011bk. P\u0159ij\u010f s&nbsp;m\u00e1mou, t\u00e1tou, s\u00e9grou nebo babi\u010dkou. Hlavn\u00ed je str\u00e1vit spolu p\u0159\u00edjemn\u00fd \u010das.<\/p>\n\n\n\n<p><strong><mark style=\"background-color:rgba(0, 0, 0, 0)\" class=\"has-inline-color has-zdw-color\">D\u011bti od 8 let mohou p\u0159ij\u00edt samy. U&nbsp;stolu je m\u00edsto maxim\u00e1ln\u011b pro 15&nbsp;lid\u00ed.<\/mark><\/strong><\/p>\n\n\n\n<div style=\"height:40px\" aria-hidden=\"true\" class=\"wp-block-spacer\"><\/div>\n\n\n    <a href=\"https:\/\/zlindesignweek.com\/2026\/osoba\/designeri-detem\/\"\n       class=\"no-decoration\">\n        <div class=\"person-item\">\n            <img loading=\"lazy\" decoding=\"async\" width=\"560\" height=\"667\" src=\"https:\/\/zlindesignweek.com\/2026\/wp-content\/uploads\/2026\/03\/designeri-detem-560x667.jpg\" class=\"attachment-portrait size-portrait wp-post-image\" alt=\"\" \/>            <div class=\"person-item__bottom\">\n                <div class=\"person-item__text\">\n                    <h4 class=\"h5\">Design\u00e9\u0159i d\u011btem                    <\/h4>\n                    <small>Lekto\u0159i workshopu<\/small>\n                <\/div>\n                <div class=\"person-item__button\">\n                    \u2192\n                <\/div>\n            <\/div>\n        <\/div>\n    <\/a>\n    <\/div><\/div>\n","protected":false},"excerpt":{"rendered":"Workshop Tvo\u0159en\u00ed s&nbsp;d\u011btmi: druh\u00fd \u017eivot materi\u00e1l\u016fm \u00d7 Design\u00e9\u0159i d\u011btem Lokace:\u00a0CHILLOUT z\u00f3na \u2013 KOMA modul v&nbsp;Parku Komensk\u00e9ho (t\u0159. Tom\u00e1\u0161e Bati 204, Zl\u00edn)Datum:\u00a010.&nbsp;5.&nbsp;2026\u010cas:\u00a010:00\u201317:00Vstupn\u00e9: Zdarma Pod\u00edvej se s&nbsp;n\u00e1mi [&hellip;]","protected":false},"author":52,"featured_media":0,"parent":0,"menu_order":0,"comment_status":"closed","ping_status":"closed","template":"templates\/no-title.php","meta":{"_acf_changed":false,"footnotes":""},"class_list":["post-41674","page","type-page","status-publish","hentry"],"acf":[],"_links":{"self":[{"href":"https:\/\/zlindesignweek.com\/2026\/wp-json\/wp\/v2\/pages\/41674","targetHints":{"allow":["GET"]}}],"collection":[{"href":"https:\/\/zlindesignweek.com\/2026\/wp-json\/wp\/v2\/pages"}],"about":[{"href":"https:\/\/zlindesignweek.com\/2026\/wp-json\/wp\/v2\/types\/page"}],"author":[{"embeddable":true,"href":"https:\/\/zlindesignweek.com\/2026\/wp-json\/wp\/v2\/users\/52"}],"replies":[{"embeddable":true,"href":"https:\/\/zlindesignweek.com\/2026\/wp-json\/wp\/v2\/comments?post=41674"}],"version-history":[{"count":6,"href":"https:\/\/zlindesignweek.com\/2026\/wp-json\/wp\/v2\/pages\/41674\/revisions"}],"predecessor-version":[{"id":42839,"href":"https:\/\/zlindesignweek.com\/2026\/wp-json\/wp\/v2\/pages\/41674\/revisions\/42839"}],"wp:attachment":[{"href":"https:\/\/zlindesignweek.com\/2026\/wp-json\/wp\/v2\/media?parent=41674"}],"curies":[{"name":"wp","href":"https:\/\/api.w.org\/{rel}","templated":true}]}}