{"id":41672,"date":"2026-03-09T14:07:35","date_gmt":"2026-03-09T13:07:35","guid":{"rendered":"https:\/\/zlindesignweek.com\/2026\/?page_id=41672"},"modified":"2026-05-03T10:58:04","modified_gmt":"2026-05-03T08:58:04","slug":"41672-2","status":"publish","type":"page","link":"https:\/\/zlindesignweek.com\/2026\/en\/41672-2\/","title":{"rendered":"Workshop PLY\u0160ODU\u0160\u00c1K: Textiles for the soul \u00d7 Karol\u00edna Kop\u0159ivov\u00e1"},"content":{"rendered":"\n<div style=\"height:100px\" aria-hidden=\"true\" class=\"wp-block-spacer\"><\/div>\n\n\n\n<div class=\"wp-block-group\"><div class=\"wp-block-group__inner-container is-layout-constrained wp-block-group-is-layout-constrained\">\n<h3 class=\"wp-block-heading\"><mark style=\"background-color:rgba(0, 0, 0, 0)\" class=\"has-inline-color has-zdw-color\">Workshop PLY\u0160ODU\u0160\u00c1K: Textiles for the soul \u00d7 Karol\u00edna Kop\u0159ivov\u00e1<\/mark><\/h3>\n\n\n\n<h4 class=\"wp-block-heading\">Workshop led by Karol\u00edna Kop\u0159ivov\u00e1<\/h4>\n\n\n\n<p><mark style=\"background-color:rgba(0, 0, 0, 0)\" class=\"has-inline-color has-zdw-color\">Location:<\/mark>&nbsp;CHILLOUT zone \u2013 KOMA module in Komensk\u00fd Park (t\u0159. Tom\u00e1\u0161e Bati 204, Zlin)<br><mark style=\"background-color:rgba(0, 0, 0, 0)\" class=\"has-inline-color has-zdw-color\">Date:<\/mark>&nbsp;8 May 2026<br><mark style=\"background-color:rgba(0, 0, 0, 0)\" class=\"has-inline-color has-zdw-color\">Time:<\/mark>&nbsp;3 PM \u2013 5 PM <br><mark style=\"background-color:rgba(0, 0, 0, 0)\" class=\"has-inline-color has-zdw-color\">Admission:<\/mark> 150 CZK<\/p>\n\n\n\n<div style=\"height:10px\" aria-hidden=\"true\" class=\"wp-block-spacer\"><\/div>\n\n\n\n<div class=\"wp-block-buttons is-layout-flex wp-block-buttons-is-layout-flex\">\n<div class=\"wp-block-button\"><a class=\"wp-block-button__link wp-element-button\" href=\"https:\/\/www.smsticket.cz\/vstupenky\/69137-workshop-plysodusak-textil-pro-dusi-karolina-koprivova-park-komenskeho-zlin\">BUY A&nbsp;TICKET<\/a><\/div>\n<\/div>\n\n\n\n<div style=\"height:15px\" aria-hidden=\"true\" class=\"wp-block-spacer\"><\/div>\n\n\n\n<p>Do you ever feel sad or down? Sometimes it helps to hug something. But a&nbsp;pillow is often not enough.<\/p>\n\n\n\n<p>Come and make your own plush companion. The workshop will be led by designer Karol\u00edna Kop\u0159ivov\u00e1, who creates under the brand textilpro_dusi. She will show you her way of working with textiles and guide you through the entire creative process.<\/p>\n\n\n\n<p>You will take home your own stuffed animal, which can keep you company in difficult moments.<\/p>\n\n\n\n<p>Do you have an idea about the material? Feel free to bring your own fabric. Some fabrics will also be available on site. Other supplies will be provided.<\/p>\n\n\n\n<p>Just come with a&nbsp;desire to create and a&nbsp;good mood.<\/p>\n\n\n\n<div style=\"height:30px\" aria-hidden=\"true\" class=\"wp-block-spacer\"><\/div>\n\n\n\n<div class=\"wp-block-esab-accordion esab-vnkdziw6\" data-mode=\"global\"><div class=\"esab__container\">\n<div class=\"wp-block-esab-accordion-child esab__active_accordion\"><div class=\"esab__head\" role=\"button\" aria-expanded=\"true\"><div class=\"esab__heading_txt\"><p class=\"esab__heading_tag\"><strong><strong><strong><strong><strong>How do I&nbsp;get to the CHILL OUT zone?<\/strong><\/strong><\/strong><\/strong><\/strong><\/p><\/div><div class=\"esab__icon esab__active_icon\"><div class=\"esab__collapse\"> <svg version=\"1.2\" viewBox=\"0 0 24 24\" width=\"24\" height=\"24\"><path d=\"m11.3 3.6h1.4q0.2 0 0.2 0.1v16.6q0 0.1-0.2 0.1h-1.4q-0.2 0-0.2-0.2v-16.5q0-0.1 0.2-0.1z\"><\/path><path d=\"m4.1 11.1h15.8q0.2 0 0.2 0.2v1.4q0 0.2-0.2 0.2h-15.8q-0.2 0-0.2-0.2v-1.4q0-0.2 0.2-0.2z\"><\/path><\/svg> <\/div><div class=\"esab__expand\"> <svg version=\"1.2\" viewBox=\"0 0 24 24\" width=\"24\" height=\"24\"><path d=\"m3.4 11.1h17.2v1.8h-17.2z\"><\/path><\/svg> <\/div><\/div><\/div><div class=\"esab__body esab__active\">\n<p>You will find the&nbsp;CHILL OUT zone&nbsp;in&nbsp;Komensk\u00fd Park, inside a&nbsp;KOMA module.<\/p>\n\n\n\n<p><strong>Public transport:<\/strong>\u00a0If you are travelling by trolleybus, the closest stops are\u00a0<strong>\u0160koln\u00ed<\/strong>\u00a0and\u00a0<strong>n\u00e1m\u011bst\u00ed M\u00edru<\/strong>.<br><strong>By car:<\/strong><mark style=\"background-color:rgba(0, 0, 0, 0)\" class=\"has-inline-color has-white-color\">\u00a0<\/mark>In Zl\u00edn, you can use the paid\u00a0<strong>Gahurova<\/strong>\u00a0car park or the car park at the\u00a0<strong>Congress Centre<\/strong>. Parking in Zl\u00edn can generally be difficult, so if possible, we recommend coming on foot instead.<\/p>\n\n\n\n<p>If you have any specific access needs and or are unsure whether the programme is suitable for you, please do not hesitate to contact us by email at&nbsp;<strong><a href=\"mailto:anna.svobodova@zlindesignweek.com\">anna.svobodova@zlindesignweek.com<\/a><\/strong>&nbsp;or by phone or SMS at&nbsp;<strong>+420&nbsp;733&nbsp;144&nbsp;711<\/strong>.<\/p>\n\n\n\n<p>Our goal is to make the festival accessible to as many people as possible. We will be very happy to advise you and help find alternative options.<\/p>\n<\/div><\/div>\n<\/div><\/div>\n<\/div><\/div>\n","protected":false},"excerpt":{"rendered":"Workshop PLY\u0160ODU\u0160\u00c1K: Textiles for the soul \u00d7 Karol\u00edna Kop\u0159ivov\u00e1 Workshop led by Karol\u00edna Kop\u0159ivov\u00e1 Location:&nbsp;CHILLOUT zone \u2013 KOMA module in Komensk\u00fd Park (t\u0159. Tom\u00e1\u0161e Bati [&hellip;]","protected":false},"author":52,"featured_media":0,"parent":0,"menu_order":0,"comment_status":"closed","ping_status":"closed","template":"templates\/no-title.php","meta":{"_acf_changed":false,"footnotes":""},"class_list":["post-41672","page","type-page","status-publish","hentry"],"acf":[],"_links":{"self":[{"href":"https:\/\/zlindesignweek.com\/2026\/wp-json\/wp\/v2\/pages\/41672","targetHints":{"allow":["GET"]}}],"collection":[{"href":"https:\/\/zlindesignweek.com\/2026\/wp-json\/wp\/v2\/pages"}],"about":[{"href":"https:\/\/zlindesignweek.com\/2026\/wp-json\/wp\/v2\/types\/page"}],"author":[{"embeddable":true,"href":"https:\/\/zlindesignweek.com\/2026\/wp-json\/wp\/v2\/users\/52"}],"replies":[{"embeddable":true,"href":"https:\/\/zlindesignweek.com\/2026\/wp-json\/wp\/v2\/comments?post=41672"}],"version-history":[{"count":12,"href":"https:\/\/zlindesignweek.com\/2026\/wp-json\/wp\/v2\/pages\/41672\/revisions"}],"predecessor-version":[{"id":43901,"href":"https:\/\/zlindesignweek.com\/2026\/wp-json\/wp\/v2\/pages\/41672\/revisions\/43901"}],"wp:attachment":[{"href":"https:\/\/zlindesignweek.com\/2026\/wp-json\/wp\/v2\/media?parent=41672"}],"curies":[{"name":"wp","href":"https:\/\/api.w.org\/{rel}","templated":true}]}}