{"id":41670,"date":"2026-03-09T14:07:35","date_gmt":"2026-03-09T13:07:35","guid":{"rendered":"https:\/\/zlindesignweek.com\/2026\/?page_id=41670"},"modified":"2026-05-03T10:58:02","modified_gmt":"2026-05-03T08:58:02","slug":"textil-pro-dusi-plysodusak","status":"publish","type":"page","link":"https:\/\/zlindesignweek.com\/2026\/textil-pro-dusi-plysodusak\/","title":{"rendered":"Workshop PLY\u0160ODU\u0160\u00c1K: textil pro du\u0161i \u00d7 Karol\u00edna Kop\u0159ivov\u00e1"},"content":{"rendered":"\n<div style=\"height:100px\" aria-hidden=\"true\" class=\"wp-block-spacer\"><\/div>\n\n\n\n<div class=\"wp-block-group\"><div class=\"wp-block-group__inner-container is-layout-constrained wp-block-group-is-layout-constrained\">\n<h3 class=\"wp-block-heading\"><mark style=\"background-color:rgba(0, 0, 0, 0)\" class=\"has-inline-color has-zdw-color\">Workshop PLY\u0160ODU\u0160\u00c1K: textil pro du\u0161i \u00d7 Karol\u00edna Kop\u0159ivov\u00e1<\/mark><\/h3>\n\n\n\n<h4 class=\"wp-block-heading\">Workshop povede Karol\u00edna Kop\u0159ivov\u00e1<\/h4>\n\n\n\n<p><mark style=\"background-color:rgba(0, 0, 0, 0)\" class=\"has-inline-color has-zdw-color\">Lokace:<\/mark>&nbsp;CHILLOUT z\u00f3na \u2013 KOMA modul v&nbsp;Parku Komensk\u00e9ho (t\u0159. Tom\u00e1\u0161e Bati 204, Zl\u00edn)<br><mark style=\"background-color:rgba(0, 0, 0, 0)\" class=\"has-inline-color has-zdw-color\">Datum:<\/mark>&nbsp;8.&nbsp;5.&nbsp;2026<br><mark style=\"background-color:rgba(0, 0, 0, 0)\" class=\"has-inline-color has-zdw-color\">\u010cas:<\/mark>&nbsp;15:00\u201317:00<br><mark style=\"background-color:rgba(0, 0, 0, 0)\" class=\"has-inline-color has-zdw-color\">Vstupn\u00e9:<\/mark>&nbsp;150&nbsp;K\u010d<\/p>\n\n\n\n<div style=\"height:10px\" aria-hidden=\"true\" class=\"wp-block-spacer\"><\/div>\n\n\n\n<div class=\"wp-block-buttons is-layout-flex wp-block-buttons-is-layout-flex\">\n<div class=\"wp-block-button\"><a class=\"wp-block-button__link wp-element-button\" href=\"https:\/\/www.smsticket.cz\/vstupenky\/69137-workshop-plysodusak-textil-pro-dusi-karolina-koprivova-park-komenskeho-zlin\">KOUPIT VSTUPENKU<\/a><\/div>\n<\/div>\n\n\n\n<div style=\"height:15px\" aria-hidden=\"true\" class=\"wp-block-spacer\"><\/div>\n\n\n\n<p>Je ti n\u011bkdy smutno nebo m\u00e1\u0161 t\u011b\u017ekou n\u00e1ladu? N\u011bkdy pom\u016f\u017ee n\u011bco obejmout. Pol\u0161t\u00e1\u0159 ale \u010dasto nesta\u010d\u00ed.<\/p>\n\n\n\n<p>P\u0159ij\u010f si vyrobit vlastn\u00edho ply\u0161ov\u00e9ho par\u0165\u00e1ka. Workshop povede design\u00e9rka Karol\u00edna Kop\u0159ivov\u00e1, kter\u00e1 tvo\u0159\u00ed pod zna\u010dkou textilpro_dusi. Uk\u00e1\u017ee sv\u016fj zp\u016fsob pr\u00e1ce s&nbsp;textilem a&nbsp;provede t\u011b cel\u00fdm tvo\u0159en\u00edm.<\/p>\n\n\n\n<p>Dom\u016f si odnese\u0161 vlastn\u00edho ply\u0161\u00e1ka, kter\u00fd m\u016f\u017ee d\u011blat spole\u010dnost v&nbsp;n\u00e1ro\u010dn\u00fdch chv\u00edl\u00edch.<\/p>\n\n\n\n<p>M\u00e1\u0161 p\u0159edstavu o&nbsp;materi\u00e1lu? Klidn\u011b p\u0159ines vlastn\u00ed l\u00e1tku. N\u011bjak\u00e9 l\u00e1tky budou k&nbsp;dispozici i&nbsp;na m\u00edst\u011b. Ostatn\u00ed pom\u016fcky budou p\u0159ipraven\u00e9.<\/p>\n\n\n\n<p>Sta\u010d\u00ed p\u0159ij\u00edt s&nbsp;chut\u00ed tvo\u0159it a&nbsp;s&nbsp;dobrou n\u00e1ladou.<\/p>\n\n\n\n<div style=\"height:30px\" aria-hidden=\"true\" class=\"wp-block-spacer\"><\/div>\n\n\n\n<div class=\"wp-block-esab-accordion esab-vnkdziw6\" data-mode=\"global\"><div class=\"esab__container\">\n<div class=\"wp-block-esab-accordion-child esab__active_accordion\"><div class=\"esab__head\" role=\"button\" aria-expanded=\"true\"><div class=\"esab__heading_txt\"><p class=\"esab__heading_tag\"><strong><strong><strong><strong>Kudy tudy na do CHILL OUT z\u00f3ny?<\/strong><\/strong><\/strong><\/strong><\/p><\/div><div class=\"esab__icon esab__active_icon\"><div class=\"esab__collapse\"> <svg version=\"1.2\" viewBox=\"0 0 24 24\" width=\"24\" height=\"24\"><path d=\"m11.3 3.6h1.4q0.2 0 0.2 0.1v16.6q0 0.1-0.2 0.1h-1.4q-0.2 0-0.2-0.2v-16.5q0-0.1 0.2-0.1z\"><\/path><path d=\"m4.1 11.1h15.8q0.2 0 0.2 0.2v1.4q0 0.2-0.2 0.2h-15.8q-0.2 0-0.2-0.2v-1.4q0-0.2 0.2-0.2z\"><\/path><\/svg> <\/div><div class=\"esab__expand\"> <svg version=\"1.2\" viewBox=\"0 0 24 24\" width=\"24\" height=\"24\"><path d=\"m3.4 11.1h17.2v1.8h-17.2z\"><\/path><\/svg> <\/div><\/div><\/div><div class=\"esab__body esab__active\">\n<p>CHILL OUT z\u00f3nu najde\u0161 v&nbsp;Parku Komensk\u00e9ho v&nbsp;podob\u011b KOMA modulu.<\/p>\n\n\n\n<p><strong>MHD:<\/strong> Trolejbusem je to nejkrat\u0161\u00ed ze zast\u00e1vky <strong>\u0160koln\u00ed<\/strong> anebo <strong>n\u00e1m\u011bst\u00ed M\u00edru<\/strong>.<br><strong>Autem:<mark style=\"background-color:rgba(0, 0, 0, 0)\" class=\"has-inline-color has-white-color\"> <\/mark><\/strong>Ve Zl\u00edn\u011b je mo\u017en\u00e9 vyu\u017e\u00edt placen\u00fdch parkovi\u0161\u0165 Gahurova anebo v&nbsp;kongresov\u00e9m centru. Obecn\u011b je ale ve Zl\u00edn\u011b probl\u00e9m s&nbsp;parkov\u00e1n\u00edm, tak\u017ee doporu\u010dujeme pokud mo\u017eno p\u0159ij\u00edt rad\u0161i \u201cpo sv\u00fdch\u201d.<\/p>\n\n\n\n<p>Pokud m\u00e1\u0161 jak\u00e9koliv specifick\u00e9 pot\u0159eby a\/nebo v\u00e1h\u00e1\u0161, zda je program pro tebe, nev\u00e1hej se n\u00e1m ozvat, a\u0165 u\u017e mailem: <a href=\"mailto:anna.svobodova@zlindesignweek.com\"><strong>anna.svobodova@zlindesignweek.com<\/strong><\/a> anebo telefonicky\/SMS: <strong>+420&nbsp;733&nbsp;144&nbsp;711<\/strong>.<\/p>\n\n\n\n<p>Na\u0161\u00edm c\u00edlem je zp\u0159\u00edstup\u0148ovat festival co nejv\u00edce lidem dok\u00e1\u017eeme \u2013 moc r\u00e1di ti porad\u00edme a&nbsp;pom\u016f\u017eeme vymyslet alternativn\u00ed mo\u017enosti.<\/p>\n<\/div><\/div>\n<\/div><\/div>\n<\/div><\/div>\n","protected":false},"excerpt":{"rendered":"Workshop PLY\u0160ODU\u0160\u00c1K: textil pro du\u0161i \u00d7 Karol\u00edna Kop\u0159ivov\u00e1 Workshop povede Karol\u00edna Kop\u0159ivov\u00e1 Lokace:&nbsp;CHILLOUT z\u00f3na \u2013 KOMA modul v&nbsp;Parku Komensk\u00e9ho (t\u0159. Tom\u00e1\u0161e Bati 204, Zl\u00edn)Datum:&nbsp;8.&nbsp;5.&nbsp;2026\u010cas:&nbsp;15:00\u201317:00Vstupn\u00e9:&nbsp;150&nbsp;K\u010d Je [&hellip;]","protected":false},"author":52,"featured_media":0,"parent":0,"menu_order":0,"comment_status":"closed","ping_status":"closed","template":"templates\/no-title.php","meta":{"_acf_changed":false,"footnotes":""},"class_list":["post-41670","page","type-page","status-publish","hentry"],"acf":[],"_links":{"self":[{"href":"https:\/\/zlindesignweek.com\/2026\/wp-json\/wp\/v2\/pages\/41670","targetHints":{"allow":["GET"]}}],"collection":[{"href":"https:\/\/zlindesignweek.com\/2026\/wp-json\/wp\/v2\/pages"}],"about":[{"href":"https:\/\/zlindesignweek.com\/2026\/wp-json\/wp\/v2\/types\/page"}],"author":[{"embeddable":true,"href":"https:\/\/zlindesignweek.com\/2026\/wp-json\/wp\/v2\/users\/52"}],"replies":[{"embeddable":true,"href":"https:\/\/zlindesignweek.com\/2026\/wp-json\/wp\/v2\/comments?post=41670"}],"version-history":[{"count":10,"href":"https:\/\/zlindesignweek.com\/2026\/wp-json\/wp\/v2\/pages\/41670\/revisions"}],"predecessor-version":[{"id":43899,"href":"https:\/\/zlindesignweek.com\/2026\/wp-json\/wp\/v2\/pages\/41670\/revisions\/43899"}],"wp:attachment":[{"href":"https:\/\/zlindesignweek.com\/2026\/wp-json\/wp\/v2\/media?parent=41670"}],"curies":[{"name":"wp","href":"https:\/\/api.w.org\/{rel}","templated":true}]}}