{"id":41668,"date":"2026-03-09T13:58:46","date_gmt":"2026-03-09T12:58:46","guid":{"rendered":"https:\/\/zlindesignweek.com\/2026\/?page_id=41668"},"modified":"2026-05-02T10:10:22","modified_gmt":"2026-05-02T08:10:22","slug":"checklist-for-inclusive-communication-a-practical-tool-for-museums-and-galleries","status":"publish","type":"page","link":"https:\/\/zlindesignweek.com\/2026\/en\/checklist-for-inclusive-communication-a-practical-tool-for-museums-and-galleries\/","title":{"rendered":"Checklist for Inclusive Communication: A&nbsp;Practical Tool for Museums and Galleries"},"content":{"rendered":"\n<div style=\"height:100px\" aria-hidden=\"true\" class=\"wp-block-spacer\"><\/div>\n\n\n\n<div class=\"wp-block-group\"><div class=\"wp-block-group__inner-container is-layout-constrained wp-block-group-is-layout-constrained\">\n<h3 class=\"wp-block-heading\"><mark style=\"background-color:rgba(0, 0, 0, 0)\" class=\"has-inline-color has-zdw-color\">Workshop Checklist for Inclusive Communication: A&nbsp;Practical Tool for Museums and Galleries \u00d7 Eva Gartnerov\u00e1 &amp; Romana Z\u00e1bojov\u00e1<\/mark><\/h3>\n\n\n\n<h4 class=\"wp-block-heading\">The workshop will be led by Eva V\u00e1zalov\u00e1 Gartnerov\u00e1 &amp; Romana Z\u00e1bojov\u00e1<\/h4>\n\n\n\n<p><mark style=\"background-color:rgba(0, 0, 0, 0)\" class=\"has-inline-color has-zdw-color\"><strong>Location<\/strong>:&nbsp;<\/mark>Arts Management Studio in Building U4, Faculty of Multimedia Communications, Tomas Bata University (Univerzitn\u00ed 2431, Zlin)<br><mark style=\"background-color:rgba(0, 0, 0, 0)\" class=\"has-inline-color has-zdw-color\"><strong><strong>Date<\/strong><\/strong>:<\/mark>&nbsp;7 May 2026<br><mark style=\"background-color:rgba(0, 0, 0, 0)\" class=\"has-inline-color has-zdw-color\"><strong>Time<\/strong>:<\/mark>&nbsp;10 AM to 12:30 PM<br><mark style=\"background-color:rgba(0, 0, 0, 0)\" class=\"has-inline-color has-zdw-color\"><strong>Language<\/strong>:<\/mark>&nbsp;CZ<br><mark style=\"background-color:rgba(0, 0, 0, 0)\" class=\"has-inline-color has-zdw-color\"><strong><strong>Admission<\/strong><\/strong>:<\/mark>&nbsp;Free (space is limited; please register using the form <a href=\"https:\/\/forms.gle\/UJWYn9B6t3Yp4mzk8\">here<\/a>)<\/p>\n\n\n\n<p>At this workshop, you will get to know a&nbsp;developing checklist for inclusive communication. It is being created as part of the Museums Without Barriers project, based on research conducted with visitors with dyslexia and other learning difficulties.<\/p>\n\n\n\n<p>We will show the key findings from the research. We will look at working with text, typography, wayfinding, light, and multimedia. These insights will then be translated into a&nbsp;practical tool that can help museums, galleries, and designers.<\/p>\n\n\n\n<p>This will not just be a&nbsp;presentation of a&nbsp;finished material. You will also try the checklist in practice together with others. You will help identify weak points and enrich it with your own experience.<\/p>\n\n\n\n<p>The workshop is intended for people working in culture, designers, students, and anyone who wants to create communication that is clear and accessible for a&nbsp;wide range of visitors.<\/p>\n\n\n\n<div style=\"height:40px\" aria-hidden=\"true\" class=\"wp-block-spacer\"><\/div>\n\n\n    <a href=\"https:\/\/zlindesignweek.com\/2026\/en\/osoba\/eva-vazalova-gartnerova-2\/\"\n       class=\"no-decoration\">\n        <div class=\"person-item\">\n            <img loading=\"lazy\" decoding=\"async\" width=\"560\" height=\"667\" src=\"https:\/\/zlindesignweek.com\/2026\/wp-content\/uploads\/2026\/03\/eva-gartnerova-560x667.jpg\" class=\"attachment-portrait size-portrait wp-post-image\" alt=\"\" \/>            <div class=\"person-item__bottom\">\n                <div class=\"person-item__text\">\n                    <h4 class=\"h5\">Eva V\u00e1zalov\u00e1 Gartnerov\u00e1                    <\/h4>\n                    <small>Workshop Instructor<\/small>\n                <\/div>\n                <div class=\"person-item__button\">\n                    \u2192\n                <\/div>\n            <\/div>\n        <\/div>\n    <\/a>\n    \n\n    <a href=\"https:\/\/zlindesignweek.com\/2026\/en\/osoba\/romana-zabojova-2\/\"\n       class=\"no-decoration\">\n        <div class=\"person-item\">\n            <img loading=\"lazy\" decoding=\"async\" width=\"560\" height=\"667\" src=\"https:\/\/zlindesignweek.com\/2026\/wp-content\/uploads\/2026\/03\/romana-zabojova-560x667.jpeg\" class=\"attachment-portrait size-portrait wp-post-image\" alt=\"\" \/>            <div class=\"person-item__bottom\">\n                <div class=\"person-item__text\">\n                    <h4 class=\"h5\">Romana Z\u00e1bojov\u00e1                    <\/h4>\n                    <small>Workshop Instructor<\/small>\n                <\/div>\n                <div class=\"person-item__button\">\n                    \u2192\n                <\/div>\n            <\/div>\n        <\/div>\n    <\/a>\n    \n\n\n<div style=\"height:30px\" aria-hidden=\"true\" class=\"wp-block-spacer\"><\/div>\n\n\n\n<div class=\"wp-block-esab-accordion esab-vnkdziw6\" data-mode=\"global\"><div class=\"esab__container\">\n<div class=\"wp-block-esab-accordion-child esab__active_accordion\"><div class=\"esab__head\" role=\"button\" aria-expanded=\"true\"><div class=\"esab__heading_txt\"><p class=\"esab__heading_tag\"><strong><strong><strong>How do I&nbsp;get to the gallery<strong>?<\/strong><\/strong><\/strong><\/strong><\/p><\/div><div class=\"esab__icon esab__active_icon\"><div class=\"esab__collapse\"> <svg version=\"1.2\" viewBox=\"0 0 24 24\" width=\"24\" height=\"24\"><path d=\"m11.3 3.6h1.4q0.2 0 0.2 0.1v16.6q0 0.1-0.2 0.1h-1.4q-0.2 0-0.2-0.2v-16.5q0-0.1 0.2-0.1z\"><\/path><path d=\"m4.1 11.1h15.8q0.2 0 0.2 0.2v1.4q0 0.2-0.2 0.2h-15.8q-0.2 0-0.2-0.2v-1.4q0-0.2 0.2-0.2z\"><\/path><\/svg> <\/div><div class=\"esab__expand\"> <svg version=\"1.2\" viewBox=\"0 0 24 24\" width=\"24\" height=\"24\"><path d=\"m3.4 11.1h17.2v1.8h-17.2z\"><\/path><\/svg> <\/div><\/div><\/div><div class=\"esab__body esab__active\">\n<p><strong>Public transport:<\/strong>\u00a0By far the closest stop is\u00a0<strong>\u0160koln\u00ed<\/strong>, with\u00a0<strong>N\u00e1m\u011bst\u00ed M\u00edru<\/strong>\u00a0as another nearby option.<br><strong>By<mark style=\"background-color:rgba(0, 0, 0, 0)\" class=\"has-inline-color has-white-color\"> <\/mark>car<mark style=\"background-color:rgba(0, 0, 0, 0)\" class=\"has-inline-color has-white-color\">:<\/mark><\/strong>\u00a0You can park on\u00a0<strong>Hradsk\u00e1 Street<\/strong>\u00a0or in the car park beneath the\u00a0<strong>Congress Centre<\/strong>. Both options are paid. Parking in Zl\u00edn can generally be difficult, so if possible, we recommend coming on foot instead.<\/p>\n\n\n\n<p>The gallery is located on the&nbsp;ground floor of the Faculty of Humanities, but no worries, everyone is welcome. Once you enter through the main entrance, turn right and follow the signs to the gallery. Both the entrance and the toilets in the building are&nbsp;barrier free.<\/p>\n\n\n\n<p>If you have any specific access needs and or are unsure whether the programme is suitable for you, please do not hesitate to contact us by email at&nbsp;<strong><a href=\"mailto:anna.svobodova@zlindesignweek.com\">anna.svobodova@zlindesignweek.com<\/a><\/strong>&nbsp;or by phone or SMS at&nbsp;<strong>+420&nbsp;733&nbsp;144&nbsp;711<\/strong>.<\/p>\n\n\n\n<p>Our goal is to make the festival accessible to as many people as possible. We will be very happy to advise you and help find alternative options.<\/p>\n<\/div><\/div>\n<\/div><\/div>\n<\/div><\/div>\n","protected":false},"excerpt":{"rendered":"Workshop Checklist for Inclusive Communication: A&nbsp;Practical Tool for Museums and Galleries \u00d7 Eva Gartnerov\u00e1 &amp; Romana Z\u00e1bojov\u00e1 The workshop will be led by Eva V\u00e1zalov\u00e1 [&hellip;]","protected":false},"author":52,"featured_media":0,"parent":0,"menu_order":0,"comment_status":"closed","ping_status":"closed","template":"templates\/no-title.php","meta":{"_acf_changed":false,"footnotes":""},"class_list":["post-41668","page","type-page","status-publish","hentry"],"acf":[],"_links":{"self":[{"href":"https:\/\/zlindesignweek.com\/2026\/wp-json\/wp\/v2\/pages\/41668","targetHints":{"allow":["GET"]}}],"collection":[{"href":"https:\/\/zlindesignweek.com\/2026\/wp-json\/wp\/v2\/pages"}],"about":[{"href":"https:\/\/zlindesignweek.com\/2026\/wp-json\/wp\/v2\/types\/page"}],"author":[{"embeddable":true,"href":"https:\/\/zlindesignweek.com\/2026\/wp-json\/wp\/v2\/users\/52"}],"replies":[{"embeddable":true,"href":"https:\/\/zlindesignweek.com\/2026\/wp-json\/wp\/v2\/comments?post=41668"}],"version-history":[{"count":9,"href":"https:\/\/zlindesignweek.com\/2026\/wp-json\/wp\/v2\/pages\/41668\/revisions"}],"predecessor-version":[{"id":43888,"href":"https:\/\/zlindesignweek.com\/2026\/wp-json\/wp\/v2\/pages\/41668\/revisions\/43888"}],"wp:attachment":[{"href":"https:\/\/zlindesignweek.com\/2026\/wp-json\/wp\/v2\/media?parent=41668"}],"curies":[{"name":"wp","href":"https:\/\/api.w.org\/{rel}","templated":true}]}}