{"id":41661,"date":"2026-03-09T13:58:46","date_gmt":"2026-03-09T12:58:46","guid":{"rendered":"https:\/\/zlindesignweek.com\/2026\/?page_id=41661"},"modified":"2026-05-02T10:10:20","modified_gmt":"2026-05-02T08:10:20","slug":"checklist-inkluzivni-komunikace-prakticky-nastroj-pro-muzea-a-galerie","status":"publish","type":"page","link":"https:\/\/zlindesignweek.com\/2026\/checklist-inkluzivni-komunikace-prakticky-nastroj-pro-muzea-a-galerie\/","title":{"rendered":"Checklist inkluzivn\u00ed komunikace: praktick\u00fd n\u00e1stroj pro muzea a&nbsp;galerie"},"content":{"rendered":"\n<div style=\"height:100px\" aria-hidden=\"true\" class=\"wp-block-spacer\"><\/div>\n\n\n\n<div class=\"wp-block-group\"><div class=\"wp-block-group__inner-container is-layout-constrained wp-block-group-is-layout-constrained\">\n<h3 class=\"wp-block-heading\"><mark style=\"background-color:rgba(0, 0, 0, 0)\" class=\"has-inline-color has-zdw-color\">Workshop Checklist inkluzivn\u00ed komunikace: praktick\u00fd n\u00e1stroj pro muzea a&nbsp;galerie \u00d7 Eva Gartnerov\u00e1 &amp; Romana Z\u00e1bojov\u00e1<\/mark><\/h3>\n\n\n\n<h4 class=\"wp-block-heading\">Workshop povede Eva V\u00e1zalov\u00e1 Gartnerov\u00e1 &amp;<em> <\/em>Romana Z\u00e1bojov\u00e1<\/h4>\n\n\n\n<p><mark style=\"background-color:rgba(0, 0, 0, 0)\" class=\"has-inline-color has-zdw-color\">Lokace:&nbsp;<\/mark>ateli\u00e9r Arts Management v&nbsp;budov\u011b U4, Fakulta multimedi\u00e1ln\u00edch komunikac\u00ed UTB (Univerzitn\u00ed 2431, Zl\u00edn)<br><mark style=\"background-color:rgba(0, 0, 0, 0)\" class=\"has-inline-color has-zdw-color\">Datum:<\/mark>&nbsp;7.&nbsp;5.&nbsp;2026<br><mark style=\"background-color:rgba(0, 0, 0, 0)\" class=\"has-inline-color has-zdw-color\">\u010cas:<\/mark>&nbsp;10:00\u201312:30<br><mark style=\"background-color:rgba(0, 0, 0, 0)\" class=\"has-inline-color has-zdw-color\"><strong>Jazyk<\/strong>:<\/mark>&nbsp;CZ<br><mark style=\"background-color:rgba(0, 0, 0, 0)\" class=\"has-inline-color has-zdw-color\"><strong>Vstupn\u00e9<\/strong>:<\/mark>&nbsp;Zdarma (kapacita je omezen\u00e1, registrace p\u0159es formul\u00e1\u0159 <a href=\"https:\/\/forms.gle\/UJWYn9B6t3Yp4mzk8\">zde<\/a>)<\/p>\n\n\n\n<p>Na workshopu pozn\u00e1\u0161 vznikaj\u00edc\u00ed checklist pro inkluzivn\u00ed komunikaci. Vznik\u00e1 v&nbsp;projektu <strong>Muzea bez bari\u00e9r<\/strong> na z\u00e1klad\u011b v\u00fdzkumu mezi n\u00e1v\u0161t\u011bvn\u00edky s&nbsp;dyslexi\u00ed a&nbsp;dal\u0161\u00edmi poruchami u\u010den\u00ed.<\/p>\n\n\n\n<p>Uk\u00e1\u017eeme si, co z&nbsp;v\u00fdzkumu vy\u0161lo. Pod\u00edv\u00e1me se na pr\u00e1ci s&nbsp;textem, typografii, orientaci v&nbsp;prostoru, sv\u011btlo i&nbsp;multim\u00e9dia. Tyto poznatky pak p\u0159evedeme do praktick\u00e9ho n\u00e1stroje, kter\u00fd m\u016f\u017ee pomoct muze\u00edm, galeri\u00edm i&nbsp;design\u00e9r\u016fm.<\/p>\n\n\n\n<p>Nep\u016fjde jen o&nbsp;p\u0159edstaven\u00ed hotov\u00e9ho materi\u00e1lu. Checklist si spole\u010dn\u011b vyzkou\u0161\u00ed\u0161 v&nbsp;praxi. Pom\u016f\u017ee\u0161 odhalit slab\u00e1 m\u00edsta a&nbsp;dopln\u00ed\u0161 ho o&nbsp;vlastn\u00ed zku\u0161enosti.<\/p>\n\n\n\n<p>Workshop je pro lidi z&nbsp;kultury, design\u00e9ry, studenty i&nbsp;pro ka\u017ed\u00e9ho, kdo chce navrhovat komunikaci tak, aby byla srozumiteln\u00e1 pro r\u016fzn\u00e9 n\u00e1v\u0161t\u011bvn\u00edky.<\/p>\n\n\n\n<div style=\"height:40px\" aria-hidden=\"true\" class=\"wp-block-spacer\"><\/div>\n\n\n    <a href=\"https:\/\/zlindesignweek.com\/2026\/osoba\/eva-vazalova-gartnerova\/\"\n       class=\"no-decoration\">\n        <div class=\"person-item\">\n            <img loading=\"lazy\" decoding=\"async\" width=\"560\" height=\"667\" src=\"https:\/\/zlindesignweek.com\/2026\/wp-content\/uploads\/2026\/03\/eva-gartnerova-560x667.jpg\" class=\"attachment-portrait size-portrait wp-post-image\" alt=\"\" \/>            <div class=\"person-item__bottom\">\n                <div class=\"person-item__text\">\n                    <h4 class=\"h5\">Eva V\u00e1zalov\u00e1 Gartnerov\u00e1                    <\/h4>\n                    <small>Lektorka workshopu<\/small>\n                <\/div>\n                <div class=\"person-item__button\">\n                    \u2192\n                <\/div>\n            <\/div>\n        <\/div>\n    <\/a>\n    \n\n    <a href=\"https:\/\/zlindesignweek.com\/2026\/osoba\/romana-zabojova\/\"\n       class=\"no-decoration\">\n        <div class=\"person-item\">\n            <img loading=\"lazy\" decoding=\"async\" width=\"560\" height=\"667\" src=\"https:\/\/zlindesignweek.com\/2026\/wp-content\/uploads\/2026\/03\/romana-zabojova-560x667.jpeg\" class=\"attachment-portrait size-portrait wp-post-image\" alt=\"\" \/>            <div class=\"person-item__bottom\">\n                <div class=\"person-item__text\">\n                    <h4 class=\"h5\">Romana Z\u00e1bojov\u00e1                    <\/h4>\n                    <small>Lektorka workshopu<\/small>\n                <\/div>\n                <div class=\"person-item__button\">\n                    \u2192\n                <\/div>\n            <\/div>\n        <\/div>\n    <\/a>\n    \n\n\n<div style=\"height:30px\" aria-hidden=\"true\" class=\"wp-block-spacer\"><\/div>\n\n\n\n<div class=\"wp-block-esab-accordion esab-vnkdziw6\" data-mode=\"global\"><div class=\"esab__container\">\n<div class=\"wp-block-esab-accordion-child esab__active_accordion\"><div class=\"esab__head\" role=\"button\" aria-expanded=\"true\"><div class=\"esab__heading_txt\"><p class=\"esab__heading_tag\"><strong><strong><strong><strong>Kudy tudy do galerie?<\/strong><\/strong><\/strong><\/strong><\/p><\/div><div class=\"esab__icon esab__active_icon\"><div class=\"esab__collapse\"> <svg version=\"1.2\" viewBox=\"0 0 24 24\" width=\"24\" height=\"24\"><path d=\"m11.3 3.6h1.4q0.2 0 0.2 0.1v16.6q0 0.1-0.2 0.1h-1.4q-0.2 0-0.2-0.2v-16.5q0-0.1 0.2-0.1z\"><\/path><path d=\"m4.1 11.1h15.8q0.2 0 0.2 0.2v1.4q0 0.2-0.2 0.2h-15.8q-0.2 0-0.2-0.2v-1.4q0-0.2 0.2-0.2z\"><\/path><\/svg> <\/div><div class=\"esab__expand\"> <svg version=\"1.2\" viewBox=\"0 0 24 24\" width=\"24\" height=\"24\"><path d=\"m3.4 11.1h17.2v1.8h-17.2z\"><\/path><\/svg> <\/div><\/div><\/div><div class=\"esab__body esab__active\">\n<p><strong>MHD:<\/strong> Zdaleka nejbli\u017e\u0161\u00ed je zast\u00e1vka <strong>\u0160koln\u00ed<\/strong>, p\u0159\u00edpadn\u011b <strong>N\u00e1m\u011bst\u00ed M\u00edru<\/strong>.<br><strong>Autem: <\/strong>Je mo\u017en\u00e9 zaparkovat na ulici Hradsk\u00e1 nebo pod kongresov\u00fdm centrem, ob\u011b mo\u017enosti jsou zpoplatn\u011bn\u00e9. Obecn\u011b je ale ve Zl\u00edn\u011b probl\u00e9m s&nbsp;parkov\u00e1n\u00edm, tak\u017ee doporu\u010dujeme pokud mo\u017eno p\u0159ij\u00edt rad\u0161i \u201cpo sv\u00fdch\u201d.<\/p>\n\n\n\n<p>Galerie se nach\u00e1z\u00ed v&nbsp;p\u0159\u00edzem\u00ed fakulty humanitn\u00edch studi\u00ed, ale nen\u00ed \u017e\u00e1dn\u00fd strach, v\u00edtan\u00fd je ka\u017ed\u00fd. A\u017e projde\u0161 hlavn\u00edm vstupem, dej se doprava a&nbsp;zna\u010den\u00ed t\u011b do galerie dovede, vstup i&nbsp;toalety v&nbsp;budov\u011b jsou bezbari\u00e9rov\u00e9.<\/p>\n\n\n\n<p>Pokud m\u00e1\u0161 jak\u00e9koliv specifick\u00e9 pot\u0159eby a\/nebo v\u00e1h\u00e1\u0161, zda je program pro tebe, nev\u00e1hej se n\u00e1m ozvat, a\u0165 u\u017e mailem: <a href=\"mailto:anna.svobodova@zlindesignweek.com\"><strong>anna.svobodova@zlindesignweek.com<\/strong><\/a> anebo telefonicky\/SMS: <strong>+420&nbsp;733&nbsp;144&nbsp;711<\/strong>.<\/p>\n\n\n\n<p>Na\u0161\u00edm c\u00edlem je zp\u0159\u00edstup\u0148ovat festival co nejv\u00edce lidem dok\u00e1\u017eeme \u2013 moc r\u00e1di ti porad\u00edme a&nbsp;pom\u016f\u017eeme vymyslet alternativn\u00ed mo\u017enosti.<\/p>\n<\/div><\/div>\n<\/div><\/div>\n<\/div><\/div>\n","protected":false},"excerpt":{"rendered":"Workshop Checklist inkluzivn\u00ed komunikace: praktick\u00fd n\u00e1stroj pro muzea a&nbsp;galerie \u00d7 Eva Gartnerov\u00e1 &amp; Romana Z\u00e1bojov\u00e1 Workshop povede Eva V\u00e1zalov\u00e1 Gartnerov\u00e1 &amp; Romana Z\u00e1bojov\u00e1 Lokace:&nbsp;ateli\u00e9r Arts [&hellip;]","protected":false},"author":52,"featured_media":0,"parent":0,"menu_order":0,"comment_status":"closed","ping_status":"closed","template":"templates\/no-title.php","meta":{"_acf_changed":false,"footnotes":""},"class_list":["post-41661","page","type-page","status-publish","hentry"],"acf":[],"_links":{"self":[{"href":"https:\/\/zlindesignweek.com\/2026\/wp-json\/wp\/v2\/pages\/41661","targetHints":{"allow":["GET"]}}],"collection":[{"href":"https:\/\/zlindesignweek.com\/2026\/wp-json\/wp\/v2\/pages"}],"about":[{"href":"https:\/\/zlindesignweek.com\/2026\/wp-json\/wp\/v2\/types\/page"}],"author":[{"embeddable":true,"href":"https:\/\/zlindesignweek.com\/2026\/wp-json\/wp\/v2\/users\/52"}],"replies":[{"embeddable":true,"href":"https:\/\/zlindesignweek.com\/2026\/wp-json\/wp\/v2\/comments?post=41661"}],"version-history":[{"count":15,"href":"https:\/\/zlindesignweek.com\/2026\/wp-json\/wp\/v2\/pages\/41661\/revisions"}],"predecessor-version":[{"id":43887,"href":"https:\/\/zlindesignweek.com\/2026\/wp-json\/wp\/v2\/pages\/41661\/revisions\/43887"}],"wp:attachment":[{"href":"https:\/\/zlindesignweek.com\/2026\/wp-json\/wp\/v2\/media?parent=41661"}],"curies":[{"name":"wp","href":"https:\/\/api.w.org\/{rel}","templated":true}]}}