{"id":41415,"date":"2026-03-09T12:57:32","date_gmt":"2026-03-09T11:57:32","guid":{"rendered":"https:\/\/zlindesignweek.com\/2026\/?page_id=41415"},"modified":"2026-04-26T19:03:53","modified_gmt":"2026-04-26T17:03:53","slug":"design-market","status":"publish","type":"page","link":"https:\/\/zlindesignweek.com\/2026\/design-market\/","title":{"rendered":"Design Market"},"content":{"rendered":"\n<div class=\"wp-block-group\"><div class=\"wp-block-group__inner-container is-layout-constrained wp-block-group-is-layout-constrained\">\n<p><mark style=\"background-color:rgba(0, 0, 0, 0)\" class=\"has-inline-color has-zdw-color\"><strong><strong>Lokace<\/strong><\/strong>:&nbsp;<\/mark>Tr\u017ei\u0161t\u011b Pod Ka\u0161tany (t\u0159. Tom\u00e1\u0161e Bati, Zl\u00edn)<br><mark style=\"background-color:rgba(0, 0, 0, 0)\" class=\"has-inline-color has-zdw-color\"><strong><strong>Datum<\/strong><\/strong>:&nbsp;<\/mark>10.&nbsp;5.&nbsp;2026<br><mark style=\"background-color:rgba(0, 0, 0, 0)\" class=\"has-inline-color has-zdw-color\"><strong><strong>\u010cas<\/strong><\/strong>:<\/mark>&nbsp;10:00\u201317:00<br><mark style=\"background-color:rgba(0, 0, 0, 0)\" class=\"has-inline-color has-zdw-color\"><strong><strong>Vstupn\u00e9<\/strong><\/strong>:<\/mark> Zdarma (workshopy jsou placen\u00e9)<\/p>\n\n\n\n<p>Chce\u0161 si odn\u00e9st kousek Zlin Design Weeku dom\u016f? Zastav se v&nbsp;ned\u011bli na Tr\u017ei\u0161ti Pod Ka\u0161tany. \u010cekaj\u00ed na tebe m\u00f3dn\u00ed dopl\u0148ky, \u0161perky, dekorace, pap\u00edrnictv\u00ed, knihy i&nbsp;n\u011bco dobr\u00e9ho k&nbsp;j\u00eddlu.&nbsp;<\/p>\n\n\n\n<p>Nemus\u00ed\u0161 jen nakupovat. M\u016f\u017ee\u0161 si taky n\u011bco vyrobit na workshopech nebo se jen zastavit, d\u00e1t si n\u011bco dobr\u00e9ho a&nbsp;poslechnout \u017eiv\u00fd set od OYO.<\/p>\n\n\n\n<h4 class=\"wp-block-heading\"><strong>P\u0158ECE NEBUDE\u0160 JEN NAKUPOVAT. Co dal\u0161\u00edho t\u011b \u010dek\u00e1?<\/strong><\/h4>\n\n\n\n<ul class=\"wp-block-list\">\n<li>10:00\u201312:00 \u2013 Tv\u016fr\u010d\u00ed workshop: Jarn\u00ed v\u011bnce \u00d7 Chv\u00edle.<\/li>\n\n\n\n<li>13:00\u201315:00 &#8211; Tv\u016fr\u010d\u00ed workshop: V\u00fdroba prst\u00fdnk\u016f \u00d7 Ka\u00f8ri<\/li>\n\n\n\n<li>15:00\u201317:00 &#8211; \u017div\u00e1 hudba na Design Marketu \u00d7 OYO<\/li>\n<\/ul>\n\n\n\n<h3 class=\"wp-block-heading\">Na koho se m\u016f\u017ee\u0161 t\u011b\u0161it?<\/h3>\n\n\n    <a href=\"https:\/\/zlindesignweek.com\/2026\/osoba\/adolphinata\/\"\n       class=\"no-decoration\">\n        <div class=\"person-item\">\n            <img loading=\"lazy\" decoding=\"async\" width=\"560\" height=\"667\" src=\"https:\/\/zlindesignweek.com\/2026\/wp-content\/uploads\/2026\/03\/208850ec-54ae-4ee7-ac6d-33ee00980dfdjpg-560x667.webp\" class=\"attachment-portrait size-portrait wp-post-image\" alt=\"\" \/>            <div class=\"person-item__bottom\">\n                <div class=\"person-item__text\">\n                    <h4 class=\"h5\">Adolphinata                    <\/h4>\n                    <small>M\u00f3da &#038; dopl\u0148ky<\/small>\n                <\/div>\n                <div class=\"person-item__button\">\n                    \u2192\n                <\/div>\n            <\/div>\n        <\/div>\n    <\/a>\n    \n\n    <a href=\"https:\/\/zlindesignweek.com\/2026\/osoba\/denimo-studio\/\"\n       class=\"no-decoration\">\n        <div class=\"person-item\">\n            <img loading=\"lazy\" decoding=\"async\" width=\"560\" height=\"667\" src=\"https:\/\/zlindesignweek.com\/2026\/wp-content\/uploads\/2026\/03\/img-1408-560x667.jpg\" class=\"attachment-portrait size-portrait wp-post-image\" alt=\"\" \/>            <div class=\"person-item__bottom\">\n                <div class=\"person-item__text\">\n                    <h4 class=\"h5\">Denimo studio                    <\/h4>\n                    <small>M\u00f3da &#038; dopl\u0148ky<\/small>\n                <\/div>\n                <div class=\"person-item__button\">\n                    \u2192\n                <\/div>\n            <\/div>\n        <\/div>\n    <\/a>\n    \n\n    <a href=\"https:\/\/zlindesignweek.com\/2026\/osoba\/marylu\/\"\n       class=\"no-decoration\">\n        <div class=\"person-item\">\n            <img loading=\"lazy\" decoding=\"async\" width=\"560\" height=\"667\" src=\"https:\/\/zlindesignweek.com\/2026\/wp-content\/uploads\/2026\/03\/dsc08009-lowres-aleskral-560x667.jpg\" class=\"attachment-portrait size-portrait wp-post-image\" alt=\"\" \/>            <div class=\"person-item__bottom\">\n                <div class=\"person-item__text\">\n                    <h4 class=\"h5\">Marylu                    <\/h4>\n                    <small>M\u00f3da &#038; dopl\u0148ky<\/small>\n                <\/div>\n                <div class=\"person-item__button\">\n                    \u2192\n                <\/div>\n            <\/div>\n        <\/div>\n    <\/a>\n    \n\n    <a href=\"https:\/\/zlindesignweek.com\/2026\/osoba\/laks\/\"\n       class=\"no-decoration\">\n        <div class=\"person-item\">\n            <img loading=\"lazy\" decoding=\"async\" width=\"560\" height=\"667\" src=\"https:\/\/zlindesignweek.com\/2026\/wp-content\/uploads\/2026\/03\/img-9206-560x667.jpg\" class=\"attachment-portrait size-portrait wp-post-image\" alt=\"\" \/>            <div class=\"person-item__bottom\">\n                <div class=\"person-item__text\">\n                    <h4 class=\"h5\">LAKS                    <\/h4>\n                    <small>M\u00f3da &#038; dopl\u0148ky<\/small>\n                <\/div>\n                <div class=\"person-item__button\">\n                    \u2192\n                <\/div>\n            <\/div>\n        <\/div>\n    <\/a>\n    \n\n    <a href=\"https:\/\/zlindesignweek.com\/2026\/osoba\/rara-bags\/\"\n       class=\"no-decoration\">\n        <div class=\"person-item\">\n            <img loading=\"lazy\" decoding=\"async\" width=\"560\" height=\"667\" src=\"https:\/\/zlindesignweek.com\/2026\/wp-content\/uploads\/2026\/03\/dscf2349-560x667.jpg\" class=\"attachment-portrait size-portrait wp-post-image\" alt=\"\" \/>            <div class=\"person-item__bottom\">\n                <div class=\"person-item__text\">\n                    <h4 class=\"h5\">rara bags                    <\/h4>\n                    <small>M\u00f3da &#038; dopl\u0148ky<\/small>\n                <\/div>\n                <div class=\"person-item__button\">\n                    \u2192\n                <\/div>\n            <\/div>\n        <\/div>\n    <\/a>\n    \n\n    <a href=\"https:\/\/zlindesignweek.com\/2026\/osoba\/undie\/\"\n       class=\"no-decoration\">\n        <div class=\"person-item\">\n            <img loading=\"lazy\" decoding=\"async\" width=\"560\" height=\"667\" src=\"https:\/\/zlindesignweek.com\/2026\/wp-content\/uploads\/2026\/03\/dsc06358kopie-560x667.jpg\" class=\"attachment-portrait size-portrait wp-post-image\" alt=\"\" \/>            <div class=\"person-item__bottom\">\n                <div class=\"person-item__text\">\n                    <h4 class=\"h5\">Undie                    <\/h4>\n                    <small>M\u00f3da &#038; dopl\u0148ky<\/small>\n                <\/div>\n                <div class=\"person-item__button\">\n                    \u2192\n                <\/div>\n            <\/div>\n        <\/div>\n    <\/a>\n    \n\n    <a href=\"https:\/\/zlindesignweek.com\/2026\/osoba\/alfreda-studio\/\"\n       class=\"no-decoration\">\n        <div class=\"person-item\">\n            <img loading=\"lazy\" decoding=\"async\" width=\"560\" height=\"667\" src=\"https:\/\/zlindesignweek.com\/2026\/wp-content\/uploads\/2026\/03\/o-znacce-1-560x667.png\" class=\"attachment-portrait size-portrait wp-post-image\" alt=\"\" \/>            <div class=\"person-item__bottom\">\n                <div class=\"person-item__text\">\n                    <h4 class=\"h5\">Alfreda studio                    <\/h4>\n                    <small>M\u00f3da &#038; dopl\u0148ky<\/small>\n                <\/div>\n                <div class=\"person-item__button\">\n                    \u2192\n                <\/div>\n            <\/div>\n        <\/div>\n    <\/a>\n    \n\n    <a href=\"https:\/\/zlindesignweek.com\/2026\/osoba\/chvile-kvetinarstvi\/\"\n       class=\"no-decoration\">\n        <div class=\"person-item\">\n            <img loading=\"lazy\" decoding=\"async\" width=\"560\" height=\"667\" src=\"https:\/\/zlindesignweek.com\/2026\/wp-content\/uploads\/2026\/03\/img-3976-560x667.jpeg\" class=\"attachment-portrait size-portrait wp-post-image\" alt=\"\" \/>            <div class=\"person-item__bottom\">\n                <div class=\"person-item__text\">\n                    <h4 class=\"h5\">Chv\u00edle kv\u011btin\u00e1\u0159stv\u00ed                    <\/h4>\n                    <small>Kv\u011btin\u00e1\u0159stv\u00ed<\/small>\n                <\/div>\n                <div class=\"person-item__button\">\n                    \u2192\n                <\/div>\n            <\/div>\n        <\/div>\n    <\/a>\n    \n\n    <a href=\"https:\/\/zlindesignweek.com\/2026\/osoba\/kaori\/\"\n       class=\"no-decoration\">\n        <div class=\"person-item\">\n            <img loading=\"lazy\" decoding=\"async\" width=\"560\" height=\"667\" src=\"https:\/\/zlindesignweek.com\/2026\/wp-content\/uploads\/2026\/03\/img-3514-560x667.png\" class=\"attachment-portrait size-portrait wp-post-image\" alt=\"\" \/>            <div class=\"person-item__bottom\">\n                <div class=\"person-item__text\">\n                    <h4 class=\"h5\">Ka\u00f8ri                    <\/h4>\n                    <small>\u0160perky<\/small>\n                <\/div>\n                <div class=\"person-item__button\">\n                    \u2192\n                <\/div>\n            <\/div>\n        <\/div>\n    <\/a>\n    \n\n    <a href=\"https:\/\/zlindesignweek.com\/2026\/osoba\/zelena-mistnost\/\"\n       class=\"no-decoration\">\n        <div class=\"person-item\">\n            <img loading=\"lazy\" decoding=\"async\" width=\"560\" height=\"667\" src=\"https:\/\/zlindesignweek.com\/2026\/wp-content\/uploads\/2026\/03\/img-4486-2-560x667.jpg\" class=\"attachment-portrait size-portrait wp-post-image\" alt=\"\" \/>            <div class=\"person-item__bottom\">\n                <div class=\"person-item__text\">\n                    <h4 class=\"h5\">Zelen\u00e1 m\u00edstnost                    <\/h4>\n                    <small>\u0160perky<\/small>\n                <\/div>\n                <div class=\"person-item__button\">\n                    \u2192\n                <\/div>\n            <\/div>\n        <\/div>\n    <\/a>\n    \n\n    <a href=\"https:\/\/zlindesignweek.com\/2026\/osoba\/eufemia\/\"\n       class=\"no-decoration\">\n        <div class=\"person-item\">\n            <img loading=\"lazy\" decoding=\"async\" width=\"560\" height=\"667\" src=\"https:\/\/zlindesignweek.com\/2026\/wp-content\/uploads\/2026\/03\/eufemia-uvod-560x667.jpg\" class=\"attachment-portrait size-portrait wp-post-image\" alt=\"\" \/>            <div class=\"person-item__bottom\">\n                <div class=\"person-item__text\">\n                    <h4 class=\"h5\">Eufemia                    <\/h4>\n                    <small>Domov &#038; dekorace<\/small>\n                <\/div>\n                <div class=\"person-item__button\">\n                    \u2192\n                <\/div>\n            <\/div>\n        <\/div>\n    <\/a>\n    \n\n    <a href=\"https:\/\/zlindesignweek.com\/2026\/osoba\/keranika\/\"\n       class=\"no-decoration\">\n        <div class=\"person-item\">\n            <img loading=\"lazy\" decoding=\"async\" width=\"560\" height=\"667\" src=\"https:\/\/zlindesignweek.com\/2026\/wp-content\/uploads\/2026\/03\/img-5951-560x667.jpeg\" class=\"attachment-portrait size-portrait wp-post-image\" alt=\"\" \/>            <div class=\"person-item__bottom\">\n                <div class=\"person-item__text\">\n                    <h4 class=\"h5\">Keranika                    <\/h4>\n                    <small>Domov &#038; dekorace<\/small>\n                <\/div>\n                <div class=\"person-item__button\">\n                    \u2192\n                <\/div>\n            <\/div>\n        <\/div>\n    <\/a>\n    \n\n    <a href=\"https:\/\/zlindesignweek.com\/2026\/osoba\/roztomile-lampicky\/\"\n       class=\"no-decoration\">\n        <div class=\"person-item\">\n            <img loading=\"lazy\" decoding=\"async\" width=\"560\" height=\"667\" src=\"https:\/\/zlindesignweek.com\/2026\/wp-content\/uploads\/2026\/03\/dsc02956-560x667.jpg\" class=\"attachment-portrait size-portrait wp-post-image\" alt=\"\" \/>            <div class=\"person-item__bottom\">\n                <div class=\"person-item__text\">\n                    <h4 class=\"h5\">Roztomil\u00e9 lampi\u010dky                    <\/h4>\n                    <small>Domov &#038; dekorace<\/small>\n                <\/div>\n                <div class=\"person-item__button\">\n                    \u2192\n                <\/div>\n            <\/div>\n        <\/div>\n    <\/a>\n    \n\n    <a href=\"https:\/\/zlindesignweek.com\/2026\/osoba\/laskavarna-pod-kastany\/\"\n       class=\"no-decoration\">\n        <div class=\"person-item\">\n            <img loading=\"lazy\" decoding=\"async\" width=\"560\" height=\"667\" src=\"https:\/\/zlindesignweek.com\/2026\/wp-content\/uploads\/2026\/03\/jado8114-560x667.jpg\" class=\"attachment-portrait size-portrait wp-post-image\" alt=\"\" \/>            <div class=\"person-item__bottom\">\n                <div class=\"person-item__text\">\n                    <h4 class=\"h5\">Laskav\u00e1rna Pod Ka\u0161tany                    <\/h4>\n                    <small>Gastro<\/small>\n                <\/div>\n                <div class=\"person-item__button\">\n                    \u2192\n                <\/div>\n            <\/div>\n        <\/div>\n    <\/a>\n    \n\n    <a href=\"https:\/\/zlindesignweek.com\/2026\/osoba\/macha-tea\/\"\n       class=\"no-decoration\">\n        <div class=\"person-item\">\n            <img loading=\"lazy\" decoding=\"async\" width=\"560\" height=\"667\" src=\"https:\/\/zlindesignweek.com\/2026\/wp-content\/uploads\/2026\/03\/hrnek-560x667.jpg\" class=\"attachment-portrait size-portrait wp-post-image\" alt=\"\" \/>            <div class=\"person-item__bottom\">\n                <div class=\"person-item__text\">\n                    <h4 class=\"h5\">Ma:cha tea                    <\/h4>\n                    <small>Gastro<\/small>\n                <\/div>\n                <div class=\"person-item__button\">\n                    \u2192\n                <\/div>\n            <\/div>\n        <\/div>\n    <\/a>\n    \n\n    <a href=\"https:\/\/zlindesignweek.com\/2026\/osoba\/neco-jako-cola\/\"\n       class=\"no-decoration\">\n        <div class=\"person-item\">\n            <img loading=\"lazy\" decoding=\"async\" width=\"560\" height=\"667\" src=\"https:\/\/zlindesignweek.com\/2026\/wp-content\/uploads\/2026\/03\/neco-jako-00371-560x667.jpg\" class=\"attachment-portrait size-portrait wp-post-image\" alt=\"\" \/>            <div class=\"person-item__bottom\">\n                <div class=\"person-item__text\">\n                    <h4 class=\"h5\">N\u011bco jako cola                    <\/h4>\n                    <small>Gastro<\/small>\n                <\/div>\n                <div class=\"person-item__button\">\n                    \u2192\n                <\/div>\n            <\/div>\n        <\/div>\n    <\/a>\n    \n\n    <a href=\"https:\/\/zlindesignweek.com\/2026\/osoba\/pepper-field\/\"\n       class=\"no-decoration\">\n        <div class=\"person-item\">\n            <img loading=\"lazy\" decoding=\"async\" width=\"560\" height=\"667\" src=\"https:\/\/zlindesignweek.com\/2026\/wp-content\/uploads\/2026\/03\/sacky19jpg-560x667.webp\" class=\"attachment-portrait size-portrait wp-post-image\" alt=\"\" \/>            <div class=\"person-item__bottom\">\n                <div class=\"person-item__text\">\n                    <h4 class=\"h5\">Pepper.field                    <\/h4>\n                    <small>Gastro<\/small>\n                <\/div>\n                <div class=\"person-item__button\">\n                    \u2192\n                <\/div>\n            <\/div>\n        <\/div>\n    <\/a>\n    \n\n    <a href=\"https:\/\/zlindesignweek.com\/2026\/osoba\/qasito\/\"\n       class=\"no-decoration\">\n        <div class=\"person-item\">\n            <img loading=\"lazy\" decoding=\"async\" width=\"560\" height=\"667\" src=\"https:\/\/zlindesignweek.com\/2026\/wp-content\/uploads\/2026\/03\/snimek-obrazovky-2026-03-16-v232111-560x667.png\" class=\"attachment-portrait size-portrait wp-post-image\" alt=\"\" \/>            <div class=\"person-item__bottom\">\n                <div class=\"person-item__text\">\n                    <h4 class=\"h5\">qasito                    <\/h4>\n                    <small>Gastro<\/small>\n                <\/div>\n                <div class=\"person-item__button\">\n                    \u2192\n                <\/div>\n            <\/div>\n        <\/div>\n    <\/a>\n    \n\n    <a href=\"https:\/\/zlindesignweek.com\/2026\/osoba\/slow-life\/\"\n       class=\"no-decoration\">\n        <div class=\"person-item\">\n            <img loading=\"lazy\" decoding=\"async\" width=\"560\" height=\"667\" src=\"https:\/\/zlindesignweek.com\/2026\/wp-content\/uploads\/2026\/03\/slow-33-560x667.jpg\" class=\"attachment-portrait size-portrait wp-post-image\" alt=\"\" \/>            <div class=\"person-item__bottom\">\n                <div class=\"person-item__text\">\n                    <h4 class=\"h5\">Slow life                    <\/h4>\n                    <small>Kosmetika<\/small>\n                <\/div>\n                <div class=\"person-item__button\">\n                    \u2192\n                <\/div>\n            <\/div>\n        <\/div>\n    <\/a>\n    \n\n    <a href=\"https:\/\/zlindesignweek.com\/2026\/osoba\/pavucinky\/\"\n       class=\"no-decoration\">\n        <div class=\"person-item\">\n            <img loading=\"lazy\" decoding=\"async\" width=\"560\" height=\"667\" src=\"https:\/\/zlindesignweek.com\/2026\/wp-content\/uploads\/2026\/03\/dsc06293-560x667.jpeg\" class=\"attachment-portrait size-portrait wp-post-image\" alt=\"\" \/>            <div class=\"person-item__bottom\">\n                <div class=\"person-item__text\">\n                    <h4 class=\"h5\">Pavu\u010dinky                    <\/h4>\n                    <small>Pap\u00edr &#038; knihy<\/small>\n                <\/div>\n                <div class=\"person-item__button\">\n                    \u2192\n                <\/div>\n            <\/div>\n        <\/div>\n    <\/a>\n    \n\n    <a href=\"https:\/\/zlindesignweek.com\/2026\/osoba\/rare-places\/\"\n       class=\"no-decoration\">\n        <div class=\"person-item\">\n            <img loading=\"lazy\" decoding=\"async\" width=\"560\" height=\"667\" src=\"https:\/\/zlindesignweek.com\/2026\/wp-content\/uploads\/2026\/03\/untitled-session0528-kopie-560x667.jpg\" class=\"attachment-portrait size-portrait wp-post-image\" alt=\"\" \/>            <div class=\"person-item__bottom\">\n                <div class=\"person-item__text\">\n                    <h4 class=\"h5\">Rare Places                    <\/h4>\n                    <small>Pap\u00edr &#038; knihy<\/small>\n                <\/div>\n                <div class=\"person-item__button\">\n                    \u2192\n                <\/div>\n            <\/div>\n        <\/div>\n    <\/a>\n    \n\n    <a href=\"https:\/\/zlindesignweek.com\/2026\/osoba\/rncne\/\"\n       class=\"no-decoration\">\n        <div class=\"person-item\">\n            <img loading=\"lazy\" decoding=\"async\" width=\"560\" height=\"667\" src=\"https:\/\/zlindesignweek.com\/2026\/wp-content\/uploads\/2026\/03\/vianocne-dizajn-no-20-560x667.jpg\" class=\"attachment-portrait size-portrait wp-post-image\" alt=\"\" \/>            <div class=\"person-item__bottom\">\n                <div class=\"person-item__text\">\n                    <h4 class=\"h5\">Rncne                    <\/h4>\n                    <small>Pap\u00edr &#038; knihy<\/small>\n                <\/div>\n                <div class=\"person-item__button\">\n                    \u2192\n                <\/div>\n            <\/div>\n        <\/div>\n    <\/a>\n    \n\n    <a href=\"https:\/\/zlindesignweek.com\/2026\/osoba\/ulepena\/\"\n       class=\"no-decoration\">\n        <div class=\"person-item\">\n            <img loading=\"lazy\" decoding=\"async\" width=\"560\" height=\"667\" src=\"https:\/\/zlindesignweek.com\/2026\/wp-content\/uploads\/2026\/03\/img-3036-560x667.jpg\" class=\"attachment-portrait size-portrait wp-post-image\" alt=\"\" \/>            <div class=\"person-item__bottom\">\n                <div class=\"person-item__text\">\n                    <h4 class=\"h5\">Ulepen\u00e1                    <\/h4>\n                    <small>Pap\u00edr &#038; knihy<\/small>\n                <\/div>\n                <div class=\"person-item__button\">\n                    \u2192\n                <\/div>\n            <\/div>\n        <\/div>\n    <\/a>\n    \n\n    <a href=\"https:\/\/zlindesignweek.com\/2026\/osoba\/zenzen\/\"\n       class=\"no-decoration\">\n        <div class=\"person-item\">\n            <img loading=\"lazy\" decoding=\"async\" width=\"560\" height=\"667\" src=\"https:\/\/zlindesignweek.com\/2026\/wp-content\/uploads\/2026\/03\/10-560x667.jpg\" class=\"attachment-portrait size-portrait wp-post-image\" alt=\"\" \/>            <div class=\"person-item__bottom\">\n                <div class=\"person-item__text\">\n                    <h4 class=\"h5\">ZENZEN                    <\/h4>\n                    <small>Pap\u00edr &#038; knihy<\/small>\n                <\/div>\n                <div class=\"person-item__button\">\n                    \u2192\n                <\/div>\n            <\/div>\n        <\/div>\n    <\/a>\n    \n\n\n<h3 class=\"wp-block-heading\">Oni to tvo\u0159ili s&nbsp;l\u00e1skou. Nechce\u0161 i&nbsp;ty?<\/h3>\n\n\n    <a href=\"https:\/\/zlindesignweek.com\/2026\/osoba\/tvurci-workshop-jarni-vence-s-chvili\/\"\n       class=\"no-decoration\">\n        <div class=\"person-item\">\n            <img loading=\"lazy\" decoding=\"async\" width=\"560\" height=\"667\" src=\"https:\/\/zlindesignweek.com\/2026\/wp-content\/uploads\/2026\/03\/img-1569-560x667.jpeg\" class=\"attachment-portrait size-portrait wp-post-image\" alt=\"\" \/>            <div class=\"person-item__bottom\">\n                <div class=\"person-item__text\">\n                    <h4 class=\"h5\">Tv\u016fr\u010d\u00ed workshop: Jarn\u00ed v\u011bnce \u00d7 Chv\u00edle.                    <\/h4>\n                    <small><\/small>\n                <\/div>\n                <div class=\"person-item__button\">\n                    \u2192\n                <\/div>\n            <\/div>\n        <\/div>\n    <\/a>\n    \n\n    <a href=\"https:\/\/zlindesignweek.com\/2026\/osoba\/tvurci-workshop-vyroba-prstynku-s-kaori\/\"\n       class=\"no-decoration\">\n        <div class=\"person-item\">\n            <img loading=\"lazy\" decoding=\"async\" width=\"560\" height=\"667\" src=\"https:\/\/zlindesignweek.com\/2026\/wp-content\/uploads\/2026\/03\/whatsapp-image-2026-02-25-at-105836-1-560x667.jpeg\" class=\"attachment-portrait size-portrait wp-post-image\" alt=\"\" \/>            <div class=\"person-item__bottom\">\n                <div class=\"person-item__text\">\n                    <h4 class=\"h5\">Tv\u016fr\u010d\u00ed workshop: V\u00fdroba prst\u00fdnk\u016f \u00d7 Ka\u00f8ri                    <\/h4>\n                    <small><\/small>\n                <\/div>\n                <div class=\"person-item__button\">\n                    \u2192\n                <\/div>\n            <\/div>\n        <\/div>\n    <\/a>\n    \n\n\n<h3 class=\"wp-block-heading\">A KDO TI ODPOLEDNE K&nbsp;NAKUPOV\u00c1N\u00cd ZAHRAJE?<\/h3>\n\n\n    <a href=\"https:\/\/zlindesignweek.com\/2026\/osoba\/oyo\/\"\n       class=\"no-decoration\">\n        <div class=\"person-item\">\n            <img loading=\"lazy\" decoding=\"async\" width=\"560\" height=\"667\" src=\"https:\/\/zlindesignweek.com\/2026\/wp-content\/uploads\/2026\/03\/dsc-1763-560x667.jpeg\" class=\"attachment-portrait size-portrait wp-post-image\" alt=\"\" \/>            <div class=\"person-item__bottom\">\n                <div class=\"person-item__text\">\n                    <h4 class=\"h5\">OYO                    <\/h4>\n                    <small><\/small>\n                <\/div>\n                <div class=\"person-item__button\">\n                    \u2192\n                <\/div>\n            <\/div>\n        <\/div>\n    <\/a>\n    \n\n\n<p><\/p>\n<\/div><\/div>\n","protected":false},"excerpt":{"rendered":"Lokace:&nbsp;Tr\u017ei\u0161t\u011b Pod Ka\u0161tany (t\u0159. Tom\u00e1\u0161e Bati, Zl\u00edn)Datum:&nbsp;10.&nbsp;5.&nbsp;2026\u010cas:&nbsp;10:00\u201317:00Vstupn\u00e9: Zdarma (workshopy jsou placen\u00e9) Chce\u0161 si odn\u00e9st kousek Zlin Design Weeku dom\u016f? Zastav se v&nbsp;ned\u011bli na Tr\u017ei\u0161ti Pod [&hellip;]","protected":false},"author":52,"featured_media":0,"parent":0,"menu_order":0,"comment_status":"closed","ping_status":"closed","template":"","meta":{"_acf_changed":false,"footnotes":""},"class_list":["post-41415","page","type-page","status-publish","hentry"],"acf":[],"_links":{"self":[{"href":"https:\/\/zlindesignweek.com\/2026\/wp-json\/wp\/v2\/pages\/41415","targetHints":{"allow":["GET"]}}],"collection":[{"href":"https:\/\/zlindesignweek.com\/2026\/wp-json\/wp\/v2\/pages"}],"about":[{"href":"https:\/\/zlindesignweek.com\/2026\/wp-json\/wp\/v2\/types\/page"}],"author":[{"embeddable":true,"href":"https:\/\/zlindesignweek.com\/2026\/wp-json\/wp\/v2\/users\/52"}],"replies":[{"embeddable":true,"href":"https:\/\/zlindesignweek.com\/2026\/wp-json\/wp\/v2\/comments?post=41415"}],"version-history":[{"count":13,"href":"https:\/\/zlindesignweek.com\/2026\/wp-json\/wp\/v2\/pages\/41415\/revisions"}],"predecessor-version":[{"id":43665,"href":"https:\/\/zlindesignweek.com\/2026\/wp-json\/wp\/v2\/pages\/41415\/revisions\/43665"}],"wp:attachment":[{"href":"https:\/\/zlindesignweek.com\/2026\/wp-json\/wp\/v2\/media?parent=41415"}],"curies":[{"name":"wp","href":"https:\/\/api.w.org\/{rel}","templated":true}]}}