{"id":41311,"date":"2026-03-08T23:14:59","date_gmt":"2026-03-08T22:14:59","guid":{"rendered":"https:\/\/zlindesignweek.com\/2026\/?page_id=41311"},"modified":"2026-04-10T10:23:27","modified_gmt":"2026-04-10T08:23:27","slug":"music-program","status":"publish","type":"page","link":"https:\/\/zlindesignweek.com\/2026\/en\/music-program\/","title":{"rendered":"Music Programme"},"content":{"rendered":"\n<div class=\"wp-block-group\"><div class=\"wp-block-group__inner-container is-layout-constrained wp-block-group-is-layout-constrained\">\n<p>The music program will keep you entertained all week long, but there are two events you definitely won\u2019t want to miss. The ZDW Party follows Friday\u2019s Fashion Show and will give you a&nbsp;taste of what a&nbsp;party on campus is like. If you\u2019re looking to liven up your Monday evening, the Concerts in the Park \u00d7 Proud are waiting for you.<\/p>\n\n\n\n<p>If that\u2019s not enough for you, a&nbsp;<a href=\"https:\/\/zlindesignweek.com\/2026\/en\/osoba\/dj-set-x-jakub-vraga-2\/\">DJ set by Jakub Vr\u00e1ga<\/a> awaits you at the Festival opening ceremony on Wednesday. You can also catch him on Saturday at the Afterparty of the <a href=\"https:\/\/zlindesignweek.com\/2026\/en\/best-in-design-awards-ceremony\/\">Best in Design Awards Ceremony<\/a>, which is free and open to the public this year. <\/p>\n\n\n\n<p>And if you\u2019re not in the mood for a&nbsp;big party but would rather come shop and listen to some music while you\u2019re at it, <a href=\"https:\/\/zlindesignweek.com\/2026\/en\/osoba\/oyo-2\/\">Live Music \u00d7 OYO<\/a> will be performing as part of Sunday\u2019s Design Market.<\/p>\n\n\n\n<h3 class=\"wp-block-heading\">ZDW Party<\/h3>\n\n\n\n<p><mark style=\"background-color:rgba(0, 0, 0, 0)\" class=\"has-inline-color has-zdw-color\">Location:&nbsp;<\/mark>Foyer of the Faculty of Technology at Tomas Bata University (Vavre\u010dkova 5669, Zlin)<br><mark style=\"background-color:rgba(0, 0, 0, 0)\" class=\"has-inline-color has-zdw-color\">Date:<\/mark>&nbsp;8 May 2026<br><mark style=\"background-color:rgba(0, 0, 0, 0)\" class=\"has-inline-color has-zdw-color\">Time:<\/mark>&nbsp;9 PM&nbsp;\u2013 1:30 AM<br><mark style=\"background-color:rgba(0, 0, 0, 0)\" class=\"has-inline-color has-zdw-color\"><strong>Admission<\/strong>:<\/mark><\/p>\n\n\n\n<ul class=\"wp-block-list\">\n<li>Adult &#8211; CZK 100<\/li>\n\n\n\n<li>Student &#8211; CZK 80<\/li>\n\n\n\n<li>Disabled &#8211; CZK 50<\/li>\n<\/ul>\n\n\n\n<div style=\"height:10px\" aria-hidden=\"true\" class=\"wp-block-spacer\"><\/div>\n\n\n\n<div class=\"wp-block-buttons is-layout-flex wp-block-buttons-is-layout-flex\">\n<div class=\"wp-block-button\"><a class=\"wp-block-button__link wp-element-button\" href=\"https:\/\/www.smsticket.cz\/vstupenky\/69112-zdw-party-fakulta-technologicka-utb-zlin\">BUY A&nbsp;TICKET<\/a><\/div>\n<\/div>\n\n\n\n<h4 class=\"wp-block-heading\">WHO WILL PERFORM AT THE ZDW PARTY?<\/h4>\n\n\n    <a href=\"https:\/\/zlindesignweek.com\/2026\/en\/osoba\/dj-lipi16-2\/\"\n       class=\"no-decoration\">\n        <div class=\"person-item\">\n            <img loading=\"lazy\" decoding=\"async\" width=\"560\" height=\"667\" src=\"https:\/\/zlindesignweek.com\/2026\/wp-content\/uploads\/2026\/03\/61425f32-32aa-4389-b623-84e267b92a6f-560x667.jpg\" class=\"attachment-portrait size-portrait wp-post-image\" alt=\"\" \/>            <div class=\"person-item__bottom\">\n                <div class=\"person-item__text\">\n                    <h4 class=\"h5\">DJ lipi16                    <\/h4>\n                    <small>9 PM<\/small>\n                <\/div>\n                <div class=\"person-item__button\">\n                    \u2192\n                <\/div>\n            <\/div>\n        <\/div>\n    <\/a>\n    \n\n    <a href=\"https:\/\/zlindesignweek.com\/2026\/en\/osoba\/fvlcrvm-dj-set-2\/\"\n       class=\"no-decoration\">\n        <div class=\"person-item\">\n            <img loading=\"lazy\" decoding=\"async\" width=\"560\" height=\"667\" src=\"https:\/\/zlindesignweek.com\/2026\/wp-content\/uploads\/2026\/03\/fvlcrvm-by-matus-barta-b3-560x667.jpg\" class=\"attachment-portrait size-portrait wp-post-image\" alt=\"\" \/>            <div class=\"person-item__bottom\">\n                <div class=\"person-item__text\">\n                    <h4 class=\"h5\">FVLCRVM DJ SET                    <\/h4>\n                    <small>10:30 PM<\/small>\n                <\/div>\n                <div class=\"person-item__button\">\n                    \u2192\n                <\/div>\n            <\/div>\n        <\/div>\n    <\/a>\n    \n\n    <a href=\"https:\/\/zlindesignweek.com\/2026\/en\/osoba\/kristie-kardio-2\/\"\n       class=\"no-decoration\">\n        <div class=\"person-item\">\n            <img loading=\"lazy\" decoding=\"async\" width=\"560\" height=\"667\" src=\"https:\/\/zlindesignweek.com\/2026\/wp-content\/uploads\/2026\/03\/navrh-bez-nazvu-560x667.png\" class=\"attachment-portrait size-portrait wp-post-image\" alt=\"\" \/>            <div class=\"person-item__bottom\">\n                <div class=\"person-item__text\">\n                    <h4 class=\"h5\">Kristie Kardio                    <\/h4>\n                    <small>12 AM<\/small>\n                <\/div>\n                <div class=\"person-item__button\">\n                    \u2192\n                <\/div>\n            <\/div>\n        <\/div>\n    <\/a>\n    \n\n\n<h3 class=\"wp-block-heading\">Concerts in the park \u00d7 Proud<\/h3>\n\n\n\n<p><mark style=\"background-color:rgba(0, 0, 0, 0)\" class=\"has-inline-color has-zdw-color\"><strong>Location<\/strong>:<\/mark>&nbsp;Gazebo in Komensk\u00fd Park (t\u0159. Tom\u00e1\u0161e Bati 204, Zlin)<br><mark style=\"background-color:rgba(0, 0, 0, 0)\" class=\"has-inline-color has-zdw-color\"><strong>Date<\/strong>:<\/mark>&nbsp;11 May 2026<br><mark style=\"background-color:rgba(0, 0, 0, 0)\" class=\"has-inline-color has-zdw-color\"><strong>Time<\/strong>:<\/mark>&nbsp;6 PM&nbsp;\u2013 8 PM<br><mark style=\"background-color:rgba(0, 0, 0, 0)\" class=\"has-inline-color has-zdw-color\"><strong>Admission<\/strong>:<\/mark> Free<\/p>\n\n\n    <a href=\"https:\/\/zlindesignweek.com\/2026\/en\/osoba\/eternity-again-2\/\"\n       class=\"no-decoration\">\n        <div class=\"person-item\">\n            <img loading=\"lazy\" decoding=\"async\" width=\"358\" height=\"512\" src=\"https:\/\/zlindesignweek.com\/2026\/wp-content\/uploads\/2026\/03\/image-1.png\" class=\"attachment-portrait size-portrait wp-post-image\" alt=\"\" srcset=\"https:\/\/zlindesignweek.com\/2026\/wp-content\/uploads\/2026\/03\/image-1.png 358w, https:\/\/zlindesignweek.com\/2026\/wp-content\/uploads\/2026\/03\/image-1-250x358.png 250w\" sizes=\"auto, (max-width: 358px) 100vw, 358px\" \/>            <div class=\"person-item__bottom\">\n                <div class=\"person-item__text\">\n                    <h4 class=\"h5\">Eternity Again                    <\/h4>\n                    <small>7 PM<\/small>\n                <\/div>\n                <div class=\"person-item__button\">\n                    \u2192\n                <\/div>\n            <\/div>\n        <\/div>\n    <\/a>\n    \n\n    <a href=\"https:\/\/zlindesignweek.com\/2026\/en\/osoba\/hellwana-2\/\"\n       class=\"no-decoration\">\n        <div class=\"person-item\">\n            <img loading=\"lazy\" decoding=\"async\" width=\"560\" height=\"667\" src=\"https:\/\/zlindesignweek.com\/2026\/wp-content\/uploads\/2026\/03\/hoskncq3-560x667.jpeg\" class=\"attachment-portrait size-portrait wp-post-image\" alt=\"\" \/>            <div class=\"person-item__bottom\">\n                <div class=\"person-item__text\">\n                    <h4 class=\"h5\">Hellwana                    <\/h4>\n                    <small>8:30 PM<\/small>\n                <\/div>\n                <div class=\"person-item__button\">\n                    \u2192\n                <\/div>\n            <\/div>\n        <\/div>\n    <\/a>\n    \n\n\n<div class=\"wp-block-group\"><div class=\"wp-block-group__inner-container is-layout-constrained wp-block-group-is-layout-constrained\">\n<h3 class=\"wp-block-heading\">WHAT DOES THE MUSIC PROGRAM AT ZLIN DESIGN WEEK LOOK LIKE?<\/h3>\n\n\n\n<div class=\"wp-block-cb-carousel-v2 cb-carousel-block\" data-cb-slides-per-view=\"1\" data-cb-slides-per-group=\"1\" data-cb-space-between=\"15\" data-cb-speed=\"300\" data-cb-navigation=\"true\" data-cb-pagination=\"true\" data-cb-breakpoints=\"{&quot;768&quot;:{&quot;slidesPerView&quot;:3,&quot;slidesPerGroup&quot;:1}}\"><div class=\"swiper\"><div class=\"cb-wrapper swiper-wrapper\">\n<div class=\"wp-block-cb-slide-v2 cb-slide swiper-slide\">\n<figure class=\"wp-block-image size-large\"><img loading=\"lazy\" decoding=\"async\" width=\"750\" height=\"500\" src=\"https:\/\/zlindesignweek.com\/2026\/wp-content\/uploads\/2026\/03\/proudparty-19-750x500.jpg\" alt=\"\" class=\"wp-image-43058\" style=\"aspect-ratio:2\/3;object-fit:cover\" srcset=\"https:\/\/zlindesignweek.com\/2026\/wp-content\/uploads\/2026\/03\/proudparty-19-750x500.jpg 750w, https:\/\/zlindesignweek.com\/2026\/wp-content\/uploads\/2026\/03\/proudparty-19-500x333.jpg 500w, https:\/\/zlindesignweek.com\/2026\/wp-content\/uploads\/2026\/03\/proudparty-19-768x512.jpg 768w, https:\/\/zlindesignweek.com\/2026\/wp-content\/uploads\/2026\/03\/proudparty-19-1536x1024.jpg 1536w, https:\/\/zlindesignweek.com\/2026\/wp-content\/uploads\/2026\/03\/proudparty-19-2048x1366.jpg 2048w, https:\/\/zlindesignweek.com\/2026\/wp-content\/uploads\/2026\/03\/proudparty-19-1440x960.jpg 1440w, https:\/\/zlindesignweek.com\/2026\/wp-content\/uploads\/2026\/03\/proudparty-19-250x167.jpg 250w\" sizes=\"auto, (max-width: 750px) 100vw, 750px\" \/><\/figure>\n<\/div>\n\n\n\n<div class=\"wp-block-cb-slide-v2 cb-slide swiper-slide\">\n<figure class=\"wp-block-image size-large\"><img loading=\"lazy\" decoding=\"async\" width=\"750\" height=\"1125\" src=\"https:\/\/zlindesignweek.com\/2026\/wp-content\/uploads\/2026\/03\/tomholic-24-750x1125.jpg\" alt=\"\" class=\"wp-image-43059\" style=\"aspect-ratio:2\/3;object-fit:cover\" srcset=\"https:\/\/zlindesignweek.com\/2026\/wp-content\/uploads\/2026\/03\/tomholic-24-750x1125.jpg 750w, https:\/\/zlindesignweek.com\/2026\/wp-content\/uploads\/2026\/03\/tomholic-24-500x750.jpg 500w, https:\/\/zlindesignweek.com\/2026\/wp-content\/uploads\/2026\/03\/tomholic-24-768x1152.jpg 768w, https:\/\/zlindesignweek.com\/2026\/wp-content\/uploads\/2026\/03\/tomholic-24-1024x1536.jpg 1024w, https:\/\/zlindesignweek.com\/2026\/wp-content\/uploads\/2026\/03\/tomholic-24-1366x2048.jpg 1366w, https:\/\/zlindesignweek.com\/2026\/wp-content\/uploads\/2026\/03\/tomholic-24-1440x2160.jpg 1440w, https:\/\/zlindesignweek.com\/2026\/wp-content\/uploads\/2026\/03\/tomholic-24-250x375.jpg 250w, https:\/\/zlindesignweek.com\/2026\/wp-content\/uploads\/2026\/03\/tomholic-24.jpg 1667w\" sizes=\"auto, (max-width: 750px) 100vw, 750px\" \/><\/figure>\n<\/div>\n\n\n\n<div class=\"wp-block-cb-slide-v2 cb-slide swiper-slide\">\n<figure class=\"wp-block-image size-large\"><img loading=\"lazy\" decoding=\"async\" width=\"750\" height=\"1125\" src=\"https:\/\/zlindesignweek.com\/2026\/wp-content\/uploads\/2026\/03\/zdw-zdw-party-sm-10-750x1125.jpg\" alt=\"\" class=\"wp-image-43060\" srcset=\"https:\/\/zlindesignweek.com\/2026\/wp-content\/uploads\/2026\/03\/zdw-zdw-party-sm-10-750x1125.jpg 750w, https:\/\/zlindesignweek.com\/2026\/wp-content\/uploads\/2026\/03\/zdw-zdw-party-sm-10-500x750.jpg 500w, https:\/\/zlindesignweek.com\/2026\/wp-content\/uploads\/2026\/03\/zdw-zdw-party-sm-10-768x1152.jpg 768w, https:\/\/zlindesignweek.com\/2026\/wp-content\/uploads\/2026\/03\/zdw-zdw-party-sm-10-1024x1536.jpg 1024w, https:\/\/zlindesignweek.com\/2026\/wp-content\/uploads\/2026\/03\/zdw-zdw-party-sm-10-1366x2048.jpg 1366w, https:\/\/zlindesignweek.com\/2026\/wp-content\/uploads\/2026\/03\/zdw-zdw-party-sm-10-1440x2160.jpg 1440w, https:\/\/zlindesignweek.com\/2026\/wp-content\/uploads\/2026\/03\/zdw-zdw-party-sm-10-250x375.jpg 250w, https:\/\/zlindesignweek.com\/2026\/wp-content\/uploads\/2026\/03\/zdw-zdw-party-sm-10.jpg 1667w\" sizes=\"auto, (max-width: 750px) 100vw, 750px\" \/><\/figure>\n<\/div>\n\n\n\n<div class=\"wp-block-cb-slide-v2 cb-slide swiper-slide\">\n<figure class=\"wp-block-image size-large\"><img loading=\"lazy\" decoding=\"async\" width=\"750\" height=\"1125\" src=\"https:\/\/zlindesignweek.com\/2026\/wp-content\/uploads\/2026\/03\/proudparty-6-750x1125.jpg\" alt=\"\" class=\"wp-image-43061\" srcset=\"https:\/\/zlindesignweek.com\/2026\/wp-content\/uploads\/2026\/03\/proudparty-6-750x1125.jpg 750w, https:\/\/zlindesignweek.com\/2026\/wp-content\/uploads\/2026\/03\/proudparty-6-500x750.jpg 500w, https:\/\/zlindesignweek.com\/2026\/wp-content\/uploads\/2026\/03\/proudparty-6-768x1152.jpg 768w, https:\/\/zlindesignweek.com\/2026\/wp-content\/uploads\/2026\/03\/proudparty-6-1024x1536.jpg 1024w, https:\/\/zlindesignweek.com\/2026\/wp-content\/uploads\/2026\/03\/proudparty-6-1366x2048.jpg 1366w, https:\/\/zlindesignweek.com\/2026\/wp-content\/uploads\/2026\/03\/proudparty-6-1440x2160.jpg 1440w, https:\/\/zlindesignweek.com\/2026\/wp-content\/uploads\/2026\/03\/proudparty-6-250x375.jpg 250w, https:\/\/zlindesignweek.com\/2026\/wp-content\/uploads\/2026\/03\/proudparty-6.jpg 1667w\" sizes=\"auto, (max-width: 750px) 100vw, 750px\" \/><\/figure>\n<\/div>\n\n\n\n<div class=\"wp-block-cb-slide-v2 cb-slide swiper-slide\">\n<figure class=\"wp-block-image size-large\"><img loading=\"lazy\" decoding=\"async\" width=\"750\" height=\"1125\" src=\"https:\/\/zlindesignweek.com\/2026\/wp-content\/uploads\/2026\/03\/zdw-105-best-in-design-machsimon-007-750x1125.jpg\" alt=\"\" class=\"wp-image-43062\" srcset=\"https:\/\/zlindesignweek.com\/2026\/wp-content\/uploads\/2026\/03\/zdw-105-best-in-design-machsimon-007-750x1125.jpg 750w, https:\/\/zlindesignweek.com\/2026\/wp-content\/uploads\/2026\/03\/zdw-105-best-in-design-machsimon-007-500x750.jpg 500w, https:\/\/zlindesignweek.com\/2026\/wp-content\/uploads\/2026\/03\/zdw-105-best-in-design-machsimon-007-768x1152.jpg 768w, https:\/\/zlindesignweek.com\/2026\/wp-content\/uploads\/2026\/03\/zdw-105-best-in-design-machsimon-007-1024x1536.jpg 1024w, https:\/\/zlindesignweek.com\/2026\/wp-content\/uploads\/2026\/03\/zdw-105-best-in-design-machsimon-007-1366x2048.jpg 1366w, https:\/\/zlindesignweek.com\/2026\/wp-content\/uploads\/2026\/03\/zdw-105-best-in-design-machsimon-007-1440x2160.jpg 1440w, https:\/\/zlindesignweek.com\/2026\/wp-content\/uploads\/2026\/03\/zdw-105-best-in-design-machsimon-007-250x375.jpg 250w, https:\/\/zlindesignweek.com\/2026\/wp-content\/uploads\/2026\/03\/zdw-105-best-in-design-machsimon-007.jpg 1667w\" sizes=\"auto, (max-width: 750px) 100vw, 750px\" \/><\/figure>\n<\/div>\n\n\n\n<div class=\"wp-block-cb-slide-v2 cb-slide swiper-slide\">\n<figure class=\"wp-block-image size-large\"><img loading=\"lazy\" decoding=\"async\" width=\"750\" height=\"1125\" src=\"https:\/\/zlindesignweek.com\/2026\/wp-content\/uploads\/2026\/03\/tomholic-32-1-750x1125.jpg\" alt=\"\" class=\"wp-image-43064\" srcset=\"https:\/\/zlindesignweek.com\/2026\/wp-content\/uploads\/2026\/03\/tomholic-32-1-750x1125.jpg 750w, https:\/\/zlindesignweek.com\/2026\/wp-content\/uploads\/2026\/03\/tomholic-32-1-500x750.jpg 500w, https:\/\/zlindesignweek.com\/2026\/wp-content\/uploads\/2026\/03\/tomholic-32-1-768x1152.jpg 768w, https:\/\/zlindesignweek.com\/2026\/wp-content\/uploads\/2026\/03\/tomholic-32-1-1024x1536.jpg 1024w, https:\/\/zlindesignweek.com\/2026\/wp-content\/uploads\/2026\/03\/tomholic-32-1-1366x2048.jpg 1366w, https:\/\/zlindesignweek.com\/2026\/wp-content\/uploads\/2026\/03\/tomholic-32-1-1440x2160.jpg 1440w, https:\/\/zlindesignweek.com\/2026\/wp-content\/uploads\/2026\/03\/tomholic-32-1-250x375.jpg 250w, https:\/\/zlindesignweek.com\/2026\/wp-content\/uploads\/2026\/03\/tomholic-32-1.jpg 1667w\" sizes=\"auto, (max-width: 750px) 100vw, 750px\" \/><\/figure>\n<\/div>\n<\/div><\/div><div class=\"cb-pagination swiper-pagination\"><\/div><div class=\"cb-button-prev swiper-button-prev\"><\/div><div class=\"cb-button-next swiper-button-next\"><\/div><\/div>\n<\/div><\/div>\n<\/div><\/div>\n","protected":false},"excerpt":{"rendered":"The music program will keep you entertained all week long, but there are two events you definitely won\u2019t want to miss. The ZDW Party follows [&hellip;]","protected":false},"author":52,"featured_media":0,"parent":0,"menu_order":0,"comment_status":"closed","ping_status":"closed","template":"","meta":{"_acf_changed":false,"footnotes":""},"class_list":["post-41311","page","type-page","status-publish","hentry"],"acf":[],"_links":{"self":[{"href":"https:\/\/zlindesignweek.com\/2026\/wp-json\/wp\/v2\/pages\/41311","targetHints":{"allow":["GET"]}}],"collection":[{"href":"https:\/\/zlindesignweek.com\/2026\/wp-json\/wp\/v2\/pages"}],"about":[{"href":"https:\/\/zlindesignweek.com\/2026\/wp-json\/wp\/v2\/types\/page"}],"author":[{"embeddable":true,"href":"https:\/\/zlindesignweek.com\/2026\/wp-json\/wp\/v2\/users\/52"}],"replies":[{"embeddable":true,"href":"https:\/\/zlindesignweek.com\/2026\/wp-json\/wp\/v2\/comments?post=41311"}],"version-history":[{"count":12,"href":"https:\/\/zlindesignweek.com\/2026\/wp-json\/wp\/v2\/pages\/41311\/revisions"}],"predecessor-version":[{"id":43330,"href":"https:\/\/zlindesignweek.com\/2026\/wp-json\/wp\/v2\/pages\/41311\/revisions\/43330"}],"wp:attachment":[{"href":"https:\/\/zlindesignweek.com\/2026\/wp-json\/wp\/v2\/media?parent=41311"}],"curies":[{"name":"wp","href":"https:\/\/api.w.org\/{rel}","templated":true}]}}