{"id":41304,"date":"2026-03-08T23:14:59","date_gmt":"2026-03-08T22:14:59","guid":{"rendered":"https:\/\/zlindesignweek.com\/2026\/?page_id=41304"},"modified":"2026-04-10T10:23:23","modified_gmt":"2026-04-10T08:23:23","slug":"hudebni-program","status":"publish","type":"page","link":"https:\/\/zlindesignweek.com\/2026\/hudebni-program\/","title":{"rendered":"Hudebn\u00ed program"},"content":{"rendered":"\n<div class=\"wp-block-group\"><div class=\"wp-block-group__inner-container is-layout-constrained wp-block-group-is-layout-constrained\">\n<p>Hudebn\u00ed program t\u011b letos bude doprov\u00e1zet cel\u00fdm festivalov\u00fdm t\u00fddnem, ale tyhle dv\u011b akce rozhodn\u011b nechce\u0161 zme\u0161kat. ZDW Party navazuje na p\u00e1te\u010dn\u00ed Fashion Show a&nbsp;uk\u00e1\u017ee, jak vypad\u00e1 akce na \u0161koln\u00ed p\u016fd\u011b. Pokud si chce\u0161 zp\u0159\u00edjemnit pond\u011bln\u00ed ve\u010der, \u010dekaj\u00ed na tebe Koncerty v&nbsp;parku \u00d7 Proud.<\/p>\n\n\n\n<p>Pokud by ti to bylo m\u00e1lo, na st\u0159ede\u010dn\u00edm Slavnostn\u00edm zah\u00e1jen\u00ed festivalu t\u011b \u010dek\u00e1 <a href=\"https:\/\/zlindesignweek.com\/2026\/osoba\/dj-set-x-jakub-vraga\/\">DJ set \u00d7 Jakub Vr\u00e1ga<\/a>. Poslechnout si ho m\u016f\u017ee\u0161 i&nbsp;v&nbsp;sobotu na Afterparty <a href=\"https:\/\/zlindesignweek.com\/2026\/slavnostni-vyhlaseni-cen-best-in-design\/\">Slavnostn\u00edho vyhl\u00e1\u0161en\u00ed cen Best in Design<\/a> , kter\u00e1 je letos zdarma a&nbsp;otev\u0159en\u00e1 ve\u0159ejnosti.<\/p>\n\n\n\n<p>A pokud nechce\u0161 velkou party, ale sp\u00ed\u0161 si p\u0159ij\u00edt nakoupit a&nbsp;u&nbsp;toho si n\u011bco poslechnout, v&nbsp;r\u00e1mci ned\u011bln\u00edho Design Marketu zahraje <a href=\"https:\/\/zlindesignweek.com\/2026\/osoba\/oyo\/\">\u017div\u00e1 hudba \u00d7 OYO<\/a>.<\/p>\n\n\n\n<h3 class=\"wp-block-heading\">ZDW Party<\/h3>\n\n\n\n<p><mark style=\"background-color:rgba(0, 0, 0, 0)\" class=\"has-inline-color has-zdw-color\"><strong>Lokace<\/strong>:<\/mark>&nbsp;Foyer Fakulty technologick\u00e9 Univerzity Tom\u00e1\u0161e Bati (Vavre\u010dkova 5669, Zl\u00edn)<br><mark style=\"background-color:rgba(0, 0, 0, 0)\" class=\"has-inline-color has-zdw-color\"><strong>Datum<\/strong>:<\/mark>&nbsp;8.&nbsp;5.&nbsp;2026<br><mark style=\"background-color:rgba(0, 0, 0, 0)\" class=\"has-inline-color has-zdw-color\"><strong>\u010cas<\/strong>:<\/mark>&nbsp;21:00\u20131:30<br><mark style=\"background-color:rgba(0, 0, 0, 0)\" class=\"has-inline-color has-zdw-color\"><strong>Vstupn\u00e9<\/strong>:<\/mark><\/p>\n\n\n\n<ul class=\"wp-block-list\">\n<li>dosp\u011bl\u00fd &#8211; 100&nbsp;K\u010d<\/li>\n\n\n\n<li>student &#8211; 80&nbsp;K\u010d<\/li>\n\n\n\n<li>ZTP &#8211; 50&nbsp;K\u010d<\/li>\n<\/ul>\n\n\n\n<div style=\"height:10px\" aria-hidden=\"true\" class=\"wp-block-spacer\"><\/div>\n\n\n\n<div class=\"wp-block-buttons is-layout-flex wp-block-buttons-is-layout-flex\">\n<div class=\"wp-block-button\"><a class=\"wp-block-button__link wp-element-button\" href=\"https:\/\/www.smsticket.cz\/vstupenky\/69112-zdw-party-fakulta-technologicka-utb-zlin\">KOUPIT VSTUPENKU<\/a><\/div>\n<\/div>\n\n\n\n<h4 class=\"wp-block-heading\">KDO TI ZAHRAJE NA ZDW PARTY?<\/h4>\n\n\n    <a href=\"https:\/\/zlindesignweek.com\/2026\/osoba\/dj-lipi16\/\"\n       class=\"no-decoration\">\n        <div class=\"person-item\">\n            <img loading=\"lazy\" decoding=\"async\" width=\"560\" height=\"667\" src=\"https:\/\/zlindesignweek.com\/2026\/wp-content\/uploads\/2026\/03\/61425f32-32aa-4389-b623-84e267b92a6f-560x667.jpg\" class=\"attachment-portrait size-portrait wp-post-image\" alt=\"\" \/>            <div class=\"person-item__bottom\">\n                <div class=\"person-item__text\">\n                    <h4 class=\"h5\">DJ lipi16                    <\/h4>\n                    <small>21:00<\/small>\n                <\/div>\n                <div class=\"person-item__button\">\n                    \u2192\n                <\/div>\n            <\/div>\n        <\/div>\n    <\/a>\n    \n\n    <a href=\"https:\/\/zlindesignweek.com\/2026\/osoba\/fvlcrvm-dj-set\/\"\n       class=\"no-decoration\">\n        <div class=\"person-item\">\n            <img loading=\"lazy\" decoding=\"async\" width=\"560\" height=\"667\" src=\"https:\/\/zlindesignweek.com\/2026\/wp-content\/uploads\/2026\/03\/fvlcrvm-by-matus-barta-b3-560x667.jpg\" class=\"attachment-portrait size-portrait wp-post-image\" alt=\"\" \/>            <div class=\"person-item__bottom\">\n                <div class=\"person-item__text\">\n                    <h4 class=\"h5\">FVLCRVM DJ SET                    <\/h4>\n                    <small>22:30<\/small>\n                <\/div>\n                <div class=\"person-item__button\">\n                    \u2192\n                <\/div>\n            <\/div>\n        <\/div>\n    <\/a>\n    \n\n    <a href=\"https:\/\/zlindesignweek.com\/2026\/osoba\/kristie-kardio\/\"\n       class=\"no-decoration\">\n        <div class=\"person-item\">\n            <img loading=\"lazy\" decoding=\"async\" width=\"560\" height=\"667\" src=\"https:\/\/zlindesignweek.com\/2026\/wp-content\/uploads\/2026\/03\/navrh-bez-nazvu-560x667.png\" class=\"attachment-portrait size-portrait wp-post-image\" alt=\"\" \/>            <div class=\"person-item__bottom\">\n                <div class=\"person-item__text\">\n                    <h4 class=\"h5\">Kristie Kardio                    <\/h4>\n                    <small>0:00<\/small>\n                <\/div>\n                <div class=\"person-item__button\">\n                    \u2192\n                <\/div>\n            <\/div>\n        <\/div>\n    <\/a>\n    <\/div><\/div>\n\n\n\n<div class=\"wp-block-group\"><div class=\"wp-block-group__inner-container is-layout-constrained wp-block-group-is-layout-constrained\">\n<h3 class=\"wp-block-heading\">Koncerty v&nbsp;parku \u00d7 Proud<\/h3>\n\n\n\n<p><mark style=\"background-color:rgba(0, 0, 0, 0)\" class=\"has-inline-color has-zdw-color\"><strong>Lokace<\/strong>:<\/mark>&nbsp;alt\u00e1nek v&nbsp;Parku Komensk\u00e9ho (t\u0159. Tom\u00e1\u0161e Bati 204, Zl\u00edn)<br><mark style=\"background-color:rgba(0, 0, 0, 0)\" class=\"has-inline-color has-zdw-color\"><strong>Datum<\/strong>:<\/mark>&nbsp;11.&nbsp;5.&nbsp;2026<br><mark style=\"background-color:rgba(0, 0, 0, 0)\" class=\"has-inline-color has-zdw-color\"><strong>\u010cas<\/strong>:<\/mark>&nbsp;18:00\u201322:00<br><mark style=\"background-color:rgba(0, 0, 0, 0)\" class=\"has-inline-color has-zdw-color\"><strong>Vstupn\u00e9<\/strong>:<\/mark> Zdarma<\/p>\n\n\n    <a href=\"https:\/\/zlindesignweek.com\/2026\/osoba\/eternity-again\/\"\n       class=\"no-decoration\">\n        <div class=\"person-item\">\n            <img loading=\"lazy\" decoding=\"async\" width=\"358\" height=\"512\" src=\"https:\/\/zlindesignweek.com\/2026\/wp-content\/uploads\/2026\/03\/image-1.png\" class=\"attachment-portrait size-portrait wp-post-image\" alt=\"\" srcset=\"https:\/\/zlindesignweek.com\/2026\/wp-content\/uploads\/2026\/03\/image-1.png 358w, https:\/\/zlindesignweek.com\/2026\/wp-content\/uploads\/2026\/03\/image-1-250x358.png 250w\" sizes=\"auto, (max-width: 358px) 100vw, 358px\" \/>            <div class=\"person-item__bottom\">\n                <div class=\"person-item__text\">\n                    <h4 class=\"h5\">Eternity Again                    <\/h4>\n                    <small>19:00<\/small>\n                <\/div>\n                <div class=\"person-item__button\">\n                    \u2192\n                <\/div>\n            <\/div>\n        <\/div>\n    <\/a>\n    \n\n    <a href=\"https:\/\/zlindesignweek.com\/2026\/osoba\/hellwana\/\"\n       class=\"no-decoration\">\n        <div class=\"person-item\">\n            <img loading=\"lazy\" decoding=\"async\" width=\"560\" height=\"667\" src=\"https:\/\/zlindesignweek.com\/2026\/wp-content\/uploads\/2026\/03\/hoskncq3-560x667.jpeg\" class=\"attachment-portrait size-portrait wp-post-image\" alt=\"\" \/>            <div class=\"person-item__bottom\">\n                <div class=\"person-item__text\">\n                    <h4 class=\"h5\">Hellwana                    <\/h4>\n                    <small>20:30<\/small>\n                <\/div>\n                <div class=\"person-item__button\">\n                    \u2192\n                <\/div>\n            <\/div>\n        <\/div>\n    <\/a>\n    <\/div><\/div>\n\n\n\n<div class=\"wp-block-group\"><div class=\"wp-block-group__inner-container is-layout-constrained wp-block-group-is-layout-constrained\">\n<h3 class=\"wp-block-heading\">JAK VYPAD\u00c1 HUDEBN\u00cd PROGRAM NA ZLIN DESIGN WEEKU?<\/h3>\n\n\n\n<div class=\"wp-block-cb-carousel-v2 cb-carousel-block\" data-cb-slides-per-view=\"1\" data-cb-slides-per-group=\"1\" data-cb-space-between=\"15\" data-cb-speed=\"300\" data-cb-navigation=\"true\" data-cb-pagination=\"true\" data-cb-breakpoints=\"{&quot;768&quot;:{&quot;slidesPerView&quot;:3,&quot;slidesPerGroup&quot;:1}}\"><div class=\"swiper\"><div class=\"cb-wrapper swiper-wrapper\">\n<div class=\"wp-block-cb-slide-v2 cb-slide swiper-slide\">\n<figure class=\"wp-block-image size-large\"><img loading=\"lazy\" decoding=\"async\" width=\"750\" height=\"500\" src=\"https:\/\/zlindesignweek.com\/2026\/wp-content\/uploads\/2026\/03\/proudparty-19-750x500.jpg\" alt=\"\" class=\"wp-image-43058\" style=\"aspect-ratio:2\/3;object-fit:cover\" srcset=\"https:\/\/zlindesignweek.com\/2026\/wp-content\/uploads\/2026\/03\/proudparty-19-750x500.jpg 750w, https:\/\/zlindesignweek.com\/2026\/wp-content\/uploads\/2026\/03\/proudparty-19-500x333.jpg 500w, https:\/\/zlindesignweek.com\/2026\/wp-content\/uploads\/2026\/03\/proudparty-19-768x512.jpg 768w, https:\/\/zlindesignweek.com\/2026\/wp-content\/uploads\/2026\/03\/proudparty-19-1536x1024.jpg 1536w, https:\/\/zlindesignweek.com\/2026\/wp-content\/uploads\/2026\/03\/proudparty-19-2048x1366.jpg 2048w, https:\/\/zlindesignweek.com\/2026\/wp-content\/uploads\/2026\/03\/proudparty-19-1440x960.jpg 1440w, https:\/\/zlindesignweek.com\/2026\/wp-content\/uploads\/2026\/03\/proudparty-19-250x167.jpg 250w\" sizes=\"auto, (max-width: 750px) 100vw, 750px\" \/><\/figure>\n<\/div>\n\n\n\n<div class=\"wp-block-cb-slide-v2 cb-slide swiper-slide\">\n<figure class=\"wp-block-image size-large\"><img loading=\"lazy\" decoding=\"async\" width=\"750\" height=\"1125\" src=\"https:\/\/zlindesignweek.com\/2026\/wp-content\/uploads\/2026\/03\/tomholic-24-750x1125.jpg\" alt=\"\" class=\"wp-image-43059\" style=\"aspect-ratio:2\/3;object-fit:cover\" srcset=\"https:\/\/zlindesignweek.com\/2026\/wp-content\/uploads\/2026\/03\/tomholic-24-750x1125.jpg 750w, https:\/\/zlindesignweek.com\/2026\/wp-content\/uploads\/2026\/03\/tomholic-24-500x750.jpg 500w, https:\/\/zlindesignweek.com\/2026\/wp-content\/uploads\/2026\/03\/tomholic-24-768x1152.jpg 768w, https:\/\/zlindesignweek.com\/2026\/wp-content\/uploads\/2026\/03\/tomholic-24-1024x1536.jpg 1024w, https:\/\/zlindesignweek.com\/2026\/wp-content\/uploads\/2026\/03\/tomholic-24-1366x2048.jpg 1366w, https:\/\/zlindesignweek.com\/2026\/wp-content\/uploads\/2026\/03\/tomholic-24-1440x2160.jpg 1440w, https:\/\/zlindesignweek.com\/2026\/wp-content\/uploads\/2026\/03\/tomholic-24-250x375.jpg 250w, https:\/\/zlindesignweek.com\/2026\/wp-content\/uploads\/2026\/03\/tomholic-24.jpg 1667w\" sizes=\"auto, (max-width: 750px) 100vw, 750px\" \/><\/figure>\n<\/div>\n\n\n\n<div class=\"wp-block-cb-slide-v2 cb-slide swiper-slide\">\n<figure class=\"wp-block-image size-large\"><img loading=\"lazy\" decoding=\"async\" width=\"750\" height=\"1125\" src=\"https:\/\/zlindesignweek.com\/2026\/wp-content\/uploads\/2026\/03\/zdw-zdw-party-sm-10-750x1125.jpg\" alt=\"\" class=\"wp-image-43060\" srcset=\"https:\/\/zlindesignweek.com\/2026\/wp-content\/uploads\/2026\/03\/zdw-zdw-party-sm-10-750x1125.jpg 750w, https:\/\/zlindesignweek.com\/2026\/wp-content\/uploads\/2026\/03\/zdw-zdw-party-sm-10-500x750.jpg 500w, https:\/\/zlindesignweek.com\/2026\/wp-content\/uploads\/2026\/03\/zdw-zdw-party-sm-10-768x1152.jpg 768w, https:\/\/zlindesignweek.com\/2026\/wp-content\/uploads\/2026\/03\/zdw-zdw-party-sm-10-1024x1536.jpg 1024w, https:\/\/zlindesignweek.com\/2026\/wp-content\/uploads\/2026\/03\/zdw-zdw-party-sm-10-1366x2048.jpg 1366w, https:\/\/zlindesignweek.com\/2026\/wp-content\/uploads\/2026\/03\/zdw-zdw-party-sm-10-1440x2160.jpg 1440w, https:\/\/zlindesignweek.com\/2026\/wp-content\/uploads\/2026\/03\/zdw-zdw-party-sm-10-250x375.jpg 250w, https:\/\/zlindesignweek.com\/2026\/wp-content\/uploads\/2026\/03\/zdw-zdw-party-sm-10.jpg 1667w\" sizes=\"auto, (max-width: 750px) 100vw, 750px\" \/><\/figure>\n<\/div>\n\n\n\n<div class=\"wp-block-cb-slide-v2 cb-slide swiper-slide\">\n<figure class=\"wp-block-image size-large\"><img loading=\"lazy\" decoding=\"async\" width=\"750\" height=\"1125\" src=\"https:\/\/zlindesignweek.com\/2026\/wp-content\/uploads\/2026\/03\/proudparty-6-750x1125.jpg\" alt=\"\" class=\"wp-image-43061\" srcset=\"https:\/\/zlindesignweek.com\/2026\/wp-content\/uploads\/2026\/03\/proudparty-6-750x1125.jpg 750w, https:\/\/zlindesignweek.com\/2026\/wp-content\/uploads\/2026\/03\/proudparty-6-500x750.jpg 500w, https:\/\/zlindesignweek.com\/2026\/wp-content\/uploads\/2026\/03\/proudparty-6-768x1152.jpg 768w, https:\/\/zlindesignweek.com\/2026\/wp-content\/uploads\/2026\/03\/proudparty-6-1024x1536.jpg 1024w, https:\/\/zlindesignweek.com\/2026\/wp-content\/uploads\/2026\/03\/proudparty-6-1366x2048.jpg 1366w, https:\/\/zlindesignweek.com\/2026\/wp-content\/uploads\/2026\/03\/proudparty-6-1440x2160.jpg 1440w, https:\/\/zlindesignweek.com\/2026\/wp-content\/uploads\/2026\/03\/proudparty-6-250x375.jpg 250w, https:\/\/zlindesignweek.com\/2026\/wp-content\/uploads\/2026\/03\/proudparty-6.jpg 1667w\" sizes=\"auto, (max-width: 750px) 100vw, 750px\" \/><\/figure>\n<\/div>\n\n\n\n<div class=\"wp-block-cb-slide-v2 cb-slide swiper-slide\">\n<figure class=\"wp-block-image size-large\"><img loading=\"lazy\" decoding=\"async\" width=\"750\" height=\"1125\" src=\"https:\/\/zlindesignweek.com\/2026\/wp-content\/uploads\/2026\/03\/zdw-105-best-in-design-machsimon-007-750x1125.jpg\" alt=\"\" class=\"wp-image-43062\" srcset=\"https:\/\/zlindesignweek.com\/2026\/wp-content\/uploads\/2026\/03\/zdw-105-best-in-design-machsimon-007-750x1125.jpg 750w, https:\/\/zlindesignweek.com\/2026\/wp-content\/uploads\/2026\/03\/zdw-105-best-in-design-machsimon-007-500x750.jpg 500w, https:\/\/zlindesignweek.com\/2026\/wp-content\/uploads\/2026\/03\/zdw-105-best-in-design-machsimon-007-768x1152.jpg 768w, https:\/\/zlindesignweek.com\/2026\/wp-content\/uploads\/2026\/03\/zdw-105-best-in-design-machsimon-007-1024x1536.jpg 1024w, https:\/\/zlindesignweek.com\/2026\/wp-content\/uploads\/2026\/03\/zdw-105-best-in-design-machsimon-007-1366x2048.jpg 1366w, https:\/\/zlindesignweek.com\/2026\/wp-content\/uploads\/2026\/03\/zdw-105-best-in-design-machsimon-007-1440x2160.jpg 1440w, https:\/\/zlindesignweek.com\/2026\/wp-content\/uploads\/2026\/03\/zdw-105-best-in-design-machsimon-007-250x375.jpg 250w, https:\/\/zlindesignweek.com\/2026\/wp-content\/uploads\/2026\/03\/zdw-105-best-in-design-machsimon-007.jpg 1667w\" sizes=\"auto, (max-width: 750px) 100vw, 750px\" \/><\/figure>\n<\/div>\n\n\n\n<div class=\"wp-block-cb-slide-v2 cb-slide swiper-slide\">\n<figure class=\"wp-block-image size-large\"><img loading=\"lazy\" decoding=\"async\" width=\"750\" height=\"1125\" src=\"https:\/\/zlindesignweek.com\/2026\/wp-content\/uploads\/2026\/03\/tomholic-32-1-750x1125.jpg\" alt=\"\" class=\"wp-image-43064\" srcset=\"https:\/\/zlindesignweek.com\/2026\/wp-content\/uploads\/2026\/03\/tomholic-32-1-750x1125.jpg 750w, https:\/\/zlindesignweek.com\/2026\/wp-content\/uploads\/2026\/03\/tomholic-32-1-500x750.jpg 500w, https:\/\/zlindesignweek.com\/2026\/wp-content\/uploads\/2026\/03\/tomholic-32-1-768x1152.jpg 768w, https:\/\/zlindesignweek.com\/2026\/wp-content\/uploads\/2026\/03\/tomholic-32-1-1024x1536.jpg 1024w, https:\/\/zlindesignweek.com\/2026\/wp-content\/uploads\/2026\/03\/tomholic-32-1-1366x2048.jpg 1366w, https:\/\/zlindesignweek.com\/2026\/wp-content\/uploads\/2026\/03\/tomholic-32-1-1440x2160.jpg 1440w, https:\/\/zlindesignweek.com\/2026\/wp-content\/uploads\/2026\/03\/tomholic-32-1-250x375.jpg 250w, https:\/\/zlindesignweek.com\/2026\/wp-content\/uploads\/2026\/03\/tomholic-32-1.jpg 1667w\" sizes=\"auto, (max-width: 750px) 100vw, 750px\" \/><\/figure>\n<\/div>\n<\/div><\/div><div class=\"cb-pagination swiper-pagination\"><\/div><div class=\"cb-button-prev swiper-button-prev\"><\/div><div class=\"cb-button-next swiper-button-next\"><\/div><\/div>\n<\/div><\/div>\n","protected":false},"excerpt":{"rendered":"Hudebn\u00ed program t\u011b letos bude doprov\u00e1zet cel\u00fdm festivalov\u00fdm t\u00fddnem, ale tyhle dv\u011b akce rozhodn\u011b nechce\u0161 zme\u0161kat. ZDW Party navazuje na p\u00e1te\u010dn\u00ed Fashion Show a&nbsp;uk\u00e1\u017ee, jak [&hellip;]","protected":false},"author":52,"featured_media":0,"parent":0,"menu_order":0,"comment_status":"closed","ping_status":"closed","template":"","meta":{"_acf_changed":false,"footnotes":""},"class_list":["post-41304","page","type-page","status-publish","hentry"],"acf":[],"_links":{"self":[{"href":"https:\/\/zlindesignweek.com\/2026\/wp-json\/wp\/v2\/pages\/41304","targetHints":{"allow":["GET"]}}],"collection":[{"href":"https:\/\/zlindesignweek.com\/2026\/wp-json\/wp\/v2\/pages"}],"about":[{"href":"https:\/\/zlindesignweek.com\/2026\/wp-json\/wp\/v2\/types\/page"}],"author":[{"embeddable":true,"href":"https:\/\/zlindesignweek.com\/2026\/wp-json\/wp\/v2\/users\/52"}],"replies":[{"embeddable":true,"href":"https:\/\/zlindesignweek.com\/2026\/wp-json\/wp\/v2\/comments?post=41304"}],"version-history":[{"count":14,"href":"https:\/\/zlindesignweek.com\/2026\/wp-json\/wp\/v2\/pages\/41304\/revisions"}],"predecessor-version":[{"id":43329,"href":"https:\/\/zlindesignweek.com\/2026\/wp-json\/wp\/v2\/pages\/41304\/revisions\/43329"}],"wp:attachment":[{"href":"https:\/\/zlindesignweek.com\/2026\/wp-json\/wp\/v2\/media?parent=41304"}],"curies":[{"name":"wp","href":"https:\/\/api.w.org\/{rel}","templated":true}]}}