{"id":41281,"date":"2026-03-08T19:02:02","date_gmt":"2026-03-08T18:02:02","guid":{"rendered":"https:\/\/zlindesignweek.com\/2026\/?page_id=41281"},"modified":"2026-03-29T19:21:42","modified_gmt":"2026-03-29T17:21:42","slug":"wine-dine-design-2","status":"publish","type":"page","link":"https:\/\/zlindesignweek.com\/2026\/en\/wine-dine-design-2\/","title":{"rendered":"Wine, Dine &amp; Design"},"content":{"rendered":"\n<div class=\"wp-block-group\"><div class=\"wp-block-group__inner-container is-layout-constrained wp-block-group-is-layout-constrained\">\n<p><mark style=\"background-color:rgba(0, 0, 0, 0)\" class=\"has-inline-color has-zdw-color\">Location:\u00a0<\/mark>Winehood (Zar\u00e1m\u00ed 90, Zl\u00edn)<br><mark style=\"background-color:rgba(0, 0, 0, 0)\" class=\"has-inline-color has-zdw-color\">Date:\u00a0<\/mark>8 May 2026<br><mark style=\"background-color:rgba(0, 0, 0, 0)\" class=\"has-inline-color has-zdw-color\">Time:<\/mark>\u00a04:30 PM&nbsp;\u2013 6 PM<br><mark style=\"background-color:rgba(0, 0, 0, 0)\" class=\"has-inline-color has-zdw-color\">Capacity:<\/mark>\u00a012 people<br><mark style=\"background-color:rgba(0, 0, 0, 0)\" class=\"has-inline-color has-zdw-color\">Admission:\u00a0<\/mark>CZK 350<\/p>\n\n\n\n<p>Tickets can be purchased from 2 April 2026 at <a href=\"http:\/\/smsticket.cz\" data-type=\"link\" data-id=\"smsticket.cz\" target=\"_blank\" rel=\"noreferrer noopener\">smsticket.cz<\/a>.<\/p>\n\n\n\n<h3 class=\"wp-block-heading\">What&#8217;s&nbsp;new this year?<\/h3>\n\n\n\n<p>This year, we are introducing a&nbsp;new program called Wine, Dine &amp; Design! What can you expect? Wine, Dine &amp; Design will serve as a&nbsp;platform for sharing knowledge, acquired know-how, and experiences that designers gain throughout their careers. The program is conceptually designed for 10 people (we are mainly targeting beginning designers) and two guests who will present their work and beginnings, but above all, they will acquaint visitors with what it is like to start their own business and survive their first orders.<\/p>\n\n\n\n<p><mark style=\"background-color:rgba(0, 0, 0, 0)\" class=\"has-inline-color has-zdw-color\">Are you interested in this new program section? We will reveal the guests and more detailed information soon!<\/mark><\/p>\n<\/div><\/div>\n","protected":false},"excerpt":{"rendered":"Location:\u00a0Winehood (Zar\u00e1m\u00ed 90, Zl\u00edn)Date:\u00a08 May 2026Time:\u00a04:30 PM&nbsp;\u2013 6 PMCapacity:\u00a012 peopleAdmission:\u00a0CZK 350 Tickets can be purchased from 2 April 2026 at smsticket.cz. What&#8217;s&nbsp;new this year? This [&hellip;]","protected":false},"author":52,"featured_media":0,"parent":0,"menu_order":0,"comment_status":"closed","ping_status":"closed","template":"","meta":{"_acf_changed":false,"footnotes":""},"class_list":["post-41281","page","type-page","status-publish","hentry"],"acf":[],"_links":{"self":[{"href":"https:\/\/zlindesignweek.com\/2026\/wp-json\/wp\/v2\/pages\/41281","targetHints":{"allow":["GET"]}}],"collection":[{"href":"https:\/\/zlindesignweek.com\/2026\/wp-json\/wp\/v2\/pages"}],"about":[{"href":"https:\/\/zlindesignweek.com\/2026\/wp-json\/wp\/v2\/types\/page"}],"author":[{"embeddable":true,"href":"https:\/\/zlindesignweek.com\/2026\/wp-json\/wp\/v2\/users\/52"}],"replies":[{"embeddable":true,"href":"https:\/\/zlindesignweek.com\/2026\/wp-json\/wp\/v2\/comments?post=41281"}],"version-history":[{"count":3,"href":"https:\/\/zlindesignweek.com\/2026\/wp-json\/wp\/v2\/pages\/41281\/revisions"}],"predecessor-version":[{"id":42829,"href":"https:\/\/zlindesignweek.com\/2026\/wp-json\/wp\/v2\/pages\/41281\/revisions\/42829"}],"wp:attachment":[{"href":"https:\/\/zlindesignweek.com\/2026\/wp-json\/wp\/v2\/media?parent=41281"}],"curies":[{"name":"wp","href":"https:\/\/api.w.org\/{rel}","templated":true}]}}