{"id":41226,"date":"2026-03-07T18:51:07","date_gmt":"2026-03-07T17:51:07","guid":{"rendered":"https:\/\/zlindesignweek.com\/2026\/?page_id=41226"},"modified":"2026-04-10T12:13:57","modified_gmt":"2026-04-10T10:13:57","slug":"pospolu-2","status":"publish","type":"page","link":"https:\/\/zlindesignweek.com\/2026\/en\/pospolu-2\/","title":{"rendered":"Exhibition TOGETHER"},"content":{"rendered":"\n<div class=\"wp-block-group\"><div class=\"wp-block-group__inner-container is-layout-constrained wp-block-group-is-layout-constrained\">\n<p><strong><mark style=\"background-color:rgba(0, 0, 0, 0)\" class=\"has-inline-color has-white-color\">An exhibition organized in collaboration with the Product Design Studio and the Industrial Design Studio at the Faculty of Multimedia Communications, Tomas Bata University in Zlin.<\/mark><\/strong><br><br><mark style=\"background-color:rgba(0, 0, 0, 0)\" class=\"has-inline-color has-zdw-color\">Location:<\/mark> KOMA module on N\u00e1m\u011bst\u00ed M\u00edru Square (n\u00e1m. M\u00edru, Zlin)<br><mark style=\"background-color:rgba(0, 0, 0, 0)\" class=\"has-inline-color has-zdw-color\">Date:<\/mark> 6\u201312 May 2026<br><mark style=\"background-color:rgba(0, 0, 0, 0)\" class=\"has-inline-color has-zdw-color\">Daily:<\/mark> 10 AM \u2013 6 PM&nbsp;<br><mark style=\"background-color:rgba(0, 0, 0, 0)\" class=\"has-inline-color has-zdw-color\">Admission: <\/mark>Free<\/p>\n\n\n\n<h3 class=\"wp-block-heading\">How can we connect different generations?<\/h3>\n\n\n\n<p>The exhibition aims to connect two groups that society has long divided: young people and seniors. It is time to show that differences between people do not have to be an obstacle, but can lead to cooperation that benefits everyone. One side creates the future, the other takes care of our present.<\/p>\n\n\n\n<p>The TOGETHER exhibition was our first step towards allowing these groups to meet and listen to each other. We invited young designers to create a&nbsp;space for conversation with the older generation, whose needs and experiences are often overlooked in contemporary design. Instead of focusing on short-term trends, the exhibition focuses on what really makes people&#8217;s&nbsp;everyday lives easier. The objects on display show what works for seniors in everyday life, what doesn&#8217;t, and how their ideas about appearance and comfort differ when using everyday objects.<\/p>\n\n\n\n<p><mark style=\"background-color:rgba(0, 0, 0, 0)\" class=\"has-inline-color has-light-color\"><strong>Curators<\/strong>: Mari\u00e1n Cip\u00e1r, B\u00e1ra Kolondrov\u00e1, Eli\u0161ka Jane\u010dkov\u00e1<\/mark><\/p>\n<\/div><\/div>\n\n\n\n<p><\/p>\n","protected":false},"excerpt":{"rendered":"An exhibition organized in collaboration with the Product Design Studio and the Industrial Design Studio at the Faculty of Multimedia Communications, Tomas Bata University in [&hellip;]","protected":false},"author":52,"featured_media":0,"parent":0,"menu_order":0,"comment_status":"closed","ping_status":"closed","template":"","meta":{"_acf_changed":false,"footnotes":""},"class_list":["post-41226","page","type-page","status-publish","hentry"],"acf":[],"_links":{"self":[{"href":"https:\/\/zlindesignweek.com\/2026\/wp-json\/wp\/v2\/pages\/41226","targetHints":{"allow":["GET"]}}],"collection":[{"href":"https:\/\/zlindesignweek.com\/2026\/wp-json\/wp\/v2\/pages"}],"about":[{"href":"https:\/\/zlindesignweek.com\/2026\/wp-json\/wp\/v2\/types\/page"}],"author":[{"embeddable":true,"href":"https:\/\/zlindesignweek.com\/2026\/wp-json\/wp\/v2\/users\/52"}],"replies":[{"embeddable":true,"href":"https:\/\/zlindesignweek.com\/2026\/wp-json\/wp\/v2\/comments?post=41226"}],"version-history":[{"count":6,"href":"https:\/\/zlindesignweek.com\/2026\/wp-json\/wp\/v2\/pages\/41226\/revisions"}],"predecessor-version":[{"id":43362,"href":"https:\/\/zlindesignweek.com\/2026\/wp-json\/wp\/v2\/pages\/41226\/revisions\/43362"}],"wp:attachment":[{"href":"https:\/\/zlindesignweek.com\/2026\/wp-json\/wp\/v2\/media?parent=41226"}],"curies":[{"name":"wp","href":"https:\/\/api.w.org\/{rel}","templated":true}]}}