{"id":41220,"date":"2026-03-07T18:51:07","date_gmt":"2026-03-07T17:51:07","guid":{"rendered":"https:\/\/zlindesignweek.com\/2026\/?page_id=41220"},"modified":"2026-03-28T14:29:32","modified_gmt":"2026-03-28T13:29:32","slug":"pospolu","status":"publish","type":"page","link":"https:\/\/zlindesignweek.com\/2026\/pospolu\/","title":{"rendered":"V\u00fdstava POSPOLU"},"content":{"rendered":"\n<div class=\"wp-block-group\"><div class=\"wp-block-group__inner-container is-layout-constrained wp-block-group-is-layout-constrained\">\n<p><strong>V\u00fdstava ve spolupr\u00e1ci s&nbsp;Ateli\u00e9rem Produktov\u00fd design a&nbsp;Ateli\u00e9rem Pr\u016fmyslov\u00fd design Fakulty multimedi\u00e1ln\u00edch komunikac\u00ed Univerzity Tom\u00e1\u0161e Bati ve Zl\u00edn\u011b.<br><\/strong><br><mark style=\"background-color:rgba(0, 0, 0, 0)\" class=\"has-inline-color has-zdw-color\">Lokace:<\/mark> KOMA modul na n\u00e1m\u011bst\u00ed M\u00edru (n\u00e1m. M\u00edru, Zl\u00edn)<br><mark style=\"background-color:rgba(0, 0, 0, 0)\" class=\"has-inline-color has-zdw-color\">Term\u00edn v\u00fdstavy:<\/mark> 6.\u201312.&nbsp;5.&nbsp;2026<br><mark style=\"background-color:rgba(0, 0, 0, 0)\" class=\"has-inline-color has-zdw-color\">Denn\u011b:<\/mark> 10:00\u201318:00\u00a0<br><mark style=\"background-color:rgba(0, 0, 0, 0)\" class=\"has-inline-color has-zdw-color\">Vstupn\u00e9: <\/mark>Zdarma<\/p>\n\n\n\n<h3 class=\"wp-block-heading\">Jak m\u016f\u017eeme propojovat rozd\u00edln\u00e9 generace?<\/h3>\n\n\n\n<p>C\u00edlem v\u00fdstavy je propojit dv\u011b skupiny, kter\u00e9 spole\u010dnost dlouho rozd\u011bluje: mlad\u00e9 lidi a&nbsp;seniory. Je na\u010dase dok\u00e1zat, \u017ee rozd\u00edly mezi lidmi nemus\u00ed znamenat p\u0159ek\u00e1\u017eku, ale mohou v\u00e9st ke spolupr\u00e1ci, ze kter\u00e9 maj\u00ed prosp\u011bch v\u0161ichni. Jedna strana vytv\u00e1\u0159\u00ed budoucnost, druh\u00e1 pe\u010duje o&nbsp;na\u0161i p\u0159\u00edtomnost.<\/p>\n\n\n\n<p>V\u00fdstava POSPOLU byla pro n\u00e1s prvn\u00edm krokem k&nbsp;tomu, aby se tyto skupiny mohly potkat a&nbsp;vz\u00e1jemn\u011b si naslouchat. Vyzvali jsme mlad\u00e9 design\u00e9ry, aby vytvo\u0159ili prostor pro rozhovor se star\u0161\u00ed generac\u00ed, jej\u00ed\u017e pot\u0159eby a&nbsp;zku\u0161enosti b\u00fdvaj\u00ed v&nbsp;sou\u010dasn\u00e9m designu \u010dasto p\u0159ehl\u00ed\u017eeny. M\u00edsto zam\u011b\u0159en\u00ed na kr\u00e1tkodob\u00e9 trendy se v\u00fdstava soust\u0159ed\u00ed na to, co lidem skute\u010dn\u011b usnad\u0148uje ka\u017edodenn\u00ed \u017eivot. Vystaven\u00e9 objekty ukazuj\u00ed, co senior\u016fm v&nbsp;b\u011b\u017en\u00e9m \u017eivot\u011b funguje, co u\u017e ne, a&nbsp;v&nbsp;\u010dem se li\u0161\u00ed jejich p\u0159edstavy o&nbsp;vzhledu a&nbsp;pohodl\u00ed p\u0159i&nbsp;pou\u017e\u00edv\u00e1n\u00ed ka\u017edodenn\u00edch p\u0159edm\u011bt\u016f.<\/p>\n\n\n\n<p><mark style=\"background-color:rgba(0, 0, 0, 0)\" class=\"has-inline-color has-light-color\"><strong>Kur\u00e1to\u0159i<\/strong>: Mari\u00e1n Cip\u00e1r, B\u00e1ra Kolondrov\u00e1, Eli\u0161ka Jane\u010dkov\u00e1<\/mark><\/p>\n<\/div><\/div>\n\n\n\n<p><\/p>\n","protected":false},"excerpt":{"rendered":"V\u00fdstava ve spolupr\u00e1ci s&nbsp;Ateli\u00e9rem Produktov\u00fd design a&nbsp;Ateli\u00e9rem Pr\u016fmyslov\u00fd design Fakulty multimedi\u00e1ln\u00edch komunikac\u00ed Univerzity Tom\u00e1\u0161e Bati ve Zl\u00edn\u011b.Lokace: KOMA modul na n\u00e1m\u011bst\u00ed M\u00edru (n\u00e1m. M\u00edru, Zl\u00edn)Term\u00edn [&hellip;]","protected":false},"author":52,"featured_media":0,"parent":0,"menu_order":0,"comment_status":"closed","ping_status":"closed","template":"","meta":{"_acf_changed":false,"footnotes":""},"class_list":["post-41220","page","type-page","status-publish","hentry"],"acf":[],"_links":{"self":[{"href":"https:\/\/zlindesignweek.com\/2026\/wp-json\/wp\/v2\/pages\/41220","targetHints":{"allow":["GET"]}}],"collection":[{"href":"https:\/\/zlindesignweek.com\/2026\/wp-json\/wp\/v2\/pages"}],"about":[{"href":"https:\/\/zlindesignweek.com\/2026\/wp-json\/wp\/v2\/types\/page"}],"author":[{"embeddable":true,"href":"https:\/\/zlindesignweek.com\/2026\/wp-json\/wp\/v2\/users\/52"}],"replies":[{"embeddable":true,"href":"https:\/\/zlindesignweek.com\/2026\/wp-json\/wp\/v2\/comments?post=41220"}],"version-history":[{"count":10,"href":"https:\/\/zlindesignweek.com\/2026\/wp-json\/wp\/v2\/pages\/41220\/revisions"}],"predecessor-version":[{"id":42635,"href":"https:\/\/zlindesignweek.com\/2026\/wp-json\/wp\/v2\/pages\/41220\/revisions\/42635"}],"wp:attachment":[{"href":"https:\/\/zlindesignweek.com\/2026\/wp-json\/wp\/v2\/media?parent=41220"}],"curies":[{"name":"wp","href":"https:\/\/api.w.org\/{rel}","templated":true}]}}