{"id":41216,"date":"2026-03-07T18:33:44","date_gmt":"2026-03-07T17:33:44","guid":{"rendered":"https:\/\/zlindesignweek.com\/2026\/?page_id=41216"},"modified":"2026-03-28T14:33:11","modified_gmt":"2026-03-28T13:33:11","slug":"best-of-26-made-with-passion-2","status":"publish","type":"page","link":"https:\/\/zlindesignweek.com\/2026\/en\/best-of-26-made-with-passion-2\/","title":{"rendered":"Exhibition Best of &#8217;26: Made with Passion"},"content":{"rendered":"\n<div class=\"wp-block-group\"><div class=\"wp-block-group__inner-container is-layout-constrained wp-block-group-is-layout-constrained\">\n<p><mark style=\"background-color:rgba(0, 0, 0, 0)\" class=\"has-inline-color has-zdw-color\">Location:<\/mark> Gallery G18 (\u0160tef\u00e1nikova 5670, Zl\u00edn)<br><mark style=\"background-color:rgba(0, 0, 0, 0)\" class=\"has-inline-color has-zdw-color\">Dates:<\/mark> 7\u201322 May 2026<br><mark style=\"background-color:rgba(0, 0, 0, 0)\" class=\"has-inline-color has-zdw-color\">Daily:<\/mark> 10 AM \u2013 6 PM&nbsp;(except Friday, 8 May 2026)<br><mark style=\"background-color:rgba(0, 0, 0, 0)\" class=\"has-inline-color has-zdw-color\">Admission:<\/mark> Free<\/p>\n\n\n\n<p><mark style=\"background-color:rgba(0, 0, 0, 0)\" class=\"has-inline-color has-zdw-color\"><strong>Exhibition opening<\/strong>:<\/mark><br><strong>Date<\/strong>: Saturday, 9 May 2026<br><strong>Time<\/strong>: 6 PM<\/p>\n\n\n\n<p><mark style=\"background-color:rgba(0, 0, 0, 0)\" class=\"has-inline-color has-zdw-color\"><strong>Guided tour<\/strong>:<\/mark> <br><strong>Date<\/strong>: Monday, 11 May 2026<br><strong>Time<\/strong>: 12 PM<\/p>\n\n\n\n<p>The exhibition <em>Best of &#8217;26: Made with Passion<\/em> presents unique design works that reached the top spots in the 17th annual Best in Design international competition in 2026. From May 7 to 22, 2026, the gallery becomes a&nbsp;platform that opens up space for new beginnings, learning without fear of mistakes, and supports the path of experimentation or personal motivation to create.<\/p>\n\n\n\n<h3 class=\"wp-block-heading\">How is good design created?<\/h3>\n\n\n\n<p>Design is not a&nbsp;one-time idea, but a&nbsp;creative process. It is created through trial, error and repetition. Designers and craftsmen often start without a&nbsp;clear plan or prior preparation and learn directly while creating. This process needs a&nbsp;safe and open space for experimentation, where it is possible to learn without fear of failure and to seek a&nbsp;personal form of expression.<\/p>\n\n\n\n<p>Passion and a&nbsp;relationship with creation play an important role in this process. It is this that encourages us to continue even when something goes wrong, and to gradually transform failure into a&nbsp;prototype and then into a&nbsp;finished object.<\/p>\n\n\n\n<p>The exhibition presents design as a&nbsp;path of growth and learning. It does not focus only on the final form of the works, but on the process that led to them and the personal value that the authors create with their work in the process. It shows design as a&nbsp;human and open process, in which experimentation and work with time and personal aesthetics have their place.<\/p>\n\n\n\n<p><mark style=\"background-color:rgba(0, 0, 0, 0)\" class=\"has-inline-color has-light-color\"><strong>Curators<\/strong>: Eli\u0161ka Coufalov\u00e1, Diana Vajdiarov\u00e1<\/mark><\/p>\n<\/div><\/div>\n\n\n\n<p><\/p>\n","protected":false},"excerpt":{"rendered":"Location: Gallery G18 (\u0160tef\u00e1nikova 5670, Zl\u00edn)Dates: 7\u201322 May 2026Daily: 10 AM \u2013 6 PM&nbsp;(except Friday, 8 May 2026)Admission: Free Exhibition opening:Date: Saturday, 9 May 2026Time: [&hellip;]","protected":false},"author":52,"featured_media":0,"parent":0,"menu_order":0,"comment_status":"closed","ping_status":"closed","template":"","meta":{"_acf_changed":false,"footnotes":""},"class_list":["post-41216","page","type-page","status-publish","hentry"],"acf":[],"_links":{"self":[{"href":"https:\/\/zlindesignweek.com\/2026\/wp-json\/wp\/v2\/pages\/41216","targetHints":{"allow":["GET"]}}],"collection":[{"href":"https:\/\/zlindesignweek.com\/2026\/wp-json\/wp\/v2\/pages"}],"about":[{"href":"https:\/\/zlindesignweek.com\/2026\/wp-json\/wp\/v2\/types\/page"}],"author":[{"embeddable":true,"href":"https:\/\/zlindesignweek.com\/2026\/wp-json\/wp\/v2\/users\/52"}],"replies":[{"embeddable":true,"href":"https:\/\/zlindesignweek.com\/2026\/wp-json\/wp\/v2\/comments?post=41216"}],"version-history":[{"count":6,"href":"https:\/\/zlindesignweek.com\/2026\/wp-json\/wp\/v2\/pages\/41216\/revisions"}],"predecessor-version":[{"id":42639,"href":"https:\/\/zlindesignweek.com\/2026\/wp-json\/wp\/v2\/pages\/41216\/revisions\/42639"}],"wp:attachment":[{"href":"https:\/\/zlindesignweek.com\/2026\/wp-json\/wp\/v2\/media?parent=41216"}],"curies":[{"name":"wp","href":"https:\/\/api.w.org\/{rel}","templated":true}]}}