{"id":41213,"date":"2026-03-07T18:33:44","date_gmt":"2026-03-07T17:33:44","guid":{"rendered":"https:\/\/zlindesignweek.com\/2026\/?page_id=41213"},"modified":"2026-05-02T09:53:28","modified_gmt":"2026-05-02T07:53:28","slug":"best-of-26-made-with-passion","status":"publish","type":"page","link":"https:\/\/zlindesignweek.com\/2026\/best-of-26-made-with-passion\/","title":{"rendered":"V\u00fdstava Best of &#8217;26: Made with Passion"},"content":{"rendered":"\n<div class=\"wp-block-group\"><div class=\"wp-block-group__inner-container is-layout-constrained wp-block-group-is-layout-constrained\">\n<p><mark style=\"background-color:rgba(0, 0, 0, 0)\" class=\"has-inline-color has-zdw-color\">Lokace:<\/mark> Galerie G18 (\u0160tef\u00e1nikova 5670, Zl\u00edn)<br><mark style=\"background-color:rgba(0, 0, 0, 0)\" class=\"has-inline-color has-zdw-color\">Term\u00edny v\u00fdstavy:<\/mark> 7.\u201322.&nbsp;5.&nbsp;2026<br><mark style=\"background-color:rgba(0, 0, 0, 0)\" class=\"has-inline-color has-zdw-color\">Denn\u011b:<\/mark> 10:00\u201318:00 (krom\u011b p\u00e1tku 8.&nbsp;5.&nbsp;2026)<br><mark style=\"background-color:rgba(0, 0, 0, 0)\" class=\"has-inline-color has-zdw-color\">Vstupn\u00e9:<\/mark> Zdarma<\/p>\n\n\n\n<p><mark style=\"background-color:rgba(0, 0, 0, 0)\" class=\"has-inline-color has-zdw-color\"><strong>Vernis\u00e1\u017e v\u00fdstavy<\/strong>:<\/mark><br><strong>Datum<\/strong>: sobota 9.&nbsp;5.&nbsp;2026<br><strong>\u010cas<\/strong>: 18:00<br><strong>Jazyk:<\/strong> CZ, EN<\/p>\n\n\n\n<p><mark style=\"background-color:rgba(0, 0, 0, 0)\" class=\"has-inline-color has-zdw-color\"><strong>Komentovan\u00e1 prohl\u00eddk<\/strong>a:<\/mark> <br><strong>Datum<\/strong>: pond\u011bl\u00ed 11.&nbsp;5.&nbsp;2026<br><strong>\u010cas<\/strong>: 13:00<br><strong>Jazyk:<\/strong> EN<\/p>\n\n\n\n<p>V\u00fdstava <em>Best of &#8217;26: Made with Passion<\/em> p\u0159edstavuje jedine\u010dn\u00e9 design\u00e9rsk\u00e9 pr\u00e1ce, kter\u00e9 se v&nbsp;roce 2026 dostaly na p\u0159edn\u00ed p\u0159\u00ed\u010dky v&nbsp;r\u00e1mci 17.&nbsp;ro\u010dn\u00edku mezin\u00e1rodn\u00ed sout\u011b\u017ee Best in Design. V\u00fdstavu je mo\u017en\u00e9 nav\u0161t\u00edvit a\u017e do 22.&nbsp;5.&nbsp;2026.<\/p>\n\n\n\n<h3 class=\"wp-block-heading\">Jak vznik\u00e1 dobr\u00fd design?<\/h3>\n\n\n\n<p>Design nen\u00ed jednor\u00e1zov\u00fd n\u00e1pad, ale kreativn\u00ed proces. Vznik\u00e1 skrze zkou\u0161en\u00ed, chyby a&nbsp;opakov\u00e1n\u00ed. N\u00e1vrh\u00e1\u0159i a&nbsp;\u0159emesln\u00edci \u010dasto za\u010d\u00ednaj\u00ed bez jasn\u00e9ho pl\u00e1nu \u010di p\u0159edchoz\u00ed pr\u016fpravy a&nbsp;u\u010d\u00ed se p\u0159\u00edmo p\u0159i tvorb\u011b. Tento proces pot\u0159ebuje bezpe\u010dn\u00fd a&nbsp;otev\u0159en\u00fd prostor pro experiment, kde je mo\u017en\u00e9 u\u010dit se bez strachu z&nbsp;ne\u00fasp\u011bchu a&nbsp;hledat osobn\u00ed formu vyj\u00e1d\u0159en\u00ed.<\/p>\n\n\n\n<p>D\u016fle\u017eitou roli v&nbsp;tomto procesu hraje v\u00e1\u0161e\u0148 a&nbsp;vztah k&nbsp;tvorb\u011b. Pr\u00e1v\u011b ten n\u00e1s povzbuzuje pokra\u010dovat i&nbsp;ve chv\u00edl\u00edch, kdy se n\u011bco neda\u0159\u00ed, a&nbsp;postupn\u011b prom\u011b\u0148ovat ne\u00fasp\u011bch v&nbsp;prototyp a&nbsp;n\u00e1sledn\u011b v&nbsp;hotov\u00fd objekt.<\/p>\n\n\n\n<p>V\u00fdstava p\u0159edstavuje design jako cestu r\u016fstu a&nbsp;u\u010den\u00ed. Nezam\u011b\u0159uje se pouze na fin\u00e1ln\u00ed podobu d\u011bl, ale na proces, kter\u00fd k&nbsp;nim vedl, a&nbsp;na osobn\u00ed hodnotu, kterou si auto\u0159i se svou tvorbou v&nbsp;pr\u016fb\u011bhu vytv\u00e1\u0159ej\u00ed. Ukazuje design jako lidsk\u00fd a&nbsp;otev\u0159en\u00fd proces, ve kter\u00e9m m\u00e1 sv\u00e9 m\u00edsto experiment a&nbsp;pr\u00e1ce s&nbsp;\u010dasem i&nbsp;osobn\u00ed estetikou.<\/p>\n\n\n\n<p><mark style=\"background-color:rgba(0, 0, 0, 0)\" class=\"has-inline-color has-light-color\"><strong>Kur\u00e1torky<\/strong>: Eli\u0161ka Coufalov\u00e1, Diana Vajdiarov\u00e1<\/mark><\/p>\n<\/div><\/div>\n\n\n\n<div class=\"wp-block-group\"><div class=\"wp-block-group__inner-container is-layout-constrained wp-block-group-is-layout-constrained\">\n<div style=\"height:30px\" aria-hidden=\"true\" class=\"wp-block-spacer\"><\/div>\n\n\n\n<div class=\"wp-block-esab-accordion esab-vnkdziw6\" data-mode=\"global\"><div class=\"esab__container\">\n<div class=\"wp-block-esab-accordion-child esab__active_accordion\"><div class=\"esab__head\" role=\"button\" aria-expanded=\"true\"><div class=\"esab__heading_txt\"><p class=\"esab__heading_tag\"><strong><strong><strong><strong>Kudy tudy na v\u00fdstavu?<\/strong><\/strong><\/strong><\/strong><\/p><\/div><div class=\"esab__icon esab__active_icon\"><div class=\"esab__collapse\"> <svg version=\"1.2\" viewBox=\"0 0 24 24\" width=\"24\" height=\"24\"><path d=\"m11.3 3.6h1.4q0.2 0 0.2 0.1v16.6q0 0.1-0.2 0.1h-1.4q-0.2 0-0.2-0.2v-16.5q0-0.1 0.2-0.1z\"><\/path><path d=\"m4.1 11.1h15.8q0.2 0 0.2 0.2v1.4q0 0.2-0.2 0.2h-15.8q-0.2 0-0.2-0.2v-1.4q0-0.2 0.2-0.2z\"><\/path><\/svg> <\/div><div class=\"esab__expand\"> <svg version=\"1.2\" viewBox=\"0 0 24 24\" width=\"24\" height=\"24\"><path d=\"m3.4 11.1h17.2v1.8h-17.2z\"><\/path><\/svg> <\/div><\/div><\/div><div class=\"esab__body esab__active\">\n<p><strong>MHD:<\/strong> Zdaleka nejbli\u017e\u0161\u00ed je zast\u00e1vka <strong>\u0160koln\u00ed<\/strong>, p\u0159\u00edpadn\u011b <strong>N\u00e1m\u011bst\u00ed M\u00edru<\/strong>.<br><strong>Autem:<mark style=\"background-color:rgba(0, 0, 0, 0)\" class=\"has-inline-color has-white-color\"> <\/mark><\/strong>Je mo\u017en\u00e9 zaparkovat na ulici Hradsk\u00e1 nebo pod kongresov\u00fdm centrem, ob\u011b mo\u017enosti jsou zpoplatn\u011bn\u00e9. Obecn\u011b je ale ve Zl\u00edn\u011b probl\u00e9m s&nbsp;parkov\u00e1n\u00edm, tak\u017ee doporu\u010dujeme pokud mo\u017eno p\u0159ij\u00edt rad\u0161i \u201cpo sv\u00fdch\u201d.<\/p>\n\n\n\n<p>Galerie se nach\u00e1z\u00ed v&nbsp;p\u0159\u00edzem\u00ed fakulty humanitn\u00edch studi\u00ed, ale nen\u00ed \u017e\u00e1dn\u00fd strach, v\u00edtan\u00fd je ka\u017ed\u00fd. A\u017e projde\u0161 hlavn\u00edm vstupem, dej se doprava a&nbsp;zna\u010den\u00ed t\u011b do galerie dovede, vstup i&nbsp;toalety v&nbsp;budov\u011b jsou bezbari\u00e9rov\u00e9.<\/p>\n<\/div><\/div>\n\n\n\n<div class=\"wp-block-esab-accordion-child\"><div class=\"esab__head\" role=\"button\" aria-expanded=\"false\"><div class=\"esab__heading_txt\"><p class=\"esab__heading_tag\"><strong><strong><strong><strong><strong>Jak to v&nbsp;galerii vypad\u00e1?<\/strong><\/strong><\/strong><\/strong><\/strong><\/p><\/div><div class=\"esab__icon\"><div class=\"esab__collapse\"> <svg version=\"1.2\" viewBox=\"0 0 24 24\" width=\"24\" height=\"24\"><path d=\"m11.3 3.6h1.4q0.2 0 0.2 0.1v16.6q0 0.1-0.2 0.1h-1.4q-0.2 0-0.2-0.2v-16.5q0-0.1 0.2-0.1z\"><\/path><path d=\"m4.1 11.1h15.8q0.2 0 0.2 0.2v1.4q0 0.2-0.2 0.2h-15.8q-0.2 0-0.2-0.2v-1.4q0-0.2 0.2-0.2z\"><\/path><\/svg> <\/div><div class=\"esab__expand\"> <svg version=\"1.2\" viewBox=\"0 0 24 24\" width=\"24\" height=\"24\"><path d=\"m3.4 11.1h17.2v1.8h-17.2z\"><\/path><\/svg> <\/div><\/div><\/div><div class=\"esab__body\">\n<p>Na v\u00fdstav\u011b najde\u0161 videoprojekce i&nbsp;expon\u00e1ty, n\u011bkter\u00e9 z&nbsp;nich si bude\u0161 moci osahat, m\u00e1me m\u00edsto na ko\u010d\u00e1rek i&nbsp;invalidn\u00ed voz\u00edk.<\/p>\n\n\n\n<p>Pokud m\u00e1\u0161 jak\u00e9koliv specifick\u00e9 pot\u0159eby a\/nebo v\u00e1h\u00e1\u0161, zda je program pro tebe, nev\u00e1hej se n\u00e1m ozvat, a\u0165 u\u017e mailem: <a href=\"mailto:anna.svobodova@zlindesignweek.com\"><strong>anna.svobodova@zlindesignweek.com<\/strong><\/a> anebo telefonicky\/SMS: <strong>+420&nbsp;733&nbsp;144&nbsp;711<\/strong>.<\/p>\n\n\n\n<p>Na\u0161\u00edm c\u00edlem je zp\u0159\u00edstup\u0148ovat festival co nejv\u00edce lidem dok\u00e1\u017eeme \u2013 moc r\u00e1di ti porad\u00edme a&nbsp;pom\u016f\u017eeme vymyslet alternativn\u00ed mo\u017enosti.<\/p>\n<\/div><\/div>\n<\/div><\/div>\n<\/div><\/div>\n","protected":false},"excerpt":{"rendered":"Lokace: Galerie G18 (\u0160tef\u00e1nikova 5670, Zl\u00edn)Term\u00edny v\u00fdstavy: 7.\u201322.&nbsp;5.&nbsp;2026Denn\u011b: 10:00\u201318:00 (krom\u011b p\u00e1tku 8.&nbsp;5.&nbsp;2026)Vstupn\u00e9: Zdarma Vernis\u00e1\u017e v\u00fdstavy:Datum: sobota 9.&nbsp;5.&nbsp;2026\u010cas: 18:00Jazyk: CZ, EN Komentovan\u00e1 prohl\u00eddka: Datum: pond\u011bl\u00ed 11.&nbsp;5.&nbsp;2026\u010cas: [&hellip;]","protected":false},"author":52,"featured_media":0,"parent":0,"menu_order":0,"comment_status":"closed","ping_status":"closed","template":"","meta":{"_acf_changed":false,"footnotes":""},"class_list":["post-41213","page","type-page","status-publish","hentry"],"acf":[],"_links":{"self":[{"href":"https:\/\/zlindesignweek.com\/2026\/wp-json\/wp\/v2\/pages\/41213","targetHints":{"allow":["GET"]}}],"collection":[{"href":"https:\/\/zlindesignweek.com\/2026\/wp-json\/wp\/v2\/pages"}],"about":[{"href":"https:\/\/zlindesignweek.com\/2026\/wp-json\/wp\/v2\/types\/page"}],"author":[{"embeddable":true,"href":"https:\/\/zlindesignweek.com\/2026\/wp-json\/wp\/v2\/users\/52"}],"replies":[{"embeddable":true,"href":"https:\/\/zlindesignweek.com\/2026\/wp-json\/wp\/v2\/comments?post=41213"}],"version-history":[{"count":9,"href":"https:\/\/zlindesignweek.com\/2026\/wp-json\/wp\/v2\/pages\/41213\/revisions"}],"predecessor-version":[{"id":43873,"href":"https:\/\/zlindesignweek.com\/2026\/wp-json\/wp\/v2\/pages\/41213\/revisions\/43873"}],"wp:attachment":[{"href":"https:\/\/zlindesignweek.com\/2026\/wp-json\/wp\/v2\/media?parent=41213"}],"curies":[{"name":"wp","href":"https:\/\/api.w.org\/{rel}","templated":true}]}}