{"id":41205,"date":"2026-03-07T18:13:52","date_gmt":"2026-03-07T17:13:52","guid":{"rendered":"https:\/\/zlindesignweek.com\/2026\/?page_id=41205"},"modified":"2026-05-02T10:02:31","modified_gmt":"2026-05-02T08:02:31","slug":"hlavni-festivalova-vystava-all-you-need-is-design","status":"publish","type":"page","link":"https:\/\/zlindesignweek.com\/2026\/hlavni-festivalova-vystava-all-you-need-is-design\/","title":{"rendered":"Hlavn\u00ed festivalov\u00e1 v\u00fdstava All you need is design"},"content":{"rendered":"\n<div class=\"wp-block-group\"><div class=\"wp-block-group__inner-container is-layout-constrained wp-block-group-is-layout-constrained\">\n<p><mark style=\"background-color:rgba(0, 0, 0, 0)\" class=\"has-inline-color has-zdw-color\">Lokace:<\/mark> Z\u00e1mek Zl\u00edn (Soudn\u00ed 1, Zl\u00edn)<br><mark style=\"background-color:rgba(0, 0, 0, 0)\" class=\"has-inline-color has-zdw-color\">Term\u00edn v\u00fdstavy:<\/mark> 6.\u201312.&nbsp;5.&nbsp;2026<br><mark style=\"background-color:rgba(0, 0, 0, 0)\" class=\"has-inline-color has-zdw-color\">Denn\u011b:<\/mark> 10:00\u201318:00<br><mark style=\"background-color:rgba(0, 0, 0, 0)\" class=\"has-inline-color has-zdw-color\">Vstupn\u00e9:<\/mark> Zdarma<\/p>\n\n\n\n<p>Chce\u0161 si v\u00fdstavu proj\u00edt i&nbsp;s&nbsp;v\u00fdkladem a&nbsp;dozv\u011bd\u011bt se dal\u0161\u00ed zaj\u00edmav\u00e9 informace? Tak p\u0159ij\u010f na komentovanou prohl\u00eddku! Kdy?<\/p>\n\n\n\n<ul class=\"wp-block-list\">\n<li><strong>v p\u00e1tek 8.&nbsp;5.&nbsp;ve 14:30<\/strong><\/li>\n\n\n\n<li><strong>v sobotu 9.&nbsp;5.&nbsp;ve 14:30<\/strong><\/li>\n\n\n\n<li><strong>v pond\u011bl\u00ed 11.&nbsp;5.&nbsp;ve 12:00<\/strong><\/li>\n<\/ul>\n\n\n\n<p>Nebo doraz na vernis\u00e1\u017e, kter\u00e1 se uskute\u010dn\u00ed ve st\u0159edu <strong>6.&nbsp;5.&nbsp;od 18:15<\/strong> v&nbsp;r\u00e1mci Slavnostn\u00edho zah\u00e1jen\u00ed festivalu!<\/p>\n\n\n\n<h3 class=\"wp-block-heading\">Pot\u0159ebuje design l\u00e1sku? A&nbsp;l\u00e1ska design?<\/h3>\n\n\n\n<p>My v\u011b\u0159\u00edme, \u017ee ano. Nez\u0159\u00eddka nar\u00e1\u017e\u00edme na p\u0159\u00edstup, kde je prvo\u0159ad\u00fd zisk a&nbsp;mno\u017estv\u00ed produkce, zat\u00edmco u\u017eivatelsk\u00e9 pot\u0159eby ustupuj\u00ed do pozad\u00ed. Tato v\u00fdstava vych\u00e1z\u00ed z&nbsp;p\u0159esv\u011bd\u010den\u00ed, \u017ee design m\u016f\u017ee b\u00fdt n\u00e1strojem p\u00e9\u010de a&nbsp;z\u00e1jmu. M\u00e1 schopnost vytv\u00e1\u0159et momenty bl\u00edzkosti \u2013 k&nbsp;sob\u011b sam\u00fdm i&nbsp;k&nbsp;druh\u00fdm.<\/p>\n\n\n\n<p>V\u00fdstava All you need is design vych\u00e1z\u00ed ze z\u00e1kladn\u00ed lidsk\u00e9 pot\u0159eby l\u00e1sky a&nbsp;otev\u00edr\u00e1 ot\u00e1zku, nakolik ji sou\u010dasn\u00fd design dok\u00e1\u017ee reflektovat. Uvid\u00edte projekty studentsk\u00e9 i&nbsp;pokro\u010dil\u00e9, kter\u00e9 si p\u0159edsevzaly, \u017ee prostor pro tento \u201cintimn\u00ed dialog\u201d vytvo\u0159\u00ed. P\u0159edstavuj\u00ed design, kter\u00fd je pe\u010duj\u00edc\u00ed, ohledupln\u00fd a&nbsp;p\u0159\u00ednosn\u00fd pro ka\u017edodenn\u00ed \u017eivot.<\/p>\n\n\n\n<p>V\u00fdstava je interaktivn\u00ed a&nbsp;budeme r\u00e1di, kdy\u017e ji pro\u017eijete spole\u010dn\u011b s&nbsp;n\u00e1mi. A&nbsp;pokud dnes odejdete s&nbsp;my\u0161lenkou \u201cMohl\/a bych i&nbsp;j\u00e1 b\u00fdt v&nbsp;situaci, kdy se c\u00edt\u00edm diskriminovan\u00fd\/\u00e1 za svoje pot\u0159eby\u201d, tak v\u011b\u0159te, \u017ee \u201cAll you need is design\u201d.<\/p>\n\n\n\n<p><mark style=\"background-color:rgba(0, 0, 0, 0)\" class=\"has-inline-color has-light-color\"><strong>Kur\u00e1torky: <\/strong>Nat\u00e1lie Vencovsk\u00e1, Gabriela Hrdinov\u00e1<\/mark><\/p>\n\n\n\n<div style=\"height:30px\" aria-hidden=\"true\" class=\"wp-block-spacer\"><\/div>\n\n\n\n<div class=\"wp-block-esab-accordion esab-vnkdziw6\" data-mode=\"global\"><div class=\"esab__container\">\n<div class=\"wp-block-esab-accordion-child esab__active_accordion\"><div class=\"esab__head\" role=\"button\" aria-expanded=\"true\"><div class=\"esab__heading_txt\"><p class=\"esab__heading_tag\"><strong><strong><strong><strong><strong>Jak to tam bude vypadat?<\/strong><\/strong><\/strong><\/strong><\/strong><\/p><\/div><div class=\"esab__icon esab__active_icon\"><div class=\"esab__collapse\"> <svg version=\"1.2\" viewBox=\"0 0 24 24\" width=\"24\" height=\"24\"><path d=\"m11.3 3.6h1.4q0.2 0 0.2 0.1v16.6q0 0.1-0.2 0.1h-1.4q-0.2 0-0.2-0.2v-16.5q0-0.1 0.2-0.1z\"><\/path><path d=\"m4.1 11.1h15.8q0.2 0 0.2 0.2v1.4q0 0.2-0.2 0.2h-15.8q-0.2 0-0.2-0.2v-1.4q0-0.2 0.2-0.2z\"><\/path><\/svg> <\/div><div class=\"esab__expand\"> <svg version=\"1.2\" viewBox=\"0 0 24 24\" width=\"24\" height=\"24\"><path d=\"m3.4 11.1h17.2v1.8h-17.2z\"><\/path><\/svg> <\/div><\/div><\/div><div class=\"esab__body esab__active\">\n<p>V\u00fdstava je rozprost\u0159en\u00e1 do t\u0159\u00ed m\u00edstnost\u00ed, ka\u017ed\u00e1 z&nbsp;nich se zam\u011b\u0159uje na n\u011bco trochu jin\u00e9ho. Prvn\u00ed se jmenuje Odvaha, druh\u00e1 Bl\u00edzkost, a&nbsp;t\u0159et\u00ed Stigma. T\u0159et\u00ed m\u00edstnost zahrnuje design, kter\u00fd se zab\u00fdv\u00e1 sexualitou a&nbsp;jej\u00edm pro\u017e\u00edv\u00e1n\u00edm.\u00a0<\/p>\n<\/div><\/div>\n\n\n\n<div class=\"wp-block-esab-accordion-child\"><div class=\"esab__head\" role=\"button\" aria-expanded=\"false\"><div class=\"esab__heading_txt\"><p class=\"esab__heading_tag\"><strong><strong><strong><strong>Kudy tudy na v\u00fdstavu?<\/strong><\/strong><\/strong><\/strong><\/p><\/div><div class=\"esab__icon\"><div class=\"esab__collapse\"> <svg version=\"1.2\" viewBox=\"0 0 24 24\" width=\"24\" height=\"24\"><path d=\"m11.3 3.6h1.4q0.2 0 0.2 0.1v16.6q0 0.1-0.2 0.1h-1.4q-0.2 0-0.2-0.2v-16.5q0-0.1 0.2-0.1z\"><\/path><path d=\"m4.1 11.1h15.8q0.2 0 0.2 0.2v1.4q0 0.2-0.2 0.2h-15.8q-0.2 0-0.2-0.2v-1.4q0-0.2 0.2-0.2z\"><\/path><\/svg> <\/div><div class=\"esab__expand\"> <svg version=\"1.2\" viewBox=\"0 0 24 24\" width=\"24\" height=\"24\"><path d=\"m3.4 11.1h17.2v1.8h-17.2z\"><\/path><\/svg> <\/div><\/div><\/div><div class=\"esab__body\">\n<p>V\u00fdstavu najde\u0161 v&nbsp;prvn\u00edm pat\u0159e z\u00e1mku. Projdi p\u0159es n\u00e1dvo\u0159\u00ed a&nbsp;\u0161ipky t\u011b nasm\u011bruj\u00ed ke schod\u016fm do prvn\u00edho patra. Vydej se doprava a&nbsp;nem\u016f\u017ee\u0161 ji minout.<\/p>\n\n\n\n<p><strong>MHD: <\/strong>Trolejbusem je to nejkrat\u0161\u00ed ze zast\u00e1vky <strong>U z\u00e1mku<\/strong> anebo <strong>n\u00e1m\u011bst\u00ed Pr\u00e1ce. Zl\u00edn, autobusov\u00e9 n\u00e1dra\u017e\u00ed<\/strong> je taky kousek.<br><strong>Autem: <\/strong>\u00a0U z\u00e1mku je omezen\u00fd po\u010det parkovac\u00edch m\u00edstech, kter\u00e9 je po domluv\u011b v&nbsp;p\u0159\u00edpad\u011b pot\u0159eby mo\u017eno vyu\u017e\u00edt. Obecn\u011b je ale ve Zl\u00edn\u011b probl\u00e9m s&nbsp;parkov\u00e1n\u00edm, tak\u017ee doporu\u010dujeme pokud mo\u017eno p\u0159ij\u00edt rad\u0161i \u201cpo sv\u00fdch\u201d.<\/p>\n\n\n\n<p>Pokud m\u00e1\u0161 jak\u00e9koliv specifick\u00e9 pot\u0159eby a\/nebo v\u00e1h\u00e1\u0161, zda je program pro tebe, nev\u00e1hej se n\u00e1m ozvat, a\u0165 u\u017e mailem: <a href=\"mailto:anna.svobodova@zlindesignweek.com\"><strong>anna.svobodova@zlindesignweek.com<\/strong><\/a> anebo telefonicky\/SMS: <strong>+420&nbsp;733&nbsp;144&nbsp;711<\/strong>.<\/p>\n\n\n\n<p>Na\u0161\u00edm c\u00edlem je zp\u0159\u00edstup\u0148ovat festival co nejv\u00edce lidem dok\u00e1\u017eeme \u2013 moc r\u00e1di ti porad\u00edme a&nbsp;pom\u016f\u017eeme vymyslet alternativn\u00ed mo\u017enosti.<\/p>\n<\/div><\/div>\n<\/div><\/div>\n<\/div><\/div>\n","protected":false},"excerpt":{"rendered":"Lokace: Z\u00e1mek Zl\u00edn (Soudn\u00ed 1, Zl\u00edn)Term\u00edn v\u00fdstavy: 6.\u201312.&nbsp;5.&nbsp;2026Denn\u011b: 10:00\u201318:00Vstupn\u00e9: Zdarma Chce\u0161 si v\u00fdstavu proj\u00edt i&nbsp;s&nbsp;v\u00fdkladem a&nbsp;dozv\u011bd\u011bt se dal\u0161\u00ed zaj\u00edmav\u00e9 informace? Tak p\u0159ij\u010f na komentovanou prohl\u00eddku! [&hellip;]","protected":false},"author":52,"featured_media":0,"parent":0,"menu_order":0,"comment_status":"closed","ping_status":"closed","template":"","meta":{"_acf_changed":false,"footnotes":""},"class_list":["post-41205","page","type-page","status-publish","hentry"],"acf":[],"_links":{"self":[{"href":"https:\/\/zlindesignweek.com\/2026\/wp-json\/wp\/v2\/pages\/41205","targetHints":{"allow":["GET"]}}],"collection":[{"href":"https:\/\/zlindesignweek.com\/2026\/wp-json\/wp\/v2\/pages"}],"about":[{"href":"https:\/\/zlindesignweek.com\/2026\/wp-json\/wp\/v2\/types\/page"}],"author":[{"embeddable":true,"href":"https:\/\/zlindesignweek.com\/2026\/wp-json\/wp\/v2\/users\/52"}],"replies":[{"embeddable":true,"href":"https:\/\/zlindesignweek.com\/2026\/wp-json\/wp\/v2\/comments?post=41205"}],"version-history":[{"count":10,"href":"https:\/\/zlindesignweek.com\/2026\/wp-json\/wp\/v2\/pages\/41205\/revisions"}],"predecessor-version":[{"id":43880,"href":"https:\/\/zlindesignweek.com\/2026\/wp-json\/wp\/v2\/pages\/41205\/revisions\/43880"}],"wp:attachment":[{"href":"https:\/\/zlindesignweek.com\/2026\/wp-json\/wp\/v2\/media?parent=41205"}],"curies":[{"name":"wp","href":"https:\/\/api.w.org\/{rel}","templated":true}]}}