{"id":41187,"date":"2026-03-07T15:03:25","date_gmt":"2026-03-07T14:03:25","guid":{"rendered":"https:\/\/zlindesignweek.com\/2026\/?page_id=41187"},"modified":"2026-03-30T18:45:49","modified_gmt":"2026-03-30T16:45:49","slug":"fashion-performance-x-slovak-fashion-council-2","status":"publish","type":"page","link":"https:\/\/zlindesignweek.com\/2026\/en\/fashion-performance-x-slovak-fashion-council-2\/","title":{"rendered":"Fashion performance \u00d7 Slovak Fashion Council"},"content":{"rendered":"\n<div class=\"wp-block-group\"><div class=\"wp-block-group__inner-container is-layout-constrained wp-block-group-is-layout-constrained\">\n<p><mark style=\"background-color:rgba(0, 0, 0, 0)\" class=\"has-inline-color has-zdw-color\">Location:<\/mark> Zlin Castle (Soudn\u00ed 1, Zlin)<br><mark style=\"background-color:rgba(0, 0, 0, 0)\" class=\"has-inline-color has-zdw-color\">Date:<\/mark> 6 May 2026<br><mark style=\"background-color:rgba(0, 0, 0, 0)\" class=\"has-inline-color has-zdw-color\">Time:<\/mark> 7 PM&nbsp;\u2013 7:30 PM&nbsp;<br><mark style=\"background-color:rgba(0, 0, 0, 0)\" class=\"has-inline-color has-zdw-color\">Admission:<\/mark> Free<\/p>\n\n\n\n<h3 class=\"wp-block-heading\">What new feature have we prepared for you this year?<\/h3>\n\n\n\n<p>As part of the opening ceremony of the 12th annual Zlin Design Week festival, a&nbsp;performance show will be held in cooperation with the Slovak Fashion Council. You can look forward to a&nbsp;fashion performance that will take you through the main exhibition, All you need is design, to the castle courtyard, where a&nbsp;DJ set will begin. The choreography will be provided by VERA together with dancers from Actiwity DC, and you can look forward to creations from three designers associated with Tren\u010d\u00edn and the Tren\u010d\u00edn \u2013 European Capital of Culture 2026 project.&nbsp;<\/p>\n\n\n\n<p>The aim is to connect design, space, and the viewer so that fashion is not just a&nbsp;spectacle, but a&nbsp;living experience. The collections are functional, wearable, and respond to the body and the environment, emphasizing comfort, naturalness, and the feeling of being yourself. The performance thus blurs the line between fashion and experience and creates an open, human moment.<\/p>\n<\/div><\/div>\n\n\n\n<div class=\"wp-block-group\"><div class=\"wp-block-group__inner-container is-layout-constrained wp-block-group-is-layout-constrained\">    <a href=\"https:\/\/zlindesignweek.com\/2026\/en\/osoba\/slovak-fashion-council-2\/\"\n       class=\"no-decoration\">\n        <div class=\"person-item\">\n            <img loading=\"lazy\" decoding=\"async\" width=\"560\" height=\"667\" src=\"https:\/\/zlindesignweek.com\/2026\/wp-content\/uploads\/2026\/03\/navrh-bez-nazvu-2-560x667.png\" class=\"attachment-portrait size-portrait wp-post-image\" alt=\"\" \/>            <div class=\"person-item__bottom\">\n                <div class=\"person-item__text\">\n                    <h4 class=\"h5\">Slovak Fashion Council                    <\/h4>\n                    <small><\/small>\n                <\/div>\n                <div class=\"person-item__button\">\n                    \u2192\n                <\/div>\n            <\/div>\n        <\/div>\n    <\/a>\n    \n\n    <a href=\"https:\/\/zlindesignweek.com\/2026\/en\/osoba\/vera-2\/\"\n       class=\"no-decoration\">\n        <div class=\"person-item\">\n            <img loading=\"lazy\" decoding=\"async\" width=\"560\" height=\"667\" src=\"https:\/\/zlindesignweek.com\/2026\/wp-content\/uploads\/2026\/03\/34f207c0-d188-4a80-8d5e-43a03a78728f-560x667.jpg\" class=\"attachment-portrait size-portrait wp-post-image\" alt=\"\" \/>            <div class=\"person-item__bottom\">\n                <div class=\"person-item__text\">\n                    <h4 class=\"h5\">VERA                    <\/h4>\n                    <small>Choreographer<\/small>\n                <\/div>\n                <div class=\"person-item__button\">\n                    \u2192\n                <\/div>\n            <\/div>\n        <\/div>\n    <\/a>\n    \n\n    <a href=\"https:\/\/zlindesignweek.com\/2026\/en\/osoba\/actiwity-dc-2\/\"\n       class=\"no-decoration\">\n        <div class=\"person-item\">\n            <img loading=\"lazy\" decoding=\"async\" width=\"560\" height=\"667\" src=\"https:\/\/zlindesignweek.com\/2026\/wp-content\/uploads\/2026\/03\/navrh-bez-nazvu-1-560x667.png\" class=\"attachment-portrait size-portrait wp-post-image\" alt=\"\" \/>            <div class=\"person-item__bottom\">\n                <div class=\"person-item__text\">\n                    <h4 class=\"h5\">Actiwity DC                    <\/h4>\n                    <small>Dance School<\/small>\n                <\/div>\n                <div class=\"person-item__button\">\n                    \u2192\n                <\/div>\n            <\/div>\n        <\/div>\n    <\/a>\n    \n\n\n<p><\/p>\n<\/div><\/div>\n","protected":false},"excerpt":{"rendered":"Location: Zlin Castle (Soudn\u00ed 1, Zlin)Date: 6 May 2026Time: 7 PM&nbsp;\u2013 7:30 PM&nbsp;Admission: Free What new feature have we prepared for you this year? As [&hellip;]","protected":false},"author":52,"featured_media":0,"parent":0,"menu_order":0,"comment_status":"closed","ping_status":"closed","template":"","meta":{"_acf_changed":false,"footnotes":""},"class_list":["post-41187","page","type-page","status-publish","hentry"],"acf":[],"_links":{"self":[{"href":"https:\/\/zlindesignweek.com\/2026\/wp-json\/wp\/v2\/pages\/41187","targetHints":{"allow":["GET"]}}],"collection":[{"href":"https:\/\/zlindesignweek.com\/2026\/wp-json\/wp\/v2\/pages"}],"about":[{"href":"https:\/\/zlindesignweek.com\/2026\/wp-json\/wp\/v2\/types\/page"}],"author":[{"embeddable":true,"href":"https:\/\/zlindesignweek.com\/2026\/wp-json\/wp\/v2\/users\/52"}],"replies":[{"embeddable":true,"href":"https:\/\/zlindesignweek.com\/2026\/wp-json\/wp\/v2\/comments?post=41187"}],"version-history":[{"count":6,"href":"https:\/\/zlindesignweek.com\/2026\/wp-json\/wp\/v2\/pages\/41187\/revisions"}],"predecessor-version":[{"id":42876,"href":"https:\/\/zlindesignweek.com\/2026\/wp-json\/wp\/v2\/pages\/41187\/revisions\/42876"}],"wp:attachment":[{"href":"https:\/\/zlindesignweek.com\/2026\/wp-json\/wp\/v2\/media?parent=41187"}],"curies":[{"name":"wp","href":"https:\/\/api.w.org\/{rel}","templated":true}]}}