{"id":3,"date":"2019-12-18T21:59:42","date_gmt":"2019-12-18T20:59:42","guid":{"rendered":"http:\/\/zlindesignweek.com\/2021\/?page_id=3"},"modified":"2023-03-05T20:27:21","modified_gmt":"2023-03-05T19:27:21","slug":"ochrana-osobnich-udaju","status":"publish","type":"page","link":"https:\/\/zlindesignweek.com\/2026\/ochrana-osobnich-udaju\/","title":{"rendered":"Z\u00e1sady ochrany osobn\u00edch \u00fadaj\u016f"},"content":{"rendered":"\n<div class=\"wp-block-group\"><div class=\"wp-block-group__inner-container is-layout-constrained wp-block-group-is-layout-constrained\">\n<p>Projekt Zlin Design Week je spravov\u00e1n studenty v&nbsp;r\u00e1mci p\u0159edm\u011btu Komunika\u010dn\u00ed agentura Fakulty multimedi\u00e1ln\u00edch komunikac\u00ed Univerzity Tom\u00e1\u0161e Bati ve Zl\u00edn\u011b. Proto \u00fadaje, kter\u00e9 zpracov\u00e1v\u00e1, podl\u00e9haj\u00ed z\u00e1sad\u00e1m Univerzity Tom\u00e1\u0161e Bati ve Zl\u00edn\u011b.<\/p>\n\n\n\n<p>Univerzita Tom\u00e1\u0161e Bati ve Zl\u00edn\u011b, ve\u0159ejn\u00e1 vysok\u00e1 \u0161kola z\u0159\u00edzen\u00e1 z\u00e1konem \u010d.&nbsp;404\/2000 Sb., o<br>z\u0159\u00edzen\u00ed Univerzity Tom\u00e1\u0161e Bati ve Zl\u00edn\u011b, I\u010c: 70883521, se s\u00eddlem n\u00e1m. T. G. Masaryka 5555,<br>760&nbsp;01 Zl\u00edn, ID schr\u00e1nky ahqj9id (d\u00e1le jen \u201eUTB ve Zl\u00edn\u011b\u201c) jako spr\u00e1vce osobn\u00edch \u00fadaj\u016f<br>p\u0159istupuje k&nbsp;osobn\u00edm \u00fadaj\u016fm jako k&nbsp;vlastnictv\u00ed u\u017eivatel\u016f dal\u0161\u00edch slu\u017eeb UTB ve Zl\u00edn\u011b (d\u00e1le jen<br>\u201eu\u017eivatel\u201c), kter\u00e9 m\u00e1 pouze prop\u016fj\u010den\u00e9 k&nbsp;ur\u010dit\u00fdm, p\u0159edem dan\u00fdm a&nbsp;v\u00fdhradn\u011b stanoven\u00fdm<br>\u00fa\u010del\u016fm:<\/p>\n\n\n\n<ul class=\"wp-block-list\">\n<li>poskytov\u00e1n\u00ed slu\u017eeb Akademick\u00e9 poradny pro studenty a&nbsp;zam\u011bstnance,<\/li>\n\n\n\n<li>poskytov\u00e1n\u00ed slu\u017eeb ombudsmana,<\/li>\n\n\n\n<li>\u00fa\u010dast u\u017eivatel\u016f na semin\u00e1\u0159\u00edch, workshopech, konferenc\u00edch a&nbsp;podobn\u00fdch akc\u00edch,<\/li>\n\n\n\n<li>poskytov\u00e1n\u00ed slu\u017eeb studia v&nbsp;r\u00e1mci celo\u017eivotn\u00edho vzd\u011bl\u00e1v\u00e1n\u00ed (C\u017dV) a&nbsp;Univerzity t\u0159et\u00edho<br>v\u011bku (U3V),<\/li>\n\n\n\n<li>zas\u00edl\u00e1n\u00ed informativn\u00edch nab\u00eddek akc\u00ed,<\/li>\n\n\n\n<li>akademick\u00e9 ob\u0159ady,<\/li>\n\n\n\n<li>pron\u00e1jem prostor UTB fyzick\u00fdm osob\u00e1m,<\/li>\n\n\n\n<li>ubytov\u00e1n\u00ed t\u0159et\u00edch osob (v\u010d. rodinn\u00fdch p\u0159\u00edslu\u0161n\u00edk\u016f zam\u011bstnance) v&nbsp;rekrea\u010dn\u00edch<br>objektech UTB ve Zl\u00edn\u011b<\/li>\n<\/ul>\n\n\n\n<p>I.<br>Zpracov\u00e1n\u00ed osobn\u00edch \u00fadaj\u016f a&nbsp;pr\u00e1vn\u00ed tituly pro jejich zpracov\u00e1n\u00ed<br>UTB ve Zl\u00edn\u011b se p\u0159i&nbsp;zpracov\u00e1n\u00ed osobn\u00edch \u00fadaj\u016f u\u017eivatel\u016f \u0159\u00edd\u00ed z\u00e1sadou z\u00e1konnosti, tzn., \u017ee<br>osobn\u00ed \u00fadaje u\u017eivatel\u016f zpracov\u00e1v\u00e1 v&nbsp;odpov\u00eddaj\u00edc\u00edm rozsahu a&nbsp;za spln\u011bn\u00ed jedn\u00e9 z&nbsp;n\u00ed\u017ee<br>uveden\u00fdch podm\u00ednek:<br>1) Zpracov\u00e1n\u00ed osobn\u00edch \u00fadaj\u016f je nezbytn\u00e9 pro spln\u011bn\u00ed pr\u00e1vn\u00edch povinnost\u00ed, kter\u00e9 se<br>na UTB ve Zl\u00edn\u011b vztahuj\u00ed<\/p>\n\n\n\n<ul class=\"wp-block-list\">\n<li>pro \u00fa\u010dely p\u0159ijet\u00ed student\u016f ke studiu C\u017dV a&nbsp;U3V (podle ust. \u00a7 60 odst. 1<br>z\u00e1kona \u010d.&nbsp;111\/1998 Sb., o&nbsp;vysok\u00fdch \u0161kol\u00e1ch, d\u00e1le jen \u201eZoV\u0160\u201c, a&nbsp;v&nbsp;souladu<br>s \u0158\u00e1dem celo\u017eivotn\u00edho vzd\u011bl\u00e1v\u00e1n\u00ed UTB ve Zl\u00edn\u011b) jm\u00e9no, p\u0159\u00edjmen\u00ed, rodn\u00e9 \u010d\u00edslo,<br>adresu m\u00edsta trval\u00e9ho pobytu, pop\u0159.&nbsp;bydli\u0161t\u011b mimo \u00fazem\u00ed \u010cR, u&nbsp;cizinc\u016f tak\u00e9<br>datum narozen\u00ed, pohlav\u00ed, bydli\u0161t\u011b v&nbsp;\u010cR a&nbsp;st\u00e1tn\u00ed ob\u010danstv\u00ed;<\/li>\n\n\n\n<li>pro \u00fa\u010dely studia C\u017dV a&nbsp;U3V (analogicky podle ZoV\u0160 jm\u00e9no, p\u0159\u00edjmen\u00ed, rodn\u00e9<br>\u010d\u00edslo, datum narozen\u00ed, osobn\u00ed \u010d\u00edslo, vzd\u011bl\u00e1n\u00ed, bydli\u0161t\u011b)<\/li>\n\n\n\n<li>pro \u00fa\u010dely habilita\u010dn\u00edho \u0159\u00edzen\u00ed a&nbsp;\u0159\u00edzen\u00ed ke jmenov\u00e1n\u00ed profesorem (jm\u00e9no a<br>p\u0159\u00edjmen\u00ed, tituly, \u017eivotopis, dosa\u017een\u00e9 vzd\u011bl\u00e1n\u00ed, \u00fadaje o&nbsp;pedagogick\u00e9 praxi,<br>seznam v\u011bdeck\u00fdch, odborn\u00fdch nebo um\u011bleck\u00fdch prac\u00ed, \u00fadaje o&nbsp;v\u011bdeck\u00fdch,<br>odborn\u00fdch nebo um\u011bleck\u00fdch st\u00e1\u017e\u00edch, obor habilita\u010dn\u00edho \u0159\u00edzen\u00ed, resp. \u0159\u00edzen\u00ed ke<br>jmenov\u00e1n\u00ed profesorem);<\/li>\n\n\n\n<li>pro \u00fa\u010dely povinnosti v\u00e9st eviden\u010dn\u00ed knihu p\u0159i&nbsp;ubytov\u00e1n\u00ed t\u0159et\u00ed osoby (v\u010d.<br>rodinn\u00fdch p\u0159\u00edslu\u0161n\u00edk\u016f zam\u011bstnance) v&nbsp;rekrea\u010dn\u00edch objektech UTB ve Zl\u00edn\u011b<br>(\u00a7 3g z. \u010d.&nbsp;565\/1990 Sb., o&nbsp;m\u00edstn\u00edch poplatc\u00edch, v&nbsp;platn\u00e9m zn\u011bn\u00ed. Obecn\u011b<br>z\u00e1vazn\u00e1 vyhl\u00e1\u0161ka m\u011bstyse Nov\u00fd Hrozenkov o&nbsp;m\u00edstn\u00edm poplatku z&nbsp;pobytu) \u2013<br>jm\u00e9no, pop\u0159.&nbsp;jm\u00e9na, p\u0159\u00edjmen\u00ed, datum narozen\u00ed, \u010d\u00edslo a&nbsp;druh pr\u016fkazu toto\u017enosti<br>(m\u016f\u017ee to b\u00fdt ob\u010dansk\u00fd pr\u016fkaz, cestovn\u00ed doklad, potvrzen\u00ed o&nbsp;p\u0159echodn\u00e9m pobytu<br>na \u00fazem\u00ed, pr\u016fkaz o&nbsp;povolen\u00ed k&nbsp;pobytu, pr\u016fkaz o&nbsp;povolen\u00ed k&nbsp;pobytu pro cizince,<br>pr\u016fkaz o&nbsp;povolen\u00ed k&nbsp;trval\u00e9mu pobytu, pr\u016fkaz \u017eadatele o&nbsp;ud\u011blen\u00ed mezin\u00e1rodn\u00ed<br>ochrany nebo pr\u016fkaz \u017eadatele o&nbsp;poskytnut\u00ed do\u010dasn\u00e9 ochrany), adresa m\u00edsta<br>p\u0159ihl\u00e1\u0161en\u00ed nebo obdobn\u00e9ho m\u00edsta v&nbsp;zahrani\u010d\u00ed, doba ubytov\u00e1n\u00ed (datum za\u010d\u00e1tku a<br>konce), v\u00fd\u0161e vybran\u00e9ho poplatku nebo d\u016fvod osvobozen\u00ed od poplatku;<\/li>\n\n\n\n<li>pro \u00fa\u010dely povinnosti v\u00e9st domovn\u00ed knihu p\u0159i&nbsp;ubytov\u00e1n\u00ed t\u0159et\u00ed osoby (v\u010d.<br>rodinn\u00fdch p\u0159\u00edslu\u0161n\u00edk\u016f zam\u011bstnance) &#8211; cizince v&nbsp;rekrea\u010dn\u00edch objektech UTB<br>ve Zl\u00edn\u011b (\u00a7100 p\u00edsm. f) z. \u010d.&nbsp;326\/1999 Sb., o&nbsp;pobytu cizinc\u016f na \u00fazem\u00ed \u010cR,<br>v platn\u00e9m zn\u011bn\u00ed) \u2013 jm\u00e9no, pop\u0159.&nbsp;jm\u00e9na, p\u0159\u00edjmen\u00ed, den, m\u011bs\u00edc a&nbsp;rok narozen\u00ed,<br>st\u00e1tn\u00ed ob\u010danstv\u00ed, \u010d\u00edslo cestovn\u00edho dokladu, \u010d\u00edslo v\u00edza, trval\u00e9 bydli\u0161t\u011b, po\u010d\u00e1tek a<br>konec ubytov\u00e1n\u00ed, \u00fa\u010del pobytu, n\u00e1zev a&nbsp;\u010d\u00edslo objektu ubytov\u00e1n\u00ed, podpis klienta.<\/li>\n<\/ul>\n\n\n\n<p>2) Zpracov\u00e1n\u00ed osobn\u00edch \u00fadaj\u016f je nezbytn\u00e9 pro \u00fa\u010dely opr\u00e1vn\u011bn\u00fdch z\u00e1jm\u016f subjektu<br>\u00fadaj\u016f, resp. opr\u00e1vn\u011bn\u00fdch z\u00e1jm\u016f UTB ve Zl\u00edn\u011b<\/p>\n\n\n\n<ul class=\"wp-block-list\">\n<li>pro \u00fa\u010dely p\u0159ijet\u00ed student\u016f ke studiu C\u017dV a&nbsp;U3V \u2013 telefonn\u00ed \u010d\u00edslo a&nbsp;e-mail, za<br>\u00fa\u010delem efektivn\u00ed komunikace s&nbsp;u\u017eivatelem<\/li>\n\n\n\n<li>pro \u00fa\u010dely studia C\u017dV a&nbsp;U3V \u2013 telefonn\u00ed \u010d\u00edslo a&nbsp;e-mail, za \u00fa\u010delem efektivn\u00ed<br>komunikace s&nbsp;u\u017eivatelem<\/li>\n\n\n\n<li>pro \u00fa\u010dely realizace akademick\u00fdch ob\u0159ad\u016f \u2013 jmenov\u00e1n\u00ed docent\u016f, p\u0159edstaven\u00ed<br>profesor\u016f (jm\u00e9no, p\u0159\u00edjmen\u00ed, tituly, obor habilita\u010dn\u00edho \u0159\u00edzen\u00ed, resp. \u0159\u00edzen\u00ed ke<br>jmenov\u00e1n\u00ed profesorem, n\u00e1zev pr\u00e1ce). D\u00e1le p\u0159i&nbsp;ud\u011blov\u00e1n\u00ed cen a&nbsp;medail\u00ed \u2013 don\u00e1tor<br>ceny (jm\u00e9no a&nbsp;p\u0159\u00edjmen\u00ed, v&nbsp;p\u0159\u00edpad\u011b fyzick\u00e9 osoby), jm\u00e9no, p\u0159\u00edjmen\u00ed ocen\u011bn\u00e9ho.<br>3) Zpracov\u00e1n\u00ed osobn\u00edch \u00fadaj\u016f je nezbytn\u00e9 pro pln\u011bn\u00ed smlouvy (smluvn\u00edho<br>vztahu), jej\u00ed\u017e smluvn\u00ed stranou je subjekt \u00fadaj\u016f<\/li>\n\n\n\n<li>pro \u00fa\u010dely kurz\u016f \u010desk\u00e9ho jazyka pro cizince (podle z\u00e1kona \u010d.&nbsp;89\/2012 Sb.,<br>Ob\u010dansk\u00e9ho z\u00e1kon\u00edku, ve zn\u011bn\u00ed pozd\u011bj\u0161\u00edch p\u0159edpis\u016f jm\u00e9no, p\u0159\u00edjmen\u00ed, email,<br>pohlav\u00ed, datum narozen\u00ed, n\u00e1rodnost, \u010d\u00edslo pasu, bydli\u0161t\u011b, faktura\u010dn\u00ed adresa,<br>vzd\u011bl\u00e1n\u00ed, \u00farove\u0148 znalosti \u010desk\u00e9ho jazyka)<\/li>\n\n\n\n<li>pro \u00fa\u010dely \u00fa\u010dasti u\u017eivatel\u016f na semin\u00e1\u0159\u00edch a&nbsp;vzd\u011bl\u00e1vac\u00edch kurzech<br>s vyd\u00e1v\u00e1n\u00edm osv\u011bd\u010den\u00ed (podle z\u00e1kona \u010d.&nbsp;89\/2012 Sb., Ob\u010dansk\u00e9ho z\u00e1kon\u00edku,<br>ve zn\u011bn\u00ed pozd\u011bj\u0161\u00edch p\u0159edpis\u016f identifika\u010dn\u00ed \u00fadaje klienta: a) pr\u00e1vnick\u00e1 osoba:<br>jm\u00e9no, p\u0159\u00edjmen\u00ed konkr\u00e9tn\u00edho \u00fa\u010dastn\u00edka, datum narozen\u00ed, e-mail, dal\u0161\u00ed osobn\u00ed<br>\u00fadaje vztahuj\u00edc\u00ed se k&nbsp;\u00farovni semin\u00e1\u0159e \u010di&nbsp;kurzu jako nap\u0159.&nbsp;\u00farove\u0148 znalosti jazyka,<\/li>\n<\/ul>\n\n\n\n<p>vzd\u011bl\u00e1n\u00ed, apod. b) fyzick\u00e1 osoba: jm\u00e9no, p\u0159\u00edjmen\u00ed, datum narozen\u00ed, bydli\u0161t\u011b, e-<br>mail, dal\u0161\u00ed osobn\u00ed \u00fadaje vztahuj\u00edc\u00ed se k&nbsp;\u00farovni semin\u00e1\u0159e \u010di&nbsp;kurzu jako nap\u0159.<\/p>\n\n\n\n<p>\u00farove\u0148 znalosti jazyka, vzd\u011bl\u00e1n\u00ed, apod.)<\/p>\n\n\n\n<ul class=\"wp-block-list\">\n<li>pro \u00fa\u010dely \u00fa\u010dasti u\u017eivatel\u016f na konferenc\u00edch, workshopech a&nbsp;podobn\u00fdch akc\u00ed<br>(podle z\u00e1kona \u010d.&nbsp;89\/2012 Sb., Ob\u010dansk\u00e9ho z\u00e1kon\u00edku, ve zn\u011bn\u00ed pozd\u011bj\u0161\u00edch<br>p\u0159edpis\u016f identifika\u010dn\u00ed \u00fadaje klienta: a) pr\u00e1vnick\u00e1 osoba: jm\u00e9no, p\u0159\u00edjmen\u00ed<br>konkr\u00e9tn\u00edho \u00fa\u010dastn\u00edka, e-mail).<\/li>\n\n\n\n<li>pro \u00fa\u010dely pron\u00e1jmu prostor UTB fyzick\u00fdm osob\u00e1m<br>4) Zpracov\u00e1n\u00ed osobn\u00edch \u00fadaj\u016f prob\u00edh\u00e1 na z\u00e1klad\u011b v\u00fdslovn\u00e9ho souhlasu subjektu<br>\u00fadaj\u016f<\/li>\n\n\n\n<li>pro \u00fa\u010dely komunikace Akademick\u00e9 poradny s&nbsp;u\u017eivatelem &#8211; na z\u00e1klad\u011b jeho<br>ud\u011blen\u00e9ho souhlasu \u2013 email nebo telefonn\u00ed \u010d\u00edslo (za \u00fa\u010delem sjedn\u00e1n\u00ed term\u00edn\u016f<br>sch\u016fzek)<\/li>\n\n\n\n<li>pro \u00fa\u010dely vyu\u017e\u00edv\u00e1n\u00ed slu\u017eeb Akademick\u00e9 poradny &#8211; na z\u00e1klad\u011b souhlasu<br>u\u017eivatele jm\u00e9no, p\u0159\u00edjmen\u00ed<\/li>\n\n\n\n<li>pro \u00fa\u010dely vyu\u017e\u00edv\u00e1n\u00ed slu\u017eeb ombudsmana UTB \u2013 na z\u00e1klad\u011b souhlasu<br>u\u017eivatele jm\u00e9no, p\u0159\u00edjmen\u00ed, kmenov\u00e1 sou\u010d\u00e1st zam\u011bstnance\/studenta<\/li>\n\n\n\n<li>pro \u00fa\u010dely zas\u00edl\u00e1n\u00ed newsletter\u016f a&nbsp;p\u0159ehled\u016f o&nbsp;p\u0159ipravovan\u00fdch akc\u00ed UTB \u010di<br>jednotliv\u00fdch sou\u010d\u00e1st\u00ed \u2013 na z\u00e1klad\u011b souhlasu e-mail.<\/li>\n<\/ul>\n\n\n\n<p>II.<br>Sd\u00edlen\u00ed osobn\u00edch \u00fadaj\u016f<br>Osobn\u00ed \u00fadaje u\u017eivatel\u016f C\u017dV a&nbsp;U3V jsou vedeny v&nbsp;elektronick\u00e9 podob\u011b v&nbsp;informa\u010dn\u00edm<br>syst\u00e9mu STAG, p\u0159\u00edpadn\u011b ve fyzick\u00e9 podob\u011b na p\u0159\u00edslu\u0161n\u00fdch odd\u011blen\u00edch UTB ve Zl\u00edn\u011b<br>(neakreditovan\u00e9 programy). P\u0159\u00edstup k&nbsp;nim maj\u00ed pouze odpov\u011bdn\u00ed zam\u011bstnanci UTB ve<br>Zl\u00edn\u011b a&nbsp;event. jejich p\u0159\u00edm\u00ed nad\u0159\u00edzen\u00ed.<br>Osobn\u00ed \u00fadaje u\u017eivatel\u016f kurz\u016f, semin\u00e1\u0159\u016f, workshop\u016f, konferenc\u00ed, apod. jsou vedeny<br>zpravidla v&nbsp;elektronick\u00e9 podob\u011b v&nbsp;PC&nbsp;odpov\u011bdn\u00fdch zam\u011bstnanc\u016f, event. fyzicky<br>v \u0161anonech na p\u0159\u00edslu\u0161n\u00fdch odd\u011blen\u00edch, zodpov\u011bdn\u00fdch za organizaci t\u011bchto akc\u00ed. P\u0159\u00edstup<br>k t\u011bmto osobn\u00edm \u00fadaj\u016fm maj\u00ed v\u00fdlu\u010dn\u011b odpov\u011bdn\u00ed zam\u011bstnanci UTB ve Zl\u00edn\u011b a&nbsp;jejich p\u0159\u00edm\u00ed<br>nad\u0159\u00edzen\u00ed.<br>V\u00fdjimkou m\u016f\u017ee b\u00fdt realizace kurz\u016f, semin\u00e1\u0159\u016f, workshop\u016f, konferenc\u00ed apod. z&nbsp;dota\u010dn\u00edch<br>titul\u016f, kde m\u016f\u017ee m\u00edt k&nbsp;prezen\u010dn\u00ed listin\u011b p\u0159\u00edstup tak\u00e9 poskytovatel dotace nebo p\u0159\u00edsp\u011bvku na<br>akci na z\u00e1klad\u011b p\u00edsemn\u00e9ho smluvn\u00edho ujedn\u00e1n\u00ed.<br>Osobn\u00ed \u00fadaje u\u017eivatel\u016f slu\u017eeb Akademick\u00e9 poradny jsou vedeny fyzicky v&nbsp;\u0161anonech a<br>ulo\u017eeny v&nbsp;uzamykateln\u00fdch sk\u0159\u00edn\u00edch a&nbsp;uzam\u010den\u00e9 kancel\u00e1\u0159i. P\u0159\u00edstup k&nbsp;t\u011bmto \u00fadaj\u016fm m\u00e1<br>v\u00fdlu\u010dn\u011b odpov\u011bdn\u00fd zam\u011bstnanec Akademick\u00e9 poradny.<br>Osobn\u00ed \u00fadaje t\u0159et\u00edch osob (v\u010d. rodinn\u00fdch p\u0159\u00edslu\u0161n\u00edk\u016f zam\u011bstnance) t\u00fdkaj\u00edc\u00ed se jeho<br>ubytov\u00e1n\u00ed v&nbsp;rekrea\u010dn\u00edch objektech UTB a&nbsp;s&nbsp;t\u00edm souvisej\u00edc\u00ed eviden\u010dn\u00ed a&nbsp;domovn\u00ed knihy, jsou<br>ulo\u017eeny na technicko-provozn\u00edm odboru rektor\u00e1tu UTB.<\/p>\n\n\n\n<p>III.<br>P\u0159\u00edstup k&nbsp;osobn\u00edm \u00fadaj\u016fm<br>Ka\u017ed\u00fd u\u017eivatel m\u00e1 pr\u00e1vo po\u017eadovat opravu, v\u00fdmaz nebo omezen\u00ed zpracov\u00e1n\u00ed osobn\u00edch<br>\u00fadaj\u016f, stejn\u011b jako pr\u00e1vo po\u017eadovat p\u0159enesen\u00ed osobn\u00edch \u00fadaj\u016f. Rovn\u011b\u017e m\u00e1 pr\u00e1vo vzn\u00e9st<br>n\u00e1mitku ohledn\u011b zpracov\u00e1n\u00ed osobn\u00edch \u00fadaj\u016f prost\u0159ednictv\u00edm pov\u011b\u0159ence pro ochranu<br>osobn\u00edch \u00fadaj\u016f na e-mailov\u00e9 adrese: dpo@utb.cz. V&nbsp;p\u0159\u00edpad\u011b, \u017ee u\u017eivatel poskytl souhlas se<br>zpracov\u00e1n\u00edm sv\u00fdch osobn\u00edch \u00fadaj\u016f, m\u00e1 pr\u00e1vo tento sv\u016fj souhlas kdykoliv odvolat.<br>Podrobnosti v\u010detn\u011b ostatn\u00edch kontakt\u016f jsou uvedeny na webov\u00fdch str\u00e1nk\u00e1ch UTB v&nbsp;sekci<br>Ochrana osobn\u00edch \u00fadaj\u016f. U\u017eivatel m\u00e1 rovn\u011b\u017e pr\u00e1vo vzn\u00e9st st\u00ed\u017enost u&nbsp;dozorov\u00e9ho \u00fa\u0159adu.<br>IV.<br>Lh\u016fty pro zpracov\u00e1n\u00ed osobn\u00edch \u00fadaj\u016f<br>Lh\u016fty pro zpracov\u00e1n\u00ed osobn\u00edch \u00fadaj\u016f jsou stanoveny ve Spisov\u00e9m a&nbsp;skarta\u010dn\u00edm \u0159\u00e1du UTB<br>ve Zl\u00edn\u011b, kter\u00fd je pln\u011b v&nbsp;souladu s&nbsp;p\u0159\u00edslu\u0161n\u00fdmi pr\u00e1vn\u00edmi p\u0159edpisy t\u00fdkaj\u00edc\u00edmi se archivnictv\u00ed.<br>Osobn\u00ed \u00fadaje, kter\u00e9 jsou nezbytn\u00e9 pro spln\u011bn\u00ed povinnost\u00ed vypl\u00fdvaj\u00edc\u00edch ze smlouvy \u010di<br>z obecn\u011b z\u00e1vazn\u00fdch pr\u00e1vn\u00edch p\u0159edpis\u016f bude UTB ve Zl\u00edn\u011b zpracov\u00e1vat po&nbsp;dobu stanovenou<br>p\u0159\u00edslu\u0161n\u00fdmi pr\u00e1vn\u00edmi p\u0159edpisy \u010di&nbsp;v&nbsp;souladu s&nbsp;nimi i&nbsp;po&nbsp;p\u0159\u00edpadn\u00e9m odvol\u00e1n\u00ed souhlasu<br>u\u017eivatele.<br>Osobn\u00ed \u00fadaje poskytnut\u00e9 u\u017eivatelem na z\u00e1klad\u011b jeho souhlasu bude UTB ve Zl\u00edn\u011b<br>zpracov\u00e1vat pouze po&nbsp;dobu poskytov\u00e1n\u00ed slu\u017eeb Akademick\u00e9 poradny, nejd\u00e9le po&nbsp;dobu dvou<br>let od poskytnut\u00ed souhlasu, nebude-li tento souhlas se zpracov\u00e1n\u00edm osobn\u00edch \u00fadaj\u016f ze strany<br>uchaze\u010de odvol\u00e1n d\u0159\u00edve. Pot\u00e9 budou tyto osobn\u00ed \u00fadaje skartov\u00e1ny. Uchaze\u010d bere na v\u011bdom\u00ed,<br>\u017ee s&nbsp;bl\u00ed\u017e\u00edc\u00edm se koncem uveden\u00e9 doby m\u016f\u017ee b\u00fdt dot\u00e1z\u00e1n, zdali si p\u0159eje i&nbsp;nad\u00e1le, aby UTB<br>ve Zl\u00edn\u011b zpracov\u00e1vala jeho osobn\u00ed \u00fadaje k&nbsp;uveden\u00fdm \u00fa\u010del\u016fm a&nbsp;zdali, uchaze\u010d poskytne<br>UTB ve Zl\u00edn\u011b k&nbsp;tomuto zpracov\u00e1n\u00ed souhlas.<\/p>\n<\/div><\/div>\n","protected":false},"excerpt":{"rendered":"Projekt Zlin Design Week je spravov\u00e1n studenty v&nbsp;r\u00e1mci p\u0159edm\u011btu Komunika\u010dn\u00ed agentura Fakulty multimedi\u00e1ln\u00edch komunikac\u00ed Univerzity Tom\u00e1\u0161e Bati ve Zl\u00edn\u011b. Proto \u00fadaje, kter\u00e9 zpracov\u00e1v\u00e1, podl\u00e9haj\u00ed z\u00e1sad\u00e1m [&hellip;]","protected":false},"author":33,"featured_media":0,"parent":0,"menu_order":0,"comment_status":"closed","ping_status":"open","template":"","meta":{"_acf_changed":false,"footnotes":""},"class_list":["post-3","page","type-page","status-publish","hentry"],"acf":[],"_links":{"self":[{"href":"https:\/\/zlindesignweek.com\/2026\/wp-json\/wp\/v2\/pages\/3","targetHints":{"allow":["GET"]}}],"collection":[{"href":"https:\/\/zlindesignweek.com\/2026\/wp-json\/wp\/v2\/pages"}],"about":[{"href":"https:\/\/zlindesignweek.com\/2026\/wp-json\/wp\/v2\/types\/page"}],"author":[{"embeddable":true,"href":"https:\/\/zlindesignweek.com\/2026\/wp-json\/wp\/v2\/users\/33"}],"replies":[{"embeddable":true,"href":"https:\/\/zlindesignweek.com\/2026\/wp-json\/wp\/v2\/comments?post=3"}],"version-history":[{"count":3,"href":"https:\/\/zlindesignweek.com\/2026\/wp-json\/wp\/v2\/pages\/3\/revisions"}],"predecessor-version":[{"id":18606,"href":"https:\/\/zlindesignweek.com\/2026\/wp-json\/wp\/v2\/pages\/3\/revisions\/18606"}],"wp:attachment":[{"href":"https:\/\/zlindesignweek.com\/2026\/wp-json\/wp\/v2\/media?parent=3"}],"curies":[{"name":"wp","href":"https:\/\/api.w.org\/{rel}","templated":true}]}}