{"id":28900,"date":"2024-11-16T22:30:37","date_gmt":"2024-11-16T21:30:37","guid":{"rendered":"https:\/\/zlindesignweek.com\/2026\/?page_id=28900"},"modified":"2026-02-05T00:03:41","modified_gmt":"2026-02-04T23:03:41","slug":"harmonogram-souteze","status":"publish","type":"page","link":"https:\/\/zlindesignweek.com\/2026\/best-in-design\/harmonogram-souteze\/","title":{"rendered":"Harmonogram sout\u011b\u017ee"},"content":{"rendered":"\n<div class=\"wp-block-group\"><div class=\"wp-block-group__inner-container is-layout-constrained wp-block-group-is-layout-constrained\">\n<div class=\"wp-block-atlb-timeline-block desk_left_layout tab_left_layout mob_left_layout atlb__31141306\">\n<div class=\"wp-block-atlb-single-timeline-item\"><div class=\"timeline__content \">\n<h4 class=\"wp-block-heading\"><strong>Za\u010d\u00e1tek p\u0159ihla\u0161ov\u00e1n\u00ed<\/strong><\/h4>\n\n\n\n<p>T\u00edmto dnem za\u010d\u00edn\u00e1 Tv\u00e1 mo\u017enost p\u0159ihl\u00e1sit svou pr\u00e1ci do mezin\u00e1rodn\u00ed sout\u011b\u017ee Best in Design. A&nbsp;pr\u00e1v\u011b Ty se m\u016f\u017ee\u0161 st\u00e1t v\u00edt\u011bzem, tak nev\u00e1hej a&nbsp;ode\u0161li svou p\u0159ihl\u00e1\u0161ku je\u0161t\u011b dnes! &nbsp;<\/p>\n<\/div><div class=\"timeline__marker\"><i class=\"fas fa-angle-double-down\"><\/i><\/div><div class=\"timeline__date\"><div class=\"time__date_content \"><h4 class=\"event__date\">1.&nbsp;12.&nbsp;2025<\/h4><\/div><\/div><\/div>\n\n\n\n<div class=\"wp-block-atlb-single-timeline-item\"><div class=\"timeline__content \">\n<h4 class=\"wp-block-heading\"><strong>Konec p\u0159ihla\u0161ov\u00e1n\u00ed<\/strong><\/h4>\n\n\n\n<p>Tohle datum by Ti v&nbsp;kalend\u00e1\u0159i nem\u011blo rozhodn\u011b chyb\u011bt. Jedn\u00e1 s&nbsp;o&nbsp;posledn\u00ed mo\u017enost poslat n\u00e1m Tvou p\u0159ihl\u00e1\u0161ku.<\/p>\n<\/div><div class=\"timeline__marker\"><i class=\"fas fa-angle-double-down\"><\/i><\/div><div class=\"timeline__date\"><div class=\"time__date_content \"><h4 class=\"event__date\">4.&nbsp;2.&nbsp;2026<\/h4><\/div><\/div><\/div>\n\n\n\n<div class=\"wp-block-atlb-single-timeline-item active\"><div class=\"timeline__content \">\n<h4 class=\"wp-block-heading\"><strong>Semifin\u00e1le sout\u011b\u017ee<\/strong><\/h4>\n\n\n\n<p>Prvn\u00ed zased\u00e1n\u00ed odborn\u00e9 poroty, neboli semifin\u00e1le \u2013 jedn\u00e1 se o&nbsp;v\u00fdb\u011br TOP 10 design\u00e9r\u016f ze v\u0161ech p\u0159ihl\u00e1\u0161en\u00fdch prac\u00ed v&nbsp;dan\u00e9 kategorii. O&nbsp;Tv\u00e9m postupu T\u011b budeme informovat e-mailem.<\/p>\n<\/div><div class=\"timeline__marker\"><i class=\"fas fa-angle-double-down\"><\/i><\/div><div class=\"timeline__date\"><div class=\"time__date_content \"><h4 class=\"event__date\">Za\u010d\u00e1tek b\u0159ezna 2026<\/h4><\/div><\/div><\/div>\n\n\n\n<div class=\"wp-block-atlb-single-timeline-item\"><div class=\"timeline__content \">\n<h4 class=\"wp-block-heading\"><strong>Fin\u00e1le sout\u011b\u017ee<\/strong><\/h4>\n\n\n\n<p>\u00dasp\u011bch! Druh\u00e9 kolo sout\u011b\u017ee, neboli fin\u00e1le, se skl\u00e1d\u00e1 z&nbsp;online obhajob TOP 3 sout\u011b\u017e\u00edc\u00edch ka\u017ed\u00e9 kategorie p\u0159ed odbornou porotou na platform\u011b Google Meet. Pr\u00e1v\u011b zde se rozhodne o&nbsp;prvn\u00edch p\u0159\u00ed\u010dk\u00e1ch sout\u011b\u017ee a&nbsp;absolutn\u00edm v\u00edt\u011bzi titulu Best in Design 2026. Um\u00edst\u011bn\u00ed u\u017e m\u00e1\u0161 ale jist\u00e9!<\/p>\n<\/div><div class=\"timeline__marker\"><i class=\"fas fa-angle-double-down\"><\/i><\/div><div class=\"timeline__date\"><div class=\"time__date_content \"><h4 class=\"event__date\"><strong>Polovina b\u0159ezna 202<\/strong>6<\/h4><\/div><\/div><\/div>\n\n\n\n<div class=\"wp-block-atlb-single-timeline-item\"><div class=\"timeline__content \">\n<h4 class=\"wp-block-heading\"><strong>Best in Design program<\/strong><\/h4>\n\n\n\n<p>Se sv\u00fdm um\u00edst\u011bn\u00edm ve fin\u00e1le dost\u00e1v\u00e1\u0161 automatickou pozv\u00e1nku na kur\u00e1torovan\u00fd Best in Design program, kter\u00fd je speci\u00e1ln\u011b vytvo\u0159en\u00fd pro finalisty a&nbsp;porotce dan\u00e9ho ro\u010dn\u00edku. T\u011b\u0161it se tak m\u016f\u017ee\u0161 na spole\u010dn\u00fd networking, pozn\u00e1v\u00e1n\u00ed Zl\u00edna, vernis\u00e1\u017e Best in Design \u010di&nbsp;slavnostn\u00ed vyhl\u00e1\u0161en\u00ed v\u00fdsledk\u016f sout\u011b\u017ee. Ve Zl\u00edn\u011b se tak 9.&nbsp;5.&nbsp;2026 dozv\u00ed\u0161 nejen sv\u00e9 fin\u00e1ln\u00ed um\u00edst\u011bn\u00ed v&nbsp;sout\u011b\u017ei, ale za\u017eije\u0161 spoustu kr\u00e1sn\u00fdch chvil, sezn\u00e1m\u00ed\u0161 se s&nbsp;design\u00e9ry z&nbsp;cel\u00e9ho sv\u011bta a&nbsp;nasaje\u0161 inspiraci a&nbsp;atmosf\u00e9ru cel\u00e9ho festivalu.<\/p>\n<\/div><div class=\"timeline__marker\"><i class=\"fas fa-angle-double-down\"><\/i><\/div><div class=\"timeline__date\"><div class=\"time__date_content \"><h4 class=\"event__date\"><strong>9.&nbsp;5.&nbsp;202<\/strong>6<\/h4><\/div><\/div><\/div>\n\n\n\n<div class=\"wp-block-atlb-single-timeline-item\"><div class=\"timeline__content \">\n<h4 class=\"wp-block-heading\"><strong>Zlin Design Week<\/strong><\/h4>\n\n\n\n<p>Krom\u011b kur\u00e1torovan\u00e9ho programu Best in Design na Tebe \u010dek\u00e1 i&nbsp;pozv\u00e1nka na cel\u00fd Zlin Design Week. Sv\u016fj v\u00fdlet si tak m\u016f\u017ee\u0161 prodlou\u017eit a&nbsp;za\u017e\u00edt cel\u00fd festival na vlastn\u00ed k\u016f\u017ei \u2013&nbsp; a&nbsp;\u017ee je toho opravdu hodn\u011b! Chyst\u00e1me r\u016fzn\u00e9 workshopy, panelov\u00e9 diskuze, koncerty, fashion show, design market a&nbsp;mnoho dal\u0161\u00edho. U\u017e te\u010f se na tebe t\u011b\u0161\u00edme!<\/p>\n<\/div><div class=\"timeline__marker\"><i class=\"fas fa-angle-double-down\"><\/i><\/div><div class=\"timeline__date\"><div class=\"time__date_content \"><h4 class=\"event__date\">6. \u2014 12.&nbsp;5.&nbsp;2026<\/h4><\/div><\/div><\/div>\n<div class=\"timeline__bar\"><\/div><\/div>\n<\/div><\/div>\n","protected":false},"excerpt":{"rendered":"","protected":false},"author":33,"featured_media":0,"parent":193,"menu_order":0,"comment_status":"closed","ping_status":"closed","template":"templates\/bid-harmonogram.php","meta":{"_acf_changed":false,"footnotes":""},"class_list":["post-28900","page","type-page","status-publish","hentry"],"acf":[],"_links":{"self":[{"href":"https:\/\/zlindesignweek.com\/2026\/wp-json\/wp\/v2\/pages\/28900","targetHints":{"allow":["GET"]}}],"collection":[{"href":"https:\/\/zlindesignweek.com\/2026\/wp-json\/wp\/v2\/pages"}],"about":[{"href":"https:\/\/zlindesignweek.com\/2026\/wp-json\/wp\/v2\/types\/page"}],"author":[{"embeddable":true,"href":"https:\/\/zlindesignweek.com\/2026\/wp-json\/wp\/v2\/users\/33"}],"replies":[{"embeddable":true,"href":"https:\/\/zlindesignweek.com\/2026\/wp-json\/wp\/v2\/comments?post=28900"}],"version-history":[{"count":28,"href":"https:\/\/zlindesignweek.com\/2026\/wp-json\/wp\/v2\/pages\/28900\/revisions"}],"predecessor-version":[{"id":40415,"href":"https:\/\/zlindesignweek.com\/2026\/wp-json\/wp\/v2\/pages\/28900\/revisions\/40415"}],"up":[{"embeddable":true,"href":"https:\/\/zlindesignweek.com\/2026\/wp-json\/wp\/v2\/pages\/193"}],"wp:attachment":[{"href":"https:\/\/zlindesignweek.com\/2026\/wp-json\/wp\/v2\/media?parent=28900"}],"curies":[{"name":"wp","href":"https:\/\/api.w.org\/{rel}","templated":true}]}}